{"id":1245,"date":"2018-12-11T21:08:25","date_gmt":"2018-12-11T23:08:25","guid":{"rendered":"https:\/\/paz.church\/saopaulo\/?page_id=1245"},"modified":"2023-12-28T21:40:19","modified_gmt":"2023-12-28T20:40:19","slug":"mda","status":"publish","type":"page","link":"https:\/\/paz.church\/aversa\/mda\/","title":{"rendered":"Visione MDA"},"content":{"rendered":"<div id=\"pl-1245\"  class=\"panel-layout\" ><a id=\"bordas\"><\/a><div id=\"pg-1245-0\"  class=\"panel-grid panel-has-style\"  data-extraid=\"bordas\" ><div class=\"bordas panel-row-style panel-row-style-for-1245-0\" ><div id=\"pgc-1245-0-0\"  class=\"panel-grid-cell\" ><div id=\"panel-1245-0-0-0\" class=\"so-panel widget widget_sow-editor panel-first-child panel-last-child\" data-index=\"0\" ><div\n\t\t\t\n\t\t\tclass=\"so-widget-sow-editor so-widget-sow-editor-base\"\n\t\t\t\n\t\t>\n<div class=\"siteorigin-widget-tinymce textwidget\">\n\t<p>La Paz Church \u00e8 100% Visione MDA.<\/p>\n<p>In questa visione \u00e8 possibile che la chiesa locale riesca a conquistare moltitudini per Ges\u00f9 prendendo cura di ogni singola vita.<\/p>\n<p>L'MDA abbraccia diversi fattori sviluppati nella chiesa locale. E non abbiamo dubbi che il fattore centrale di questo potente modello \u00e8 il <strong>discepolato, <\/strong>che tutti nella chiesa ricevono, sia individualmente o attraverso il pascolato nei Life Group.<\/p>\n<p><em>Life Group<\/em> \u2014 \u00e8 la chiesa in casa. Un luogo di cura, grande amicizie, di studio della parola di Dio e di preghiera intensa. Un ambiente pieno di fede, allegria e molto amore.<\/p>\n<p>Nella Na <strong><a href=\"http:\/\/www.visaomda.com\" target=\"_blank\" rel=\"noopener\">Visione dell'MDA<\/a><\/strong> Ogni cristiano impegnato deve essere e deve fare discepoli, partedcipare di un Life Group, Abbracciare la visione della chies alocale, cercare l'unit\u00e0 nella chiesa mondiale e mettere il regno di Dio in primo posto.<\/p>\n<p><strong><a href=\"http:\/\/www.visaomda.com\/\" target=\"_blank\" rel=\"noopener\">- Un po' di pi\u00f9 sulla visione dell'MDA<\/a><\/strong><\/p>\n<\/div>\n<\/div><\/div><\/div><div id=\"pgc-1245-0-1\"  class=\"panel-grid-cell\" ><div id=\"panel-1245-0-1-0\" class=\"so-panel widget widget_sow-image panel-first-child panel-last-child\" data-index=\"1\" ><div\n\t\t\t\n\t\t\tclass=\"so-widget-sow-image so-widget-sow-image-default-8b5b6f678277-1245\"\n\t\t\t\n\t\t>\n\n<div class=\"sow-image-container\">\n\t\t<img loading=\"lazy\" decoding=\"async\" src=\"https:\/\/paz.church\/aversa\/wp-content\/uploads\/2023\/12\/CUORE-MDA-300x300.jpg\" width=\"300\" height=\"300\" srcset=\"https:\/\/paz.church\/aversa\/wp-content\/uploads\/2023\/12\/CUORE-MDA-300x300.jpg 300w, https:\/\/paz.church\/aversa\/wp-content\/uploads\/2023\/12\/CUORE-MDA-1024x1024.jpg 1024w, https:\/\/paz.church\/aversa\/wp-content\/uploads\/2023\/12\/CUORE-MDA-180x180.jpg 180w, https:\/\/paz.church\/aversa\/wp-content\/uploads\/2023\/12\/CUORE-MDA-768x768.jpg 768w, https:\/\/paz.church\/aversa\/wp-content\/uploads\/2023\/12\/CUORE-MDA-330x330.jpg 330w, https:\/\/paz.church\/aversa\/wp-content\/uploads\/2023\/12\/CUORE-MDA-426x426.jpg 426w, https:\/\/paz.church\/aversa\/wp-content\/uploads\/2023\/12\/CUORE-MDA-75x75.jpg 75w, https:\/\/paz.church\/aversa\/wp-content\/uploads\/2023\/12\/CUORE-MDA.jpg 1080w\" sizes=\"auto, (max-width: 300px) 100vw, 300px\" title=\"CUORE MDA\" alt=\"\" \t\tclass=\"so-widget-image\"\/>\n\t<\/div>\n\n<\/div><\/div><\/div><\/div><\/div><\/div>","protected":false},"excerpt":{"rendered":"<p>La Paz Church \u00e8 100% Visione MDA. In questa visione \u00e8 possibile che la chiesa locale riesca a conquistare moltitudini per Ges\u00f9 prendendo cura di ogni singola vita. L&#8217;MDA abbraccia diversi fattori sviluppati nella chiesa locale. E non abbiamo dubbi che il fattore centrale di questo potente modello \u00e8 il discepolato, che tutti nella chiesaContinue reading &rarr;<\/p>\n","protected":false},"author":1,"featured_media":21649,"parent":0,"menu_order":0,"comment_status":"closed","ping_status":"closed","template":"","meta":{"_seopress_robots_primary_cat":"","_seopress_titles_title":"","_seopress_titles_desc":"","_seopress_robots_index":"","footnotes":""},"class_list":["post-1245","page","type-page","status-publish","has-post-thumbnail","hentry","has-thumb"],"_links":{"self":[{"href":"https:\/\/paz.church\/aversa\/wp-json\/wp\/v2\/pages\/1245","targetHints":{"allow":["GET"]}}],"collection":[{"href":"https:\/\/paz.church\/aversa\/wp-json\/wp\/v2\/pages"}],"about":[{"href":"https:\/\/paz.church\/aversa\/wp-json\/wp\/v2\/types\/page"}],"author":[{"embeddable":true,"href":"https:\/\/paz.church\/aversa\/wp-json\/wp\/v2\/users\/1"}],"replies":[{"embeddable":true,"href":"https:\/\/paz.church\/aversa\/wp-json\/wp\/v2\/comments?post=1245"}],"version-history":[{"count":3,"href":"https:\/\/paz.church\/aversa\/wp-json\/wp\/v2\/pages\/1245\/revisions"}],"predecessor-version":[{"id":21655,"href":"https:\/\/paz.church\/aversa\/wp-json\/wp\/v2\/pages\/1245\/revisions\/21655"}],"wp:featuredmedia":[{"embeddable":true,"href":"https:\/\/paz.church\/aversa\/wp-json\/wp\/v2\/media\/21649"}],"wp:attachment":[{"href":"https:\/\/paz.church\/aversa\/wp-json\/wp\/v2\/media?parent=1245"}],"curies":[{"name":"wp","href":"https:\/\/api.w.org\/{rel}","templated":true}]}}