{"id":14450,"date":"2021-06-17T02:33:51","date_gmt":"2021-06-17T05:33:51","guid":{"rendered":"https:\/\/paz.church\/saopaulo\/?page_id=14450"},"modified":"2023-12-28T21:28:44","modified_gmt":"2023-12-28T20:28:44","slug":"donazioni","status":"publish","type":"page","link":"https:\/\/paz.church\/aversa\/donazioni\/","title":{"rendered":"Donazioni"},"content":{"rendered":"<div id=\"pl-14450\"  class=\"panel-layout\" ><a id=\"bordas\"><\/a><div id=\"pg-14450-0\"  class=\"panel-grid panel-has-style\"  data-extraid=\"bordas\" ><div class=\"bordas panel-row-style panel-row-style-for-14450-0\" ><div id=\"pgc-14450-0-0\"  class=\"panel-grid-cell\" ><div id=\"panel-14450-0-0-0\" class=\"so-panel widget widget_sow-editor panel-first-child panel-last-child\" data-index=\"0\" ><div\n\t\t\t\n\t\t\tclass=\"so-widget-sow-editor so-widget-sow-editor-base\"\n\t\t\t\n\t\t>\n<div class=\"siteorigin-widget-tinymce textwidget\">\n\t<p>La tua generosit\u00e0 sta trasformando il mondo! L'avanzo del regno di Dio in vari paesi, la ristorazione di famiglie e il soccorso ai bisognosi attraverso l'azione sociale della chiesa sono frutti della tua fedelt\u00e0 nell'offrire.<\/p>\n<p>Puoi offrire a qualsiasi momento e in qualsiasi luogo.<\/p>\n<\/div>\n<\/div><\/div><\/div><\/div><\/div><div id=\"pg-14450-1\"  class=\"panel-grid panel-has-style\" ><div id=\"doar02\" class=\"panel-row-style panel-row-style-for-14450-1\" ><div id=\"pgc-14450-1-0\"  class=\"panel-grid-cell\" ><div id=\"panel-14450-1-0-0\" class=\"so-panel widget widget_sow-icon panel-first-child panel-last-child\" data-index=\"1\" ><div\n\t\t\t\n\t\t\tclass=\"so-widget-sow-icon so-widget-sow-icon-default-b6d7bacdc231-14450\"\n\t\t\t\n\t\t>\n<div class=\"sow-icon-container sow-icon\">\n\t\t\t<span class=\"sow-icon-fontawesome sow-fas\" data-sow-icon=\"&#xf4b9;\"\n\t\t \n\t\taria-hidden=\"true\"><\/span>\t<\/div>\n<\/div><\/div><\/div><div id=\"pgc-14450-1-1\"  class=\"panel-grid-cell\" ><div id=\"panel-14450-1-1-0\" class=\"so-panel widget widget_sow-headline panel-first-child\" data-index=\"2\" ><div\n\t\t\t\n\t\t\tclass=\"so-widget-sow-headline so-widget-sow-headline-default-1d186b115fdc-14450\"\n\t\t\t\n\t\t><div class=\"sow-headline-container \">\n\t\t\t\t\t\t\t<h3 class=\"sow-headline\">\n\t\t\t\t\t\tCoordinate bancarie\t\t\t\t\t\t<\/h3>\n\t\t\t\t\t\t<\/div>\n<\/div><\/div><div id=\"panel-14450-1-1-1\" class=\"so-panel widget widget_sow-editor panel-last-child\" data-index=\"3\" ><div\n\t\t\t\n\t\t\tclass=\"so-widget-sow-editor so-widget-sow-editor-base\"\n\t\t\t\n\t\t>\n<div class=\"siteorigin-widget-tinymce textwidget\">\n\t<p><b>Banca e IBAN<br \/>\n<\/b>IT39C0306909606100000102894<br \/>\nPaz Church Aversa<\/p>\n<\/div>\n<\/div><\/div><\/div><\/div><\/div><div id=\"pg-14450-2\"  class=\"panel-grid panel-has-style\" ><div id=\"doar02\" class=\"panel-row-style panel-row-style-for-14450-2\" ><div id=\"pgc-14450-2-0\"  class=\"panel-grid-cell\" ><div id=\"panel-14450-2-0-0\" class=\"so-panel widget widget_sow-icon panel-first-child panel-last-child\" data-index=\"4\" ><div\n\t\t\t\n\t\t\tclass=\"so-widget-sow-icon so-widget-sow-icon-default-b6d7bacdc231-14450\"\n\t\t\t\n\t\t>\n<div class=\"sow-icon-container sow-icon\">\n\t\t\t<span class=\"sow-icon-icomoon\" data-sow-icon=\"&#xe93f;\"\n\t\t \n\t\taria-hidden=\"true\"><\/span>\t<\/div>\n<\/div><\/div><\/div><div id=\"pgc-14450-2-1\"  class=\"panel-grid-cell\" ><div id=\"panel-14450-2-1-0\" class=\"so-panel widget widget_sow-headline panel-first-child\" data-index=\"5\" ><div\n\t\t\t\n\t\t\tclass=\"so-widget-sow-headline so-widget-sow-headline-default-1d186b115fdc-14450\"\n\t\t\t\n\t\t><div class=\"sow-headline-container \">\n\t\t\t\t\t\t\t<h3 class=\"sow-headline\">\n\t\t\t\t\t\tDonazione online\t\t\t\t\t\t<\/h3>\n\t\t\t\t\t\t<\/div>\n<\/div><\/div><div id=\"panel-14450-2-1-1\" class=\"so-panel widget widget_sow-editor panel-last-child\" data-index=\"6\" ><div\n\t\t\t\n\t\t\tclass=\"so-widget-sow-editor so-widget-sow-editor-base\"\n\t\t\t\n\t\t>\n<div class=\"siteorigin-widget-tinymce textwidget\">\n\t<p>Fai la tua donazione con la tua carta di credito, debito o bonifico bancario. Su una piattaforma 100% sicura.<\/p>\n<\/div>\n<\/div><\/div><\/div><div id=\"pgc-14450-2-2\"  class=\"panel-grid-cell\" ><div id=\"panel-14450-2-2-0\" class=\"widget_text so-panel widget widget_custom_html panel-first-child panel-last-child\" data-index=\"7\" ><div class=\"widget_text panel-widget-style panel-widget-style-for-14450-2-2-0\" ><div class=\"textwidget custom-html-widget\"><div id=\"donate-button-container\">\n<div id=\"donate-button\"><\/div>\n<script src=\"https:\/\/www.paypalobjects.com\/donate\/sdk\/donate-sdk.js\" charset=\"UTF-8\"><\/script>\n<script>\nPayPal.Donation.Button({\nenv:'production',\nhosted_button_id:'G789XV5ZA49AY',\nimage: {\nsrc:'https:\/\/www.paypalobjects.com\/pt_BR\/BR\/i\/btn\/btn_donateCC_LG.gif',\nalt:'Fa\u00e7a doa\u00e7\u00f5es com o bot\u00e3o do PayPal',\ntitle:'PayPal - The safer, easier way to pay online!',\n}\n}).render('#donate-button');\n<\/script>\n<\/div><\/div><\/div><\/div><\/div><\/div><\/div><\/div>","protected":false},"excerpt":{"rendered":"<p>La tua generosit\u00e0 sta trasformando il mondo! L&#8217;avanzo del regno di Dio in vari paesi, la ristorazione di famiglie e il soccorso ai bisognosi attraverso l&#8217;azione sociale della chiesa sono frutti della tua fedelt\u00e0 nell&#8217;offrire. Puoi offrire a qualsiasi momento e in qualsiasi luogo. Banca e IBAN IT39C0306909606100000102894 Paz Church Aversa<\/p>\n","protected":false},"author":1,"featured_media":21650,"parent":0,"menu_order":0,"comment_status":"closed","ping_status":"closed","template":"","meta":{"_seopress_robots_primary_cat":"","_seopress_titles_title":"","_seopress_titles_desc":"","_seopress_robots_index":"","footnotes":""},"class_list":["post-14450","page","type-page","status-publish","has-post-thumbnail","hentry","has-thumb"],"_links":{"self":[{"href":"https:\/\/paz.church\/aversa\/wp-json\/wp\/v2\/pages\/14450","targetHints":{"allow":["GET"]}}],"collection":[{"href":"https:\/\/paz.church\/aversa\/wp-json\/wp\/v2\/pages"}],"about":[{"href":"https:\/\/paz.church\/aversa\/wp-json\/wp\/v2\/types\/page"}],"author":[{"embeddable":true,"href":"https:\/\/paz.church\/aversa\/wp-json\/wp\/v2\/users\/1"}],"replies":[{"embeddable":true,"href":"https:\/\/paz.church\/aversa\/wp-json\/wp\/v2\/comments?post=14450"}],"version-history":[{"count":10,"href":"https:\/\/paz.church\/aversa\/wp-json\/wp\/v2\/pages\/14450\/revisions"}],"predecessor-version":[{"id":21409,"href":"https:\/\/paz.church\/aversa\/wp-json\/wp\/v2\/pages\/14450\/revisions\/21409"}],"wp:featuredmedia":[{"embeddable":true,"href":"https:\/\/paz.church\/aversa\/wp-json\/wp\/v2\/media\/21650"}],"wp:attachment":[{"href":"https:\/\/paz.church\/aversa\/wp-json\/wp\/v2\/media?parent=14450"}],"curies":[{"name":"wp","href":"https:\/\/api.w.org\/{rel}","templated":true}]}}