{"id":3727,"date":"2018-01-31T08:55:51","date_gmt":"2018-01-31T10:55:51","guid":{"rendered":"https:\/\/paz.church\/saopaulo\/?page_id=3727"},"modified":"2023-12-28T21:43:52","modified_gmt":"2023-12-28T20:43:52","slug":"volontari","status":"publish","type":"page","link":"https:\/\/paz.church\/aversa\/volontari\/","title":{"rendered":"Diventa un volontario"},"content":{"rendered":"<div id=\"pl-3727\"  class=\"panel-layout\" ><a id=\"bordas\"><\/a><div id=\"pg-3727-0\"  class=\"panel-grid panel-has-style\"  data-extraid=\"bordas\" ><div class=\"bordas panel-row-style panel-row-style-for-3727-0\" id=\"ministerios\" ><div id=\"pgc-3727-0-0\"  class=\"panel-grid-cell\" ><div id=\"panel-3727-0-0-0\" class=\"so-panel widget widget_sow-editor panel-first-child panel-last-child\" data-index=\"0\" ><div class=\"panel-widget-style panel-widget-style-for-3727-0-0-0\" ><div\n\t\t\t\n\t\t\tclass=\"so-widget-sow-editor so-widget-sow-editor-base\"\n\t\t\t\n\t\t><h3 class=\"widget-title\">La nostra cultura<\/h3>\n<div class=\"siteorigin-widget-tinymce textwidget\">\n\t<p class=\"p1\"><b>La cultura del volontariato <\/b><\/p>\n<p class=\"p1\">Crediamo, che essere un volontario in chiesa (in qualsiasi area o ministero) \u00e8 un compito santo quanto ministrare la lode e adorazione o predicare la parola. Il nostro obbiettivo \u00e8 lo stesso: <b>versare l\u2019amore di Dio sulle persone!<\/b><\/p>\n<p class=\"p1\">Quando, alla fine di un service, una persona decide di consegnarsi totalmente a Cristo, tutte le persone che hanno servito in quel service hanno avuto un ruolo fondamentale in quella decisione! Siamo una squadra e il ruolo che ogni volontario svolge \u00e8 essenziale affinch\u00e9 pi\u00f9 persone conoscano Ges\u00f9.<\/p>\n<p class=\"p1\">Tutte le attivit\u00e0 che i volontari svolgono diventano pi\u00f9 belle e importanti quando loro capiscono che esiste un proposito dietro a tutto ci\u00f2 che fanno: <b>Vite salvate!<\/b><\/p>\n<p>La Paz Church Gricignano di Aversa offre a te l\u2019opportunit\u00e0 di far parte della nostra squadra di volontari per amare le persone e servire nell\u2019opera di Dio. Abbiamo tre ministeri di entrata che vi consigliamo di servire come volontari. Scopri di pi\u00f9 su ogni ministero e coinvolgiti in questo servizio prezioso del Regno di Dio.<\/p>\n<\/div>\n<\/div><\/div><\/div><\/div><\/div><\/div><div id=\"pg-3727-1\"  class=\"panel-grid panel-has-style\" ><div class=\"siteorigin-panels-stretch panel-row-style panel-row-style-for-3727-1\" id=\"Team01\" data-stretch-type=\"full\" ><div id=\"pgc-3727-1-0\"  class=\"panel-grid-cell\" ><div id=\"colunas-widget\" class=\"panel-cell-style panel-cell-style-for-3727-1-0\" ><div id=\"panel-3727-1-0-0\" class=\"so-panel widget widget_sow-headline panel-first-child panel-last-child\" data-index=\"1\" ><div class=\"titulo panel-widget-style panel-widget-style-for-3727-1-0-0\" id=\"ministerios\" ><div\n\t\t\t\n\t\t\tclass=\"so-widget-sow-headline so-widget-sow-headline-default-f7a5dc35bfba-3727\"\n\t\t\t\n\t\t><div class=\"sow-headline-container \">\n\t\t\t\t\t\t\t<h3 class=\"sow-headline\">\n\t\t\t\t\t\tI nostri ministeri\t\t\t\t\t\t<\/h3>\n\t\t\t\t\t\t<\/div>\n<\/div><\/div><\/div><\/div><\/div><\/div><\/div><div id=\"pg-3727-2\"  class=\"panel-grid panel-has-style\" ><div class=\"siteorigin-panels-stretch panel-row-style panel-row-style-for-3727-2\" id=\"ministerios\" data-stretch-type=\"full\" ><div id=\"pgc-3727-2-0\"  class=\"panel-grid-cell\" ><div class=\"bordas panel-cell-style panel-cell-style-for-3727-2-0\" ><div id=\"panel-3727-2-0-0\" class=\"so-panel widget widget_sow-image panel-first-child\" data-index=\"2\" ><div\n\t\t\t\n\t\t\tclass=\"so-widget-sow-image so-widget-sow-image-default-8b5b6f678277-3727\"\n\t\t\t\n\t\t>\n\n<div class=\"sow-image-container\">\n\t\t<img loading=\"lazy\" decoding=\"async\" src=\"https:\/\/paz.church\/aversa\/wp-content\/uploads\/2023\/12\/Paz11.12-2-426x240.jpg\" width=\"426\" height=\"240\" srcset=\"https:\/\/paz.church\/aversa\/wp-content\/uploads\/2023\/12\/Paz11.12-2-426x240.jpg 426w, https:\/\/paz.church\/aversa\/wp-content\/uploads\/2023\/12\/Paz11.12-2-1080x608.jpg 1080w\" sizes=\"auto, (max-width: 426px) 100vw, 426px\" alt=\"\" \t\tclass=\"so-widget-image\"\/>\n\t<\/div>\n\n<\/div><\/div><div id=\"panel-3727-2-0-1\" class=\"so-panel widget widget_sow-editor\" data-index=\"3\" ><div class=\"panel-widget-style panel-widget-style-for-3727-2-0-1\" ><div\n\t\t\t\n\t\t\tclass=\"so-widget-sow-editor so-widget-sow-editor-base\"\n\t\t\t\n\t\t><h3 class=\"widget-title\">Atmosfera<\/h3>\n<div class=\"siteorigin-widget-tinymce textwidget\">\n\t<p style=\"text-align: left;\">Il nostro obbiettivo \u00e8 garantire che i nostri membri e ospiti siano ben accolti nella nostra chiesa.<\/p>\n<\/div>\n<\/div><\/div><\/div><div id=\"panel-3727-2-0-2\" class=\"so-panel widget widget_sow-button panel-last-child\" data-index=\"4\" ><div\n\t\t\t\n\t\t\tclass=\"so-widget-sow-button so-widget-sow-button-flat-083eb5a40b94-3727\"\n\t\t\t\n\t\t><div class=\"ow-button-base ow-button-align-center\">\n\t\t\t<a\n\t\t\t\t\thref=\"https:\/\/paz.church\/saopaulo\/voluntarios\/atmosfera\/\"\n\t\t\t\t\tclass=\"sowb-button ow-icon-placement-left\" target=\"_blank\" rel=\"noopener noreferrer\" \t>\n\t\t<span>\n\t\t\t\n\t\t\tScopri di pi\u00f9\t\t<\/span>\n\t\t\t<\/a>\n\t<\/div>\n<\/div><\/div><\/div><\/div><div id=\"pgc-3727-2-1\"  class=\"panel-grid-cell\" ><div class=\"bordas panel-cell-style panel-cell-style-for-3727-2-1\" ><div id=\"panel-3727-2-1-0\" class=\"so-panel widget widget_sow-image panel-first-child\" data-index=\"5\" ><div\n\t\t\t\n\t\t\tclass=\"so-widget-sow-image so-widget-sow-image-default-8b5b6f678277-3727\"\n\t\t\t\n\t\t>\n\n<div class=\"sow-image-container\">\n\t\t<img loading=\"lazy\" decoding=\"async\" src=\"https:\/\/paz.church\/aversa\/wp-content\/uploads\/2023\/12\/Paz26.11-21-426x240.jpg\" width=\"426\" height=\"240\" srcset=\"https:\/\/paz.church\/aversa\/wp-content\/uploads\/2023\/12\/Paz26.11-21-426x240.jpg 426w, https:\/\/paz.church\/aversa\/wp-content\/uploads\/2023\/12\/Paz26.11-21-1080x608.jpg 1080w\" sizes=\"auto, (max-width: 426px) 100vw, 426px\" alt=\"\" \t\tclass=\"so-widget-image\"\/>\n\t<\/div>\n\n<\/div><\/div><div id=\"panel-3727-2-1-1\" class=\"so-panel widget widget_sow-editor\" data-index=\"6\" ><div class=\"panel-widget-style panel-widget-style-for-3727-2-1-1\" ><div\n\t\t\t\n\t\t\tclass=\"so-widget-sow-editor so-widget-sow-editor-base\"\n\t\t\t\n\t\t><h3 class=\"widget-title\">Amore in Azione<\/h3>\n<div class=\"siteorigin-widget-tinymce textwidget\">\n\t<p style=\"text-align: left;\">Le aree di attuazione sono varie e tutte loro nel campo dell'azione sociale, aiutando i bisognosi.<\/p>\n<\/div>\n<\/div><\/div><\/div><div id=\"panel-3727-2-1-2\" class=\"so-panel widget widget_sow-button panel-last-child\" data-index=\"7\" ><div\n\t\t\t\n\t\t\tclass=\"so-widget-sow-button so-widget-sow-button-flat-083eb5a40b94-3727\"\n\t\t\t\n\t\t><div class=\"ow-button-base ow-button-align-center\">\n\t\t\t<a\n\t\t\t\t\thref=\"https:\/\/paz.church\/saopaulo\/voluntarios\/amor\/\"\n\t\t\t\t\tclass=\"sowb-button ow-icon-placement-left\" target=\"_blank\" rel=\"noopener noreferrer\" \t>\n\t\t<span>\n\t\t\t\n\t\t\tScopri di pi\u00f9\t\t<\/span>\n\t\t\t<\/a>\n\t<\/div>\n<\/div><\/div><\/div><\/div><\/div><\/div><div id=\"pg-3727-3\"  class=\"panel-grid panel-has-style\" ><div class=\"siteorigin-panels-stretch panel-row-style panel-row-style-for-3727-3\" id=\"ministerios\" data-stretch-type=\"full\" ><div id=\"pgc-3727-3-0\"  class=\"panel-grid-cell\" ><div class=\"bordas panel-cell-style panel-cell-style-for-3727-3-0\" ><div id=\"panel-3727-3-0-0\" class=\"so-panel widget widget_sow-image panel-first-child\" data-index=\"8\" ><div\n\t\t\t\n\t\t\tclass=\"so-widget-sow-image so-widget-sow-image-default-8b5b6f678277-3727\"\n\t\t\t\n\t\t>\n\n<div class=\"sow-image-container\">\n\t\t<img loading=\"lazy\" decoding=\"async\" src=\"https:\/\/paz.church\/aversa\/wp-content\/uploads\/2023\/10\/Clto-33-426x240.jpg\" width=\"426\" height=\"240\" srcset=\"https:\/\/paz.church\/aversa\/wp-content\/uploads\/2023\/10\/Clto-33-426x240.jpg 426w, https:\/\/paz.church\/aversa\/wp-content\/uploads\/2023\/10\/Clto-33-1080x608.jpg 1080w\" sizes=\"auto, (max-width: 426px) 100vw, 426px\" alt=\"\" \t\tclass=\"so-widget-image\"\/>\n\t<\/div>\n\n<\/div><\/div><div id=\"panel-3727-3-0-1\" class=\"so-panel widget widget_sow-editor\" data-index=\"9\" ><div class=\"panel-widget-style panel-widget-style-for-3727-3-0-1\" ><div\n\t\t\t\n\t\t\tclass=\"so-widget-sow-editor so-widget-sow-editor-base\"\n\t\t\t\n\t\t><h3 class=\"widget-title\">Paz Kids<\/h3>\n<div class=\"siteorigin-widget-tinymce textwidget\">\n\t<p style=\"text-align: left;\">Con molta creativit\u00e0, allegria e amore trasmettiamo fondamenti biblici che modelleranno il carattere di ogni bambino.<\/p>\n<\/div>\n<\/div><\/div><\/div><div id=\"panel-3727-3-0-2\" class=\"so-panel widget widget_sow-button panel-last-child\" data-index=\"10\" ><div\n\t\t\t\n\t\t\tclass=\"so-widget-sow-button so-widget-sow-button-flat-083eb5a40b94-3727\"\n\t\t\t\n\t\t><div class=\"ow-button-base ow-button-align-center\">\n\t\t\t<a\n\t\t\t\t\thref=\"https:\/\/paz.church\/saopaulo\/voluntarios\/kids\/\"\n\t\t\t\t\tclass=\"sowb-button ow-icon-placement-left\" target=\"_blank\" rel=\"noopener noreferrer\" \t>\n\t\t<span>\n\t\t\t\n\t\t\tScopri di pi\u00f9\t\t<\/span>\n\t\t\t<\/a>\n\t<\/div>\n<\/div><\/div><\/div><\/div><div id=\"pgc-3727-3-1\"  class=\"panel-grid-cell\" ><div class=\"bordas panel-cell-style panel-cell-style-for-3727-3-1\" ><div id=\"panel-3727-3-1-0\" class=\"so-panel widget widget_sow-image panel-first-child\" data-index=\"11\" ><div\n\t\t\t\n\t\t\tclass=\"so-widget-sow-image so-widget-sow-image-default-8b5b6f678277-3727\"\n\t\t\t\n\t\t>\n\n<div class=\"sow-image-container\">\n\t\t<img loading=\"lazy\" decoding=\"async\" src=\"https:\/\/paz.church\/aversa\/wp-content\/uploads\/2023\/12\/Paz03.12-44-426x240.jpg\" width=\"426\" height=\"240\" srcset=\"https:\/\/paz.church\/aversa\/wp-content\/uploads\/2023\/12\/Paz03.12-44-426x240.jpg 426w, https:\/\/paz.church\/aversa\/wp-content\/uploads\/2023\/12\/Paz03.12-44-1080x608.jpg 1080w\" sizes=\"auto, (max-width: 426px) 100vw, 426px\" alt=\"\" \t\tclass=\"so-widget-image\"\/>\n\t<\/div>\n\n<\/div><\/div><div id=\"panel-3727-3-1-1\" class=\"so-panel widget widget_sow-editor\" data-index=\"12\" ><div class=\"panel-widget-style panel-widget-style-for-3727-3-1-1\" ><div\n\t\t\t\n\t\t\tclass=\"so-widget-sow-editor so-widget-sow-editor-base\"\n\t\t\t\n\t\t><h3 class=\"widget-title\">Paz Prayer<\/h3>\n<div class=\"siteorigin-widget-tinymce textwidget\">\n\t<p>Il nostro signore Ges\u00f9 \u00e8 stato chiaro nella sua parola per quanto riguarda l'importanza della preghiera. Pregare \u00e8 il dovere di ogni credente.<\/p>\n<\/div>\n<\/div><\/div><\/div><div id=\"panel-3727-3-1-2\" class=\"so-panel widget widget_sow-button panel-last-child\" data-index=\"13\" ><div\n\t\t\t\n\t\t\tclass=\"so-widget-sow-button so-widget-sow-button-flat-083eb5a40b94-3727\"\n\t\t\t\n\t\t><div class=\"ow-button-base ow-button-align-center\">\n\t\t\t<a\n\t\t\t\t\thref=\"https:\/\/paz.church\/saopaulo\/voluntarios\/pazprayer\/\"\n\t\t\t\t\tclass=\"sowb-button ow-icon-placement-left\" target=\"_blank\" rel=\"noopener noreferrer\" \t>\n\t\t<span>\n\t\t\t\n\t\t\tScopri di pi\u00f9\t\t<\/span>\n\t\t\t<\/a>\n\t<\/div>\n<\/div><\/div><\/div><\/div><\/div><\/div><\/div>","protected":false},"excerpt":{"rendered":"<p>La cultura del volontariato Crediamo, che essere un volontario in chiesa (in qualsiasi area o ministero) \u00e8 un compito santo quanto ministrare la lode e adorazione o predicare la parola. Il nostro obbiettivo \u00e8 lo stesso: versare l\u2019amore di Dio sulle persone! Quando, alla fine di un service, una persona decide di consegnarsi totalmente aContinue reading &rarr;<\/p>\n","protected":false},"author":2,"featured_media":21640,"parent":0,"menu_order":0,"comment_status":"closed","ping_status":"closed","template":"","meta":{"_seopress_robots_primary_cat":"","_seopress_titles_title":"","_seopress_titles_desc":"","_seopress_robots_index":"","footnotes":""},"class_list":["post-3727","page","type-page","status-publish","has-post-thumbnail","hentry","has-thumb"],"_links":{"self":[{"href":"https:\/\/paz.church\/aversa\/wp-json\/wp\/v2\/pages\/3727","targetHints":{"allow":["GET"]}}],"collection":[{"href":"https:\/\/paz.church\/aversa\/wp-json\/wp\/v2\/pages"}],"about":[{"href":"https:\/\/paz.church\/aversa\/wp-json\/wp\/v2\/types\/page"}],"author":[{"embeddable":true,"href":"https:\/\/paz.church\/aversa\/wp-json\/wp\/v2\/users\/2"}],"replies":[{"embeddable":true,"href":"https:\/\/paz.church\/aversa\/wp-json\/wp\/v2\/comments?post=3727"}],"version-history":[{"count":7,"href":"https:\/\/paz.church\/aversa\/wp-json\/wp\/v2\/pages\/3727\/revisions"}],"predecessor-version":[{"id":21616,"href":"https:\/\/paz.church\/aversa\/wp-json\/wp\/v2\/pages\/3727\/revisions\/21616"}],"wp:featuredmedia":[{"embeddable":true,"href":"https:\/\/paz.church\/aversa\/wp-json\/wp\/v2\/media\/21640"}],"wp:attachment":[{"href":"https:\/\/paz.church\/aversa\/wp-json\/wp\/v2\/media?parent=3727"}],"curies":[{"name":"wp","href":"https:\/\/api.w.org\/{rel}","templated":true}]}}