{"id":8481,"date":"2016-01-01T00:30:29","date_gmt":"2016-01-01T02:30:29","guid":{"rendered":"https:\/\/paz.church\/saopaulo\/?page_id=8481"},"modified":"2024-01-08T10:52:02","modified_gmt":"2024-01-08T09:52:02","slug":"accettando-gesu","status":"publish","type":"page","link":"https:\/\/paz.church\/aversa\/accettando-gesu\/","title":{"rendered":"Accettando Ges\u00f9"},"content":{"rendered":"<div id=\"pl-8481\"  class=\"panel-layout\" ><div id=\"pg-8481-0\"  class=\"panel-grid panel-no-style\" ><div id=\"pgc-8481-0-0\"  class=\"panel-grid-cell\" ><div id=\"panel-8481-0-0-0\" class=\"so-panel widget widget_sow-editor panel-first-child panel-last-child\" data-index=\"0\" ><div class=\"panel-widget-style panel-widget-style-for-8481-0-0-0\" ><div\n\t\t\t\n\t\t\tclass=\"so-widget-sow-editor so-widget-sow-editor-base\"\n\t\t\t\n\t\t>\n<div class=\"siteorigin-widget-tinymce textwidget\">\n\t<p style=\"text-align: center;\"><strong>Ges\u00fa gli disse: \u00abIo sono la via, la verit\u00e0 e la vita; nessuno viene al Padre se non per mezzo di me.<\/strong><br \/>\n(Giovanni 14.6)<\/p>\n<\/div>\n<\/div><\/div><\/div><\/div><\/div><div id=\"pg-8481-1\"  class=\"panel-grid panel-no-style\" ><div id=\"pgc-8481-1-0\"  class=\"panel-grid-cell\" ><div id=\"panel-8481-1-0-0\" class=\"so-panel widget widget_sow-editor panel-first-child\" data-index=\"1\" ><div class=\"bordas panel-widget-style panel-widget-style-for-8481-1-0-0\" ><div\n\t\t\t\n\t\t\tclass=\"so-widget-sow-editor so-widget-sow-editor-base\"\n\t\t\t\n\t\t>\n<div class=\"siteorigin-widget-tinymce textwidget\">\n\t<p>Puoi ricevere Ges\u00f9 proprio adesso in preghiera (pregare \u00e8 parlare con Dio).<\/p>\n<p>Dio conosce il tuo cuore ed \u00e8 pi\u00f9 interessato all'attitudine del tuo cuore che alle tue parole. Questa preghiera \u00e8 un esempio di come puoi accettare a Ges\u00f9:<\/p>\n<p><strong>\"Signor Ges\u00f9, ho bisogno di te. Ti ringrazio perch\u00e9 sei morto sulla croce per i miei peccati. Io apro la porta della mia vita e ti ricevo come il mio signore e salvatore. Grazie per aver perdonato i miei peccati e avermi dato la vita eterna. Prenditi cura della mia vita e trasformami completamente.\"<\/strong><\/p>\n<p>Questa preghiera esprime il desiderio del tuo cuore?<\/p>\n<p>Se \u00e8 cos\u00ec, fai questa preghiera proprio ora e Ges\u00f9 entrer\u00e0 nella tua vita, cos\u00ec come ha promesso.<\/p>\n<p>Facci sapere un po' di pi\u00f9 su di te affinch\u00e9 possiamo contattarti nel miglior modo e aiutarti in questa nuova vita con Ges\u00f9.<\/p>\n<\/div>\n<\/div><\/div><\/div><div id=\"panel-8481-1-0-1\" class=\"so-panel widget widget_sow-editor panel-last-child\" data-index=\"2\" ><div class=\"bordas panel-widget-style panel-widget-style-for-8481-1-0-1\" id=\"frm\" ><div\n\t\t\t\n\t\t\tclass=\"so-widget-sow-editor so-widget-sow-editor-base\"\n\t\t\t\n\t\t>\n<div class=\"siteorigin-widget-tinymce textwidget\">\n\t\n<div class=\"wpcf7 no-js\" id=\"wpcf7-f7425-o1\" lang=\"pt-BR\" dir=\"ltr\" data-wpcf7-id=\"7425\">\n<div class=\"screen-reader-response\"><p role=\"status\" aria-live=\"polite\" aria-atomic=\"true\"><\/p> <ul><\/ul><\/div>\n<form action=\"\/aversa\/wp-json\/wp\/v2\/pages\/8481#wpcf7-f7425-o1\" method=\"post\" class=\"wpcf7-form init\" aria-label=\"Formul\u00e1rios de contato\" novalidate=\"novalidate\" data-status=\"init\">\n<div style=\"display: none;\">\n<input type=\"hidden\" name=\"_wpcf7\" value=\"7425\" \/>\n<input type=\"hidden\" name=\"_wpcf7_version\" value=\"6.0\" \/>\n<input type=\"hidden\" name=\"_wpcf7_locale\" value=\"pt_BR\" \/>\n<input type=\"hidden\" name=\"_wpcf7_unit_tag\" value=\"wpcf7-f7425-o1\" \/>\n<input type=\"hidden\" name=\"_wpcf7_container_post\" value=\"0\" \/>\n<input type=\"hidden\" name=\"_wpcf7_posted_data_hash\" value=\"\" \/>\n<input type=\"hidden\" name=\"_wpcf7_recaptcha_response\" value=\"\" \/>\n<\/div>\n<div class=\"campo-esq\">\n\t<p>Nome e cognome*\n\t<\/p>\n\t<p><span class=\"wpcf7-form-control-wrap\" data-name=\"your-name\"><input size=\"40\" maxlength=\"400\" class=\"wpcf7-form-control wpcf7-text wpcf7-validates-as-required\" aria-required=\"true\" aria-invalid=\"false\" value=\"\" type=\"text\" name=\"your-name\" \/><\/span>\n\t<\/p>\n<\/div>\n<div class=\"campo-dir\">\n\t<p>Sto decidendo*\n\t<\/p>\n\t<p><span class=\"wpcf7-form-control-wrap\" data-name=\"menu-20\"><select class=\"wpcf7-form-control wpcf7-select wpcf7-validates-as-required\" aria-required=\"true\" aria-invalid=\"false\" name=\"menu-20\"><option value=\"\">&#8212;Escolha uma op\u00e7\u00e3o&#8212;<\/option><option value=\"Per la prima volta\">Per la prima volta<\/option><option value=\"Riconciliando\">Riconciliando<\/option><\/select><\/span>\n\t<\/p>\n<\/div>\n<div class=\"clear\">\n<\/div>\n<div class=\"campo-esq\">\n\t<p>Come hai conosciuto la Paz Church?*\n\t<\/p>\n\t<p><span class=\"wpcf7-form-control-wrap\" data-name=\"menu-21\"><select class=\"wpcf7-form-control wpcf7-select wpcf7-validates-as-required\" aria-required=\"true\" aria-invalid=\"false\" name=\"menu-21\"><option value=\"\">&#8212;Escolha uma op\u00e7\u00e3o&#8212;<\/option><option value=\"Tramite un amico\">Tramite un amico<\/option><option value=\"Tramite i parenti\">Tramite i parenti<\/option><option value=\"Social\">Social<\/option><option value=\"Sitoweb della chiesa\">Sitoweb della chiesa<\/option><option value=\"altro\">altro<\/option><\/select><\/span>\n\t<\/p>\n<\/div>\n<div class=\"campo-30\">\n\t<p>\n\t\t<font class=\"font-reduzida\">Sesso*\n\t\t<\/font>\n\t<\/p>\n\t<p><span class=\"wpcf7-form-control-wrap\" data-name=\"menu-22\"><select class=\"wpcf7-form-control wpcf7-select wpcf7-validates-as-required\" aria-required=\"true\" aria-invalid=\"false\" name=\"menu-22\"><option value=\"\">&#8212;Escolha uma op\u00e7\u00e3o&#8212;<\/option><option value=\"Maschio\">Maschio<\/option><option value=\"Femmina\">Femmina<\/option><\/select><\/span>\n\t<\/p>\n<\/div>\n<div class=\"campo-30b\">\n\t<p>\n\t\t<font class=\"font-reduzida\">et\u00e0*\n\t\t<\/font>\n\t<\/p>\n\t<p><span class=\"wpcf7-form-control-wrap\" data-name=\"your-idade\"><input size=\"15\" maxlength=\"15\" class=\"wpcf7-form-control wpcf7-text wpcf7-validates-as-required\" aria-required=\"true\" aria-invalid=\"false\" value=\"\" type=\"text\" name=\"your-idade\" \/><\/span>\n\t<\/p>\n<\/div>\n<div class=\"campo-30b\">\n\t<p>\n\t\t<font class=\"font-reduzida\">Stato Civile*\n\t\t<\/font>\n\t<\/p>\n\t<p><span class=\"wpcf7-form-control-wrap\" data-name=\"menu-23\"><select class=\"wpcf7-form-control wpcf7-select wpcf7-validates-as-required\" aria-required=\"true\" aria-invalid=\"false\" name=\"menu-23\"><option value=\"\">&#8212;Escolha uma op\u00e7\u00e3o&#8212;<\/option><option value=\"Single\">Single<\/option><option value=\"Sposato(a)\">Sposato(a)<\/option><option value=\"Vedovo(a)\">Vedovo(a)<\/option><option value=\"Altro\">Altro<\/option><\/select><\/span>\n\t<\/p>\n<\/div>\n<div class=\"clear\">\n<\/div>\n<div class=\"campo-25\">\n\t<p>\n\t\t<font class=\"font-reduzida\">Filgli (dai 2-11 anni)?\n\t\t<\/font><br \/>\n<span class=\"wpcf7-form-control-wrap\" data-name=\"menu-24\"><select class=\"wpcf7-form-control wpcf7-select\" aria-invalid=\"false\" name=\"menu-24\"><option value=\"\">&#8212;Escolha uma op\u00e7\u00e3o&#8212;<\/option><option value=\"Si\">Si<\/option><option value=\"No\">No<\/option><\/select><\/span>\n\t<\/p>\n<\/div>\n<div class=\"campo-25\">\n\t<p>\n\t\t<font class=\"font-reduzida\">Telefono\/WhatsApp\n\t\t<\/font><br \/>\n<span class=\"wpcf7-form-control-wrap\" data-name=\"your-celular\"><input size=\"20\" maxlength=\"20\" class=\"wpcf7-form-control wpcf7-text wpcf7-validates-as-required\" aria-required=\"true\" aria-invalid=\"false\" placeholder=\"xxx xxx xxxx\" value=\"\" type=\"text\" name=\"your-celular\" \/><\/span>\n\t<\/p>\n<\/div>\n<div class=\"campo-dir\">\n\t<p>Email\n\t<\/p>\n\t<p><span class=\"wpcf7-form-control-wrap\" data-name=\"your-email\"><input size=\"40\" maxlength=\"400\" class=\"wpcf7-form-control wpcf7-email wpcf7-validates-as-required wpcf7-text wpcf7-validates-as-email\" aria-required=\"true\" aria-invalid=\"false\" value=\"\" type=\"email\" name=\"your-email\" \/><\/span>\n\t<\/p>\n<\/div>\n<div class=\"clear\">\n<\/div>\n<div class=\"campo-esq\">\n\t<p>Via e numero civico*\n\t<\/p>\n\t<p><span class=\"wpcf7-form-control-wrap\" data-name=\"your-endereco\"><input size=\"40\" maxlength=\"400\" class=\"wpcf7-form-control wpcf7-text wpcf7-validates-as-required\" aria-required=\"true\" aria-invalid=\"false\" value=\"\" type=\"text\" name=\"your-endereco\" \/><\/span>\n\t<\/p>\n<\/div>\n<div class=\"campo-dir\">\n\t<p>Comune*\n\t<\/p>\n\t<p><span class=\"wpcf7-form-control-wrap\" data-name=\"your-bairro\"><input size=\"40\" maxlength=\"400\" class=\"wpcf7-form-control wpcf7-text wpcf7-validates-as-required\" aria-required=\"true\" aria-invalid=\"false\" value=\"\" type=\"text\" name=\"your-bairro\" \/><\/span>\n\t<\/p>\n<\/div>\n<div class=\"clear\">\n<\/div>\n<div class=\"campo-esq\">\n\t<p>Provincia*\n\t<\/p>\n\t<p><span class=\"wpcf7-form-control-wrap\" data-name=\"cidade-estado\"><input size=\"40\" maxlength=\"400\" class=\"wpcf7-form-control wpcf7-text wpcf7-validates-as-required\" aria-required=\"true\" aria-invalid=\"false\" value=\"\" type=\"text\" name=\"cidade-estado\" \/><\/span>\n\t<\/p>\n<\/div>\n<div class=\"campo-dir\">\n\t<p>Hai mai partecipato ad un service nostro?\n\t<\/p>\n\t<p><span class=\"wpcf7-form-control-wrap\" data-name=\"menu-26\"><select class=\"wpcf7-form-control wpcf7-select wpcf7-validates-as-required\" aria-required=\"true\" aria-invalid=\"false\" name=\"menu-26\"><option value=\"\">&#8212;Escolha uma op\u00e7\u00e3o&#8212;<\/option><option value=\"Prima volta\">Prima volta<\/option><option value=\"Seconda volta\">Seconda volta<\/option><option value=\"Terza volta\">Terza volta<\/option><option value=\"Pi\u00f9 di un mese\">Pi\u00f9 di un mese<\/option><\/select><\/span>\n\t<\/p>\n<\/div>\n<div class=\"clear\">\n<\/div>\n<div class=\"campo-esq\">\n\t<p>Sei gi\u00e0 parte di un Life Group?*\n\t<\/p>\n\t<p><span class=\"wpcf7-form-control-wrap\" data-name=\"menu-25\"><select class=\"wpcf7-form-control wpcf7-select wpcf7-validates-as-required\" aria-required=\"true\" aria-invalid=\"false\" name=\"menu-25\"><option value=\"\">&#8212;Escolha uma op\u00e7\u00e3o&#8212;<\/option><option value=\"Si\">Si<\/option><option value=\"No\">No<\/option><option value=\"Mi hanno gi\u00e0 invitato e ci andr\u00f2\">Mi hanno gi\u00e0 invitato e ci andr\u00f2<\/option><\/select><\/span>\n\t<\/p>\n<\/div>\n<div class=\"campo-dir\">\n\t<p>Se si, come si chiama il leader del tuo Life Group?\n\t<\/p>\n\t<p><span class=\"wpcf7-form-control-wrap\" data-name=\"your-lider\"><input size=\"40\" maxlength=\"400\" class=\"wpcf7-form-control wpcf7-text\" aria-invalid=\"false\" value=\"\" type=\"text\" name=\"your-lider\" \/><\/span>\n\t<\/p>\n<\/div>\n<div class=\"clear\">\n<\/div>\n<div class=\"campo-full\">\n\t<p>Qualche osservazione?\n\t<\/p>\n\t<p><span class=\"wpcf7-form-control-wrap\" data-name=\"your-observacao\"><textarea cols=\"40\" rows=\"20\" maxlength=\"2000\" class=\"wpcf7-form-control wpcf7-textarea\" aria-invalid=\"false\" placeholder=\"Se ti fa piacere, raccontaci un po&#039; su di te.\" name=\"your-observacao\"><\/textarea><\/span>\n\t<\/p>\n<\/div>\n<div class=\"clear\">\n<\/div>\n<div class=\"campo-30\">\n\t<p><input class=\"wpcf7-form-control wpcf7-submit has-spinner\" type=\"submit\" value=\"INVIARE\" \/>\n\t<\/p>\n<\/div>\n<div class=\"clear\">\n<\/div><p style=\"display: none !important;\" class=\"akismet-fields-container\" data-prefix=\"_wpcf7_ak_\"><label>&#916;<textarea name=\"_wpcf7_ak_hp_textarea\" cols=\"45\" rows=\"8\" maxlength=\"100\"><\/textarea><\/label><input type=\"hidden\" id=\"ak_js_1\" name=\"_wpcf7_ak_js\" value=\"24\"\/><script>document.getElementById( \"ak_js_1\" ).setAttribute( \"value\", ( new Date() ).getTime() );<\/script><\/p><div class=\"wpcf7-response-output\" aria-hidden=\"true\"><\/div>\n<\/form>\n<\/div>\n\n<\/div>\n<\/div><\/div><\/div><\/div><\/div><\/div>","protected":false},"excerpt":{"rendered":"<p>Ges\u00fa gli disse: \u00abIo sono la via, la verit\u00e0 e la vita; nessuno viene al Padre se non per mezzo di me. (Giovanni 14.6) Puoi ricevere Ges\u00f9 proprio adesso in preghiera (pregare \u00e8 parlare con Dio). Dio conosce il tuo cuore ed \u00e8 pi\u00f9 interessato all&#8217;attitudine del tuo cuore che alle tue parole. Questa preghieraContinue reading &rarr;<\/p>\n","protected":false},"author":1,"featured_media":21637,"parent":0,"menu_order":0,"comment_status":"closed","ping_status":"closed","template":"","meta":{"_seopress_robots_primary_cat":"","_seopress_titles_title":"","_seopress_titles_desc":"","_seopress_robots_index":"","footnotes":""},"class_list":["post-8481","page","type-page","status-publish","has-post-thumbnail","hentry","has-thumb"],"_links":{"self":[{"href":"https:\/\/paz.church\/aversa\/wp-json\/wp\/v2\/pages\/8481","targetHints":{"allow":["GET"]}}],"collection":[{"href":"https:\/\/paz.church\/aversa\/wp-json\/wp\/v2\/pages"}],"about":[{"href":"https:\/\/paz.church\/aversa\/wp-json\/wp\/v2\/types\/page"}],"author":[{"embeddable":true,"href":"https:\/\/paz.church\/aversa\/wp-json\/wp\/v2\/users\/1"}],"replies":[{"embeddable":true,"href":"https:\/\/paz.church\/aversa\/wp-json\/wp\/v2\/comments?post=8481"}],"version-history":[{"count":6,"href":"https:\/\/paz.church\/aversa\/wp-json\/wp\/v2\/pages\/8481\/revisions"}],"predecessor-version":[{"id":21695,"href":"https:\/\/paz.church\/aversa\/wp-json\/wp\/v2\/pages\/8481\/revisions\/21695"}],"wp:featuredmedia":[{"embeddable":true,"href":"https:\/\/paz.church\/aversa\/wp-json\/wp\/v2\/media\/21637"}],"wp:attachment":[{"href":"https:\/\/paz.church\/aversa\/wp-json\/wp\/v2\/media?parent=8481"}],"curies":[{"name":"wp","href":"https:\/\/api.w.org\/{rel}","templated":true}]}}