{"id":1245,"date":"2018-12-11T21:08:25","date_gmt":"2018-12-11T23:08:25","guid":{"rendered":"https:\/\/paz.church\/saopaulo\/?page_id=1245"},"modified":"2022-08-23T16:37:48","modified_gmt":"2022-08-23T19:37:48","slug":"nossa-visao","status":"publish","type":"page","link":"https:\/\/paz.church\/barueri\/nossa-visao\/","title":{"rendered":"Nossa Vis\u00e3o"},"content":{"rendered":"<p><img loading=\"lazy\" decoding=\"async\" class=\"size-medium wp-image-16830 alignright\" src=\"https:\/\/paz.church\/barueri\/wp-content\/uploads\/2022\/08\/CORACAO-MDA-300x300.png\" alt=\"\" width=\"300\" height=\"300\" srcset=\"https:\/\/paz.church\/barueri\/wp-content\/uploads\/2022\/08\/CORACAO-MDA-300x300.png 300w, https:\/\/paz.church\/barueri\/wp-content\/uploads\/2022\/08\/CORACAO-MDA-180x180.png 180w, https:\/\/paz.church\/barueri\/wp-content\/uploads\/2022\/08\/CORACAO-MDA-330x330.png 330w, https:\/\/paz.church\/barueri\/wp-content\/uploads\/2022\/08\/CORACAO-MDA-426x426.png 426w, https:\/\/paz.church\/barueri\/wp-content\/uploads\/2022\/08\/CORACAO-MDA-75x75.png 75w, https:\/\/paz.church\/barueri\/wp-content\/uploads\/2022\/08\/CORACAO-MDA.png 500w\" sizes=\"auto, (max-width: 300px) 100vw, 300px\" \/>A Paz Church \u00e9 100% Vis\u00e3o do MDA.<\/p>\n<p>Na Vis\u00e3o do MDA, \u00e9 poss\u00edvel \u00e0 Igreja Local ganhar multid\u00f5es para Jesus sem deixar de cuidar bem de cada crist\u00e3o.<\/p>\n<p>O MDA abrange diversos fatores desenvolvidos na Igreja Local. Sem d\u00favida, o fator central desse poderoso modelo \u00e9 o <strong>discipulado,\u00a0<\/strong>que todos na igreja recebem, seja individualmente, seja atrav\u00e9s do pastoreio eficaz da c\u00e9lula.<\/p>\n<p>A C\u00e9lula, tamb\u00e9m carinhosamente chamada de Life Group, \u00e9 a Igreja no Lar. Um lugar de pastoreio, de grandes amizades, de estudo da Palavra de Deus e de ora\u00e7\u00e3o intensa. Um ambiente cheio de f\u00e9, alegria e muito amor.<\/p>\n<p>Na <strong><a href=\"http:\/\/www.visaomda.com\" target=\"_blank\" rel=\"noopener noreferrer\">Vis\u00e3o do MDA<\/a><\/strong> cada crist\u00e3o compromissado deve estar sendo e fazendo disc\u00edpulos, participar de uma C\u00e9lula, abra\u00e7ar a vis\u00e3o da Igreja Local, buscar a Unidade da Igreja Mundial e colocar em primeiro lugar o Reino de Deus.<\/p>\n<blockquote><p><strong><a href=\"http:\/\/www.visaomda.com\/\" target=\"_blank\" rel=\"noopener noreferrer\">&#8211; Saiba mais sobre a Vis\u00e3o do MDA<\/a><\/strong><\/p><\/blockquote>\n","protected":false},"excerpt":{"rendered":"<p>A Paz Church \u00e9 100% Vis\u00e3o do MDA. Na Vis\u00e3o do MDA, \u00e9 poss\u00edvel \u00e0 Igreja Local ganhar multid\u00f5es para Jesus sem deixar de cuidar bem de cada crist\u00e3o. O MDA abrange diversos fatores desenvolvidos na Igreja Local. Sem d\u00favida, o fator central desse poderoso modelo \u00e9 o discipulado,\u00a0que todos na igreja recebem, seja individualmente,Continue reading &rarr;<\/p>\n","protected":false},"author":1,"featured_media":16832,"parent":0,"menu_order":0,"comment_status":"closed","ping_status":"closed","template":"","meta":{"_seopress_robots_primary_cat":"","_seopress_titles_title":"","_seopress_titles_desc":"","_seopress_robots_index":"","footnotes":""},"class_list":["post-1245","page","type-page","status-publish","has-post-thumbnail","has-thumb"],"_links":{"self":[{"href":"https:\/\/paz.church\/barueri\/wp-json\/wp\/v2\/pages\/1245","targetHints":{"allow":["GET"]}}],"collection":[{"href":"https:\/\/paz.church\/barueri\/wp-json\/wp\/v2\/pages"}],"about":[{"href":"https:\/\/paz.church\/barueri\/wp-json\/wp\/v2\/types\/page"}],"author":[{"embeddable":true,"href":"https:\/\/paz.church\/barueri\/wp-json\/wp\/v2\/users\/1"}],"replies":[{"embeddable":true,"href":"https:\/\/paz.church\/barueri\/wp-json\/wp\/v2\/comments?post=1245"}],"version-history":[{"count":2,"href":"https:\/\/paz.church\/barueri\/wp-json\/wp\/v2\/pages\/1245\/revisions"}],"predecessor-version":[{"id":16831,"href":"https:\/\/paz.church\/barueri\/wp-json\/wp\/v2\/pages\/1245\/revisions\/16831"}],"wp:featuredmedia":[{"embeddable":true,"href":"https:\/\/paz.church\/barueri\/wp-json\/wp\/v2\/media\/16832"}],"wp:attachment":[{"href":"https:\/\/paz.church\/barueri\/wp-json\/wp\/v2\/media?parent=1245"}],"curies":[{"name":"wp","href":"https:\/\/api.w.org\/{rel}","templated":true}]}}