{"id":11624,"date":"2021-05-12T17:36:49","date_gmt":"2021-05-12T20:36:49","guid":{"rendered":"https:\/\/paz.church\/belohorizonte\/?page_id=11624"},"modified":"2021-06-01T17:08:34","modified_gmt":"2021-06-01T20:08:34","slug":"presenciais","status":"publish","type":"page","link":"https:\/\/paz.church\/belohorizonte\/presenciais\/","title":{"rendered":"Presenciais"},"content":{"rendered":"<div id=\"pl-11624\"  class=\"panel-layout\" ><div id=\"pg-11624-0\"  class=\"panel-grid panel-has-style\" ><div class=\"panel-row-style panel-row-style-for-11624-0\" ><div id=\"pgc-11624-0-0\"  class=\"panel-grid-cell\" ><div id=\"panel-11624-0-0-0\" class=\"so-panel widget widget_sow-icon panel-first-child panel-last-child\" data-index=\"0\" ><div\n\t\t\t\n\t\t\tclass=\"so-widget-sow-icon so-widget-sow-icon-default-c3281dc8548f-11624\"\n\t\t\t\n\t\t>\n<div class=\"sow-icon-container sow-icon\">\n\t\t\t<span class=\"sow-icon-elegantline\" data-sow-icon=\"&#xe03d;\"\n\t\t \n\t\taria-hidden=\"true\"><\/span>\t<\/div>\n<\/div><\/div><\/div><div id=\"pgc-11624-0-1\"  class=\"panel-grid-cell\" ><div id=\"panel-11624-0-1-0\" class=\"so-panel widget widget_sow-editor panel-first-child panel-last-child\" data-index=\"1\" ><div\n\t\t\t\n\t\t\tclass=\"so-widget-sow-editor so-widget-sow-editor-base\"\n\t\t\t\n\t\t>\n<div class=\"siteorigin-widget-tinymce textwidget\">\n\t<p>Devido as medidas recentemente adotadas pelo Governo de Minas Gerais contra a pandemia, os cultos presenciais foram suspensos no nosso Estado. Estamos rigorosamente seguindo todos as determina\u00e7\u00f5es do decreto. N\u00e3o teremos atividades presenciais em nosso Campus enquanto durar o decreto.<\/p>\n<p>Nos pr\u00f3ximos Domingos, nossos cultos ser\u00e3o<strong>\u00a0Online<\/strong>, no seguinte hor\u00e1rio: 19h em nosso <a href=\"https:\/\/www.youtube.com\/c\/PazChurchBeloHorizonte\" target=\"_blank\" rel=\"noopener noreferrer\"><strong>canal do Youtube<\/strong><\/a>.<\/p>\n<\/div>\n<\/div><\/div><\/div><\/div><\/div><\/div>","protected":false},"excerpt":{"rendered":"<p>Devido as medidas recentemente adotadas pelo Governo de Minas Gerais contra a pandemia, os cultos presenciais foram suspensos no nosso Estado. Estamos rigorosamente seguindo todos as determina\u00e7\u00f5es do decreto. N\u00e3o teremos atividades presenciais em nosso Campus enquanto durar o decreto. Nos pr\u00f3ximos Domingos, nossos cultos ser\u00e3o\u00a0Online, no seguinte hor\u00e1rio: 19h em nosso canal do Youtube.<\/p>\n","protected":false},"author":1,"featured_media":11744,"parent":0,"menu_order":0,"comment_status":"closed","ping_status":"closed","template":"","meta":{"footnotes":""},"class_list":["post-11624","page","type-page","status-publish","has-post-thumbnail","has-thumb"],"aioseo_notices":[],"_links":{"self":[{"href":"https:\/\/paz.church\/belohorizonte\/wp-json\/wp\/v2\/pages\/11624","targetHints":{"allow":["GET"]}}],"collection":[{"href":"https:\/\/paz.church\/belohorizonte\/wp-json\/wp\/v2\/pages"}],"about":[{"href":"https:\/\/paz.church\/belohorizonte\/wp-json\/wp\/v2\/types\/page"}],"author":[{"embeddable":true,"href":"https:\/\/paz.church\/belohorizonte\/wp-json\/wp\/v2\/users\/1"}],"replies":[{"embeddable":true,"href":"https:\/\/paz.church\/belohorizonte\/wp-json\/wp\/v2\/comments?post=11624"}],"version-history":[{"count":2,"href":"https:\/\/paz.church\/belohorizonte\/wp-json\/wp\/v2\/pages\/11624\/revisions"}],"predecessor-version":[{"id":11745,"href":"https:\/\/paz.church\/belohorizonte\/wp-json\/wp\/v2\/pages\/11624\/revisions\/11745"}],"wp:featuredmedia":[{"embeddable":true,"href":"https:\/\/paz.church\/belohorizonte\/wp-json\/wp\/v2\/media\/11744"}],"wp:attachment":[{"href":"https:\/\/paz.church\/belohorizonte\/wp-json\/wp\/v2\/media?parent=11624"}],"curies":[{"name":"wp","href":"https:\/\/api.w.org\/{rel}","templated":true}]}}