{"id":1249,"date":"2018-12-11T21:10:16","date_gmt":"2018-12-11T23:10:16","guid":{"rendered":"https:\/\/paz.church\/saopaulo\/?page_id=1249"},"modified":"2021-06-02T21:15:55","modified_gmt":"2021-06-03T00:15:55","slug":"time","status":"publish","type":"page","link":"https:\/\/paz.church\/belohorizonte\/time\/","title":{"rendered":"Nosso time"},"content":{"rendered":"<div id=\"pl-1249\"  class=\"panel-layout\" ><div id=\"pg-1249-0\"  class=\"panel-grid panel-has-style\" ><div class=\"siteorigin-panels-stretch panel-row-style panel-row-style-for-1249-0\" id=\"Team01\" data-stretch-type=\"full\" ><div id=\"pgc-1249-0-0\"  class=\"panel-grid-cell\" ><div id=\"colunas-widget\" class=\"panel-cell-style panel-cell-style-for-1249-0-0\" ><div id=\"panel-1249-0-0-0\" class=\"so-panel widget widget_sow-headline panel-first-child panel-last-child\" data-index=\"0\" ><div class=\"titulo panel-widget-style panel-widget-style-for-1249-0-0-0\" ><div\n\t\t\t\n\t\t\tclass=\"so-widget-sow-headline so-widget-sow-headline-default-781b3de0ede0-1249\"\n\t\t\t\n\t\t><div class=\"sow-headline-container \">\n\t\t\t\t\t\t\t<h3 class=\"sow-headline\">\n\t\t\t\t\t\tPastores Seniores\t\t\t\t\t\t<\/h3>\n\t\t\t\t\t\t<\/div>\n<\/div><\/div><\/div><\/div><\/div><\/div><\/div><div id=\"pg-1249-1\"  class=\"panel-grid panel-has-style\" ><div class=\"siteorigin-panels-stretch panel-row-style panel-row-style-for-1249-1\" id=\"team\" data-stretch-type=\"full\" ><div id=\"pgc-1249-1-0\"  class=\"panel-grid-cell\" ><div id=\"panel-1249-1-0-0\" class=\"so-panel widget widget_sow-image panel-first-child panel-last-child\" data-index=\"1\" ><div\n\t\t\t\n\t\t\tclass=\"so-widget-sow-image so-widget-sow-image-default-8b5b6f678277-1249\"\n\t\t\t\n\t\t>\n\n<div class=\"sow-image-container\">\n\t\t<img loading=\"lazy\" decoding=\"async\" src=\"https:\/\/paz.church\/belohorizonte\/wp-content\/uploads\/2021\/06\/pastores-e1622679342199-330x330.jpeg\" width=\"330\" height=\"330\" srcset=\"https:\/\/paz.church\/belohorizonte\/wp-content\/uploads\/2021\/06\/pastores-e1622679342199-330x330.jpeg 330w, https:\/\/paz.church\/belohorizonte\/wp-content\/uploads\/2021\/06\/pastores-e1622679342199-180x180.jpeg 180w, https:\/\/paz.church\/belohorizonte\/wp-content\/uploads\/2021\/06\/pastores-e1622679342199-426x426.jpeg 426w, https:\/\/paz.church\/belohorizonte\/wp-content\/uploads\/2021\/06\/pastores-e1622679342199-75x75.jpeg 75w\" sizes=\"auto, (max-width: 330px) 100vw, 330px\" title=\"pastores\" alt=\"\" \t\tclass=\"so-widget-image\"\/>\n\t<\/div>\n\n<\/div><\/div><\/div><div id=\"pgc-1249-1-1\"  class=\"panel-grid-cell\" ><div id=\"panel-1249-1-1-0\" class=\"so-panel widget widget_sow-editor panel-first-child\" data-index=\"2\" ><div\n\t\t\t\n\t\t\tclass=\"so-widget-sow-editor so-widget-sow-editor-base\"\n\t\t\t\n\t\t><h3 class=\"widget-title\">Rone &amp; Cassia Feij\u00e3o<\/h3>\n<div class=\"siteorigin-widget-tinymce textwidget\">\n\t<p>L\u00edderes da Base Regional da Paz Church Minas Gerais. Rone \u00e9 autor de v\u00e1rios livros. Ambos s\u00e3o apaixonados pelo avan\u00e7o do Reino de Deus e pela salva\u00e7\u00e3o de vidas.<\/p>\n<\/div>\n<\/div><\/div><div id=\"panel-1249-1-1-1\" class=\"so-panel widget widget_sow-social-media-buttons panel-last-child\" data-index=\"3\" ><div class=\"redessociais panel-widget-style panel-widget-style-for-1249-1-1-1\" ><div\n\t\t\t\n\t\t\tclass=\"so-widget-sow-social-media-buttons so-widget-sow-social-media-buttons-flat-5448da405e71-1249\"\n\t\t\t\n\t\t>\n\n<div class=\"social-media-button-container\">\n\t\n\t\t<a class=\"sow-social-media-button-instagram-0 sow-social-media-button\" title=\"Paz Church | Belo Horizonte em Instagram\" aria-label=\"Paz Church | Belo Horizonte em Instagram\" target=\"_blank\" rel=\"noopener noreferrer\" href=\"https:\/\/www.instagram.com\/ronefeijao\/\" >\n\t\t\t<span>\n\t\t\t\t\t\t\t\t<span class=\"sow-icon-fontawesome sow-fab\" data-sow-icon=\"&#xf16d;\"\n\t\t \n\t\taria-hidden=\"true\"><\/span>\t\t\t\t\t\t\t<\/span>\n\t\t<\/a>\n\t\n\t\t<a class=\"sow-social-media-button-instagram-1 sow-social-media-button\" title=\"Paz Church | Belo Horizonte em Instagram\" aria-label=\"Paz Church | Belo Horizonte em Instagram\" target=\"_blank\" rel=\"noopener noreferrer\" href=\"https:\/\/www.instagram.com\/cassiasfeijao\/\" >\n\t\t\t<span>\n\t\t\t\t\t\t\t\t<span class=\"sow-icon-fontawesome sow-fab\" data-sow-icon=\"&#xf16d;\"\n\t\t \n\t\taria-hidden=\"true\"><\/span>\t\t\t\t\t\t\t<\/span>\n\t\t<\/a>\n\t<\/div>\n<\/div><\/div><\/div><\/div><\/div><\/div><\/div>","protected":false},"excerpt":{"rendered":"<p>L\u00edderes da Base Regional da Paz Church Minas Gerais. Rone \u00e9 autor de v\u00e1rios livros. Ambos s\u00e3o apaixonados pelo avan\u00e7o do Reino de Deus e pela salva\u00e7\u00e3o de vidas.<\/p>\n","protected":false},"author":1,"featured_media":10017,"parent":0,"menu_order":0,"comment_status":"closed","ping_status":"closed","template":"","meta":{"footnotes":""},"class_list":["post-1249","page","type-page","status-publish","has-post-thumbnail","has-thumb"],"aioseo_notices":[],"_links":{"self":[{"href":"https:\/\/paz.church\/belohorizonte\/wp-json\/wp\/v2\/pages\/1249","targetHints":{"allow":["GET"]}}],"collection":[{"href":"https:\/\/paz.church\/belohorizonte\/wp-json\/wp\/v2\/pages"}],"about":[{"href":"https:\/\/paz.church\/belohorizonte\/wp-json\/wp\/v2\/types\/page"}],"author":[{"embeddable":true,"href":"https:\/\/paz.church\/belohorizonte\/wp-json\/wp\/v2\/users\/1"}],"replies":[{"embeddable":true,"href":"https:\/\/paz.church\/belohorizonte\/wp-json\/wp\/v2\/comments?post=1249"}],"version-history":[{"count":13,"href":"https:\/\/paz.church\/belohorizonte\/wp-json\/wp\/v2\/pages\/1249\/revisions"}],"predecessor-version":[{"id":11839,"href":"https:\/\/paz.church\/belohorizonte\/wp-json\/wp\/v2\/pages\/1249\/revisions\/11839"}],"wp:featuredmedia":[{"embeddable":true,"href":"https:\/\/paz.church\/belohorizonte\/wp-json\/"}],"wp:attachment":[{"href":"https:\/\/paz.church\/belohorizonte\/wp-json\/wp\/v2\/media?parent=1249"}],"curies":[{"name":"wp","href":"https:\/\/api.w.org\/{rel}","templated":true}]}}