{"id":9,"date":"2018-01-01T11:38:16","date_gmt":"2018-01-01T13:38:16","guid":{"rendered":"https:\/\/paz.church\/saopaulo\/?page_id=9"},"modified":"2023-05-07T18:48:52","modified_gmt":"2023-05-07T21:48:52","slug":"home","status":"publish","type":"page","link":"https:\/\/paz.church\/belohorizonte\/","title":{"rendered":"Home"},"content":{"rendered":"<div id=\"pl-9\"  class=\"panel-layout\" ><div id=\"pg-9-0\"  class=\"panel-grid panel-has-style\" ><div class=\"siteorigin-panels-stretch panel-row-style panel-row-style-for-9-0\" id=\"SliderFrente\" data-stretch-type=\"full-stretched\" ><div id=\"pgc-9-0-0\"  class=\"panel-grid-cell\" ><div id=\"panel-9-0-0-0\" class=\"so-panel widget widget_sow-slider panel-first-child panel-last-child\" data-index=\"0\" ><div\n\t\t\t\n\t\t\tclass=\"so-widget-sow-slider so-widget-sow-slider-default-6d39609536fd-9\"\n\t\t\t\n\t\t>\t\t\t\t<div class=\"sow-slider-base\" style=\"display: none\" tabindex=\"0\">\n\t\t\t\t\t<ul\n\t\t\t\t\tclass=\"sow-slider-images\"\n\t\t\t\t\tdata-settings=\"{&quot;pagination&quot;:true,&quot;speed&quot;:600,&quot;timeout&quot;:8000,&quot;paused&quot;:false,&quot;pause_on_hover&quot;:false,&quot;swipe&quot;:true,&quot;nav_always_show_desktop&quot;:&quot;&quot;,&quot;nav_always_show_mobile&quot;:&quot;&quot;,&quot;breakpoint&quot;:&quot;780px&quot;,&quot;unmute&quot;:false,&quot;anchor&quot;:null}\"\n\t\t\t\t\t\t\t\t\t\tdata-anchor-id=\"\"\n\t\t\t\t>\t\t<li class=\"sow-slider-image\" style=\"visibility: visible;;background-color: #000000;cursor: pointer;\" data-url=\"{&quot;url&quot;:&quot;https:\\\/\\\/paz.church\\\/belohorizonte\\\/&quot;,&quot;new_window&quot;:true}\" >\n\t\t\t\t\t\t\t\t\t\t<a href=\"https:\/\/paz.church\/belohorizonte\/\"\n\t\t\t\t\t\t\t\t\t\t\t\t\t\t\ttarget=\"_blank\" \t\t\t\t\t\t\t\t\t\t\t\t\t\t\t\t\t\t\t\trel=\"noopener noreferrer\" \t\t\t\t\t\t\t\t\t>\n\t\t\t<img loading=\"lazy\" decoding=\"async\" width=\"1920\" height=\"850\" src=\"https:\/\/paz.church\/belohorizonte\/wp-content\/uploads\/2020\/01\/Capa.jpg\" class=\"sow-slider-background-image\" alt=\"\" style=\"\" srcset=\"https:\/\/paz.church\/belohorizonte\/wp-content\/uploads\/2020\/01\/Capa.jpg 1920w, https:\/\/paz.church\/belohorizonte\/wp-content\/uploads\/2020\/01\/Capa-300x133.jpg 300w, https:\/\/paz.church\/belohorizonte\/wp-content\/uploads\/2020\/01\/Capa-1024x453.jpg 1024w, https:\/\/paz.church\/belohorizonte\/wp-content\/uploads\/2020\/01\/Capa-768x340.jpg 768w, https:\/\/paz.church\/belohorizonte\/wp-content\/uploads\/2020\/01\/Capa-1536x680.jpg 1536w\" sizes=\"auto, (max-width: 1920px) 100vw, 1920px\" \/><\/a>\t\t<\/li>\n\t\t\t\t<li class=\"sow-slider-image\" style=\"visibility: hidden;\" >\n\t\t\t\t\t\t<img loading=\"lazy\" decoding=\"async\" width=\"1536\" height=\"680\" src=\"https:\/\/paz.church\/belohorizonte\/wp-content\/uploads\/2021\/05\/Quem-Somos-1536x680-1.jpg\" class=\"sow-slider-background-image\" alt=\"\" style=\"\" srcset=\"https:\/\/paz.church\/belohorizonte\/wp-content\/uploads\/2021\/05\/Quem-Somos-1536x680-1.jpg 1536w, https:\/\/paz.church\/belohorizonte\/wp-content\/uploads\/2021\/05\/Quem-Somos-1536x680-1-300x133.jpg 300w, https:\/\/paz.church\/belohorizonte\/wp-content\/uploads\/2021\/05\/Quem-Somos-1536x680-1-1024x453.jpg 1024w, https:\/\/paz.church\/belohorizonte\/wp-content\/uploads\/2021\/05\/Quem-Somos-1536x680-1-768x340.jpg 768w\" sizes=\"auto, (max-width: 1536px) 100vw, 1536px\" \/>\t\t<\/li>\n\t\t<\/ul>\t\t\t\t<ol class=\"sow-slider-pagination\">\n\t\t\t\t\t\t\t\t\t\t\t<li><a href=\"#\" data-goto=\"0\" aria-label=\"display slide 1\"><\/a><\/li>\n\t\t\t\t\t\t\t\t\t\t\t<li><a href=\"#\" data-goto=\"1\" aria-label=\"display slide 2\"><\/a><\/li>\n\t\t\t\t\t\t\t\t\t<\/ol>\n\n\t\t\t\t<div class=\"sow-slide-nav sow-slide-nav-next\">\n\t\t\t\t\t<a href=\"#\" data-goto=\"next\" aria-label=\"next slide\" data-action=\"next\">\n\t\t\t\t\t\t<em class=\"sow-sld-icon-thin-right\"><\/em>\n\t\t\t\t\t<\/a>\n\t\t\t\t<\/div>\n\n\t\t\t\t<div class=\"sow-slide-nav sow-slide-nav-prev\">\n\t\t\t\t\t<a href=\"#\" data-goto=\"previous\" aria-label=\"previous slide\" data-action=\"prev\">\n\t\t\t\t\t\t<em class=\"sow-sld-icon-thin-left\"><\/em>\n\t\t\t\t\t<\/a>\n\t\t\t\t<\/div>\n\t\t\t\t<\/div><\/div><\/div><\/div><\/div><\/div><div id=\"pg-9-1\"  class=\"panel-grid panel-has-style\" ><div class=\"siteorigin-panels-stretch panel-row-style panel-row-style-for-9-1\" id=\"barra01A\" data-stretch-type=\"full\" ><div id=\"pgc-9-1-0\"  class=\"panel-grid-cell\" ><div class=\"panel-cell-style panel-cell-style-for-9-1-0\" ><div id=\"panel-9-1-0-0\" class=\"so-panel widget widget_sow-editor panel-first-child panel-last-child\" data-index=\"1\" ><div class=\"horarioscultos panel-widget-style panel-widget-style-for-9-1-0-0\" ><div\n\t\t\t\n\t\t\tclass=\"so-widget-sow-editor so-widget-sow-editor-base\"\n\t\t\t\n\t\t><h3 class=\"widget-title\">Aos Domingos<\/h3>\n<div class=\"siteorigin-widget-tinymce textwidget\">\n\t<p>Cultos Presenciais<\/p>\n<p><strong>10 horas<\/strong><\/p>\n<p><strong>18 horas<\/strong><\/p>\n<\/div>\n<\/div><\/div><\/div><\/div><\/div><div id=\"pgc-9-1-1\"  class=\"panel-grid-cell\" ><div class=\"panel-cell-style panel-cell-style-for-9-1-1\" ><div id=\"panel-9-1-1-0\" class=\"so-panel widget widget_events_maker_list_widget widget_events_maker_list panel-first-child panel-last-child\" data-index=\"2\" ><div class=\"panel-widget-style panel-widget-style-for-9-1-1-0\" ><h3 class=\"widget-title\">Pr\u00f3xima Reuni\u00e3o<\/h3><\/div><\/div><\/div><\/div><div id=\"pgc-9-1-2\"  class=\"panel-grid-cell\" ><div id=\"panel-9-1-2-0\" class=\"so-panel widget widget_sow-social-media-buttons panel-first-child panel-last-child\" data-index=\"3\" ><div class=\"panel-widget-style panel-widget-style-for-9-1-2-0\" ><div\n\t\t\t\n\t\t\tclass=\"so-widget-sow-social-media-buttons so-widget-sow-social-media-buttons-wire-5694f6caad3d-9\"\n\t\t\t\n\t\t>\n\n<div class=\"social-media-button-container\">\n\t\n\t\t<a class=\"sow-social-media-button-facebook-0 sow-social-media-button\" title=\"Paz Church | Belo Horizonte em Facebook\" aria-label=\"Paz Church | Belo Horizonte em Facebook\" target=\"_blank\" rel=\"noopener noreferrer\" href=\"https:\/\/www.facebook.com\/PazChurchBH\" >\n\t\t\t<span>\n\t\t\t\t\t\t\t\t<span class=\"sow-icon-fontawesome sow-fab\" data-sow-icon=\"&#xf39e;\"\n\t\t \n\t\taria-hidden=\"true\"><\/span>\t\t\t\t\t\t\t<\/span>\n\t\t<\/a>\n\t\n\t\t<a class=\"sow-social-media-button-instagram-0 sow-social-media-button\" title=\"Paz Church | Belo Horizonte em Instagram\" aria-label=\"Paz Church | Belo Horizonte em Instagram\" target=\"_blank\" rel=\"noopener noreferrer\" href=\"https:\/\/instagram.com\/PazChurchBH\" >\n\t\t\t<span>\n\t\t\t\t\t\t\t\t<span class=\"sow-icon-fontawesome sow-fab\" data-sow-icon=\"&#xf16d;\"\n\t\t \n\t\taria-hidden=\"true\"><\/span>\t\t\t\t\t\t\t<\/span>\n\t\t<\/a>\n\t\n\t\t<a class=\"sow-social-media-button-x-twitter-0 sow-social-media-button\" title=\"Paz Church | Belo Horizonte em X Twitter\" aria-label=\"Paz Church | Belo Horizonte em X Twitter\" target=\"_blank\" rel=\"noopener noreferrer\" href=\"https:\/\/twitter.com\/PazChurchBH\" >\n\t\t\t<span>\n\t\t\t\t\t\t\t\t<span class=\"sow-icon-fontawesome sow-fab\" data-sow-icon=\"&#xe61b;\"\n\t\t \n\t\taria-hidden=\"true\"><\/span>\t\t\t\t\t\t\t<\/span>\n\t\t<\/a>\n\t\n\t\t<a class=\"sow-social-media-button-youtube-0 sow-social-media-button\" title=\"Paz Church | Belo Horizonte em Youtube\" aria-label=\"Paz Church | Belo Horizonte em Youtube\" target=\"_blank\" rel=\"noopener noreferrer\" href=\"https:\/\/www.youtube.com\/PazChurchBeloHorizonte\" >\n\t\t\t<span>\n\t\t\t\t\t\t\t\t<span class=\"sow-icon-fontawesome sow-fab\" data-sow-icon=\"&#xf167;\"\n\t\t \n\t\taria-hidden=\"true\"><\/span>\t\t\t\t\t\t\t<\/span>\n\t\t<\/a>\n\t<\/div>\n<\/div><\/div><\/div><\/div><\/div><\/div><div id=\"pg-9-2\"  class=\"panel-grid panel-has-style\" ><div class=\"panel-row-style panel-row-style-for-9-2\" ><div id=\"pgc-9-2-0\"  class=\"panel-grid-cell\" ><div id=\"panel-9-2-0-0\" class=\"so-panel widget widget_sow-editor panel-first-child panel-last-child\" data-index=\"4\" ><div class=\"panel-widget-style panel-widget-style-for-9-2-0-0\" ><div\n\t\t\t\n\t\t\tclass=\"so-widget-sow-editor so-widget-sow-editor-base\"\n\t\t\t\n\t\t>\n<div class=\"siteorigin-widget-tinymce textwidget\">\n\t<p><strong>Nossos Cultos Presenciais acontecem aos Domingos, seguindo todos os protocolos sanit\u00e1rios estabelecidos pelas nossas autoridades.<\/strong><\/p>\n<\/div>\n<\/div><\/div><\/div><\/div><div id=\"pgc-9-2-1\"  class=\"panel-grid-cell\" ><div id=\"panel-9-2-1-0\" class=\"so-panel widget widget_sow-button panel-first-child panel-last-child\" data-index=\"5\" ><div id=\"botao2px\" class=\"panel-widget-style panel-widget-style-for-9-2-1-0\" ><div\n\t\t\t\n\t\t\tclass=\"so-widget-sow-button so-widget-sow-button-wire-f84f78d753b9-9\"\n\t\t\t\n\t\t><div class=\"ow-button-base ow-button-align-center\">\n\t\t\t<a\n\t\t\t\t\thref=\"https:\/\/paz.church\/belohorizonte\/presenciais\/\"\n\t\t\t\t\tclass=\"sowb-button ow-icon-placement-left\" \t>\n\t\t<span>\n\t\t\t\n\t\t\tSAIBA MAIS\t\t<\/span>\n\t\t\t<\/a>\n\t<\/div>\n<\/div><\/div><\/div><\/div><\/div><\/div><div id=\"pg-9-3\"  class=\"panel-grid panel-has-style\" ><div class=\"siteorigin-panels-stretch panel-row-style panel-row-style-for-9-3\" id=\"palavra_recente\" data-stretch-type=\"full\" ><div id=\"pgc-9-3-0\"  class=\"panel-grid-cell\" ><div id=\"panel-9-3-0-0\" class=\"so-panel widget widget_siteorigin-panels-postloop panel-first-child panel-last-child\" data-index=\"6\" ><div class=\"panel-widget-style panel-widget-style-for-9-3-0-0\" >\n<div ID=\"sermon-divi\">\n\n\n\t<div ID=\"sermon-imagem\"><a href=\"https:\/\/paz.church\/belohorizonte\/ministracoes\/11956\/\" title=\"\"><\/a><\/div>\n\t\n\t<div class=\"sermon-dados\">\n\t<p><span class=\"p_recente\">PALAVRA RECENTE<\/span><br>\n\t<br>\t\n\t<span class=\"p_meta\"><a href=\"https:\/\/paz.church\/belohorizonte\/ministracoes\/categoria\/cultos\/\" rel=\"tag\">Cultos<\/a><\/span>\n\t<\/p>\n\t<\/div>\n\t\t\n<\/div><\/div><\/div><\/div><\/div><\/div><div id=\"pg-9-4\"  class=\"panel-grid panel-has-style\" ><div class=\"siteorigin-panels-stretch panel-row-style panel-row-style-for-9-4\" id=\"mini-destaques\" data-stretch-type=\"full\" ><div id=\"pgc-9-4-0\"  class=\"panel-grid-cell\" ><div class=\"panel-cell-style panel-cell-style-for-9-4-0\" ><div id=\"panel-9-4-0-0\" class=\"so-panel widget widget_siteorigin-panels-builder panel-first-child panel-last-child\" data-index=\"7\" ><div class=\"panel-widget-style panel-widget-style-for-9-4-0-0\" ><div id=\"pl-w60b683da79ca4\"  class=\"panel-layout\" ><div id=\"pg-w60b683da79ca4-0\"  class=\"panel-grid panel-no-style\" ><div id=\"pgc-w60b683da79ca4-0-0\"  class=\"panel-grid-cell\" ><div id=\"panel-w60b683da79ca4-0-0-0\" class=\"so-panel widget widget_sow-icon panel-first-child panel-last-child\" data-index=\"0\" ><div\n\t\t\t\n\t\t\tclass=\"so-widget-sow-icon so-widget-sow-icon-default-4fb49ee586cc\"\n\t\t\t\n\t\t>\n<div class=\"sow-icon-container sow-icon\">\n\t\t\t<a href=\"https:\/\/paz.church\/belohorizonte\/jesus\/\" >\n\t\t\t<span class=\"sow-icon-fontawesome sow-fas\" data-sow-icon=\"&#xf647;\"\n\t\t \n\t\taria-hidden=\"true\"><\/span>\t\t\t<\/a>\n\t<\/div>\n<\/div><\/div><\/div><div id=\"pgc-w60b683da79ca4-0-1\"  class=\"panel-grid-cell\" ><div id=\"panel-w60b683da79ca4-0-1-0\" class=\"so-panel widget widget_sow-headline panel-first-child panel-last-child\" data-index=\"1\" ><div\n\t\t\t\n\t\t\tclass=\"so-widget-sow-headline so-widget-sow-headline-default-2414392f2d2f\"\n\t\t\t\n\t\t><div class=\"sow-headline-container \">\n\t\t\t\t\t\t\t<p class=\"sow-headline\">\n\t\t\t\t\t\t\t\t\t\t\t\t\t<a href=\"https:\/\/paz.church\/belohorizonte\/jesus\/\" >\n\t\t\t\t\t\t\t\tDecis\u00e3o por Jesus<\/a>\t\t\t\t\t\t<\/p>\n\t\t\t\t\t\t<\/div>\n<\/div><\/div><\/div><\/div><\/div><\/div><\/div><\/div><\/div><div id=\"pgc-9-4-1\"  class=\"panel-grid-cell\" ><div class=\"panel-cell-style panel-cell-style-for-9-4-1\" ><div id=\"panel-9-4-1-0\" class=\"so-panel widget widget_siteorigin-panels-builder panel-first-child panel-last-child\" data-index=\"8\" ><div class=\"panel-widget-style panel-widget-style-for-9-4-1-0\" ><div id=\"pl-w60b683da7a449\"  class=\"panel-layout\" ><div id=\"pg-w60b683da7a449-0\"  class=\"panel-grid panel-no-style\" ><div id=\"pgc-w60b683da7a449-0-0\"  class=\"panel-grid-cell\" ><div id=\"panel-w60b683da7a449-0-0-0\" class=\"so-panel widget widget_sow-icon panel-first-child panel-last-child\" data-index=\"0\" ><div\n\t\t\t\n\t\t\tclass=\"so-widget-sow-icon so-widget-sow-icon-default-4fb49ee586cc\"\n\t\t\t\n\t\t>\n<div class=\"sow-icon-container sow-icon\">\n\t\t\t<a href=\"https:\/\/paz.church\/belohorizonte\/oracao\/\" >\n\t\t\t<span class=\"sow-icon-fontawesome sow-fas\" data-sow-icon=\"&#xf684;\"\n\t\t \n\t\taria-hidden=\"true\"><\/span>\t\t\t<\/a>\n\t<\/div>\n<\/div><\/div><\/div><div id=\"pgc-w60b683da7a449-0-1\"  class=\"panel-grid-cell\" ><div id=\"panel-w60b683da7a449-0-1-0\" class=\"so-panel widget widget_sow-headline panel-first-child panel-last-child\" data-index=\"1\" ><div\n\t\t\t\n\t\t\tclass=\"so-widget-sow-headline so-widget-sow-headline-default-2414392f2d2f\"\n\t\t\t\n\t\t><div class=\"sow-headline-container \">\n\t\t\t\t\t\t\t<p class=\"sow-headline\">\n\t\t\t\t\t\t\t\t\t\t\t\t\t<a href=\"https:\/\/paz.church\/belohorizonte\/oracao\/\" >\n\t\t\t\t\t\t\t\tPreciso de ora\u00e7\u00e3o<\/a>\t\t\t\t\t\t<\/p>\n\t\t\t\t\t\t<\/div>\n<\/div><\/div><\/div><\/div><\/div><\/div><\/div><\/div><\/div><div id=\"pgc-9-4-2\"  class=\"panel-grid-cell\" ><div class=\"panel-cell-style panel-cell-style-for-9-4-2\" ><div id=\"panel-9-4-2-0\" class=\"so-panel widget widget_siteorigin-panels-builder panel-first-child panel-last-child\" data-index=\"9\" ><div class=\"panel-widget-style panel-widget-style-for-9-4-2-0\" ><div id=\"pl-w60b683da7aaf9\"  class=\"panel-layout\" ><div id=\"pg-w60b683da7aaf9-0\"  class=\"panel-grid panel-no-style\" ><div id=\"pgc-w60b683da7aaf9-0-0\"  class=\"panel-grid-cell\" ><div id=\"panel-w60b683da7aaf9-0-0-0\" class=\"so-panel widget widget_sow-icon panel-first-child panel-last-child\" data-index=\"0\" ><div\n\t\t\t\n\t\t\tclass=\"so-widget-sow-icon so-widget-sow-icon-default-4fb49ee586cc\"\n\t\t\t\n\t\t>\n<div class=\"sow-icon-container sow-icon\">\n\t\t\t<a href=\"https:\/\/paz.church\/belohorizonte\/contribua\/\" >\n\t\t\t<span class=\"sow-icon-fontawesome sow-fas\" data-sow-icon=\"&#xf4b9;\"\n\t\t \n\t\taria-hidden=\"true\"><\/span>\t\t\t<\/a>\n\t<\/div>\n<\/div><\/div><\/div><div id=\"pgc-w60b683da7aaf9-0-1\"  class=\"panel-grid-cell\" ><div id=\"panel-w60b683da7aaf9-0-1-0\" class=\"so-panel widget widget_sow-headline panel-first-child panel-last-child\" data-index=\"1\" ><div\n\t\t\t\n\t\t\tclass=\"so-widget-sow-headline so-widget-sow-headline-default-2414392f2d2f\"\n\t\t\t\n\t\t><div class=\"sow-headline-container \">\n\t\t\t\t\t\t\t<p class=\"sow-headline\">\n\t\t\t\t\t\t\t\t\t\t\t\t\t<a href=\"https:\/\/paz.church\/belohorizonte\/contribua\/\" >\n\t\t\t\t\t\t\t\tQuero contribuir<\/a>\t\t\t\t\t\t<\/p>\n\t\t\t\t\t\t<\/div>\n<\/div><\/div><\/div><\/div><\/div><\/div><\/div><\/div><\/div><div id=\"pgc-9-4-3\"  class=\"panel-grid-cell\" ><div id=\"panel-9-4-3-0\" class=\"so-panel widget widget_siteorigin-panels-builder panel-first-child panel-last-child\" data-index=\"10\" ><div class=\"panel-widget-style panel-widget-style-for-9-4-3-0\" ><div id=\"pl-w60b683da7b186\"  class=\"panel-layout\" ><div id=\"pg-w60b683da7b186-0\"  class=\"panel-grid panel-no-style\" ><div id=\"pgc-w60b683da7b186-0-0\"  class=\"panel-grid-cell\" ><div id=\"panel-w60b683da7b186-0-0-0\" class=\"so-panel widget widget_sow-icon panel-first-child panel-last-child\" data-index=\"0\" ><div\n\t\t\t\n\t\t\tclass=\"so-widget-sow-icon so-widget-sow-icon-default-4fb49ee586cc\"\n\t\t\t\n\t\t>\n<div class=\"sow-icon-container sow-icon\">\n\t\t\t<a href=\"https:\/\/paz.church\/belohorizonte\/lifegroups\/\" >\n\t\t\t<span class=\"sow-icon-fontawesome sow-fas\" data-sow-icon=\"&#xf015;\"\n\t\t \n\t\taria-hidden=\"true\"><\/span>\t\t\t<\/a>\n\t<\/div>\n<\/div><\/div><\/div><div id=\"pgc-w60b683da7b186-0-1\"  class=\"panel-grid-cell\" ><div id=\"panel-w60b683da7b186-0-1-0\" class=\"so-panel widget widget_sow-headline panel-first-child panel-last-child\" data-index=\"1\" ><div\n\t\t\t\n\t\t\tclass=\"so-widget-sow-headline so-widget-sow-headline-default-2414392f2d2f\"\n\t\t\t\n\t\t><div class=\"sow-headline-container \">\n\t\t\t\t\t\t\t<p class=\"sow-headline\">\n\t\t\t\t\t\t\t\t\t\t\t\t\t<a href=\"https:\/\/paz.church\/belohorizonte\/lifegroups\/\" >\n\t\t\t\t\t\t\t\tQuero Life Group<\/a>\t\t\t\t\t\t<\/p>\n\t\t\t\t\t\t<\/div>\n<\/div><\/div><\/div><\/div><\/div><\/div><\/div><\/div><\/div><\/div><div id=\"pg-9-5\"  class=\"panel-grid panel-has-style\" ><div class=\"siteorigin-panels-stretch panel-row-style panel-row-style-for-9-5\" id=\"barra02\" data-stretch-type=\"full\" ><div id=\"pgc-9-5-0\"  class=\"panel-grid-cell\" ><div id=\"colunas-widget\" class=\"panel-cell-style panel-cell-style-for-9-5-0\" ><div id=\"panel-9-5-0-0\" class=\"so-panel widget widget_sow-icon panel-first-child\" data-index=\"11\" ><div\n\t\t\t\n\t\t\tclass=\"so-widget-sow-icon so-widget-sow-icon-default-da81d5172c9d-11956\"\n\t\t\t\n\t\t>\n<div class=\"sow-icon-container sow-icon\">\n\t\t\t<a href=\"https:\/\/paz.church\/belohorizonte\/agenda\/\" >\n\t\t\t<span class=\"sow-icon-elegantline\" data-sow-icon=\"&#xe00d;\"\n\t\t \n\t\taria-hidden=\"true\"><\/span>\t\t\t<\/a>\n\t<\/div>\n<\/div><\/div><div id=\"panel-9-5-0-1\" class=\"so-panel widget widget_sow-headline\" data-index=\"12\" ><div class=\"titulo panel-widget-style panel-widget-style-for-9-5-0-1\" ><div\n\t\t\t\n\t\t\tclass=\"so-widget-sow-headline so-widget-sow-headline-default-809c6ba63723-11956\"\n\t\t\t\n\t\t><div class=\"sow-headline-container \">\n\t\t\t\t\t\t\t<h3 class=\"sow-headline\">\n\t\t\t\t\t\t\t\t\t\t\t\t\t<a href=\"https:\/\/paz.church\/belohorizonte\/agenda\/\" >\n\t\t\t\t\t\t\t\tPr\u00f3ximo evento<\/a>\t\t\t\t\t\t<\/h3>\n\t\t\t\t\t\t<\/div>\n<\/div><\/div><\/div><div id=\"panel-9-5-0-2\" class=\"so-panel widget widget_events_maker_list_widget widget_events_maker_list panel-last-child\" data-index=\"13\" ><div class=\"panel-widget-style panel-widget-style-for-9-5-0-2\" ><h3 class=\"widget-title\"><\/h3><\/div><\/div><\/div><\/div><div id=\"pgc-9-5-1\"  class=\"panel-grid-cell\" ><div id=\"colunas-widget\" class=\"panel-cell-style panel-cell-style-for-9-5-1\" ><div id=\"panel-9-5-1-0\" class=\"so-panel widget widget_sow-icon panel-first-child\" data-index=\"14\" ><div\n\t\t\t\n\t\t\tclass=\"so-widget-sow-icon so-widget-sow-icon-default-da81d5172c9d-11956\"\n\t\t\t\n\t\t>\n<div class=\"sow-icon-container sow-icon\">\n\t\t\t<a href=\"https:\/\/paz.church\/belohorizonte\/ministracoes\/service-type\/lideranca\/\" >\n\t\t\t<span class=\"sow-icon-elegantline\" data-sow-icon=\"&#xe023;\"\n\t\t \n\t\taria-hidden=\"true\"><\/span>\t\t\t<\/a>\n\t<\/div>\n<\/div><\/div><div id=\"panel-9-5-1-1\" class=\"so-panel widget widget_sow-headline\" data-index=\"15\" ><div class=\"titulo panel-widget-style panel-widget-style-for-9-5-1-1\" ><div\n\t\t\t\n\t\t\tclass=\"so-widget-sow-headline so-widget-sow-headline-default-809c6ba63723-11956\"\n\t\t\t\n\t\t><div class=\"sow-headline-container \">\n\t\t\t\t\t\t\t<h3 class=\"sow-headline\">\n\t\t\t\t\t\t\t\t\t\t\t\t\t<a href=\"https:\/\/paz.church\/belohorizonte\/ministracoes\/service-type\/lideranca\/\" >\n\t\t\t\t\t\t\t\tLideran\u00e7a<\/a>\t\t\t\t\t\t<\/h3>\n\t\t\t\t\t\t<\/div>\n<\/div><\/div><\/div><div id=\"panel-9-5-1-2\" class=\"so-panel widget widget_siteorigin-panels-postloop panel-last-child\" data-index=\"16\" ><div class=\"panel-widget-style panel-widget-style-for-9-5-1-2\" >\r\n<div>\r\n<span class=\"tempo\">11 de agosto de 2021<\/span>\r\n<div class=\"event-link\"><a href=\"https:\/\/paz.church\/belohorizonte\/ministracoes\/treinamento-pr-rone-feijao\/\" rel=\"bookmark\" class=\"event-title\">Treinamento | Pr. Rone Feij\u00e3o<\/a><\/div>\r\n<\/div><\/div><\/div><\/div><\/div><\/div><\/div><div id=\"pg-9-6\"  class=\"panel-grid panel-has-style\" ><div class=\"siteorigin-panels-stretch panel-row-style panel-row-style-for-9-6\" id=\"barrahora\" data-stretch-type=\"full\" ><div id=\"pgc-9-6-0\"  class=\"panel-grid-cell\" ><div id=\"panel-9-6-0-0\" class=\"so-panel widget widget_sow-icon panel-first-child\" data-index=\"17\" ><div\n\t\t\t\n\t\t\tclass=\"so-widget-sow-icon so-widget-sow-icon-default-da81d5172c9d-11912\"\n\t\t\t\n\t\t>\n<div class=\"sow-icon-container sow-icon\">\n\t\t\t<a href=\"https:\/\/paz.church\/belohorizonte\/agenda\/\" >\n\t\t\t<span class=\"sow-icon-elegantline\" data-sow-icon=\"&#xe055;\"\n\t\t \n\t\taria-hidden=\"true\"><\/span>\t\t\t<\/a>\n\t<\/div>\n<\/div><\/div><div id=\"panel-9-6-0-1\" class=\"so-panel widget widget_sow-headline\" data-index=\"18\" ><div class=\"panel-widget-style panel-widget-style-for-9-6-0-1\" ><div\n\t\t\t\n\t\t\tclass=\"so-widget-sow-headline so-widget-sow-headline-default-996a8c341783-11912\"\n\t\t\t\n\t\t><div class=\"sow-headline-container \">\n\t\t\t\t\t\t\t<h2 class=\"sow-headline\">\n\t\t\t\t\t\t\t\t\t\t\t\t\t<a href=\"https:\/\/paz.church\/belohorizonte\/agenda\/\" >\n\t\t\t\t\t\t\t\tNossos Hor\u00e1rios<\/a>\t\t\t\t\t\t<\/h2>\n\t\t\t\t\t\t\t\t\t\t\t\t<p class=\"sow-sub-headline\">\n\t\t\t\t\t\tVoc\u00ea e sua fam\u00edlia s\u00e3o nossos convidados especiais!\t\t\t\t\t\t<\/p>\n\t\t\t\t\t\t<\/div>\n<\/div><\/div><\/div><div id=\"panel-9-6-0-2\" class=\"so-panel widget widget_siteorigin-panels-builder\" data-index=\"19\" ><div id=\"pl-w64581cc49ce2d\"  class=\"panel-layout\" ><div id=\"pg-w64581cc49ce2d-0\"  class=\"panel-grid panel-no-style\" ><div id=\"pgc-w64581cc49ce2d-0-0\"  class=\"panel-grid-cell\" ><div class=\"panel-cell-style panel-cell-style-for-w64581cc49ce2d-0-0\" ><div id=\"panel-w64581cc49ce2d-0-0-0\" class=\"so-panel widget widget_sow-editor panel-first-child panel-last-child\" data-index=\"0\" ><div\n\t\t\t\n\t\t\tclass=\"so-widget-sow-editor so-widget-sow-editor-base\"\n\t\t\t\n\t\t>\n<div class=\"siteorigin-widget-tinymce textwidget\">\n\t<p style=\"text-align: right;\"><strong>Cultos Presenciais<br \/>\n<\/strong>Domingo:<br \/>\n10 &amp; 18 horas<\/p>\n<p style=\"text-align: right;\"><strong>TADEL | Treinamento<\/strong><br \/>\nTer\u00e7a: 20 horas<\/p>\n<\/div>\n<\/div><\/div><\/div><\/div><div id=\"pgc-w64581cc49ce2d-0-1\"  class=\"panel-grid-cell\" ><div id=\"panel-w64581cc49ce2d-0-1-0\" class=\"so-panel widget widget_sow-editor panel-first-child panel-last-child\" data-index=\"1\" ><div\n\t\t\t\n\t\t\tclass=\"so-widget-sow-editor so-widget-sow-editor-base\"\n\t\t\t\n\t\t>\n<div class=\"siteorigin-widget-tinymce textwidget\">\n\t<p><strong>Campus Belo Horizonte<br \/>\n<\/strong>Rua Alberto Cintra, 160<br \/>\nBairro: Uni\u00e3o<br \/>\nCEP 31160-370 | Belo Horizonte-MG<\/p>\n<\/div>\n<\/div><\/div><\/div><\/div><\/div><\/div><div id=\"panel-9-6-0-3\" class=\"so-panel widget widget_sow-button panel-last-child\" data-index=\"20\" ><div id=\"botao2px\" class=\"panel-widget-style panel-widget-style-for-9-6-0-3\" ><div\n\t\t\t\n\t\t\tclass=\"so-widget-sow-button so-widget-sow-button-wire-b3833fc438b7-11912\"\n\t\t\t\n\t\t><div class=\"ow-button-base ow-button-align-center\">\n\t\t\t<a\n\t\t\t\t\thref=\"https:\/\/paz.church\/belohorizonte\/agenda\"\n\t\t\t\t\tclass=\"sowb-button ow-icon-placement-left\" \t>\n\t\t<span>\n\t\t\t\n\t\t\tAGENDA COMPLETA\t\t<\/span>\n\t\t\t<\/a>\n\t<\/div>\n<\/div><\/div><\/div><\/div><\/div><\/div><\/div>","protected":false},"excerpt":{"rendered":"<p>Aos Domingos Cultos Presenciais 10 horas 18 horas Nossos Cultos Presenciais acontecem aos Domingos, seguindo todos os protocolos sanit\u00e1rios estabelecidos pelas nossas autoridades. Cultos Presenciais Domingo: 10 &amp; 18 horas TADEL | Treinamento Ter\u00e7a: 20 horas Campus Belo Horizonte Rua Alberto Cintra, 160 Bairro: Uni\u00e3o CEP 31160-370 | Belo Horizonte-MG<\/p>\n","protected":false},"author":1,"featured_media":0,"parent":0,"menu_order":0,"comment_status":"closed","ping_status":"closed","template":"","meta":{"footnotes":""},"class_list":["post-9","page","type-page","status-publish","has-thumb"],"aioseo_notices":[],"_links":{"self":[{"href":"https:\/\/paz.church\/belohorizonte\/wp-json\/wp\/v2\/pages\/9","targetHints":{"allow":["GET"]}}],"collection":[{"href":"https:\/\/paz.church\/belohorizonte\/wp-json\/wp\/v2\/pages"}],"about":[{"href":"https:\/\/paz.church\/belohorizonte\/wp-json\/wp\/v2\/types\/page"}],"author":[{"embeddable":true,"href":"https:\/\/paz.church\/belohorizonte\/wp-json\/wp\/v2\/users\/1"}],"replies":[{"embeddable":true,"href":"https:\/\/paz.church\/belohorizonte\/wp-json\/wp\/v2\/comments?post=9"}],"version-history":[{"count":114,"href":"https:\/\/paz.church\/belohorizonte\/wp-json\/wp\/v2\/pages\/9\/revisions"}],"predecessor-version":[{"id":12115,"href":"https:\/\/paz.church\/belohorizonte\/wp-json\/wp\/v2\/pages\/9\/revisions\/12115"}],"wp:attachment":[{"href":"https:\/\/paz.church\/belohorizonte\/wp-json\/wp\/v2\/media?parent=9"}],"curies":[{"name":"wp","href":"https:\/\/api.w.org\/{rel}","templated":true}]}}