{"id":5908,"date":"2017-01-01T22:12:06","date_gmt":"2017-01-02T00:12:06","guid":{"rendered":"https:\/\/paz.church\/saopaulo\/?page_id=5908"},"modified":"2023-04-05T15:09:02","modified_gmt":"2023-04-05T18:09:02","slug":"novo","status":"publish","type":"page","link":"https:\/\/paz.church\/campinas\/novo\/","title":{"rendered":"Registro de Novo Nascimento | Conselheiros"},"content":{"rendered":"<div id=\"pl-5908\"  class=\"panel-layout\" ><div id=\"pg-5908-0\"  class=\"panel-grid panel-no-style\" ><div id=\"pgc-5908-0-0\"  class=\"panel-grid-cell\" ><div id=\"panel-5908-0-0-0\" class=\"so-panel widget widget_sow-editor panel-first-child\" data-index=\"0\" ><div class=\"bordas panel-widget-style panel-widget-style-for-5908-0-0-0\" ><div\n\t\t\t\n\t\t\tclass=\"so-widget-sow-editor so-widget-sow-editor-base\"\n\t\t\t\n\t\t><h3 class=\"widget-title\">PARA USO DO CONSELHEIRO<\/h3>\n<div class=\"siteorigin-widget-tinymce textwidget\">\n\t<p>Este formul\u00e1rio \u00e9 exclusivo para registrar as decis\u00f5es feitas em nossos <strong>cultos presenciais atrav\u00e9s do conselheiro.<\/strong><\/p>\n<p>Preencha corretamente com os dados do novo convertido o formul\u00e1rio abaixo. <strong>Ap\u00f3s enviar<\/strong>, tire um tempo de ora\u00e7\u00e3o com ele.<\/p>\n<\/div>\n<\/div><\/div><\/div><div id=\"panel-5908-0-0-1\" class=\"so-panel widget widget_sow-editor panel-last-child\" data-index=\"1\" ><div id=\"frm\" class=\"panel-widget-style panel-widget-style-for-5908-0-0-1\" ><div\n\t\t\t\n\t\t\tclass=\"so-widget-sow-editor so-widget-sow-editor-base\"\n\t\t\t\n\t\t>\n<div class=\"siteorigin-widget-tinymce textwidget\">\n\t\n<div class=\"wpcf7 no-js\" id=\"wpcf7-f5915-o1\" lang=\"pt-BR\" dir=\"ltr\" data-wpcf7-id=\"5915\">\n<div class=\"screen-reader-response\"><p role=\"status\" aria-live=\"polite\" aria-atomic=\"true\"><\/p> <ul><\/ul><\/div>\n<form action=\"\/campinas\/wp-json\/wp\/v2\/pages\/5908#wpcf7-f5915-o1\" method=\"post\" class=\"wpcf7-form init\" aria-label=\"Formul\u00e1rios de contato\" novalidate=\"novalidate\" data-status=\"init\">\n<div style=\"display: none;\">\n<input type=\"hidden\" name=\"_wpcf7\" value=\"5915\" \/>\n<input type=\"hidden\" name=\"_wpcf7_version\" value=\"6.0\" \/>\n<input type=\"hidden\" name=\"_wpcf7_locale\" value=\"pt_BR\" \/>\n<input type=\"hidden\" name=\"_wpcf7_unit_tag\" value=\"wpcf7-f5915-o1\" \/>\n<input type=\"hidden\" name=\"_wpcf7_container_post\" value=\"0\" \/>\n<input type=\"hidden\" name=\"_wpcf7_posted_data_hash\" value=\"\" \/>\n<input type=\"hidden\" name=\"_wpcf7_recaptcha_response\" value=\"\" \/>\n<\/div>\n<div class=\"campo-esq\">\n\t<p>Nome e sobrenome*\n\t<\/p>\n\t<p><span class=\"wpcf7-form-control-wrap\" data-name=\"your-name\"><input size=\"40\" maxlength=\"400\" class=\"wpcf7-form-control wpcf7-text wpcf7-validates-as-required\" aria-required=\"true\" aria-invalid=\"false\" value=\"\" type=\"text\" name=\"your-name\" \/><\/span>\n\t<\/p>\n<\/div>\n<div class=\"campo-dir\">\n\t<p>Decis\u00e3o por Jesus*\n\t<\/p>\n\t<p><span class=\"wpcf7-form-control-wrap\" data-name=\"menu-20\"><select class=\"wpcf7-form-control wpcf7-select wpcf7-validates-as-required\" aria-required=\"true\" aria-invalid=\"false\" name=\"menu-20\"><option value=\"\">&#8212;Escolha uma op\u00e7\u00e3o&#8212;<\/option><option value=\"1\u00aa Vez\">1\u00aa Vez<\/option><option value=\"Reconcilia\u00e7\u00e3o\">Reconcilia\u00e7\u00e3o<\/option><\/select><\/span>\n\t<\/p>\n<\/div>\n<div class=\"clear\">\n<\/div>\n<div class=\"campo-esq\">\n\t<p>Como conheceu a Paz Church?*\n\t<\/p>\n\t<p><span class=\"wpcf7-form-control-wrap\" data-name=\"menu-21\"><select class=\"wpcf7-form-control wpcf7-select wpcf7-validates-as-required\" aria-required=\"true\" aria-invalid=\"false\" name=\"menu-21\"><option value=\"\">&#8212;Escolha uma op\u00e7\u00e3o&#8212;<\/option><option value=\"Convite de amigo\">Convite de amigo<\/option><option value=\"Convite de parente\">Convite de parente<\/option><option value=\"Redes Sociais\">Redes Sociais<\/option><option value=\"Site da Igreja\">Site da Igreja<\/option><option value=\"Outra\">Outra<\/option><\/select><\/span>\n\t<\/p>\n<\/div>\n<div class=\"campo-30\">\n\t<p>\n\t\t<font class=\"font-reduzida\">Sexo*\n\t\t<\/font>\n\t<\/p>\n\t<p><span class=\"wpcf7-form-control-wrap\" data-name=\"menu-22\"><select class=\"wpcf7-form-control wpcf7-select wpcf7-validates-as-required\" aria-required=\"true\" aria-invalid=\"false\" name=\"menu-22\"><option value=\"\">&#8212;Escolha uma op\u00e7\u00e3o&#8212;<\/option><option value=\"Masculino\">Masculino<\/option><option value=\"Feminino\">Feminino<\/option><\/select><\/span>\n\t<\/p>\n<\/div>\n<div class=\"campo-30b\">\n\t<p>\n\t\t<font class=\"font-reduzida\">Idade*\n\t\t<\/font>\n\t<\/p>\n\t<p><span class=\"wpcf7-form-control-wrap\" data-name=\"your-idade\"><input size=\"15\" maxlength=\"15\" class=\"wpcf7-form-control wpcf7-text wpcf7-validates-as-required\" aria-required=\"true\" aria-invalid=\"false\" value=\"\" type=\"text\" name=\"your-idade\" \/><\/span>\n\t<\/p>\n<\/div>\n<div class=\"campo-30b\">\n\t<p>\n\t\t<font class=\"font-reduzida\">Est. Civil*\n\t\t<\/font>\n\t<\/p>\n\t<p><span class=\"wpcf7-form-control-wrap\" data-name=\"menu-23\"><select class=\"wpcf7-form-control wpcf7-select wpcf7-validates-as-required\" aria-required=\"true\" aria-invalid=\"false\" name=\"menu-23\"><option value=\"\">&#8212;Escolha uma op\u00e7\u00e3o&#8212;<\/option><option value=\"Solteiro(a)\">Solteiro(a)<\/option><option value=\"Casado(a)\">Casado(a)<\/option><option value=\"Vi\u00favo(a)\">Vi\u00favo(a)<\/option><option value=\"Outro\">Outro<\/option><\/select><\/span>\n\t<\/p>\n<\/div>\n<div class=\"clear\">\n<\/div>\n<div class=\"campo-25\">\n\t<p>\n\t\t<font class=\"font-reduzida\">Filhos (de 2-11)?\n\t\t<\/font><br \/>\n<span class=\"wpcf7-form-control-wrap\" data-name=\"menu-24\"><select class=\"wpcf7-form-control wpcf7-select\" aria-invalid=\"false\" name=\"menu-24\"><option value=\"\">&#8212;Escolha uma op\u00e7\u00e3o&#8212;<\/option><option value=\"Sim\">Sim<\/option><option value=\"N\u00e3o\">N\u00e3o<\/option><\/select><\/span>\n\t<\/p>\n<\/div>\n<div class=\"campo-25\">\n\t<p>\n\t\t<font class=\"font-reduzida\">Fone\/WhatsApp\n\t\t<\/font><br \/>\n<span class=\"wpcf7-form-control-wrap\" data-name=\"your-celular\"><input size=\"20\" maxlength=\"20\" class=\"wpcf7-form-control wpcf7-text wpcf7-validates-as-required\" aria-required=\"true\" aria-invalid=\"false\" placeholder=\"(xx) xxxxxxxxx\" value=\"\" type=\"text\" name=\"your-celular\" \/><\/span>\n\t<\/p>\n<\/div>\n<div class=\"campo-dir\">\n\t<p>Email\n\t<\/p>\n\t<p><span class=\"wpcf7-form-control-wrap\" data-name=\"your-email\"><input size=\"40\" maxlength=\"400\" class=\"wpcf7-form-control wpcf7-email wpcf7-validates-as-required wpcf7-text wpcf7-validates-as-email\" aria-required=\"true\" aria-invalid=\"false\" value=\"\" type=\"email\" name=\"your-email\" \/><\/span>\n\t<\/p>\n<\/div>\n<div class=\"clear\">\n<\/div>\n<div class=\"campo-esq\">\n\t<p>Endere\u00e7o*\n\t<\/p>\n\t<p><span class=\"wpcf7-form-control-wrap\" data-name=\"your-endereco\"><input size=\"40\" maxlength=\"400\" class=\"wpcf7-form-control wpcf7-text wpcf7-validates-as-required\" aria-required=\"true\" aria-invalid=\"false\" value=\"\" type=\"text\" name=\"your-endereco\" \/><\/span>\n\t<\/p>\n<\/div>\n<div class=\"campo-dir\">\n\t<p>Bairro*\n\t<\/p>\n\t<p><span class=\"wpcf7-form-control-wrap\" data-name=\"your-bairro\"><input size=\"40\" maxlength=\"400\" class=\"wpcf7-form-control wpcf7-text wpcf7-validates-as-required\" aria-required=\"true\" aria-invalid=\"false\" value=\"\" type=\"text\" name=\"your-bairro\" \/><\/span>\n\t<\/p>\n<\/div>\n<div class=\"clear\">\n<\/div>\n<div class=\"campo-esq\">\n\t<p>J\u00e1 est\u00e1 em um Life Group?*\n\t<\/p>\n\t<p><span class=\"wpcf7-form-control-wrap\" data-name=\"menu-25\"><select class=\"wpcf7-form-control wpcf7-select wpcf7-validates-as-required\" aria-required=\"true\" aria-invalid=\"false\" name=\"menu-25\"><option value=\"\">&#8212;Escolha uma op\u00e7\u00e3o&#8212;<\/option><option value=\"Sim\">Sim<\/option><option value=\"N\u00e3o\">N\u00e3o<\/option><option value=\"J\u00e1 foi convidado e vai visit\u00e1-lo\">J\u00e1 foi convidado e vai visit\u00e1-lo<\/option><\/select><\/span>\n\t<\/p>\n<\/div>\n<div class=\"campo-dir\">\n\t<p>Se sim, qual o l\u00edder do Life Group?\n\t<\/p>\n\t<p><span class=\"wpcf7-form-control-wrap\" data-name=\"your-lider\"><input size=\"40\" maxlength=\"400\" class=\"wpcf7-form-control wpcf7-text\" aria-invalid=\"false\" value=\"\" type=\"text\" name=\"your-lider\" \/><\/span>\n\t<\/p>\n<\/div>\n<div class=\"clear\">\n<\/div>\n<div class=\"campo-esq\">\n\t<p>H\u00e1 quanto tempo vem nos cultos?\n\t<\/p>\n\t<p><span class=\"wpcf7-form-control-wrap\" data-name=\"menu-26\"><select class=\"wpcf7-form-control wpcf7-select wpcf7-validates-as-required\" aria-required=\"true\" aria-invalid=\"false\" name=\"menu-26\"><option value=\"\">&#8212;Escolha uma op\u00e7\u00e3o&#8212;<\/option><option value=\"1\u00aa vez\">1\u00aa vez<\/option><option value=\"2\u00aa vez\">2\u00aa vez<\/option><option value=\"3\u00aa vez\">3\u00aa vez<\/option><option value=\"Mais de um m\u00eas\">Mais de um m\u00eas<\/option><\/select><\/span>\n\t<\/p>\n<\/div>\n<div class=\"campo-dir\">\n\t<p><b>Qual o seu nome, conselheiro?<\/b>*\n\t<\/p>\n\t<p><span class=\"wpcf7-form-control-wrap\" data-name=\"conselheiro\"><input size=\"40\" maxlength=\"400\" class=\"wpcf7-form-control wpcf7-text wpcf7-validates-as-required\" aria-required=\"true\" aria-invalid=\"false\" value=\"\" type=\"text\" name=\"conselheiro\" \/><\/span>\n\t<\/p>\n<\/div>\n<div class=\"clear\">\n<\/div>\n<div class=\"campo-full\">\n\t<p><b>Informe o seu Campus\/N\u00facleo e outra observa\u00e7\u00e3o se tiver, conselheiro.<\/b>\n\t<\/p>\n\t<p><span class=\"wpcf7-form-control-wrap\" data-name=\"your-observacao\"><textarea cols=\"40\" rows=\"20\" maxlength=\"2000\" class=\"wpcf7-form-control wpcf7-textarea\" aria-invalid=\"false\" name=\"your-observacao\"><\/textarea><\/span>\n\t<\/p>\n<\/div>\n<div class=\"clear\">\n<\/div>\n<div class=\"campo-30\">\n\t<p><input class=\"wpcf7-form-control wpcf7-submit has-spinner\" type=\"submit\" value=\"ENVIAR\" \/>\n\t<\/p>\n<\/div>\n<div class=\"clear\">\n<\/div><p style=\"display: none !important;\" class=\"akismet-fields-container\" data-prefix=\"_wpcf7_ak_\"><label>&#916;<textarea name=\"_wpcf7_ak_hp_textarea\" cols=\"45\" rows=\"8\" maxlength=\"100\"><\/textarea><\/label><input type=\"hidden\" id=\"ak_js_1\" name=\"_wpcf7_ak_js\" value=\"47\"\/><script>document.getElementById( \"ak_js_1\" ).setAttribute( \"value\", ( new Date() ).getTime() );<\/script><\/p><div class=\"wpcf7-response-output\" aria-hidden=\"true\"><\/div>\n<\/form>\n<\/div>\n\n<\/div>\n<\/div><\/div><\/div><\/div><\/div><\/div>","protected":false},"excerpt":{"rendered":"<p>Este formul\u00e1rio \u00e9 exclusivo para registrar as decis\u00f5es feitas em nossos cultos presenciais atrav\u00e9s do conselheiro. Preencha corretamente com os dados do novo convertido o formul\u00e1rio abaixo. Ap\u00f3s enviar, tire um tempo de ora\u00e7\u00e3o com ele.<\/p>\n","protected":false},"author":1,"featured_media":19186,"parent":0,"menu_order":0,"comment_status":"closed","ping_status":"closed","template":"page-noshare.php","meta":{"_seopress_robots_primary_cat":"","_seopress_titles_title":"","_seopress_titles_desc":"","_seopress_robots_index":"","footnotes":""},"class_list":["post-5908","page","type-page","status-publish","has-post-thumbnail","has-thumb"],"_links":{"self":[{"href":"https:\/\/paz.church\/campinas\/wp-json\/wp\/v2\/pages\/5908","targetHints":{"allow":["GET"]}}],"collection":[{"href":"https:\/\/paz.church\/campinas\/wp-json\/wp\/v2\/pages"}],"about":[{"href":"https:\/\/paz.church\/campinas\/wp-json\/wp\/v2\/types\/page"}],"author":[{"embeddable":true,"href":"https:\/\/paz.church\/campinas\/wp-json\/wp\/v2\/users\/1"}],"replies":[{"embeddable":true,"href":"https:\/\/paz.church\/campinas\/wp-json\/wp\/v2\/comments?post=5908"}],"version-history":[{"count":1,"href":"https:\/\/paz.church\/campinas\/wp-json\/wp\/v2\/pages\/5908\/revisions"}],"predecessor-version":[{"id":20385,"href":"https:\/\/paz.church\/campinas\/wp-json\/wp\/v2\/pages\/5908\/revisions\/20385"}],"wp:featuredmedia":[{"embeddable":true,"href":"https:\/\/paz.church\/campinas\/wp-json\/"}],"wp:attachment":[{"href":"https:\/\/paz.church\/campinas\/wp-json\/wp\/v2\/media?parent=5908"}],"curies":[{"name":"wp","href":"https:\/\/api.w.org\/{rel}","templated":true}]}}