{"id":1253,"date":"2018-02-11T21:11:46","date_gmt":"2018-02-11T23:11:46","guid":{"rendered":"https:\/\/paz.church\/saopaulo\/?page_id=1253"},"modified":"2025-04-24T10:12:28","modified_gmt":"2025-04-24T14:12:28","slug":"oracao","status":"publish","type":"page","link":"https:\/\/paz.church\/ct\/oracao\/","title":{"rendered":"Queremos orar por voc\u00ea"},"content":{"rendered":"<div id=\"pl-1253\"  class=\"panel-layout\" ><div id=\"pg-1253-0\"  class=\"panel-grid panel-no-style\" ><div id=\"pgc-1253-0-0\"  class=\"panel-grid-cell\" ><div class=\"bordas panel-cell-style panel-cell-style-for-1253-0-0\" ><div id=\"panel-1253-0-0-0\" class=\"so-panel widget widget_sow-editor panel-first-child\" data-index=\"0\" ><div\n\t\t\t\n\t\t\tclass=\"so-widget-sow-editor so-widget-sow-editor-base\"\n\t\t\t\n\t\t>\n<div class=\"siteorigin-widget-tinymce textwidget\">\n\t<p><em>\u201cOrem no Esp\u00edrito em todas as ocasi\u00f5es, com toda ora\u00e7\u00e3o e s\u00faplica; tendo isso em mente, estejam atentos e perseverem na ora\u00e7\u00e3o por todos os santos.\u201d<\/em><br \/>\n- Ef\u00e9sios 6.18<\/p>\n<p><strong>Deixe aqui o seu pedido de ora\u00e7\u00e3o.<\/strong><\/p>\n<p>Estaremos levando para nosso time de intercessores e aplicando f\u00e9 na sua vit\u00f3ria.<\/p>\n<\/div>\n<\/div><\/div><div id=\"panel-1253-0-0-1\" class=\"so-panel widget widget_sow-editor panel-last-child\" data-index=\"1\" ><div\n\t\t\t\n\t\t\tclass=\"so-widget-sow-editor so-widget-sow-editor-base\"\n\t\t\t\n\t\t><h3 class=\"widget-title\">Tempo Com o Pastor<\/h3>\n<div class=\"siteorigin-widget-tinymce textwidget\">\n\t<p>Caso voce queira agendar um aconselhamento com o Pastor Augusto Borges,<a href=\"https:\/\/outlook.office.com\/bookwithme\/user\/c2a08976bfbe4d0f8a47545ab5b91bf2@paz.church\/meetingtype\/j5nPuWpOqEqykvvDlcO0gQ2?anonymous&amp;ep=mLinkFromTile\" target=\"_blank\" rel=\"noopener\"><strong> clique aqui.<\/strong><\/a><\/p>\n<\/div>\n<\/div><\/div><\/div><\/div><div id=\"pgc-1253-0-1\"  class=\"panel-grid-cell\" ><div id=\"panel-1253-0-1-0\" class=\"so-panel widget widget_sow-editor panel-first-child panel-last-child\" data-index=\"2\" ><div\n\t\t\t\n\t\t\tclass=\"so-widget-sow-editor so-widget-sow-editor-base\"\n\t\t\t\n\t\t>\n<div class=\"siteorigin-widget-tinymce textwidget\">\n\t\n<div class=\"wpcf7 no-js\" id=\"wpcf7-f2215-o1\" lang=\"pt-BR\" dir=\"ltr\" data-wpcf7-id=\"2215\">\n<div class=\"screen-reader-response\"><p role=\"status\" aria-live=\"polite\" aria-atomic=\"true\"><\/p> <ul><\/ul><\/div>\n<form action=\"\/ct\/wp-json\/wp\/v2\/pages\/1253#wpcf7-f2215-o1\" method=\"post\" class=\"wpcf7-form init\" aria-label=\"Formul\u00e1rios de contato\" novalidate=\"novalidate\" data-status=\"init\">\n<div style=\"display: none;\">\n<input type=\"hidden\" name=\"_wpcf7\" value=\"2215\" \/>\n<input type=\"hidden\" name=\"_wpcf7_version\" value=\"6.0\" \/>\n<input type=\"hidden\" name=\"_wpcf7_locale\" value=\"pt_BR\" \/>\n<input type=\"hidden\" name=\"_wpcf7_unit_tag\" value=\"wpcf7-f2215-o1\" \/>\n<input type=\"hidden\" name=\"_wpcf7_container_post\" value=\"0\" \/>\n<input type=\"hidden\" name=\"_wpcf7_posted_data_hash\" value=\"\" \/>\n<input type=\"hidden\" name=\"_wpcf7_recaptcha_response\" value=\"\" \/>\n<\/div>\n<p>Nome e sobrenome*\n<\/p>\n<p><span class=\"wpcf7-form-control-wrap\" data-name=\"your-name\"><input size=\"40\" maxlength=\"400\" class=\"wpcf7-form-control wpcf7-text wpcf7-validates-as-required\" aria-required=\"true\" aria-invalid=\"false\" value=\"\" type=\"text\" name=\"your-name\" \/><\/span>\n<\/p>\n<p>Seu email*\n<\/p>\n<p><span class=\"wpcf7-form-control-wrap\" data-name=\"your-email\"><input size=\"40\" maxlength=\"400\" class=\"wpcf7-form-control wpcf7-email wpcf7-validates-as-required wpcf7-text wpcf7-validates-as-email\" aria-required=\"true\" aria-invalid=\"false\" value=\"\" type=\"email\" name=\"your-email\" \/><\/span>\n<\/p>\n<p>Cidade\/Estado*\n<\/p>\n<p><span class=\"wpcf7-form-control-wrap\" data-name=\"cidade-estado\"><input size=\"40\" maxlength=\"400\" class=\"wpcf7-form-control wpcf7-text wpcf7-validates-as-required\" aria-required=\"true\" aria-invalid=\"false\" value=\"\" type=\"text\" name=\"cidade-estado\" \/><\/span>\n<\/p>\n<p>Motivo de ora\u00e7\u00e3o\n<\/p>\n<p><span class=\"wpcf7-form-control-wrap\" data-name=\"your-message\"><textarea cols=\"40\" rows=\"3\" maxlength=\"2000\" class=\"wpcf7-form-control wpcf7-textarea\" aria-invalid=\"false\" name=\"your-message\"><\/textarea><\/span>\n<\/p>\n<div class=\"clear\">\n<\/div>\n<p><input class=\"wpcf7-form-control wpcf7-submit has-spinner\" type=\"submit\" value=\"Enviar\" \/>\n<\/p><p style=\"display: none !important;\" class=\"akismet-fields-container\" data-prefix=\"_wpcf7_ak_\"><label>&#916;<textarea name=\"_wpcf7_ak_hp_textarea\" cols=\"45\" rows=\"8\" maxlength=\"100\"><\/textarea><\/label><input type=\"hidden\" id=\"ak_js_1\" name=\"_wpcf7_ak_js\" value=\"53\"\/><script>document.getElementById( \"ak_js_1\" ).setAttribute( \"value\", ( new Date() ).getTime() );<\/script><\/p><div class=\"wpcf7-response-output\" aria-hidden=\"true\"><\/div>\n<\/form>\n<\/div>\n\n<\/div>\n<\/div><\/div><\/div><\/div><\/div>","protected":false},"excerpt":{"rendered":"<p>\u201cOrem no Esp\u00edrito em todas as ocasi\u00f5es, com toda ora\u00e7\u00e3o e s\u00faplica; tendo isso em mente, estejam atentos e perseverem na ora\u00e7\u00e3o por todos os santos.\u201d &#8211; Ef\u00e9sios 6.18 Deixe aqui o seu pedido de ora\u00e7\u00e3o. Estaremos levando para nosso time de intercessores e aplicando f\u00e9 na sua vit\u00f3ria. Caso voce queira agendar um aconselhamentoContinue reading &rarr;<\/p>\n","protected":false},"author":2,"featured_media":19649,"parent":0,"menu_order":0,"comment_status":"closed","ping_status":"closed","template":"","meta":{"_seopress_robots_primary_cat":"","_seopress_titles_title":"","_seopress_titles_desc":"","_seopress_robots_index":"","footnotes":""},"class_list":["post-1253","page","type-page","status-publish","has-post-thumbnail","has-thumb"],"_links":{"self":[{"href":"https:\/\/paz.church\/ct\/wp-json\/wp\/v2\/pages\/1253","targetHints":{"allow":["GET"]}}],"collection":[{"href":"https:\/\/paz.church\/ct\/wp-json\/wp\/v2\/pages"}],"about":[{"href":"https:\/\/paz.church\/ct\/wp-json\/wp\/v2\/types\/page"}],"author":[{"embeddable":true,"href":"https:\/\/paz.church\/ct\/wp-json\/wp\/v2\/users\/2"}],"replies":[{"embeddable":true,"href":"https:\/\/paz.church\/ct\/wp-json\/wp\/v2\/comments?post=1253"}],"version-history":[{"count":4,"href":"https:\/\/paz.church\/ct\/wp-json\/wp\/v2\/pages\/1253\/revisions"}],"predecessor-version":[{"id":19947,"href":"https:\/\/paz.church\/ct\/wp-json\/wp\/v2\/pages\/1253\/revisions\/19947"}],"wp:featuredmedia":[{"embeddable":true,"href":"https:\/\/paz.church\/ct\/wp-json\/wp\/v2\/media\/19649"}],"wp:attachment":[{"href":"https:\/\/paz.church\/ct\/wp-json\/wp\/v2\/media?parent=1253"}],"curies":[{"name":"wp","href":"https:\/\/api.w.org\/{rel}","templated":true}]}}