{"id":14450,"date":"2021-06-17T02:33:51","date_gmt":"2021-06-17T05:33:51","guid":{"rendered":"https:\/\/paz.church\/saopaulo\/?page_id=14450"},"modified":"2025-02-26T09:02:43","modified_gmt":"2025-02-26T14:02:43","slug":"contribua","status":"publish","type":"page","link":"https:\/\/paz.church\/ct\/contribua\/","title":{"rendered":"Contribua"},"content":{"rendered":"<div id=\"pl-14450\"  class=\"panel-layout\" ><a id=\"bordas\"><\/a><div id=\"pg-14450-0\"  class=\"panel-grid panel-has-style\"  data-extraid=\"bordas\" ><div class=\"bordas panel-row-style panel-row-style-for-14450-0\" ><div id=\"pgc-14450-0-0\"  class=\"panel-grid-cell\" ><div id=\"panel-14450-0-0-0\" class=\"so-panel widget widget_sow-editor panel-first-child panel-last-child\" data-index=\"0\" ><div\n\t\t\t\n\t\t\tclass=\"so-widget-sow-editor so-widget-sow-editor-base\"\n\t\t\t\n\t\t>\n<div class=\"siteorigin-widget-tinymce textwidget\">\n\t<p><span style=\"font-weight: 400;\">Sua generosidade faz a diferen\u00e7a! Por meio do seu apoio fiel, o Reino de Deus tem avan\u00e7ado em v\u00e1rias na\u00e7\u00f5es, fam\u00edlias t\u00eam sido restauradas e muitas vidas s\u00e3o alcan\u00e7adas pela a\u00e7\u00e3o social da igreja.<\/span><\/p>\n<p><span style=\"font-weight: 400;\">Voc\u00ea pode contribuir a qualquer momento e de qualquer lugar.<\/span><\/p>\n<\/div>\n<\/div><\/div><\/div><\/div><\/div><a id=\"bordas\"><\/a><div id=\"pg-14450-1\"  class=\"panel-grid panel-has-style\"  data-extraid=\"bordas\" ><div class=\"bordas panel-row-style panel-row-style-for-14450-1\" ><div id=\"pgc-14450-1-0\"  class=\"panel-grid-cell\" ><div id=\"panel-14450-1-0-0\" class=\"so-panel widget widget_sow-image panel-first-child panel-last-child\" data-index=\"1\" ><div\n\t\t\t\n\t\t\tclass=\"so-widget-sow-image so-widget-sow-image-default-8b5b6f678277-14450\"\n\t\t\t\n\t\t>\n\n<div class=\"sow-image-container\">\n\t\t<img loading=\"lazy\" decoding=\"async\" src=\"https:\/\/paz.church\/ct\/wp-content\/uploads\/2025\/02\/Highlight-Cover-5-180x180.png\" width=\"120\" height=\"120\" srcset=\"https:\/\/paz.church\/ct\/wp-content\/uploads\/2025\/02\/Highlight-Cover-5-180x180.png 180w, https:\/\/paz.church\/ct\/wp-content\/uploads\/2025\/02\/Highlight-Cover-5-300x300.png 300w, https:\/\/paz.church\/ct\/wp-content\/uploads\/2025\/02\/Highlight-Cover-5-1024x1024.png 1024w, https:\/\/paz.church\/ct\/wp-content\/uploads\/2025\/02\/Highlight-Cover-5-768x768.png 768w, https:\/\/paz.church\/ct\/wp-content\/uploads\/2025\/02\/Highlight-Cover-5-330x330.png 330w, https:\/\/paz.church\/ct\/wp-content\/uploads\/2025\/02\/Highlight-Cover-5-426x426.png 426w, https:\/\/paz.church\/ct\/wp-content\/uploads\/2025\/02\/Highlight-Cover-5-75x75.png 75w, https:\/\/paz.church\/ct\/wp-content\/uploads\/2025\/02\/Highlight-Cover-5.png 1200w\" sizes=\"auto, (max-width: 120px) 100vw, 120px\" title=\"Highlight Cover (5)\" alt=\"\" \t\tclass=\"so-widget-image\"\/>\n\t<\/div>\n\n<\/div><\/div><\/div><div id=\"pgc-14450-1-1\"  class=\"panel-grid-cell\" ><div id=\"panel-14450-1-1-0\" class=\"so-panel widget widget_sow-headline panel-first-child\" data-index=\"2\" ><div\n\t\t\t\n\t\t\tclass=\"so-widget-sow-headline so-widget-sow-headline-default-27407d62c88e-14450\"\n\t\t\t\n\t\t><div class=\"sow-headline-container \">\n\t\t\t\t\t\t\t<h3 class=\"sow-headline\">\n\t\t\t\t\t\tZelle\t\t\t\t\t\t<\/h3>\n\t\t\t\t\t\t<\/div>\n<\/div><\/div><div id=\"panel-14450-1-1-1\" class=\"so-panel widget widget_sow-editor panel-last-child\" data-index=\"3\" ><div\n\t\t\t\n\t\t\tclass=\"so-widget-sow-editor so-widget-sow-editor-base\"\n\t\t\t\n\t\t>\n<div class=\"siteorigin-widget-tinymce textwidget\">\n\t<p>Voc\u00ea pode fazer a sua contribui\u00e7\u00e3o atrav\u00e9s do Zelle ou pelo QR Code.<\/p>\n<ul>\n<li><b>Zelle:<\/b><span style=\"font-weight: 400;\"> 203-299-2969 ou ct@paz.church<\/span><\/li>\n<\/ul>\n<\/div>\n<\/div><\/div><\/div><div id=\"pgc-14450-1-2\"  class=\"panel-grid-cell\" ><div id=\"panel-14450-1-2-0\" class=\"so-panel widget widget_sow-image panel-first-child panel-last-child\" data-index=\"4\" ><div\n\t\t\t\n\t\t\tclass=\"so-widget-sow-image so-widget-sow-image-default-d856d782ea5f-14450\"\n\t\t\t\n\t\t>\n\n<div class=\"sow-image-container\">\n\t\t<img loading=\"lazy\" decoding=\"async\" src=\"https:\/\/paz.church\/ct\/wp-content\/uploads\/2025\/02\/Zelle-paz-CT-2.jpg\" width=\"899\" height=\"1200\" srcset=\"https:\/\/paz.church\/ct\/wp-content\/uploads\/2025\/02\/Zelle-paz-CT-2.jpg 899w, https:\/\/paz.church\/ct\/wp-content\/uploads\/2025\/02\/Zelle-paz-CT-2-225x300.jpg 225w, https:\/\/paz.church\/ct\/wp-content\/uploads\/2025\/02\/Zelle-paz-CT-2-767x1024.jpg 767w, https:\/\/paz.church\/ct\/wp-content\/uploads\/2025\/02\/Zelle-paz-CT-2-768x1025.jpg 768w\" sizes=\"auto, (max-width: 899px) 100vw, 899px\" title=\"Zelle paz CT 2\" alt=\"\" \t\tclass=\"so-widget-image\"\/>\n\t<\/div>\n\n<\/div><\/div><\/div><\/div><\/div><a id=\"bordas\"><\/a><div id=\"pg-14450-2\"  class=\"panel-grid panel-has-style\"  data-extraid=\"bordas\" ><div class=\"bordas panel-row-style panel-row-style-for-14450-2\" ><div id=\"pgc-14450-2-0\"  class=\"panel-grid-cell\" ><div id=\"panel-14450-2-0-0\" class=\"so-panel widget widget_sow-icon panel-first-child panel-last-child\" data-index=\"5\" ><div\n\t\t\t\n\t\t\tclass=\"so-widget-sow-icon so-widget-sow-icon-default-b6d7bacdc231-14450\"\n\t\t\t\n\t\t>\n<div class=\"sow-icon-container sow-icon\">\n\t\t\t<span class=\"sow-icon-fontawesome sow-fas\" data-sow-icon=\"&#xf4b9;\"\n\t\t \n\t\taria-hidden=\"true\"><\/span>\t<\/div>\n<\/div><\/div><\/div><div id=\"pgc-14450-2-1\"  class=\"panel-grid-cell\" ><div id=\"panel-14450-2-1-0\" class=\"so-panel widget widget_sow-headline panel-first-child\" data-index=\"6\" ><div\n\t\t\t\n\t\t\tclass=\"so-widget-sow-headline so-widget-sow-headline-default-a311599587c3-14450\"\n\t\t\t\n\t\t><div class=\"sow-headline-container \">\n\t\t\t\t\t\t\t<h3 class=\"sow-headline\">\n\t\t\t\t\t\tConta banc\u00e1ria\t\t\t\t\t\t<\/h3>\n\t\t\t\t\t\t<\/div>\n<\/div><\/div><div id=\"panel-14450-2-1-1\" class=\"so-panel widget widget_sow-editor panel-last-child\" data-index=\"7\" ><div\n\t\t\t\n\t\t\tclass=\"so-widget-sow-editor so-widget-sow-editor-base\"\n\t\t\t\n\t\t>\n<div class=\"siteorigin-widget-tinymce textwidget\">\n\t<p><b>D\u00edzimos e Ofertas<br \/>\n<\/b><span style=\"font-weight: 400;\">PAZ Church Connecticut<br \/>\n<\/span><b>Bank of America<br \/>\n<\/b><b>Routing #:<\/b><span style=\"font-weight: 400;\"> 011900254<br \/>\n<\/span><b>Checking:<\/b><span style=\"font-weight: 400;\"> 385021694440<\/span><\/p>\n<\/div>\n<\/div><\/div><\/div><\/div><\/div><a id=\"bordas\"><\/a><div id=\"pg-14450-3\"  class=\"panel-grid panel-has-style\"  data-extraid=\"bordas\" ><div class=\"bordas panel-row-style panel-row-style-for-14450-3\" ><div id=\"pgc-14450-3-0\"  class=\"panel-grid-cell\" ><div id=\"panel-14450-3-0-0\" class=\"so-panel widget widget_sow-icon panel-first-child panel-last-child\" data-index=\"8\" ><div\n\t\t\t\n\t\t\tclass=\"so-widget-sow-icon so-widget-sow-icon-default-b6d7bacdc231-14450\"\n\t\t\t\n\t\t>\n<div class=\"sow-icon-container sow-icon\">\n\t\t\t<span class=\"sow-icon-icomoon\" data-sow-icon=\"&#xe93f;\"\n\t\t \n\t\taria-hidden=\"true\"><\/span>\t<\/div>\n<\/div><\/div><\/div><div id=\"pgc-14450-3-1\"  class=\"panel-grid-cell\" ><div id=\"panel-14450-3-1-0\" class=\"so-panel widget widget_sow-headline panel-first-child\" data-index=\"9\" ><div\n\t\t\t\n\t\t\tclass=\"so-widget-sow-headline so-widget-sow-headline-default-a311599587c3-14450\"\n\t\t\t\n\t\t><div class=\"sow-headline-container \">\n\t\t\t\t\t\t\t<h3 class=\"sow-headline\">\n\t\t\t\t\t\tDoa\u00e7\u00e3o online\t\t\t\t\t\t<\/h3>\n\t\t\t\t\t\t<\/div>\n<\/div><\/div><div id=\"panel-14450-3-1-1\" class=\"so-panel widget widget_sow-editor panel-last-child\" data-index=\"10\" ><div\n\t\t\t\n\t\t\tclass=\"so-widget-sow-editor so-widget-sow-editor-base\"\n\t\t\t\n\t\t>\n<div class=\"siteorigin-widget-tinymce textwidget\">\n\t<p>Contribua com cart\u00e3o de cr\u00e9dito, d\u00e9bito, boleto ou transfer\u00eancia online. Em um ambiente 100% seguro.<\/p>\n<\/div>\n<\/div><\/div><\/div><div id=\"pgc-14450-3-2\"  class=\"panel-grid-cell\" ><div id=\"panel-14450-3-2-0\" class=\"so-panel widget widget_sow-button panel-first-child panel-last-child\" data-index=\"11\" ><div\n\t\t\t\n\t\t\tclass=\"so-widget-sow-button so-widget-sow-button-flat-083eb5a40b94-14450\"\n\t\t\t\n\t\t><div class=\"ow-button-base ow-button-align-center\">\n\t\t\t<a\n\t\t\t\t\thref=\"#\"\n\t\t\t\t\tclass=\"sowb-button ow-icon-placement-left\" \t>\n\t\t<span>\n\t\t\t\n\t\t\tEm breve\t\t<\/span>\n\t\t\t<\/a>\n\t<\/div>\n<\/div><\/div><\/div><\/div><\/div><div id=\"pg-14450-4\"  class=\"panel-grid panel-has-style\" ><div class=\"panel-row-style panel-row-style-for-14450-4\" ><div id=\"pgc-14450-4-0\"  class=\"panel-grid-cell\" ><div id=\"panel-14450-4-0-0\" class=\"so-panel widget widget_sow-editor panel-first-child panel-last-child\" data-index=\"12\" ><div\n\t\t\t\n\t\t\tclass=\"so-widget-sow-editor so-widget-sow-editor-base\"\n\t\t\t\n\t\t>\n<div class=\"siteorigin-widget-tinymce textwidget\">\n\t<p style=\"text-align: center;\"><strong><em>\u201cE Deus pode dar muito mais do que voc\u00eas precisam para que voc\u00eas tenham sempre tudo o que necessitam e ainda mais do que o necess\u00e1rio para fazerem todo tipo de boas obras.\u201d<\/em><br \/>\n<\/strong>(2 Cor\u00edntios 9.8 NTLH)<\/p>\n<\/div>\n<\/div><\/div><\/div><\/div><\/div><\/div>","protected":false},"excerpt":{"rendered":"<p>Sua generosidade faz a diferen\u00e7a! Por meio do seu apoio fiel, o Reino de Deus tem avan\u00e7ado em v\u00e1rias na\u00e7\u00f5es, fam\u00edlias t\u00eam sido restauradas e muitas vidas s\u00e3o alcan\u00e7adas pela a\u00e7\u00e3o social da igreja. Voc\u00ea pode contribuir a qualquer momento e de qualquer lugar. Voc\u00ea pode fazer a sua contribui\u00e7\u00e3o atrav\u00e9s do Zelle ou peloContinue reading &rarr;<\/p>\n","protected":false},"author":2,"featured_media":19720,"parent":0,"menu_order":0,"comment_status":"closed","ping_status":"closed","template":"","meta":{"_seopress_robots_primary_cat":"","_seopress_titles_title":"","_seopress_titles_desc":"","_seopress_robots_index":"","footnotes":""},"class_list":["post-14450","page","type-page","status-publish","has-post-thumbnail","has-thumb"],"_links":{"self":[{"href":"https:\/\/paz.church\/ct\/wp-json\/wp\/v2\/pages\/14450","targetHints":{"allow":["GET"]}}],"collection":[{"href":"https:\/\/paz.church\/ct\/wp-json\/wp\/v2\/pages"}],"about":[{"href":"https:\/\/paz.church\/ct\/wp-json\/wp\/v2\/types\/page"}],"author":[{"embeddable":true,"href":"https:\/\/paz.church\/ct\/wp-json\/wp\/v2\/users\/2"}],"replies":[{"embeddable":true,"href":"https:\/\/paz.church\/ct\/wp-json\/wp\/v2\/comments?post=14450"}],"version-history":[{"count":14,"href":"https:\/\/paz.church\/ct\/wp-json\/wp\/v2\/pages\/14450\/revisions"}],"predecessor-version":[{"id":19840,"href":"https:\/\/paz.church\/ct\/wp-json\/wp\/v2\/pages\/14450\/revisions\/19840"}],"wp:featuredmedia":[{"embeddable":true,"href":"https:\/\/paz.church\/ct\/wp-json\/wp\/v2\/media\/19720"}],"wp:attachment":[{"href":"https:\/\/paz.church\/ct\/wp-json\/wp\/v2\/media?parent=14450"}],"curies":[{"name":"wp","href":"https:\/\/api.w.org\/{rel}","templated":true}]}}