{"id":19051,"date":"2022-04-20T02:59:18","date_gmt":"2022-04-20T05:59:18","guid":{"rendered":"https:\/\/paz.church\/saopaulo\/?page_id=19051"},"modified":"2025-04-22T06:26:20","modified_gmt":"2025-04-22T10:26:20","slug":"home","status":"publish","type":"page","link":"https:\/\/paz.church\/ct\/","title":{"rendered":"Home"},"content":{"rendered":"<div id=\"pl-19051\"  class=\"panel-layout\" ><a id=\"red-somb\"><\/a><div id=\"pg-19051-0\"  class=\"panel-grid panel-has-style\"  data-extraid=\"red-somb\" ><div class=\"red-somb panel-row-style panel-row-style-for-19051-0\" id=\"destaque\" ><div id=\"pgc-19051-0-0\"  class=\"panel-grid-cell\" ><div id=\"panel-19051-0-0-0\" class=\"so-panel widget widget_siteorigin-panels-postloop panel-first-child panel-last-child\" data-index=\"0\" >\n<article id=\"post-20029\" style=\"background-image: linear-gradient(0deg, rgba(24,24,24) 0%, rgba(12,0,51,0.0) 60%), url('https:\/\/paz.church\/ct\/wp-content\/uploads\/sermons\/2025\/12\/IMG_2188.jpeg')\">\n\t<div class=\"sermon-destaque-dados\">\n\t\t<span class=\"p_recente\">PALAVRA RECENTE<\/span>\n\t\t<h2><a href=\"https:\/\/paz.church\/ct\/ministracoes\/o-principio-do-vencedor\/\" rel=\"bookmark\">O Princ\u00edpio do Vencedor<\/a><h2>\t\n\t\t<span class=\"p_meta1\"><a href=\"https:\/\/paz.church\/ct\/ministracoes\/o-principio-do-vencedor\/\" rel=\"bookmark\">ACESSAR<\/a><\/span>  <span class=\"p_meta2\"><a href=\"https:\/\/paz.church\/ct\/ministracoes\/categoria\/cultos\/\" rel=\"tag\">Cultos<\/a><\/span>\n\t<\/div>\n<\/article><!-- \/#post --><\/div><\/div><\/div><\/div><a id=\"red-somb\"><\/a><div id=\"pg-19051-1\"  class=\"panel-grid panel-has-style\"  data-extraid=\"red-somb\" ><div class=\"red-somb panel-row-style panel-row-style-for-19051-1\" id=\"barra01A\" ><div id=\"pgc-19051-1-0\"  class=\"panel-grid-cell\" ><div class=\"panel-cell-style panel-cell-style-for-19051-1-0\" ><div id=\"panel-19051-1-0-0\" class=\"so-panel widget widget_sow-editor panel-first-child panel-last-child\" data-index=\"1\" ><div class=\"horarioscultos panel-widget-style panel-widget-style-for-19051-1-0-0\" ><div\n\t\t\t\n\t\t\tclass=\"so-widget-sow-editor so-widget-sow-editor-base\"\n\t\t\t\n\t\t><h3 class=\"widget-title\">Culto de Celebra\u00e7\u00e3o<\/h3>\n<div class=\"siteorigin-widget-tinymce textwidget\">\n\t<p>Domingo:<strong><br \/>\n10:00 AM<br \/>\n<\/strong><\/p>\n<\/div>\n<\/div><\/div><\/div><\/div><\/div><div id=\"pgc-19051-1-1\"  class=\"panel-grid-cell\" ><div class=\"panel-cell-style panel-cell-style-for-19051-1-1\" ><div id=\"panel-19051-1-1-0\" class=\"so-panel widget widget_events_maker_list_widget widget_events_maker_list panel-first-child panel-last-child\" data-index=\"2\" ><div class=\"panel-widget-style panel-widget-style-for-19051-1-1-0\" ><h3 class=\"widget-title\">Pr\u00f3ximo Evento<\/h3><\/div><\/div><\/div><\/div><div id=\"pgc-19051-1-2\"  class=\"panel-grid-cell\" ><div id=\"panel-19051-1-2-0\" class=\"so-panel widget widget_sow-social-media-buttons panel-first-child panel-last-child\" data-index=\"3\" ><div class=\"panel-widget-style panel-widget-style-for-19051-1-2-0\" ><div\n\t\t\t\n\t\t\tclass=\"so-widget-sow-social-media-buttons so-widget-sow-social-media-buttons-wire-058fcb5f07b7-20029\"\n\t\t\t\n\t\t>\n\n<div class=\"social-media-button-container\">\n\t\n\t\t<a class=\"sow-social-media-button-facebook-0 sow-social-media-button\" title=\"Paz Church | Connecticut em Facebook\" aria-label=\"Paz Church | Connecticut em Facebook\" target=\"_blank\" rel=\"noopener noreferrer\" href=\"https:\/\/www.facebook.com\/pazchurchct\" >\n\t\t\t<span>\n\t\t\t\t\t\t\t\t<span class=\"sow-icon-fontawesome sow-fab\" data-sow-icon=\"&#xf39e;\"\n\t\t \n\t\taria-hidden=\"true\"><\/span>\t\t\t\t\t\t\t<\/span>\n\t\t<\/a>\n\t\n\t\t<a class=\"sow-social-media-button-instagram-0 sow-social-media-button\" title=\"Paz Church | Connecticut em Instagram\" aria-label=\"Paz Church | Connecticut em Instagram\" target=\"_blank\" rel=\"noopener noreferrer\" href=\"https:\/\/instagram.com\/pazchurchct\" >\n\t\t\t<span>\n\t\t\t\t\t\t\t\t<span class=\"sow-icon-fontawesome sow-fab\" data-sow-icon=\"&#xf16d;\"\n\t\t \n\t\taria-hidden=\"true\"><\/span>\t\t\t\t\t\t\t<\/span>\n\t\t<\/a>\n\t\n\t\t<a class=\"sow-social-media-button-youtube-0 sow-social-media-button\" title=\"Paz Church | Connecticut em Youtube\" aria-label=\"Paz Church | Connecticut em Youtube\" target=\"_blank\" rel=\"noopener noreferrer\" href=\"https:\/\/www.youtube.com\/@pazchurchct\" >\n\t\t\t<span>\n\t\t\t\t\t\t\t\t<span class=\"sow-icon-fontawesome sow-fab\" data-sow-icon=\"&#xf167;\"\n\t\t \n\t\taria-hidden=\"true\"><\/span>\t\t\t\t\t\t\t<\/span>\n\t\t<\/a>\n\t<\/div>\n<\/div><\/div><\/div><\/div><\/div><\/div><div id=\"pg-19051-2\"  class=\"panel-grid panel-no-style\" ><div id=\"pgc-19051-2-0\"  class=\"panel-grid-cell\" ><div id=\"panel-19051-2-0-0\" class=\"so-panel widget widget_siteorigin-panels-builder panel-first-child\" data-index=\"4\" ><div class=\"red-somb panel-widget-style panel-widget-style-for-19051-2-0-0\" id=\"bloco-dest-medio\" ><div id=\"pl-w67bf281b53300\"  class=\"panel-layout\" ><div id=\"pg-w67bf281b53300-0\"  class=\"panel-grid panel-has-style\" ><div id=\"bloco-content\" class=\"panel-row-style panel-row-style-for-w67bf281b53300-0\" ><div id=\"pgc-w67bf281b53300-0-0\"  class=\"panel-grid-cell\" ><div id=\"panel-w67bf281b53300-0-0-0\" class=\"so-panel widget widget_sow-editor panel-first-child\" data-index=\"0\" ><div class=\"panel-widget-style panel-widget-style-for-w67bf281b53300-0-0-0\" ><div\n\t\t\t\n\t\t\tclass=\"so-widget-sow-editor so-widget-sow-editor-base\"\n\t\t\t\n\t\t><h3 class=\"widget-title\">Culto de Celebra\u00e7\u00e3o<\/h3>\n<div class=\"siteorigin-widget-tinymce textwidget\">\n\t<p>Aos Domingos, nos reunimos para adorar e expressar gratid\u00e3o ao nosso Deus! Voc\u00ea e sua fam\u00edlia s\u00e3o os nossos convidados especiais.<\/p>\n<\/div>\n<\/div><\/div><\/div><div id=\"panel-w67bf281b53300-0-0-1\" class=\"so-panel widget widget_sow-button panel-last-child\" data-index=\"1\" ><div\n\t\t\t\n\t\t\tclass=\"so-widget-sow-button so-widget-sow-button-flat-00387735a171\"\n\t\t\t\n\t\t><div class=\"ow-button-base ow-button-align-left\">\n\t\t\t<a\n\t\t\t\t\thref=\"https:\/\/paz.church\/ct\/cultos\"\n\t\t\t\t\tclass=\"sowb-button ow-icon-placement-left\" \t>\n\t\t<span>\n\t\t\t\n\t\t\tSaiba mais\t\t<\/span>\n\t\t\t<\/a>\n\t<\/div>\n<\/div><\/div><\/div><\/div><\/div><\/div><\/div><\/div><div id=\"panel-19051-2-0-1\" class=\"so-panel widget widget_siteorigin-panels-builder\" data-index=\"5\" ><div class=\"red-somb panel-widget-style panel-widget-style-for-19051-2-0-1\" id=\"bloco-dest-medio\" ><div id=\"pl-w68076ecc5e018\"  class=\"panel-layout\" ><div id=\"pg-w68076ecc5e018-0\"  class=\"panel-grid panel-has-style\" ><div id=\"bloco-content\" class=\"panel-row-style panel-row-style-for-w68076ecc5e018-0\" ><div id=\"pgc-w68076ecc5e018-0-0\"  class=\"panel-grid-cell\" ><div id=\"panel-w68076ecc5e018-0-0-0\" class=\"so-panel widget widget_sow-editor panel-first-child\" data-index=\"0\" ><div class=\"panel-widget-style panel-widget-style-for-w68076ecc5e018-0-0-0\" ><div\n\t\t\t\n\t\t\tclass=\"so-widget-sow-editor so-widget-sow-editor-base\"\n\t\t\t\n\t\t><h3 class=\"widget-title\">Seja um volunt\u00e1rio<\/h3>\n<div class=\"siteorigin-widget-tinymce textwidget\">\n\t<p>Todas as atividades que os volunt\u00e1rios da Paz Church Connecticut exercem possuem um grande prop\u00f3sito: <strong>salvar vidas<\/strong>!<\/p>\n<\/div>\n<\/div><\/div><\/div><div id=\"panel-w68076ecc5e018-0-0-1\" class=\"so-panel widget widget_sow-button panel-last-child\" data-index=\"1\" ><div\n\t\t\t\n\t\t\tclass=\"so-widget-sow-button so-widget-sow-button-flat-5f05712e33fe\"\n\t\t\t\n\t\t><div class=\"ow-button-base ow-button-align-right\">\n\t\t\t<a\n\t\t\t\t\thref=\"https:\/\/paz.church\/ct\/voluntarios\/\"\n\t\t\t\t\tclass=\"sowb-button ow-icon-placement-left\" \t>\n\t\t<span>\n\t\t\t\n\t\t\tFa\u00e7a parte!\t\t<\/span>\n\t\t\t<\/a>\n\t<\/div>\n<\/div><\/div><\/div><\/div><\/div><\/div><\/div><\/div><div id=\"panel-19051-2-0-2\" class=\"so-panel widget widget_sow-headline\" data-index=\"6\" ><div class=\"titulo panel-widget-style panel-widget-style-for-19051-2-0-2\" id=\"Team01\" ><div\n\t\t\t\n\t\t\tclass=\"so-widget-sow-headline so-widget-sow-headline-default-3388173f7e62-20029\"\n\t\t\t\n\t\t><div class=\"sow-headline-container \">\n\t\t\t\t\t\t\t<h3 class=\"sow-headline\">\n\t\t\t\t\t\tLOCAIS E HOR\u00c1RIOS\t\t\t\t\t\t<\/h3>\n\t\t\t\t\t\t<\/div>\n<\/div><\/div><\/div><div id=\"panel-19051-2-0-3\" class=\"so-panel widget widget_siteorigin-panels-builder panel-last-child\" data-index=\"7\" ><div class=\"red-somb panel-widget-style panel-widget-style-for-19051-2-0-3\" id=\"barrahora\" ><div id=\"pl-w67bf281b60a9d\"  class=\"panel-layout\" ><a id=\"red-somb\"><\/a><div id=\"pg-w67bf281b60a9d-0\"  class=\"panel-grid panel-has-style\"  data-extraid=\"red-somb\" ><div class=\"red-somb panel-row-style panel-row-style-for-w67bf281b60a9d-0\" id=\"barrahora\" ><div id=\"pgc-w67bf281b60a9d-0-0\"  class=\"panel-grid-cell\" ><div id=\"panel-w67bf281b60a9d-0-0-0\" class=\"so-panel widget widget_siteorigin-panels-builder panel-first-child\" data-index=\"0\" ><div id=\"agenda\" class=\"panel-widget-style panel-widget-style-for-w67bf281b60a9d-0-0-0\" ><div id=\"pl-w67bf281b60aac\"  class=\"panel-layout\" ><div id=\"pg-w67bf281b60aac-0\"  class=\"panel-grid panel-no-style\" ><div id=\"pgc-w67bf281b60aac-0-0\"  class=\"panel-grid-cell\" ><div id=\"panel-w67bf281b60aac-0-0-0\" class=\"so-panel widget widget_sow-icon panel-first-child\" data-index=\"0\" ><div\n\t\t\t\n\t\t\tclass=\"so-widget-sow-icon so-widget-sow-icon-default-6c726c1e23e1\"\n\t\t\t\n\t\t>\n<div class=\"sow-icon-container sow-icon\">\n\t\t\t<span class=\"sow-icon-typicons\" data-sow-icon=\"&#xe09f;\"\n\t\t \n\t\taria-hidden=\"true\"><\/span>\t<\/div>\n<\/div><\/div><div id=\"panel-w67bf281b60aac-0-0-1\" class=\"so-panel widget widget_sow-headline panel-last-child\" data-index=\"1\" ><div class=\"panel-widget-style panel-widget-style-for-w67bf281b60aac-0-0-1\" ><div\n\t\t\t\n\t\t\tclass=\"so-widget-sow-headline so-widget-sow-headline-default-09c85edd25a5\"\n\t\t\t\n\t\t><div class=\"sow-headline-container \">\n\t\t\t\t\t\t\t<h3 class=\"sow-headline\">\n\t\t\t\t\t\tConnecticut\t\t\t\t\t\t<\/h3>\n\t\t\t\t\t\t\t\t\t\t\t\t<p class=\"sow-sub-headline\">\n\t\t\t\t\t\t1332 North Avenue, Bridgeport, CT\t\t\t\t\t\t<\/p>\n\t\t\t\t\t\t<\/div>\n<\/div><\/div><\/div><\/div><\/div><div id=\"pg-w67bf281b60aac-1\"  class=\"panel-grid panel-no-style\" ><div id=\"pgc-w67bf281b60aac-1-0\"  class=\"panel-grid-cell\" ><div class=\"panel-cell-style panel-cell-style-for-w67bf281b60aac-1-0\" ><div id=\"panel-w67bf281b60aac-1-0-0\" class=\"so-panel widget widget_sow-editor panel-first-child panel-last-child\" data-index=\"2\" ><div class=\"panel-widget-style panel-widget-style-for-w67bf281b60aac-1-0-0\" ><div\n\t\t\t\n\t\t\tclass=\"so-widget-sow-editor so-widget-sow-editor-base\"\n\t\t\t\n\t\t>\n<div class=\"siteorigin-widget-tinymce textwidget\">\n\t<p><strong>Culto de Celebra\u00e7\u00e3o<br \/>\n<\/strong>Domingo: 10:00 AM<\/p>\n<\/div>\n<\/div><\/div><\/div><\/div><\/div><div id=\"pgc-w67bf281b60aac-1-1\"  class=\"panel-grid-cell\" ><div id=\"panel-w67bf281b60aac-1-1-0\" class=\"so-panel widget widget_sow-editor panel-first-child panel-last-child\" data-index=\"3\" ><div\n\t\t\t\n\t\t\tclass=\"so-widget-sow-editor so-widget-sow-editor-base\"\n\t\t\t\n\t\t>\n<div class=\"siteorigin-widget-tinymce textwidget\">\n\t<p><strong>TADEL | Treinamento<br \/>\n<\/strong>Ter\u00e7a: 7:30 PM<\/p>\n<\/div>\n<\/div><\/div><\/div><\/div><div id=\"pg-w67bf281b60aac-2\"  class=\"panel-grid panel-no-style\" ><div id=\"pgc-w67bf281b60aac-2-0\"  class=\"panel-grid-cell panel-grid-cell-empty\" ><\/div><\/div><div id=\"pg-w67bf281b60aac-3\"  class=\"panel-grid panel-no-style\" ><div id=\"pgc-w67bf281b60aac-3-0\"  class=\"panel-grid-cell panel-grid-cell-empty panel-grid-cell-mobile-last\" ><div class=\"panel-cell-style panel-cell-style-for-w67bf281b60aac-3-0\" ><\/div><\/div><div id=\"pgc-w67bf281b60aac-3-1\"  class=\"panel-grid-cell panel-grid-cell-empty\" ><\/div><\/div><\/div><\/div><\/div><div id=\"panel-w67bf281b60a9d-0-0-1\" class=\"so-panel widget widget_sow-button panel-last-child\" data-index=\"1\" ><div\n\t\t\t\n\t\t\tclass=\"so-widget-sow-button so-widget-sow-button-flat-ab2420ddd85f\"\n\t\t\t\n\t\t><div class=\"ow-button-base ow-button-align-center\">\n\t\t\t<a\n\t\t\t\t\thref=\"https:\/\/paz.church\/ct\/agenda\"\n\t\t\t\t\tclass=\"sowb-button ow-icon-placement-left\" \t>\n\t\t<span>\n\t\t\t\n\t\t\tAgenda Completa\t\t<\/span>\n\t\t\t<\/a>\n\t<\/div>\n<\/div><\/div><\/div><\/div><\/div><\/div><\/div><\/div><\/div><div id=\"pgc-19051-2-1\"  class=\"panel-grid-cell\" ><div id=\"panel-19051-2-1-0\" class=\"so-panel widget widget_siteorigin-panels-builder panel-first-child\" data-index=\"8\" ><div id=\"lateral-menu\" class=\"panel-widget-style panel-widget-style-for-19051-2-1-0\" ><div id=\"pl-w68076dad437fd\"  class=\"panel-layout\" ><div id=\"pg-w68076dad437fd-0\"  class=\"panel-grid panel-no-style\" ><div id=\"pgc-w68076dad437fd-0-0\"  class=\"panel-grid-cell\" ><div id=\"panel-w68076dad437fd-0-0-0\" class=\"so-panel widget widget_sow-editor panel-first-child\" data-index=\"0\" ><div\n\t\t\t\n\t\t\tclass=\"so-widget-sow-editor so-widget-sow-editor-base\"\n\t\t\t\n\t\t><h3 class=\"widget-title\">Envolva-se<\/h3>\n<div class=\"siteorigin-widget-tinymce textwidget\">\n\t<p>nesse prop\u00f3sito: <strong>salvar vidas!<\/strong><\/p>\n<\/div>\n<\/div><\/div><div id=\"panel-w68076dad437fd-0-0-1\" class=\"so-panel widget widget_sow-features panel-last-child\" data-index=\"1\" ><div\n\t\t\t\n\t\t\tclass=\"so-widget-sow-features so-widget-sow-features-default-d0a445c1afab\"\n\t\t\t\n\t\t>\n<div class=\"sow-features-list sow-features-responsive\">\n\n\t\t\t\t\t\t\t\t\t<div\n\t\t\t\tclass=\"sow-features-feature sow-icon-container-position-right\"\n\t\t\t\tstyle=\"display: flex; flex-direction: row; width: calc(100% - 25px);\"\n\t\t\t>\n\t\t\t\n\t\t\t\t\t\t\t\t\t<a\n\t\t\t\t\t\thref=\"https:\/\/paz.church\/ct\/jesus\/\"\n\t\t\t\t\t\t\t\t\t\t\t>\n\t\t\t\t\t\t\t\t<div\n\t\t\t\t\tclass=\"sow-icon-container sow-container-none\"\n\t\t\t\t\tstyle=\"color: #404040; \"\n\t\t\t\t\t\t\t\t\t>\n\t\t\t\t\t<span class=\"sow-icon-fontawesome sow-far\" data-sow-icon=\"&#xf004;\"\n\t\tstyle=\"font-size: 24px; color: #4d4d4d\" \n\t\taria-hidden=\"true\"><\/span>\t\t\t\t<\/div>\n\t\t\t\t\t\t\t\t\t<\/a>\n\t\t\t\t\t\n\t\t\t\t<div class=\"textwidget\">\n\t\t\t\t\t\n\t\t\t\t\t\t\t\t\t\t\t<h3>\n\t\t\t\t\t\t\t\t\t\t\t\t\t\t\t<a\n\t\t\t\t\t\t\t\t\thref=\"https:\/\/paz.church\/ct\/jesus\/\"\n\t\t\t\t\t\t\t\t\t\t\t\t\t\t\t\t\t>\n\t\t\t\t\t\t\t\n\t\t\t\t\t\t\tQuero Jesus\t\t\t\t\t\t\t\t\t\t\t\t\t\t\t<\/a>\n\t\t\t\t\t\t\t\t\t\t\t\t\t<\/h3>\n\t\t\t\t\t\n\t\t\t\t\t\n\t\t\t\t\t\t\t\t\t<\/div>\n\t\t\t\t\t\t\t\t\n\t\t\t\t\t\t\t<\/div>\n\n\t\t\t\t\t\t\t\t<div\n\t\t\t\tclass=\"sow-features-feature sow-icon-container-position-right\"\n\t\t\t\tstyle=\"display: flex; flex-direction: row; width: calc(100% - 25px);\"\n\t\t\t>\n\t\t\t\n\t\t\t\t\t\t\t\t\t<a\n\t\t\t\t\t\thref=\"https:\/\/paz.church\/ct\/lifegroups\/\"\n\t\t\t\t\t\t\t\t\t\t\t>\n\t\t\t\t\t\t\t\t<div\n\t\t\t\t\tclass=\"sow-icon-container sow-container-none\"\n\t\t\t\t\tstyle=\"color: #404040; \"\n\t\t\t\t\t\t\t\t\t>\n\t\t\t\t\t<span class=\"sow-icon-fontawesome sow-far\" data-sow-icon=\"&#xf086;\"\n\t\tstyle=\"font-size: 24px; color: #4d4d4d\" \n\t\taria-hidden=\"true\"><\/span>\t\t\t\t<\/div>\n\t\t\t\t\t\t\t\t\t<\/a>\n\t\t\t\t\t\n\t\t\t\t<div class=\"textwidget\">\n\t\t\t\t\t\n\t\t\t\t\t\t\t\t\t\t\t<h3>\n\t\t\t\t\t\t\t\t\t\t\t\t\t\t\t<a\n\t\t\t\t\t\t\t\t\thref=\"https:\/\/paz.church\/ct\/lifegroups\/\"\n\t\t\t\t\t\t\t\t\t\t\t\t\t\t\t\t\t>\n\t\t\t\t\t\t\t\n\t\t\t\t\t\t\tLife Groups\t\t\t\t\t\t\t\t\t\t\t\t\t\t\t<\/a>\n\t\t\t\t\t\t\t\t\t\t\t\t\t<\/h3>\n\t\t\t\t\t\n\t\t\t\t\t\n\t\t\t\t\t\t\t\t\t<\/div>\n\t\t\t\t\t\t\t\t\n\t\t\t\t\t\t\t<\/div>\n\n\t\t\t\t\t\t\t\t<div\n\t\t\t\tclass=\"sow-features-feature sow-icon-container-position-right\"\n\t\t\t\tstyle=\"display: flex; flex-direction: row; width: calc(100% - 25px);\"\n\t\t\t>\n\t\t\t\n\t\t\t\t\t\t\t\t\t<a\n\t\t\t\t\t\thref=\"https:\/\/paz.church\/ct\/voluntarios\/\"\n\t\t\t\t\t\t\t\t\t\t\t>\n\t\t\t\t\t\t\t\t<div\n\t\t\t\t\tclass=\"sow-icon-container sow-container-none\"\n\t\t\t\t\tstyle=\"color: #404040; \"\n\t\t\t\t\t\t\t\t\t>\n\t\t\t\t\t<span class=\"sow-icon-fontawesome sow-far\" data-sow-icon=\"&#xf256;\"\n\t\tstyle=\"font-size: 24px; color: #4d4d4d\" \n\t\taria-hidden=\"true\"><\/span>\t\t\t\t<\/div>\n\t\t\t\t\t\t\t\t\t<\/a>\n\t\t\t\t\t\n\t\t\t\t<div class=\"textwidget\">\n\t\t\t\t\t\n\t\t\t\t\t\t\t\t\t\t\t<h3>\n\t\t\t\t\t\t\t\t\t\t\t\t\t\t\t<a\n\t\t\t\t\t\t\t\t\thref=\"https:\/\/paz.church\/ct\/voluntarios\/\"\n\t\t\t\t\t\t\t\t\t\t\t\t\t\t\t\t\t>\n\t\t\t\t\t\t\t\n\t\t\t\t\t\t\tVolunt\u00e1rios\t\t\t\t\t\t\t\t\t\t\t\t\t\t\t<\/a>\n\t\t\t\t\t\t\t\t\t\t\t\t\t<\/h3>\n\t\t\t\t\t\n\t\t\t\t\t\n\t\t\t\t\t\t\t\t\t<\/div>\n\t\t\t\t\t\t\t\t\n\t\t\t\t\t\t\t<\/div>\n\n\t\t\t\t\t\t\t\t<div\n\t\t\t\tclass=\"sow-features-feature sow-icon-container-position-right\"\n\t\t\t\tstyle=\"display: flex; flex-direction: row; width: calc(100% - 25px);\"\n\t\t\t>\n\t\t\t\n\t\t\t\t\t\t\t\t\t<a\n\t\t\t\t\t\thref=\"https:\/\/paz.church\/ct\/oracao\/\"\n\t\t\t\t\t\t\t\t\t\t\t>\n\t\t\t\t\t\t\t\t<div\n\t\t\t\t\tclass=\"sow-icon-container sow-container-none\"\n\t\t\t\t\tstyle=\"color: #404040; \"\n\t\t\t\t\t\t\t\t\t>\n\t\t\t\t\t<span class=\"sow-icon-fontawesome sow-far\" data-sow-icon=\"&#xf35b;\"\n\t\tstyle=\"font-size: 24px; color: #4d4d4d\" \n\t\taria-hidden=\"true\"><\/span>\t\t\t\t<\/div>\n\t\t\t\t\t\t\t\t\t<\/a>\n\t\t\t\t\t\n\t\t\t\t<div class=\"textwidget\">\n\t\t\t\t\t\n\t\t\t\t\t\t\t\t\t\t\t<h3>\n\t\t\t\t\t\t\t\t\t\t\t\t\t\t\t<a\n\t\t\t\t\t\t\t\t\thref=\"https:\/\/paz.church\/ct\/oracao\/\"\n\t\t\t\t\t\t\t\t\t\t\t\t\t\t\t\t\t>\n\t\t\t\t\t\t\t\n\t\t\t\t\t\t\tPaz Prayer\t\t\t\t\t\t\t\t\t\t\t\t\t\t\t<\/a>\n\t\t\t\t\t\t\t\t\t\t\t\t\t<\/h3>\n\t\t\t\t\t\n\t\t\t\t\t\n\t\t\t\t\t\t\t\t\t<\/div>\n\t\t\t\t\t\t\t\t\n\t\t\t\t\t\t\t<\/div>\n\n\t\t\t\t\t\t\t\t<div\n\t\t\t\tclass=\"sow-features-feature sow-icon-container-position-right\"\n\t\t\t\tstyle=\"display: flex; flex-direction: row; width: calc(100% - 25px);\"\n\t\t\t>\n\t\t\t\n\t\t\t\t\t\t\t\t\t<a\n\t\t\t\t\t\thref=\"https:\/\/paz.church\/ct\/contribua\/\"\n\t\t\t\t\t\t\t\t\t\t\t>\n\t\t\t\t\t\t\t\t<div\n\t\t\t\t\tclass=\"sow-icon-container sow-container-none\"\n\t\t\t\t\tstyle=\"color: #404040; \"\n\t\t\t\t\t\t\t\t\t>\n\t\t\t\t\t<span class=\"sow-icon-icomoon\" data-sow-icon=\"&#xe93b;\"\n\t\tstyle=\"font-size: 24px; color: #4d4d4d\" \n\t\taria-hidden=\"true\"><\/span>\t\t\t\t<\/div>\n\t\t\t\t\t\t\t\t\t<\/a>\n\t\t\t\t\t\n\t\t\t\t<div class=\"textwidget\">\n\t\t\t\t\t\n\t\t\t\t\t\t\t\t\t\t\t<h3>\n\t\t\t\t\t\t\t\t\t\t\t\t\t\t\t<a\n\t\t\t\t\t\t\t\t\thref=\"https:\/\/paz.church\/ct\/contribua\/\"\n\t\t\t\t\t\t\t\t\t\t\t\t\t\t\t\t\t>\n\t\t\t\t\t\t\t\n\t\t\t\t\t\t\tContribua\t\t\t\t\t\t\t\t\t\t\t\t\t\t\t<\/a>\n\t\t\t\t\t\t\t\t\t\t\t\t\t<\/h3>\n\t\t\t\t\t\n\t\t\t\t\t\n\t\t\t\t\t\t\t\t\t<\/div>\n\t\t\t\t\t\t\t\t\n\t\t\t\t\t\t\t<\/div>\n\n\t\t\t\n<\/div>\n<\/div><\/div><\/div><\/div><\/div><\/div><\/div><div id=\"panel-19051-2-1-1\" class=\"so-panel widget widget_siteorigin-panels-builder panel-last-child\" data-index=\"9\" ><div id=\"lateral-menu\" class=\"panel-widget-style panel-widget-style-for-19051-2-1-1\" ><div id=\"pl-w67bf281b87020\"  class=\"panel-layout\" ><div id=\"pg-w67bf281b87020-0\"  class=\"panel-grid panel-no-style\" ><div id=\"pgc-w67bf281b87020-0-0\"  class=\"panel-grid-cell\" ><div id=\"panel-w67bf281b87020-0-0-0\" class=\"so-panel widget widget_sow-editor panel-first-child\" data-index=\"0\" ><div\n\t\t\t\n\t\t\tclass=\"so-widget-sow-editor so-widget-sow-editor-base\"\n\t\t\t\n\t\t><h3 class=\"widget-title\">Siga a PAZ Connecticut<\/h3>\n<div class=\"siteorigin-widget-tinymce textwidget\">\n\t<p>Conecte-se conosco!<\/p>\n<\/div>\n<\/div><\/div><div id=\"panel-w67bf281b87020-0-0-1\" class=\"so-panel widget widget_sow-features panel-last-child\" data-index=\"1\" ><div\n\t\t\t\n\t\t\tclass=\"so-widget-sow-features so-widget-sow-features-default-d0a445c1afab\"\n\t\t\t\n\t\t>\n<div class=\"sow-features-list sow-features-responsive\">\n\n\t\t\t\t\t\t\t\t\t<div\n\t\t\t\tclass=\"sow-features-feature sow-icon-container-position-right\"\n\t\t\t\tstyle=\"display: flex; flex-direction: row; width: calc(100% - 25px);\"\n\t\t\t>\n\t\t\t\n\t\t\t\t\t\t\t\t\t<a\n\t\t\t\t\t\thref=\"https:\/\/www.youtube.com\/@pazchurchct\"\n\t\t\t\t\t\ttarget=\"_blank\" rel=\"noopener noreferrer\"\t\t\t\t\t>\n\t\t\t\t\t\t\t\t<div\n\t\t\t\t\tclass=\"sow-icon-container sow-container-none\"\n\t\t\t\t\tstyle=\"color: #404040; \"\n\t\t\t\t\t\t\t\t\t>\n\t\t\t\t\t<span class=\"sow-icon-fontawesome sow-fab\" data-sow-icon=\"&#xf167;\"\n\t\tstyle=\"font-size: 24px; color: #dd3333\" \n\t\taria-hidden=\"true\"><\/span>\t\t\t\t<\/div>\n\t\t\t\t\t\t\t\t\t<\/a>\n\t\t\t\t\t\n\t\t\t\t<div class=\"textwidget\">\n\t\t\t\t\t\n\t\t\t\t\t\t\t\t\t\t\t<h3>\n\t\t\t\t\t\t\t\t\t\t\t\t\t\t\t<a\n\t\t\t\t\t\t\t\t\thref=\"https:\/\/www.youtube.com\/@pazchurchct\"\n\t\t\t\t\t\t\t\t\ttarget=\"_blank\" rel=\"noopener noreferrer\"\t\t\t\t\t\t\t\t>\n\t\t\t\t\t\t\t\n\t\t\t\t\t\t\tYoutube\t\t\t\t\t\t\t\t\t\t\t\t\t\t\t<\/a>\n\t\t\t\t\t\t\t\t\t\t\t\t\t<\/h3>\n\t\t\t\t\t\n\t\t\t\t\t\n\t\t\t\t\t\t\t\t\t<\/div>\n\t\t\t\t\t\t\t\t\n\t\t\t\t\t\t\t<\/div>\n\n\t\t\t\t\t\t\t\t<div\n\t\t\t\tclass=\"sow-features-feature sow-icon-container-position-right\"\n\t\t\t\tstyle=\"display: flex; flex-direction: row; width: calc(100% - 25px);\"\n\t\t\t>\n\t\t\t\n\t\t\t\t\t\t\t\t\t<a\n\t\t\t\t\t\thref=\"https:\/\/www.instagram.com\/pazchurchct\/\"\n\t\t\t\t\t\ttarget=\"_blank\" rel=\"noopener noreferrer\"\t\t\t\t\t>\n\t\t\t\t\t\t\t\t<div\n\t\t\t\t\tclass=\"sow-icon-container sow-container-none\"\n\t\t\t\t\tstyle=\"color: #404040; \"\n\t\t\t\t\t\t\t\t\t>\n\t\t\t\t\t<span class=\"sow-icon-fontawesome sow-fab\" data-sow-icon=\"&#xf16d;\"\n\t\tstyle=\"font-size: 24px; color: #ba20cc\" \n\t\taria-hidden=\"true\"><\/span>\t\t\t\t<\/div>\n\t\t\t\t\t\t\t\t\t<\/a>\n\t\t\t\t\t\n\t\t\t\t<div class=\"textwidget\">\n\t\t\t\t\t\n\t\t\t\t\t\t\t\t\t\t\t<h3>\n\t\t\t\t\t\t\t\t\t\t\t\t\t\t\t<a\n\t\t\t\t\t\t\t\t\thref=\"https:\/\/www.instagram.com\/pazchurchct\/\"\n\t\t\t\t\t\t\t\t\ttarget=\"_blank\" rel=\"noopener noreferrer\"\t\t\t\t\t\t\t\t>\n\t\t\t\t\t\t\t\n\t\t\t\t\t\t\tInstagram\t\t\t\t\t\t\t\t\t\t\t\t\t\t\t<\/a>\n\t\t\t\t\t\t\t\t\t\t\t\t\t<\/h3>\n\t\t\t\t\t\n\t\t\t\t\t\n\t\t\t\t\t\t\t\t\t<\/div>\n\t\t\t\t\t\t\t\t\n\t\t\t\t\t\t\t<\/div>\n\n\t\t\t\t\t\t\t\t<div\n\t\t\t\tclass=\"sow-features-feature sow-icon-container-position-right\"\n\t\t\t\tstyle=\"display: flex; flex-direction: row; width: calc(100% - 25px);\"\n\t\t\t>\n\t\t\t\n\t\t\t\t\t\t\t\t\t<a\n\t\t\t\t\t\thref=\"https:\/\/www.facebook.com\/Pazchurchct\"\n\t\t\t\t\t\ttarget=\"_blank\" rel=\"noopener noreferrer\"\t\t\t\t\t>\n\t\t\t\t\t\t\t\t<div\n\t\t\t\t\tclass=\"sow-icon-container sow-container-none\"\n\t\t\t\t\tstyle=\"color: #404040; \"\n\t\t\t\t\t\t\t\t\t>\n\t\t\t\t\t<span class=\"sow-icon-fontawesome sow-fab\" data-sow-icon=\"&#xf39e;\"\n\t\tstyle=\"font-size: 24px; color: #1d61ba\" \n\t\taria-hidden=\"true\"><\/span>\t\t\t\t<\/div>\n\t\t\t\t\t\t\t\t\t<\/a>\n\t\t\t\t\t\n\t\t\t\t<div class=\"textwidget\">\n\t\t\t\t\t\n\t\t\t\t\t\t\t\t\t\t\t<h3>\n\t\t\t\t\t\t\t\t\t\t\t\t\t\t\t<a\n\t\t\t\t\t\t\t\t\thref=\"https:\/\/www.facebook.com\/Pazchurchct\"\n\t\t\t\t\t\t\t\t\ttarget=\"_blank\" rel=\"noopener noreferrer\"\t\t\t\t\t\t\t\t>\n\t\t\t\t\t\t\t\n\t\t\t\t\t\t\tFacebook\t\t\t\t\t\t\t\t\t\t\t\t\t\t\t<\/a>\n\t\t\t\t\t\t\t\t\t\t\t\t\t<\/h3>\n\t\t\t\t\t\n\t\t\t\t\t\n\t\t\t\t\t\t\t\t\t<\/div>\n\t\t\t\t\t\t\t\t\n\t\t\t\t\t\t\t<\/div>\n\n\t\t\t\n<\/div>\n<\/div><\/div><\/div><\/div><\/div><\/div><\/div><\/div><\/div><\/div>","protected":false},"excerpt":{"rendered":"<p>Culto de Celebra\u00e7\u00e3o Domingo: 10:00 AM Culto de Celebra\u00e7\u00e3o Aos Domingos, nos reunimos para adorar e expressar gratid\u00e3o ao nosso Deus! Voc\u00ea e sua fam\u00edlia s\u00e3o os nossos convidados especiais. Seja um volunt\u00e1rio Todas as atividades que os volunt\u00e1rios da Paz Church Connecticut exercem possuem um grande prop\u00f3sito: salvar vidas! Culto de Celebra\u00e7\u00e3o Domingo: 10:00Continue reading &rarr;<\/p>\n","protected":false},"author":2,"featured_media":0,"parent":0,"menu_order":0,"comment_status":"closed","ping_status":"closed","template":"","meta":{"_seopress_robots_primary_cat":"","_seopress_titles_title":"","_seopress_titles_desc":"","_seopress_robots_index":"","footnotes":""},"class_list":["post-19051","page","type-page","status-publish","has-thumb"],"_links":{"self":[{"href":"https:\/\/paz.church\/ct\/wp-json\/wp\/v2\/pages\/19051","targetHints":{"allow":["GET"]}}],"collection":[{"href":"https:\/\/paz.church\/ct\/wp-json\/wp\/v2\/pages"}],"about":[{"href":"https:\/\/paz.church\/ct\/wp-json\/wp\/v2\/types\/page"}],"author":[{"embeddable":true,"href":"https:\/\/paz.church\/ct\/wp-json\/wp\/v2\/users\/2"}],"replies":[{"embeddable":true,"href":"https:\/\/paz.church\/ct\/wp-json\/wp\/v2\/comments?post=19051"}],"version-history":[{"count":7,"href":"https:\/\/paz.church\/ct\/wp-json\/wp\/v2\/pages\/19051\/revisions"}],"predecessor-version":[{"id":19934,"href":"https:\/\/paz.church\/ct\/wp-json\/wp\/v2\/pages\/19051\/revisions\/19934"}],"wp:attachment":[{"href":"https:\/\/paz.church\/ct\/wp-json\/wp\/v2\/media?parent=19051"}],"curies":[{"name":"wp","href":"https:\/\/api.w.org\/{rel}","templated":true}]}}