{"id":19622,"date":"2021-03-14T16:41:28","date_gmt":"2021-03-14T19:41:28","guid":{"rendered":"https:\/\/paz.church\/saopaulo\/?page_id=11511"},"modified":"2025-03-09T18:04:36","modified_gmt":"2025-03-09T22:04:36","slug":"cultos","status":"publish","type":"page","link":"https:\/\/paz.church\/ct\/cultos\/","title":{"rendered":"Culto de Celebra\u00e7\u00e3o"},"content":{"rendered":"<div id=\"pl-19622\"  class=\"panel-layout\" ><a id=\"bordas\"><\/a><div id=\"pg-19622-0\"  class=\"panel-grid panel-has-style\"  data-extraid=\"bordas\" ><div class=\"bordas panel-row-style panel-row-style-for-19622-0\" ><div id=\"pgc-19622-0-0\"  class=\"panel-grid-cell\" ><div id=\"panel-19622-0-0-0\" class=\"so-panel widget widget_sow-editor panel-first-child panel-last-child\" data-index=\"0\" ><div\n\t\t\t\n\t\t\tclass=\"so-widget-sow-editor so-widget-sow-editor-base\"\n\t\t\t\n\t\t>\n<div class=\"siteorigin-widget-tinymce textwidget\">\n\t<h2 style=\"text-align: center; margin-bottom: 10px;\">Bridgeport, Connecticut.<\/h2>\n<p style=\"text-align: center;\">Domingo: <b>10:00 am<\/b><strong><br \/>\n<\/strong><\/p>\n<\/div>\n<\/div><\/div><\/div><\/div><\/div><a id=\"bordas\"><\/a><div id=\"pg-19622-1\"  class=\"panel-grid panel-has-style\"  data-extraid=\"bordas\" ><div class=\"bordas panel-row-style panel-row-style-for-19622-1\" ><div id=\"pgc-19622-1-0\"  class=\"panel-grid-cell\" ><div id=\"panel-19622-1-0-0\" class=\"so-panel widget widget_sow-editor panel-first-child panel-last-child\" data-index=\"1\" ><div\n\t\t\t\n\t\t\tclass=\"so-widget-sow-editor so-widget-sow-editor-base\"\n\t\t\t\n\t\t>\n<div class=\"siteorigin-widget-tinymce textwidget\">\n\t<p>Esperamos por voc\u00ea!<\/p>\n<\/div>\n<\/div><\/div><\/div><\/div><\/div><a id=\"bordas\"><\/a><div id=\"pg-19622-2\"  class=\"panel-grid panel-has-style\"  data-extraid=\"bordas\" ><div class=\"bordas panel-row-style panel-row-style-for-19622-2\" ><div id=\"pgc-19622-2-0\"  class=\"panel-grid-cell\" ><div id=\"panel-19622-2-0-0\" class=\"so-panel widget widget_sow-icon panel-first-child panel-last-child\" data-index=\"2\" ><div\n\t\t\t\n\t\t\tclass=\"so-widget-sow-icon so-widget-sow-icon-default-1f7b01c75bc4-19622\"\n\t\t\t\n\t\t>\n<div class=\"sow-icon-container sow-icon\">\n\t\t\t<span class=\"sow-icon-elegantline\" data-sow-icon=\"&#xe002;\"\n\t\t \n\t\taria-hidden=\"true\"><\/span>\t<\/div>\n<\/div><\/div><\/div><div id=\"pgc-19622-2-1\"  class=\"panel-grid-cell\" ><div id=\"panel-19622-2-1-0\" class=\"so-panel widget widget_sow-editor panel-first-child panel-last-child\" data-index=\"3\" ><div class=\"panel-widget-style panel-widget-style-for-19622-2-1-0\" ><div\n\t\t\t\n\t\t\tclass=\"so-widget-sow-editor so-widget-sow-editor-base\"\n\t\t\t\n\t\t>\n<div class=\"siteorigin-widget-tinymce textwidget\">\n\t<p>Para quem ainda n\u00e3o pode participar presencialmente em nossas reuni\u00f5es, recomendamos assistir o Culto Online, transmitido todo Domingo, \u00e0s 17h em nosso <a href=\"https:\/\/youtube.com\/PazSaoPaulo\" target=\"_blank\" rel=\"noopener\"><strong>Canal do Youtube<\/strong><\/a><\/p>\n<\/div>\n<\/div><\/div><\/div><\/div><div id=\"pgc-19622-2-2\"  class=\"panel-grid-cell\" ><div id=\"panel-19622-2-2-0\" class=\"so-panel widget widget_sow-button panel-first-child panel-last-child\" data-index=\"4\" ><div\n\t\t\t\n\t\t\tclass=\"so-widget-sow-button so-widget-sow-button-flat-bb2ea68114e3-19622\"\n\t\t\t\n\t\t><div class=\"ow-button-base ow-button-align-center\">\n\t\t\t<a\n\t\t\t\t\thref=\"https:\/\/youtube.com\/PazSaoPaulo\"\n\t\t\t\t\tclass=\"sowb-button ow-icon-placement-left\" target=\"_blank\" rel=\"noopener noreferrer\" \t>\n\t\t<span>\n\t\t\t\n\t\t\tClique aqui\t\t<\/span>\n\t\t\t<\/a>\n\t<\/div>\n<\/div><\/div><\/div><\/div><\/div><\/div>","protected":false},"excerpt":{"rendered":"<p>Bridgeport, Connecticut. Domingo: 10:00 am Esperamos por voc\u00ea!<\/p>\n","protected":false},"author":2,"featured_media":19577,"parent":0,"menu_order":0,"comment_status":"closed","ping_status":"closed","template":"","meta":{"_seopress_robots_primary_cat":"","_seopress_titles_title":"","_seopress_titles_desc":"","_seopress_robots_index":"","footnotes":""},"class_list":["post-19622","page","type-page","status-publish","has-post-thumbnail","has-thumb"],"_links":{"self":[{"href":"https:\/\/paz.church\/ct\/wp-json\/wp\/v2\/pages\/19622","targetHints":{"allow":["GET"]}}],"collection":[{"href":"https:\/\/paz.church\/ct\/wp-json\/wp\/v2\/pages"}],"about":[{"href":"https:\/\/paz.church\/ct\/wp-json\/wp\/v2\/types\/page"}],"author":[{"embeddable":true,"href":"https:\/\/paz.church\/ct\/wp-json\/wp\/v2\/users\/2"}],"replies":[{"embeddable":true,"href":"https:\/\/paz.church\/ct\/wp-json\/wp\/v2\/comments?post=19622"}],"version-history":[{"count":3,"href":"https:\/\/paz.church\/ct\/wp-json\/wp\/v2\/pages\/19622\/revisions"}],"predecessor-version":[{"id":19861,"href":"https:\/\/paz.church\/ct\/wp-json\/wp\/v2\/pages\/19622\/revisions\/19861"}],"wp:featuredmedia":[{"embeddable":true,"href":"https:\/\/paz.church\/ct\/wp-json\/"}],"wp:attachment":[{"href":"https:\/\/paz.church\/ct\/wp-json\/wp\/v2\/media?parent=19622"}],"curies":[{"name":"wp","href":"https:\/\/api.w.org\/{rel}","templated":true}]}}