{"id":19640,"date":"2022-07-14T14:50:41","date_gmt":"2022-07-14T17:50:41","guid":{"rendered":"https:\/\/paz.church\/saopaulo\/?page_id=19631"},"modified":"2025-04-24T10:23:39","modified_gmt":"2025-04-24T14:23:39","slug":"volts","status":"publish","type":"page","link":"https:\/\/paz.church\/ct\/volts\/","title":{"rendered":"Seja um volunt\u00e1rio"},"content":{"rendered":"<div id=\"pl-19640\"  class=\"panel-layout\" ><a id=\"bordas\"><\/a><div id=\"pg-19640-0\"  class=\"panel-grid panel-has-style\"  data-extraid=\"bordas\" ><div class=\"bordas panel-row-style panel-row-style-for-19640-0\" id=\"ministerios\" ><div id=\"pgc-19640-0-0\"  class=\"panel-grid-cell\" ><div id=\"panel-19640-0-0-0\" class=\"so-panel widget widget_sow-editor panel-first-child panel-last-child\" data-index=\"0\" ><div class=\"panel-widget-style panel-widget-style-for-19640-0-0-0\" ><div\n\t\t\t\n\t\t\tclass=\"so-widget-sow-editor so-widget-sow-editor-base\"\n\t\t\t\n\t\t><h3 class=\"widget-title\">Seja um Volunt\u00e1rio!<\/h3>\n<div class=\"siteorigin-widget-tinymce textwidget\">\n\t<p><strong>A Cultura do Volts<\/strong><\/p>\n<p>O Volts \u00e9 a cobertura dos volunt\u00e1rios de nossos minist\u00e9rios.<\/p>\n<p><span style=\"font-weight: 400;\">Acreditamos que servir na igreja \u00e9 um privil\u00e9gio e uma forma poderosa de expressar o amor de Deus. Cada \u00e1rea de servi\u00e7o, seja na recep\u00e7\u00e3o, no louvor, no apoio aos cultos ou no minist\u00e9rio infantil, tem um prop\u00f3sito essencial: criar um ambiente onde mais pessoas possam conhecer a Jesus.<\/span><\/p>\n<p><span style=\"font-weight: 400;\">Cada volunt\u00e1rio desempenha um papel fundamental na experi\u00eancia de todos que entram pela nossa porta. Desde um sorriso acolhedor at\u00e9 o suporte t\u00e9cnico de um culto, tudo contribui para transformar vidas e levar esperan\u00e7a.<\/span><\/p>\n<p><span style=\"font-weight: 400;\">Na Paz Church Connecticut, queremos que voc\u00ea fa\u00e7a parte desse movimento de amor e servi\u00e7o. H\u00e1 diversas \u00e1reas em que voc\u00ea pode se envolver no Volts e usar seus dons para impactar vidas. Descubra onde voc\u00ea pode servir e junte-se a n\u00f3s nessa miss\u00e3o!<\/span><\/p>\n<\/div>\n<\/div><\/div><\/div><\/div><\/div><\/div><div id=\"pg-19640-1\"  class=\"panel-grid panel-has-style\" ><div class=\"siteorigin-panels-stretch panel-row-style panel-row-style-for-19640-1\" id=\"Team01\" data-stretch-type=\"full\" ><div id=\"pgc-19640-1-0\"  class=\"panel-grid-cell\" ><div id=\"colunas-widget\" class=\"panel-cell-style panel-cell-style-for-19640-1-0\" ><div id=\"panel-19640-1-0-0\" class=\"so-panel widget widget_sow-headline panel-first-child panel-last-child\" data-index=\"1\" ><div class=\"titulo panel-widget-style panel-widget-style-for-19640-1-0-0\" id=\"ministerios\" ><div\n\t\t\t\n\t\t\tclass=\"so-widget-sow-headline so-widget-sow-headline-default-f7a5dc35bfba-19640\"\n\t\t\t\n\t\t><div class=\"sow-headline-container \">\n\t\t\t\t\t\t\t<h3 class=\"sow-headline\">\n\t\t\t\t\t\tMinist\u00e9rios de Entrada\t\t\t\t\t\t<\/h3>\n\t\t\t\t\t\t<\/div>\n<\/div><\/div><\/div><\/div><\/div><\/div><\/div><a id=\"bordas\"><\/a><div id=\"pg-19640-2\"  class=\"panel-grid panel-has-style\"  data-extraid=\"bordas\" ><div class=\"bordas panel-row-style panel-row-style-for-19640-2\" id=\"ministerios\" ><div id=\"pgc-19640-2-0\"  class=\"panel-grid-cell\" ><div id=\"panel-19640-2-0-0\" class=\"so-panel widget widget_sow-image panel-first-child panel-last-child\" data-index=\"2\" ><div\n\t\t\t\n\t\t\tclass=\"so-widget-sow-image so-widget-sow-image-default-8b5b6f678277-19640\"\n\t\t\t\n\t\t>\n\n<div class=\"sow-image-container\">\n\t\t<img loading=\"lazy\" decoding=\"async\" src=\"https:\/\/paz.church\/ct\/wp-content\/uploads\/2025\/03\/Atmosfera-e1741555755523-426x240.jpg\" width=\"426\" height=\"240\" sizes=\"auto, (max-width: 426px) 100vw, 426px\" title=\"Atmosfera\" alt=\"\" \t\tclass=\"so-widget-image\"\/>\n\t<\/div>\n\n<\/div><\/div><\/div><div id=\"pgc-19640-2-1\"  class=\"panel-grid-cell\" ><div id=\"panel-19640-2-1-0\" class=\"so-panel widget widget_sow-editor panel-first-child panel-last-child\" data-index=\"3\" ><div class=\"panel-widget-style panel-widget-style-for-19640-2-1-0\" ><div\n\t\t\t\n\t\t\tclass=\"so-widget-sow-editor so-widget-sow-editor-base\"\n\t\t\t\n\t\t><h3 class=\"widget-title\">Atmosfera<\/h3>\n<div class=\"siteorigin-widget-tinymce textwidget\">\n\t<p>Nosso objetivo \u00e9 garantir que nossos membros e convidados sejam super bem recebidos em nossa Igreja.<\/p>\n<\/div>\n<\/div><\/div><\/div><\/div><\/div><\/div><a id=\"bordas\"><\/a><div id=\"pg-19640-3\"  class=\"panel-grid panel-has-style\"  data-extraid=\"bordas\" ><div class=\"bordas panel-row-style panel-row-style-for-19640-3\" id=\"ministerios\" ><div id=\"pgc-19640-3-0\"  class=\"panel-grid-cell\" ><div id=\"panel-19640-3-0-0\" class=\"so-panel widget widget_sow-image panel-first-child panel-last-child\" data-index=\"4\" ><div\n\t\t\t\n\t\t\tclass=\"so-widget-sow-image so-widget-sow-image-default-8b5b6f678277-19640\"\n\t\t\t\n\t\t>\n\n<div class=\"sow-image-container\">\n\t\t<img loading=\"lazy\" decoding=\"async\" src=\"https:\/\/paz.church\/ct\/wp-content\/uploads\/2025\/03\/Captura-de-Tela-2021-11-29-as-08.49.26-426x240.jpg\" width=\"426\" height=\"240\" sizes=\"auto, (max-width: 426px) 100vw, 426px\" title=\"Captura-de-Tela-2021-11-29-a\u0300s-08.49.26\" alt=\"\" \t\tclass=\"so-widget-image\"\/>\n\t<\/div>\n\n<\/div><\/div><\/div><div id=\"pgc-19640-3-1\"  class=\"panel-grid-cell\" ><div id=\"panel-19640-3-1-0\" class=\"so-panel widget widget_sow-editor panel-first-child panel-last-child\" data-index=\"5\" ><div class=\"panel-widget-style panel-widget-style-for-19640-3-1-0\" ><div\n\t\t\t\n\t\t\tclass=\"so-widget-sow-editor so-widget-sow-editor-base\"\n\t\t\t\n\t\t><h3 class=\"widget-title\">Amor em A\u00e7\u00e3o<\/h3>\n<div class=\"siteorigin-widget-tinymce textwidget\">\n\t<p>As \u00e1reas de atua\u00e7\u00e3o s\u00e3o diversas e todas elas est\u00e3o voltadas ao \u00e2mbito da A\u00e7\u00e3o Social, do socorro ao necessitado.<\/p>\n<\/div>\n<\/div><\/div><\/div><\/div><\/div><\/div><a id=\"bordas\"><\/a><div id=\"pg-19640-4\"  class=\"panel-grid panel-has-style\"  data-extraid=\"bordas\" ><div class=\"bordas panel-row-style panel-row-style-for-19640-4\" id=\"ministerios\" ><div id=\"pgc-19640-4-0\"  class=\"panel-grid-cell\" ><div id=\"panel-19640-4-0-0\" class=\"so-panel widget widget_sow-image panel-first-child panel-last-child\" data-index=\"6\" ><div\n\t\t\t\n\t\t\tclass=\"so-widget-sow-image so-widget-sow-image-default-8b5b6f678277-19640\"\n\t\t\t\n\t\t>\n\n<div class=\"sow-image-container\">\n\t\t<img loading=\"lazy\" decoding=\"async\" src=\"https:\/\/paz.church\/ct\/wp-content\/uploads\/2025\/03\/f24ab59d-1911-4956-bdab-5bb3532825a1-e1741556739888-426x240.jpg\" width=\"426\" height=\"240\" sizes=\"auto, (max-width: 426px) 100vw, 426px\" title=\"f24ab59d-1911-4956-bdab-5bb3532825a1\" alt=\"\" \t\tclass=\"so-widget-image\"\/>\n\t<\/div>\n\n<\/div><\/div><\/div><div id=\"pgc-19640-4-1\"  class=\"panel-grid-cell\" ><div id=\"panel-19640-4-1-0\" class=\"so-panel widget widget_sow-editor panel-first-child panel-last-child\" data-index=\"7\" ><div class=\"panel-widget-style panel-widget-style-for-19640-4-1-0\" ><div\n\t\t\t\n\t\t\tclass=\"so-widget-sow-editor so-widget-sow-editor-base\"\n\t\t\t\n\t\t><h3 class=\"widget-title\">Paz Kids<\/h3>\n<div class=\"siteorigin-widget-tinymce textwidget\">\n\t<p>Com muita criatividade, alegria e amor, transmitimos fundamentos b\u00edblicos que ir\u00e3o lapidar o car\u00e1ter de cada crian\u00e7a.<\/p>\n<\/div>\n<\/div><\/div><\/div><\/div><\/div><\/div><a id=\"bordas\"><\/a><div id=\"pg-19640-5\"  class=\"panel-grid panel-has-style\"  data-extraid=\"bordas\" ><div class=\"bordas panel-row-style panel-row-style-for-19640-5\" id=\"ministerios\" ><div id=\"pgc-19640-5-0\"  class=\"panel-grid-cell\" ><div id=\"panel-19640-5-0-0\" class=\"so-panel widget widget_sow-image panel-first-child panel-last-child\" data-index=\"8\" ><div\n\t\t\t\n\t\t\tclass=\"so-widget-sow-image so-widget-sow-image-default-8b5b6f678277-19640\"\n\t\t\t\n\t\t>\n\n<div class=\"sow-image-container\">\n\t\t<img loading=\"lazy\" decoding=\"async\" src=\"https:\/\/paz.church\/ct\/wp-content\/uploads\/2025\/03\/jack-sharp-shcvvqbqbdk-unsplash-425x240.webp\" width=\"425\" height=\"240\" sizes=\"auto, (max-width: 425px) 100vw, 425px\" alt=\"\" \t\tclass=\"so-widget-image\"\/>\n\t<\/div>\n\n<\/div><\/div><\/div><div id=\"pgc-19640-5-1\"  class=\"panel-grid-cell\" ><div id=\"panel-19640-5-1-0\" class=\"so-panel widget widget_sow-editor panel-first-child panel-last-child\" data-index=\"9\" ><div class=\"panel-widget-style panel-widget-style-for-19640-5-1-0\" ><div\n\t\t\t\n\t\t\tclass=\"so-widget-sow-editor so-widget-sow-editor-base\"\n\t\t\t\n\t\t><h3 class=\"widget-title\">Paz Prayer<\/h3>\n<div class=\"siteorigin-widget-tinymce textwidget\">\n\t<p>O nosso Senhor Jesus deixou bem claro na sua Palavra a extrema import\u00e2ncia da ora\u00e7\u00e3o. Sabemos que \u00e9 dever de todo crente orar.<\/p>\n<\/div>\n<\/div><\/div><\/div><\/div><\/div><\/div><div id=\"pg-19640-6\"  class=\"panel-grid panel-has-style\" ><div class=\"siteorigin-panels-stretch panel-row-style panel-row-style-for-19640-6\" id=\"Team01\" data-stretch-type=\"full\" ><div id=\"pgc-19640-6-0\"  class=\"panel-grid-cell\" ><div id=\"colunas-widget\" class=\"panel-cell-style panel-cell-style-for-19640-6-0\" ><div id=\"panel-19640-6-0-0\" class=\"so-panel widget widget_sow-headline panel-first-child panel-last-child\" data-index=\"10\" ><div class=\"titulo panel-widget-style panel-widget-style-for-19640-6-0-0\" id=\"ministerios\" ><div\n\t\t\t\n\t\t\tclass=\"so-widget-sow-headline so-widget-sow-headline-default-f7a5dc35bfba-19640\"\n\t\t\t\n\t\t><div class=\"sow-headline-container \">\n\t\t\t\t\t\t\t<h3 class=\"sow-headline\">\n\t\t\t\t\t\tFA\u00c7A A SUA INSCRI\u00c7\u00c3O\t\t\t\t\t\t<\/h3>\n\t\t\t\t\t\t<\/div>\n<\/div><\/div><\/div><\/div><\/div><\/div><\/div><div id=\"pg-19640-7\"  class=\"panel-grid panel-no-style\" ><div id=\"pgc-19640-7-0\"  class=\"panel-grid-cell\" ><div id=\"panel-19640-7-0-0\" class=\"so-panel widget widget_sow-editor panel-first-child panel-last-child\" data-index=\"11\" ><div class=\"bordas panel-widget-style panel-widget-style-for-19640-7-0-0\" id=\"frm\" ><div\n\t\t\t\n\t\t\tclass=\"so-widget-sow-editor so-widget-sow-editor-base\"\n\t\t\t\n\t\t>\n<div class=\"siteorigin-widget-tinymce textwidget\">\n\t\n<div class=\"wpcf7 no-js\" id=\"wpcf7-f3735-o1\" lang=\"pt-BR\" dir=\"ltr\" data-wpcf7-id=\"3735\">\n<div class=\"screen-reader-response\"><p role=\"status\" aria-live=\"polite\" aria-atomic=\"true\"><\/p> <ul><\/ul><\/div>\n<form action=\"\/ct\/wp-json\/wp\/v2\/pages\/19640#wpcf7-f3735-o1\" method=\"post\" class=\"wpcf7-form init\" aria-label=\"Formul\u00e1rios de contato\" novalidate=\"novalidate\" data-status=\"init\">\n<div style=\"display: none;\">\n<input type=\"hidden\" name=\"_wpcf7\" value=\"3735\" \/>\n<input type=\"hidden\" name=\"_wpcf7_version\" value=\"6.0\" \/>\n<input type=\"hidden\" name=\"_wpcf7_locale\" value=\"pt_BR\" \/>\n<input type=\"hidden\" name=\"_wpcf7_unit_tag\" value=\"wpcf7-f3735-o1\" \/>\n<input type=\"hidden\" name=\"_wpcf7_container_post\" value=\"0\" \/>\n<input type=\"hidden\" name=\"_wpcf7_posted_data_hash\" value=\"\" \/>\n<input type=\"hidden\" name=\"_wpcf7_recaptcha_response\" value=\"\" \/>\n<\/div>\n<div class=\"campo-esq\">\n\t<p>Nome e sobrenome*\n\t<\/p>\n\t<p><span class=\"wpcf7-form-control-wrap\" data-name=\"your-name\"><input size=\"40\" maxlength=\"400\" class=\"wpcf7-form-control wpcf7-text wpcf7-validates-as-required\" aria-required=\"true\" aria-invalid=\"false\" value=\"\" type=\"text\" name=\"your-name\" \/><\/span>\n\t<\/p>\n<\/div>\n<div class=\"campo-dir\">\n\t<p>Email*\n\t<\/p>\n\t<p><span class=\"wpcf7-form-control-wrap\" data-name=\"your-email\"><input size=\"40\" maxlength=\"400\" class=\"wpcf7-form-control wpcf7-email wpcf7-validates-as-required wpcf7-text wpcf7-validates-as-email\" aria-required=\"true\" aria-invalid=\"false\" value=\"\" type=\"email\" name=\"your-email\" \/><\/span>\n\t<\/p>\n<\/div>\n<div class=\"clear\">\n<\/div>\n<div class=\"campo-25\">\n\t<p>Sexo*\n\t<\/p>\n\t<p><span class=\"wpcf7-form-control-wrap\" data-name=\"menu-23\"><select class=\"wpcf7-form-control wpcf7-select\" aria-invalid=\"false\" name=\"menu-23\"><option value=\"\">&#8212;Escolha uma op\u00e7\u00e3o&#8212;<\/option><option value=\"Masculino\">Masculino<\/option><option value=\"Feminino\">Feminino<\/option><\/select><\/span>\n\t<\/p>\n<\/div>\n<div class=\"campo-25\">\n\t<p>Faixa et\u00e1ria*\n\t<\/p>\n\t<p><span class=\"wpcf7-form-control-wrap\" data-name=\"menu-24\"><select class=\"wpcf7-form-control wpcf7-select\" aria-invalid=\"false\" name=\"menu-24\"><option value=\"\">&#8212;Escolha uma op\u00e7\u00e3o&#8212;<\/option><option value=\"Adulto\">Adulto<\/option><option value=\"Jovem\">Jovem<\/option><option value=\"Adolescente\">Adolescente<\/option><\/select><\/span>\n\t<\/p>\n<\/div>\n<div class=\"campo-dir\">\n\t<p>Telefone\/WhatsApp*\n\t<\/p>\n\t<p><span class=\"wpcf7-form-control-wrap\" data-name=\"your-phone\"><input size=\"40\" maxlength=\"400\" class=\"wpcf7-form-control wpcf7-text wpcf7-validates-as-required\" aria-required=\"true\" aria-invalid=\"false\" value=\"\" type=\"text\" name=\"your-phone\" \/><\/span>\n\t<\/p>\n<\/div>\n<div class=\"clear\">\n<\/div>\n<div class=\"campo-esq\">\n\t<p>Endere\u00e7o completo*\n\t<\/p>\n\t<p><span class=\"wpcf7-form-control-wrap\" data-name=\"your-endereco\"><input size=\"40\" maxlength=\"400\" class=\"wpcf7-form-control wpcf7-text wpcf7-validates-as-required\" aria-required=\"true\" aria-invalid=\"false\" value=\"\" type=\"text\" name=\"your-endereco\" \/><\/span>\n\t<\/p>\n<\/div>\n<div class=\"campo-dir\">\n\t<p>L\u00edder de Life Group*\n\t<\/p>\n\t<p><span class=\"wpcf7-form-control-wrap\" data-name=\"your-lider-lg\"><input size=\"40\" maxlength=\"400\" class=\"wpcf7-form-control wpcf7-text wpcf7-validates-as-required\" aria-required=\"true\" aria-invalid=\"false\" value=\"\" type=\"text\" name=\"your-lider-lg\" \/><\/span>\n\t<\/p>\n<\/div>\n<div class=\"clear\">\n<\/div>\n<div class=\"campo-esq\">\n\t<p>Pastor de Rede*\n\t<\/p>\n\t<p><span class=\"wpcf7-form-control-wrap\" data-name=\"your-pastor\"><input size=\"40\" maxlength=\"400\" class=\"wpcf7-form-control wpcf7-text wpcf7-validates-as-required\" aria-required=\"true\" aria-invalid=\"false\" value=\"\" type=\"text\" name=\"your-pastor\" \/><\/span>\n\t<\/p>\n<\/div>\n<div class=\"campo-dir\">\n\t<p>Minist\u00e9rio onde voc\u00ea quer servir*\n\t<\/p>\n\t<p><span class=\"wpcf7-form-control-wrap\" data-name=\"menu-26\"><select class=\"wpcf7-form-control wpcf7-select\" aria-invalid=\"false\" name=\"menu-26\"><option value=\"\">&#8212;Escolha uma op\u00e7\u00e3o&#8212;<\/option><option value=\"Atmosfera\">Atmosfera<\/option><option value=\"Amor em A\u00e7\u00e3o\">Amor em A\u00e7\u00e3o<\/option><option value=\"Paz Kids\">Paz Kids<\/option><option value=\"Paz Prayer\">Paz Prayer<\/option><\/select><\/span>\n\t<\/p>\n<\/div>\n<div class=\"clear\">\n<\/div>\n<div class=\"campo-full\">\n\t<p>Observa\u00e7\u00e3o\n\t<\/p>\n\t<p><span class=\"wpcf7-form-control-wrap\" data-name=\"your-observacao\"><textarea cols=\"40\" rows=\"20\" maxlength=\"2000\" class=\"wpcf7-form-control wpcf7-textarea\" aria-invalid=\"false\" name=\"your-observacao\"><\/textarea><\/span>\n\t<\/p>\n<\/div>\n<div class=\"clear\">\n<\/div>\n<p><input class=\"wpcf7-form-control wpcf7-submit has-spinner\" type=\"submit\" value=\"Enviar\" \/>\n<\/p><p style=\"display: none !important;\" class=\"akismet-fields-container\" data-prefix=\"_wpcf7_ak_\"><label>&#916;<textarea name=\"_wpcf7_ak_hp_textarea\" cols=\"45\" rows=\"8\" maxlength=\"100\"><\/textarea><\/label><input type=\"hidden\" id=\"ak_js_1\" name=\"_wpcf7_ak_js\" value=\"23\"\/><script>document.getElementById( \"ak_js_1\" ).setAttribute( \"value\", ( new Date() ).getTime() );<\/script><\/p><div class=\"wpcf7-response-output\" aria-hidden=\"true\"><\/div>\n<\/form>\n<\/div>\n\n<\/div>\n<\/div><\/div><\/div><\/div><\/div><\/div>","protected":false},"excerpt":{"rendered":"<p>A Cultura do Volts O Volts \u00e9 a cobertura dos volunt\u00e1rios de nossos minist\u00e9rios. Acreditamos que servir na igreja \u00e9 um privil\u00e9gio e uma forma poderosa de expressar o amor de Deus. Cada \u00e1rea de servi\u00e7o, seja na recep\u00e7\u00e3o, no louvor, no apoio aos cultos ou no minist\u00e9rio infantil, tem um prop\u00f3sito essencial: criar umContinue reading &rarr;<\/p>\n","protected":false},"author":3,"featured_media":19938,"parent":0,"menu_order":0,"comment_status":"closed","ping_status":"closed","template":"","meta":{"_seopress_robots_primary_cat":"","_seopress_titles_title":"","_seopress_titles_desc":"","_seopress_robots_index":"","footnotes":""},"class_list":["post-19640","page","type-page","status-publish","has-post-thumbnail","has-thumb"],"_links":{"self":[{"href":"https:\/\/paz.church\/ct\/wp-json\/wp\/v2\/pages\/19640","targetHints":{"allow":["GET"]}}],"collection":[{"href":"https:\/\/paz.church\/ct\/wp-json\/wp\/v2\/pages"}],"about":[{"href":"https:\/\/paz.church\/ct\/wp-json\/wp\/v2\/types\/page"}],"author":[{"embeddable":true,"href":"https:\/\/paz.church\/ct\/wp-json\/wp\/v2\/users\/3"}],"replies":[{"embeddable":true,"href":"https:\/\/paz.church\/ct\/wp-json\/wp\/v2\/comments?post=19640"}],"version-history":[{"count":12,"href":"https:\/\/paz.church\/ct\/wp-json\/wp\/v2\/pages\/19640\/revisions"}],"predecessor-version":[{"id":19950,"href":"https:\/\/paz.church\/ct\/wp-json\/wp\/v2\/pages\/19640\/revisions\/19950"}],"wp:featuredmedia":[{"embeddable":true,"href":"https:\/\/paz.church\/ct\/wp-json\/wp\/v2\/media\/19938"}],"wp:attachment":[{"href":"https:\/\/paz.church\/ct\/wp-json\/wp\/v2\/media?parent=19640"}],"curies":[{"name":"wp","href":"https:\/\/api.w.org\/{rel}","templated":true}]}}