{"id":16585,"date":"2021-01-31T07:04:48","date_gmt":"2021-01-31T10:04:48","guid":{"rendered":"https:\/\/paz.church\/fortaleza\/?page_id=16585"},"modified":"2023-04-15T10:25:05","modified_gmt":"2023-04-15T13:25:05","slug":"caravanaparaisrael","status":"publish","type":"page","link":"https:\/\/paz.church\/fortaleza\/caravanaparaisrael\/","title":{"rendered":"Caravana para Israel e Jord\u00e2nia da Paz Church"},"content":{"rendered":"<div id=\"pl-16585\"  class=\"panel-layout\" ><div id=\"pg-16585-0\"  class=\"panel-grid panel-has-style\" ><div class=\"panel-row-style panel-row-style-for-16585-0\" ><div id=\"pgc-16585-0-0\"  class=\"panel-grid-cell\" ><div id=\"panel-16585-0-0-0\" class=\"so-panel widget widget_sow-editor panel-first-child panel-last-child\" data-index=\"0\" ><div\n\t\t\t\n\t\t\tclass=\"so-widget-sow-editor so-widget-sow-editor-base\"\n\t\t\t\n\t\t><h3 class=\"widget-title\">CARAVANA PAZ CHURCH EM MAIO DE 2024<\/h3>\n<div class=\"siteorigin-widget-tinymce textwidget\">\n\t<p><span style=\"font-weight: 400;\"> Fa\u00e7a uma viagem inesquec\u00edvel a Israel e a Jord\u00e2nia, conhe\u00e7a a terra onde Jesus andou e realizou tantos milagres. Convidamos voc\u00ea a participar da caravana da Paz Church para Israel em maio de 2024, pelos lugares mais sagrados da regi\u00e3o.<\/span><\/p>\n<\/div>\n<\/div><\/div><\/div><div id=\"pgc-16585-0-1\"  class=\"panel-grid-cell\" ><div id=\"panel-16585-0-1-0\" class=\"so-panel widget widget_sow-button panel-first-child panel-last-child\" data-index=\"1\" ><div id=\"botao2px\" class=\"panel-widget-style panel-widget-style-for-16585-0-1-0\" ><div\n\t\t\t\n\t\t\tclass=\"so-widget-sow-button so-widget-sow-button-wire-75293d713d6c-16585\"\n\t\t\t\n\t\t><div class=\"ow-button-base ow-button-align-center\">\n\t<a\n\thref=\"https:\/\/digital.abbeytravel.com.br\/Itinerary\/Landing\/AF368CC8-889D-43D7-B490-107D536A1355\"\n\t\tclass=\"ow-icon-placement-left\" target=\"_blank\" rel=\"noopener noreferrer\" \t>\n\t\t<span>\n\t\t\t\n\t\t\tSABER MAIS\t\t<\/span>\n\t<\/a>\n<\/div>\n<\/div><\/div><\/div><\/div><\/div><\/div><\/div>","protected":false},"excerpt":{"rendered":"<p>Fa\u00e7a uma viagem inesquec\u00edvel a Israel e a Jord\u00e2nia, conhe\u00e7a a terra onde Jesus andou e realizou tantos milagres. Convidamos voc\u00ea a participar da caravana da Paz Church para Israel em maio de 2024, pelos lugares mais sagrados da regi\u00e3o.<\/p>\n","protected":false},"author":2,"featured_media":21086,"parent":0,"menu_order":0,"comment_status":"closed","ping_status":"closed","template":"","meta":{"_seopress_robots_primary_cat":"","footnotes":""},"_links":{"self":[{"href":"https:\/\/paz.church\/fortaleza\/wp-json\/wp\/v2\/pages\/16585"}],"collection":[{"href":"https:\/\/paz.church\/fortaleza\/wp-json\/wp\/v2\/pages"}],"about":[{"href":"https:\/\/paz.church\/fortaleza\/wp-json\/wp\/v2\/types\/page"}],"author":[{"embeddable":true,"href":"https:\/\/paz.church\/fortaleza\/wp-json\/wp\/v2\/users\/2"}],"replies":[{"embeddable":true,"href":"https:\/\/paz.church\/fortaleza\/wp-json\/wp\/v2\/comments?post=16585"}],"version-history":[{"count":32,"href":"https:\/\/paz.church\/fortaleza\/wp-json\/wp\/v2\/pages\/16585\/revisions"}],"predecessor-version":[{"id":21098,"href":"https:\/\/paz.church\/fortaleza\/wp-json\/wp\/v2\/pages\/16585\/revisions\/21098"}],"wp:featuredmedia":[{"embeddable":true,"href":"https:\/\/paz.church\/fortaleza\/wp-json\/wp\/v2\/media\/21086"}],"wp:attachment":[{"href":"https:\/\/paz.church\/fortaleza\/wp-json\/wp\/v2\/media?parent=16585"}],"curies":[{"name":"wp","href":"https:\/\/api.w.org\/{rel}","templated":true}]}}