{"id":822,"date":"2018-12-11T09:40:36","date_gmt":"2018-12-11T11:40:36","guid":{"rendered":"https:\/\/paz.church\/saopaulo\/?page_id=822"},"modified":"2023-05-23T17:07:55","modified_gmt":"2023-05-23T20:07:55","slug":"agenda","status":"publish","type":"page","link":"https:\/\/paz.church\/fortaleza\/agenda\/","title":{"rendered":"Agenda"},"content":{"rendered":"<div id=\"pl-822\"  class=\"panel-layout\" ><div id=\"pg-822-0\"  class=\"panel-grid panel-no-style\" ><div id=\"pgc-822-0-0\"  class=\"panel-grid-cell\" ><div id=\"panel-822-0-0-0\" class=\"so-panel widget widget_sow-headline panel-first-child panel-last-child\" data-index=\"0\" ><div class=\"panel-widget-style panel-widget-style-for-822-0-0-0\" ><div\n\t\t\t\n\t\t\tclass=\"so-widget-sow-headline so-widget-sow-headline-default-1182d15df486-822\"\n\t\t\t\n\t\t><div class=\"sow-headline-container \">\n\t<h1 class='sow-headline'>Agenda<\/h1><\/div>\n<\/div><\/div><\/div><\/div><\/div><div id=\"pg-822-1\"  class=\"panel-grid panel-has-style\" ><div id=\"Team01\" class=\"panel-row-style panel-row-style-for-822-1\" ><div id=\"pgc-822-1-0\"  class=\"panel-grid-cell\" ><div id=\"colunas-widget\" class=\"panel-cell-style panel-cell-style-for-822-1-0\" ><div id=\"panel-822-1-0-0\" class=\"so-panel widget widget_sow-headline panel-first-child panel-last-child\" data-index=\"1\" ><div class=\"titulo panel-widget-style panel-widget-style-for-822-1-0-0\" ><div\n\t\t\t\n\t\t\tclass=\"so-widget-sow-headline so-widget-sow-headline-default-3388173f7e62-822\"\n\t\t\t\n\t\t><div class=\"sow-headline-container \">\n\t<h3 class='sow-headline'>SEMANAL<\/h3><\/div>\n<\/div><\/div><\/div><\/div><\/div><\/div><\/div><a id=\"bordas\"><\/a><div id=\"pg-822-2\"  class=\"panel-grid panel-has-style\"  data-extraid=\"bordas\" ><div class=\"bordas panel-row-style panel-row-style-for-822-2\" id=\"barra02\" ><div id=\"pgc-822-2-0\"  class=\"panel-grid-cell\" ><div id=\"panel-822-2-0-0\" class=\"so-panel widget widget_siteorigin-panels-builder panel-first-child\" data-index=\"2\" ><div id=\"pl-w6458f7c2d62fd\"  class=\"panel-layout\" ><div id=\"pg-w6458f7c2d62fd-0\"  class=\"panel-grid panel-has-style\" ><div id=\"agenda\" class=\"panel-row-style panel-row-style-for-w6458f7c2d62fd-0\" ><div id=\"pgc-w6458f7c2d62fd-0-0\"  class=\"panel-grid-cell\" ><div id=\"panel-w6458f7c2d62fd-0-0-0\" class=\"so-panel widget widget_sow-editor panel-first-child panel-last-child\" data-index=\"0\" ><div\n\t\t\t\n\t\t\tclass=\"so-widget-sow-editor so-widget-sow-editor-base\"\n\t\t\t\n\t\t><h3 class=\"widget-title\">Cultos de Celebra\u00e7\u00e3o<\/h3>\n<div class=\"siteorigin-widget-tinymce textwidget\">\n\t<p>Aos Domingos:<br \/>\n9h30 | 17h30<\/p>\n<\/div>\n<\/div><\/div><\/div><div id=\"pgc-w6458f7c2d62fd-0-1\"  class=\"panel-grid-cell\" ><div class=\"panel-cell-style panel-cell-style-for-w6458f7c2d62fd-0-1\" ><div id=\"panel-w6458f7c2d62fd-0-1-0\" class=\"so-panel widget widget_sow-editor panel-first-child panel-last-child\" data-index=\"1\" ><div\n\t\t\t\n\t\t\tclass=\"so-widget-sow-editor so-widget-sow-editor-base\"\n\t\t\t\n\t\t><h3 class=\"widget-title\">C\u00e9lulas<\/h3>\n<div class=\"siteorigin-widget-tinymce textwidget\">\n\t<p>De Quarta \u00e0 S\u00e1bado:<br \/>\nNos lares<\/p>\n<\/div>\n<\/div><\/div><\/div><\/div><div id=\"pgc-w6458f7c2d62fd-0-2\"  class=\"panel-grid-cell\" ><div id=\"panel-w6458f7c2d62fd-0-2-0\" class=\"so-panel widget widget_sow-editor panel-first-child panel-last-child\" data-index=\"2\" ><div\n\t\t\t\n\t\t\tclass=\"so-widget-sow-editor so-widget-sow-editor-base\"\n\t\t\t\n\t\t><h3 class=\"widget-title\">Lideran\u00e7a \/ Treinamento<\/h3>\n<div class=\"siteorigin-widget-tinymce textwidget\">\n\t<p>Todo Domingo:<br \/>\n8h45 | 16h45<\/p>\n<\/div>\n<\/div><\/div><\/div><\/div><\/div><\/div><\/div><div id=\"panel-822-2-0-1\" class=\"so-panel widget widget_sow-button panel-last-child\" data-index=\"3\" ><div\n\t\t\t\n\t\t\tclass=\"so-widget-sow-button so-widget-sow-button-flat-083eb5a40b94-822\"\n\t\t\t\n\t\t><div class=\"ow-button-base ow-button-align-center\">\n\t<a\n\thref=\"https:\/\/paz.church\/fortaleza\/campus\/\"\n\t\tclass=\"ow-icon-placement-left\" \t>\n\t\t<span>\n\t\t\t\n\t\t\tNossos C\u00e2mpus\t\t<\/span>\n\t<\/a>\n<\/div>\n<\/div><\/div><\/div><\/div><\/div><div id=\"pg-822-3\"  class=\"panel-grid panel-has-style\" ><div id=\"Team01\" class=\"panel-row-style panel-row-style-for-822-3\" ><div id=\"pgc-822-3-0\"  class=\"panel-grid-cell\" ><div id=\"colunas-widget\" class=\"panel-cell-style panel-cell-style-for-822-3-0\" ><div id=\"panel-822-3-0-0\" class=\"so-panel widget widget_sow-headline panel-first-child panel-last-child\" data-index=\"4\" ><div class=\"titulo panel-widget-style panel-widget-style-for-822-3-0-0\" ><div\n\t\t\t\n\t\t\tclass=\"so-widget-sow-headline so-widget-sow-headline-default-3388173f7e62-822\"\n\t\t\t\n\t\t><div class=\"sow-headline-container \">\n\t<h3 class='sow-headline'>PR\u00d3XIMOS EVENTOS<\/h3><\/div>\n<\/div><\/div><\/div><\/div><\/div><\/div><\/div><div id=\"pg-822-4\"  class=\"panel-grid panel-has-style\" ><div id=\"agenda3\" class=\"panel-row-style panel-row-style-for-822-4\" ><div id=\"pgc-822-4-0\"  class=\"panel-grid-cell\" ><div id=\"panel-822-4-0-0\" class=\"so-panel widget widget_events_maker_list_widget widget_events_maker_list panel-first-child panel-last-child\" data-index=\"5\" ><h3 class=\"widget-title\"><\/h3><\/div><\/div><\/div><\/div><\/div>","protected":false},"excerpt":{"rendered":"<p>Agenda SEMANAL Cultos de Celebra\u00e7\u00e3o Aos Domingos: 9h30 | 17h30 C\u00e9lulas De Quarta \u00e0 S\u00e1bado: Nos lares Lideran\u00e7a \/ Treinamento Todo Domingo: 8h45 | 16h45 Nossos C\u00e2mpus PR\u00d3XIMOS EVENTOS<\/p>\n","protected":false},"author":1,"featured_media":0,"parent":0,"menu_order":0,"comment_status":"closed","ping_status":"closed","template":"","meta":{"_seopress_robots_primary_cat":"","footnotes":""},"_links":{"self":[{"href":"https:\/\/paz.church\/fortaleza\/wp-json\/wp\/v2\/pages\/822"}],"collection":[{"href":"https:\/\/paz.church\/fortaleza\/wp-json\/wp\/v2\/pages"}],"about":[{"href":"https:\/\/paz.church\/fortaleza\/wp-json\/wp\/v2\/types\/page"}],"author":[{"embeddable":true,"href":"https:\/\/paz.church\/fortaleza\/wp-json\/wp\/v2\/users\/1"}],"replies":[{"embeddable":true,"href":"https:\/\/paz.church\/fortaleza\/wp-json\/wp\/v2\/comments?post=822"}],"version-history":[{"count":54,"href":"https:\/\/paz.church\/fortaleza\/wp-json\/wp\/v2\/pages\/822\/revisions"}],"predecessor-version":[{"id":21584,"href":"https:\/\/paz.church\/fortaleza\/wp-json\/wp\/v2\/pages\/822\/revisions\/21584"}],"wp:attachment":[{"href":"https:\/\/paz.church\/fortaleza\/wp-json\/wp\/v2\/media?parent=822"}],"curies":[{"name":"wp","href":"https:\/\/api.w.org\/{rel}","templated":true}]}}