{"id":1243,"date":"2018-12-11T21:08:04","date_gmt":"2018-12-11T23:08:04","guid":{"rendered":"https:\/\/paz.church\/saopaulo\/?page_id=1243"},"modified":"2021-12-21T11:49:46","modified_gmt":"2021-12-21T14:49:46","slug":"quem-somos","status":"publish","type":"page","link":"https:\/\/paz.church\/guaratuba\/quem-somos\/","title":{"rendered":"Quem Somos"},"content":{"rendered":"<p>A Paz Church Guaratuba \u00e9 uma fam\u00edlia que n\u00e3o para de crescer!<\/p>\n<p>Nossos cultos aos domingos s\u00e3o vibrantes. A come\u00e7ar pela recep\u00e7\u00e3o calorosa de nossa Atmosfera. M\u00fasicas que embalam a sua devo\u00e7\u00e3o a Deus, tanto em um alegre e jovial louvor, quanto na mais profunda adora\u00e7\u00e3o. A ministra\u00e7\u00e3o da Palavra de Deus \u00e9 din\u00e2mica, com conhecimento, interativa e bem humorada. Com certeza marcar\u00e1 a sua vida.<\/p>\n<p>A Paz Guaratuba \u00e9 fruto de um trabalho iniciado a partir de um Projeto Social com os Pastores Michel Thiesen e Franciele Thiesen, o qual expandiu e consolidou-se no que hoje \u00e9 uma das maiores igreja da cidade de Guaratuba.<\/p>\n<p>Nossos Cultos de Celebra\u00e7\u00e3o acontecem aos domingos, \u00e0s 9h, 18h e 20h, na Rua Jos\u00e9 Nicolau Abagge, 684, Guaratuba\/PR.<\/p>\n<p>Voc\u00ea e sua fam\u00edlia s\u00e3o os nossos convidados especiais.<\/p>\n<p><strong>Somos fam\u00edlia! Somos a Paz Church Guaratuba!<\/strong><\/p>\n","protected":false},"excerpt":{"rendered":"<p>A Paz Church Guaratuba \u00e9 uma fam\u00edlia que n\u00e3o para de crescer! Nossos cultos aos domingos s\u00e3o vibrantes. A come\u00e7ar pela recep\u00e7\u00e3o calorosa de nossa Atmosfera. M\u00fasicas que embalam a sua devo\u00e7\u00e3o a Deus, tanto em um alegre e jovial louvor, quanto na mais profunda adora\u00e7\u00e3o. A ministra\u00e7\u00e3o da Palavra de Deus \u00e9 din\u00e2mica, comContinue reading &rarr;<\/p>\n","protected":false},"author":1,"featured_media":8520,"parent":0,"menu_order":0,"comment_status":"closed","ping_status":"closed","template":"","meta":{"footnotes":""},"aioseo_notices":[],"_links":{"self":[{"href":"https:\/\/paz.church\/guaratuba\/wp-json\/wp\/v2\/pages\/1243"}],"collection":[{"href":"https:\/\/paz.church\/guaratuba\/wp-json\/wp\/v2\/pages"}],"about":[{"href":"https:\/\/paz.church\/guaratuba\/wp-json\/wp\/v2\/types\/page"}],"author":[{"embeddable":true,"href":"https:\/\/paz.church\/guaratuba\/wp-json\/wp\/v2\/users\/1"}],"replies":[{"embeddable":true,"href":"https:\/\/paz.church\/guaratuba\/wp-json\/wp\/v2\/comments?post=1243"}],"version-history":[{"count":4,"href":"https:\/\/paz.church\/guaratuba\/wp-json\/wp\/v2\/pages\/1243\/revisions"}],"predecessor-version":[{"id":9374,"href":"https:\/\/paz.church\/guaratuba\/wp-json\/wp\/v2\/pages\/1243\/revisions\/9374"}],"wp:featuredmedia":[{"embeddable":true,"href":"https:\/\/paz.church\/guaratuba\/wp-json\/wp\/v2\/media\/8520"}],"wp:attachment":[{"href":"https:\/\/paz.church\/guaratuba\/wp-json\/wp\/v2\/media?parent=1243"}],"curies":[{"name":"wp","href":"https:\/\/api.w.org\/{rel}","templated":true}]}}