{"id":1253,"date":"2018-02-11T21:11:46","date_gmt":"2018-02-11T23:11:46","guid":{"rendered":"https:\/\/paz.church\/saopaulo\/?page_id=1253"},"modified":"2022-03-16T16:53:22","modified_gmt":"2022-03-16T19:53:22","slug":"oracao","status":"publish","type":"page","link":"https:\/\/paz.church\/guaratuba\/oracao\/","title":{"rendered":"Paz Prayer"},"content":{"rendered":"<div id=\"pl-1253\"  class=\"panel-layout\" ><div id=\"pg-1253-0\"  class=\"panel-grid panel-has-style\" ><div class=\"siteorigin-panels-stretch panel-row-style panel-row-style-for-1253-0\" data-stretch-type=\"full\" ><div id=\"pgc-1253-0-0\"  class=\"panel-grid-cell\" ><div id=\"panel-1253-0-0-0\" class=\"so-panel widget widget_sow-editor panel-first-child panel-last-child\" data-index=\"0\" ><div\n\t\t\t\n\t\t\tclass=\"so-widget-sow-editor so-widget-sow-editor-base\"\n\t\t\t\n\t\t>\n<div class=\"siteorigin-widget-tinymce textwidget\">\n\t<p style=\"text-align: center;\"><em>\u201cOrem no Esp\u00edrito em todas as ocasi\u00f5es, com toda ora\u00e7\u00e3o e s\u00faplica; tendo isso em mente, estejam atentos e perseverem na ora\u00e7\u00e3o por todos os santos.\u201d<\/em><br \/>\n- Ef\u00e9sios 6.18<\/p>\n<\/div>\n<\/div><\/div><\/div><\/div><\/div><div id=\"pg-1253-1\"  class=\"panel-grid panel-no-style\" ><div id=\"pgc-1253-1-0\"  class=\"panel-grid-cell\" ><div class=\"panel-cell-style panel-cell-style-for-1253-1-0\" ><div id=\"panel-1253-1-0-0\" class=\"so-panel widget widget_sow-editor panel-first-child\" data-index=\"1\" ><div\n\t\t\t\n\t\t\tclass=\"so-widget-sow-editor so-widget-sow-editor-base\"\n\t\t\t\n\t\t>\n<div class=\"siteorigin-widget-tinymce textwidget\">\n\t<p><strong>Participe do Minist\u00e9rio de Intercess\u00e3o Orai sem Cessar<\/strong><\/p>\n<p>Se voc\u00ea quiser se juntar a n\u00f3s em ora\u00e7\u00e3o, basta clicar no bot\u00e3o abaixo nos hor\u00e1rios estabelecidos.<\/p>\n<p>Quarta-feira, \u00e0s 21h30<\/p>\n<\/div>\n<\/div><\/div><div id=\"panel-1253-1-0-1\" class=\"so-panel widget widget_sow-button panel-last-child\" data-index=\"2\" ><div id=\"botao2px\" class=\"panel-widget-style panel-widget-style-for-1253-1-0-1\" ><div\n\t\t\t\n\t\t\tclass=\"so-widget-sow-button so-widget-sow-button-atom-9f608e444033-1253\"\n\t\t\t\n\t\t><div class=\"ow-button-base ow-button-align-center\">\n\t<a\n\thref=\"https:\/\/meet.google.com\/atm-mcai-aom\"\n\t\tclass=\"ow-icon-placement-left\" \t>\n\t\t<span>\n\t\t\t\n\t\t\tPARTICIPAR DA LIVE\t\t<\/span>\n\t<\/a>\n<\/div>\n<\/div><\/div><\/div><\/div><\/div><div id=\"pgc-1253-1-1\"  class=\"panel-grid-cell\" ><div id=\"panel-1253-1-1-0\" class=\"so-panel widget widget_sow-editor panel-first-child\" data-index=\"3\" ><div\n\t\t\t\n\t\t\tclass=\"so-widget-sow-editor so-widget-sow-editor-base\"\n\t\t\t\n\t\t>\n<div class=\"siteorigin-widget-tinymce textwidget\">\n\t<p><strong>Deixe aqui o seu pedido de ora\u00e7\u00e3o.<\/strong><\/p>\n<p>Estaremos levando para nosso time de intercessores e aplicando f\u00e9 na sua vit\u00f3ria.<\/p>\n<\/div>\n<\/div><\/div><div id=\"panel-1253-1-1-1\" class=\"so-panel widget widget_sow-editor panel-last-child\" data-index=\"4\" ><div\n\t\t\t\n\t\t\tclass=\"so-widget-sow-editor so-widget-sow-editor-base\"\n\t\t\t\n\t\t>\n<div class=\"siteorigin-widget-tinymce textwidget\">\n\t\n<div class=\"wpcf7 no-js\" id=\"wpcf7-f2215-o1\" lang=\"pt-BR\" dir=\"ltr\">\n<div class=\"screen-reader-response\"><p role=\"status\" aria-live=\"polite\" aria-atomic=\"true\"><\/p> <ul><\/ul><\/div>\n<form action=\"\/guaratuba\/wp-json\/wp\/v2\/pages\/1253#wpcf7-f2215-o1\" method=\"post\" class=\"wpcf7-form init\" aria-label=\"Formul\u00e1rios de contato\" novalidate=\"novalidate\" data-status=\"init\">\n<div style=\"display: none;\">\n<input type=\"hidden\" name=\"_wpcf7\" value=\"2215\" \/>\n<input type=\"hidden\" name=\"_wpcf7_version\" value=\"5.7.5.1\" \/>\n<input type=\"hidden\" name=\"_wpcf7_locale\" value=\"pt_BR\" \/>\n<input type=\"hidden\" name=\"_wpcf7_unit_tag\" value=\"wpcf7-f2215-o1\" \/>\n<input type=\"hidden\" name=\"_wpcf7_container_post\" value=\"0\" \/>\n<input type=\"hidden\" name=\"_wpcf7_posted_data_hash\" value=\"\" \/>\n<input type=\"hidden\" name=\"_wpcf7_recaptcha_response\" value=\"\" \/>\n<\/div>\n<p>Nome e sobrenome*\n<\/p>\n<p><span class=\"wpcf7-form-control-wrap\" data-name=\"your-name\"><input size=\"40\" class=\"wpcf7-form-control wpcf7-text wpcf7-validates-as-required\" aria-required=\"true\" aria-invalid=\"false\" value=\"\" type=\"text\" name=\"your-name\" \/><\/span>\n<\/p>\n<p>Seu email*\n<\/p>\n<p><span class=\"wpcf7-form-control-wrap\" data-name=\"your-email\"><input size=\"40\" class=\"wpcf7-form-control wpcf7-text wpcf7-email wpcf7-validates-as-required wpcf7-validates-as-email\" aria-required=\"true\" aria-invalid=\"false\" value=\"\" type=\"email\" name=\"your-email\" \/><\/span>\n<\/p>\n<p>Cidade\/Estado*\n<\/p>\n<p><span class=\"wpcf7-form-control-wrap\" data-name=\"cidade-estado\"><input size=\"40\" class=\"wpcf7-form-control wpcf7-text wpcf7-validates-as-required\" aria-required=\"true\" aria-invalid=\"false\" value=\"\" type=\"text\" name=\"cidade-estado\" \/><\/span>\n<\/p>\n<p>Motivo de ora\u00e7\u00e3o\n<\/p>\n<p><span class=\"wpcf7-form-control-wrap\" data-name=\"your-message\"><textarea cols=\"40\" rows=\"10\" class=\"wpcf7-form-control wpcf7-textarea\" aria-invalid=\"false\" name=\"your-message\"><\/textarea><\/span>\n<\/p>\n<div class=\"clear\">\n<\/div>\n<p><input class=\"wpcf7-form-control has-spinner wpcf7-submit\" type=\"submit\" value=\"Enviar\" \/>\n<\/p><p style=\"display: none !important;\"><label>&#916;<textarea name=\"_wpcf7_ak_hp_textarea\" cols=\"45\" rows=\"8\" maxlength=\"100\"><\/textarea><\/label><input type=\"hidden\" id=\"ak_js_1\" name=\"_wpcf7_ak_js\" value=\"44\"\/><script>document.getElementById( \"ak_js_1\" ).setAttribute( \"value\", ( new Date() ).getTime() );<\/script><\/p><div class=\"wpcf7-response-output\" aria-hidden=\"true\"><\/div>\n<\/form>\n<\/div>\n\n<\/div>\n<\/div><\/div><\/div><\/div><\/div>","protected":false},"excerpt":{"rendered":"<p>\u201cOrem no Esp\u00edrito em todas as ocasi\u00f5es, com toda ora\u00e7\u00e3o e s\u00faplica; tendo isso em mente, estejam atentos e perseverem na ora\u00e7\u00e3o por todos os santos.\u201d &#8211; Ef\u00e9sios 6.18 Participe do Minist\u00e9rio de Intercess\u00e3o Orai sem Cessar Se voc\u00ea quiser se juntar a n\u00f3s em ora\u00e7\u00e3o, basta clicar no bot\u00e3o abaixo nos hor\u00e1rios estabelecidos. Quarta-feira,Continue reading &rarr;<\/p>\n","protected":false},"author":1,"featured_media":8760,"parent":0,"menu_order":0,"comment_status":"closed","ping_status":"closed","template":"","meta":{"footnotes":""},"aioseo_notices":[],"_links":{"self":[{"href":"https:\/\/paz.church\/guaratuba\/wp-json\/wp\/v2\/pages\/1253"}],"collection":[{"href":"https:\/\/paz.church\/guaratuba\/wp-json\/wp\/v2\/pages"}],"about":[{"href":"https:\/\/paz.church\/guaratuba\/wp-json\/wp\/v2\/types\/page"}],"author":[{"embeddable":true,"href":"https:\/\/paz.church\/guaratuba\/wp-json\/wp\/v2\/users\/1"}],"replies":[{"embeddable":true,"href":"https:\/\/paz.church\/guaratuba\/wp-json\/wp\/v2\/comments?post=1253"}],"version-history":[{"count":26,"href":"https:\/\/paz.church\/guaratuba\/wp-json\/wp\/v2\/pages\/1253\/revisions"}],"predecessor-version":[{"id":9203,"href":"https:\/\/paz.church\/guaratuba\/wp-json\/wp\/v2\/pages\/1253\/revisions\/9203"}],"wp:featuredmedia":[{"embeddable":true,"href":"https:\/\/paz.church\/guaratuba\/wp-json\/wp\/v2\/media\/8760"}],"wp:attachment":[{"href":"https:\/\/paz.church\/guaratuba\/wp-json\/wp\/v2\/media?parent=1253"}],"curies":[{"name":"wp","href":"https:\/\/api.w.org\/{rel}","templated":true}]}}