{"id":3727,"date":"2018-01-31T08:55:51","date_gmt":"2018-01-31T10:55:51","guid":{"rendered":"https:\/\/paz.church\/saopaulo\/?page_id=3727"},"modified":"2025-07-10T19:32:29","modified_gmt":"2025-07-10T22:32:29","slug":"seja-um-voluntario","status":"publish","type":"page","link":"https:\/\/paz.church\/guaratuba\/seja-um-voluntario\/","title":{"rendered":"Seja um volunt\u00e1rio"},"content":{"rendered":"<div id=\"pl-3727\"  class=\"panel-layout\" ><div id=\"pg-3727-0\"  class=\"panel-grid panel-has-style\" ><div class=\"siteorigin-panels-stretch panel-row-style panel-row-style-for-3727-0\" id=\"Team01\" data-stretch-type=\"full\" ><div id=\"pgc-3727-0-0\"  class=\"panel-grid-cell\" ><div id=\"colunas-widget\" class=\"panel-cell-style panel-cell-style-for-3727-0-0\" ><div id=\"panel-3727-0-0-0\" class=\"so-panel widget widget_sow-headline panel-first-child panel-last-child\" data-index=\"0\" ><div class=\"titulo panel-widget-style panel-widget-style-for-3727-0-0-0\" ><div\n\t\t\t\n\t\t\tclass=\"so-widget-sow-headline so-widget-sow-headline-default-b17c1d98e2ea-3727\"\n\t\t\t\n\t\t><div class=\"sow-headline-container \">\n\t<h3 class='sow-headline'>Nossa Cultura<\/h3><\/div>\n<\/div><\/div><\/div><\/div><\/div><\/div><\/div><div id=\"pg-3727-1\"  class=\"panel-grid panel-has-style\" ><div class=\"siteorigin-panels-stretch panel-row-style panel-row-style-for-3727-1\" data-stretch-type=\"full\" ><div id=\"pgc-3727-1-0\"  class=\"panel-grid-cell\" ><div id=\"panel-3727-1-0-0\" class=\"so-panel widget widget_sow-editor panel-first-child panel-last-child\" data-index=\"1\" ><div\n\t\t\t\n\t\t\tclass=\"so-widget-sow-editor so-widget-sow-editor-base\"\n\t\t\t\n\t\t>\n<div class=\"siteorigin-widget-tinymce textwidget\">\n\t<p><strong>A Cultura do Voluntariado.<\/strong> Cremos, verdadeiramente, que ser um volunt\u00e1rio na Igreja (em qualquer \u00e1rea ou minist\u00e9rio) \u00e9 uma tarefa t\u00e3o santa quanto ministrar o louvor ou pregar a Palavra. O nosso objetivo \u00e9 o mesmo: <strong>derramar o Amor de Deus sobre as pessoas!<\/strong><\/p>\n<p>Quando, ao final de um culto, uma pessoa decide se entregar totalmente a Cristo, todas as pessoas que serviram naquele culto t\u00eam participa\u00e7\u00e3o nisso! Somos um time, e o papel que cada volunt\u00e1rio desempenha \u00e9 essencial para que mais pessoas conhe\u00e7am a Jesus.<\/p>\n<p>Todas as atividades que os volunt\u00e1rios exercem se tornam as mais empolgantes e importantes do mundo quando se entende que por tr\u00e1s disso tudo existe um prop\u00f3sito: <strong>salvar vidas!<\/strong><\/p>\n<p>A Paz Church Guaratuba d\u00e1 a voc\u00ea a oportunidade de fazer parte de nosso time de volunt\u00e1rios para cuidar das pessoas e servir na obra do Senhor. Possu\u00edmos quatro minist\u00e9rios de entrada que recomendamos para voc\u00ea servir como volunt\u00e1rio. Conhe\u00e7a um pouco mais sobre cada um e se envolva nesse precioso servi\u00e7o do Reino de Deus. Caso queira servir, preencha o nosso formul\u00e1rio ao final para sabermos mais sobre voc\u00ea.<\/p>\n<\/div>\n<\/div><\/div><\/div><\/div><\/div><div id=\"pg-3727-2\"  class=\"panel-grid panel-has-style\" ><div class=\"siteorigin-panels-stretch panel-row-style panel-row-style-for-3727-2\" id=\"Team01\" data-stretch-type=\"full\" ><div id=\"pgc-3727-2-0\"  class=\"panel-grid-cell\" ><div id=\"colunas-widget\" class=\"panel-cell-style panel-cell-style-for-3727-2-0\" ><div id=\"panel-3727-2-0-0\" class=\"so-panel widget widget_sow-headline panel-first-child panel-last-child\" data-index=\"2\" ><div class=\"titulo panel-widget-style panel-widget-style-for-3727-2-0-0\" ><div\n\t\t\t\n\t\t\tclass=\"so-widget-sow-headline so-widget-sow-headline-default-b17c1d98e2ea-3727\"\n\t\t\t\n\t\t><div class=\"sow-headline-container \">\n\t<h3 class='sow-headline'>Minist\u00e9rios<\/h3><\/div>\n<\/div><\/div><\/div><\/div><\/div><\/div><\/div><div id=\"pg-3727-3\"  class=\"panel-grid panel-has-style\" ><div class=\"siteorigin-panels-stretch panel-row-style panel-row-style-for-3727-3\" id=\"ministerios\" data-stretch-type=\"full\" ><div id=\"pgc-3727-3-0\"  class=\"panel-grid-cell\" ><div id=\"panel-3727-3-0-0\" class=\"so-panel widget widget_sow-image panel-first-child panel-last-child\" data-index=\"3\" ><div\n\t\t\t\n\t\t\tclass=\"so-widget-sow-image so-widget-sow-image-default-d6014b76747a-3727\"\n\t\t\t\n\t\t>\n\n<div class=\"sow-image-container\">\n\t\t<img decoding=\"async\" src=\"https:\/\/paz.church\/guaratuba\/wp-content\/uploads\/2025\/07\/MG_0090-426x426.jpg\" width=\"426\" height=\"426\" srcset=\"https:\/\/paz.church\/guaratuba\/wp-content\/uploads\/2025\/07\/MG_0090-426x426.jpg 426w, https:\/\/paz.church\/guaratuba\/wp-content\/uploads\/2025\/07\/MG_0090-300x300.jpg 300w, https:\/\/paz.church\/guaratuba\/wp-content\/uploads\/2025\/07\/MG_0090-180x180.jpg 180w, https:\/\/paz.church\/guaratuba\/wp-content\/uploads\/2025\/07\/MG_0090-768x768.jpg 768w, https:\/\/paz.church\/guaratuba\/wp-content\/uploads\/2025\/07\/MG_0090-330x330.jpg 330w, https:\/\/paz.church\/guaratuba\/wp-content\/uploads\/2025\/07\/MG_0090-75x75.jpg 75w, https:\/\/paz.church\/guaratuba\/wp-content\/uploads\/2025\/07\/MG_0090.jpg 800w\" sizes=\"(max-width: 426px) 100vw, 426px\" title=\"_MG_0090\" alt=\"\" loading=\"lazy\" \t\tclass=\"so-widget-image\"\/>\n\t<\/div>\n\n<\/div><\/div><\/div><div id=\"pgc-3727-3-1\"  class=\"panel-grid-cell\" ><div id=\"panel-3727-3-1-0\" class=\"so-panel widget widget_sow-editor panel-first-child panel-last-child\" data-index=\"4\" ><div\n\t\t\t\n\t\t\tclass=\"so-widget-sow-editor so-widget-sow-editor-base\"\n\t\t\t\n\t\t><h3 class=\"widget-title\">Atmosfera<\/h3>\n<div class=\"siteorigin-widget-tinymce textwidget\">\n\t<p>Somos respons\u00e1veis por garantir que nossos membros e convidados sejam super bem recebidos em nossa Igreja. Servimos com o objetivo de criar um ambiente favor\u00e1vel para que todos tenham um verdadeiro encontro com Deus.<br \/>\n\u201cPor que se preocupar tanto com a experi\u00eancia que as pessoas ter\u00e3o na Igreja?\u201d A resposta \u00e9 simples: sabemos que cada pessoa que entra pelas portas da Igreja \u00e9 algu\u00e9m que pode se entregar totalmente a Cristo ou algu\u00e9m que nunca voltar\u00e1 \u00e0 uma Igreja. Vidas est\u00e3o em jogo e n\u00e3o pouparemos esfor\u00e7os para que sejam alcan\u00e7adas pelo Amor de Deus! Sim, faremos tudo o que estiver ao nosso alcance para que todos tenham uma experi\u00eancia incr\u00edvel na Igreja!<\/p>\n<\/div>\n<\/div><\/div><\/div><\/div><\/div><div id=\"pg-3727-4\"  class=\"panel-grid panel-has-style\" ><div class=\"siteorigin-panels-stretch panel-row-style panel-row-style-for-3727-4\" id=\"ministerios\" data-stretch-type=\"full\" ><div id=\"pgc-3727-4-0\"  class=\"panel-grid-cell\" ><div id=\"panel-3727-4-0-0\" class=\"so-panel widget widget_sow-image panel-first-child panel-last-child\" data-index=\"5\" ><div\n\t\t\t\n\t\t\tclass=\"so-widget-sow-image so-widget-sow-image-default-d6014b76747a-3727\"\n\t\t\t\n\t\t>\n\n<div class=\"sow-image-container\">\n\t\t<img decoding=\"async\" src=\"https:\/\/paz.church\/guaratuba\/wp-content\/uploads\/2025\/07\/MG_84742-426x426.jpg\" width=\"426\" height=\"426\" srcset=\"https:\/\/paz.church\/guaratuba\/wp-content\/uploads\/2025\/07\/MG_84742-426x426.jpg 426w, https:\/\/paz.church\/guaratuba\/wp-content\/uploads\/2025\/07\/MG_84742-180x180.jpg 180w, https:\/\/paz.church\/guaratuba\/wp-content\/uploads\/2025\/07\/MG_84742-330x330.jpg 330w, https:\/\/paz.church\/guaratuba\/wp-content\/uploads\/2025\/07\/MG_84742-75x75.jpg 75w\" sizes=\"(max-width: 426px) 100vw, 426px\" title=\"_MG_8474(2)\" alt=\"\" loading=\"lazy\" \t\tclass=\"so-widget-image\"\/>\n\t<\/div>\n\n<\/div><\/div><\/div><div id=\"pgc-3727-4-1\"  class=\"panel-grid-cell\" ><div id=\"panel-3727-4-1-0\" class=\"so-panel widget widget_sow-editor panel-first-child panel-last-child\" data-index=\"6\" ><div\n\t\t\t\n\t\t\tclass=\"so-widget-sow-editor so-widget-sow-editor-base\"\n\t\t\t\n\t\t><h3 class=\"widget-title\">Paz Kids<\/h3>\n<div class=\"siteorigin-widget-tinymce textwidget\">\n\t<p>Sabemos que as nossas crian\u00e7as s\u00e3o fundamentais para a nossa igreja, pois, al\u00e9m de terem essa grande import\u00e2ncia hoje, carregar\u00e3o o legado de edificar uma obra prevalecente para as pr\u00f3ximas gera\u00e7\u00f5es. aqui no Brasil e ao redor do mundo! Por isso temos um encargo de investir profundamente em suas vidas. Trabalhamos com muita criatividade, alegria e amor, transmitindo, toda semana, fundamentos b\u00edblicos que ir\u00e3o lapidar o car\u00e1ter de cada crian\u00e7a. Elas tamb\u00e9m aprendem a desenvolver a intimidade com o Esp\u00edrito Santo, a ouvir a voz de Deus e a ministrar o amor Dele \u00e0s pessoas ao seu redor. Venha fazer parte desse projeto em nossa equipe apaixonada e contagiante!<\/p>\n<\/div>\n<\/div><\/div><\/div><\/div><\/div><div id=\"pg-3727-5\"  class=\"panel-grid panel-has-style\" ><div class=\"siteorigin-panels-stretch panel-row-style panel-row-style-for-3727-5\" id=\"ministerios\" data-stretch-type=\"full\" ><div id=\"pgc-3727-5-0\"  class=\"panel-grid-cell\" ><div id=\"panel-3727-5-0-0\" class=\"so-panel widget widget_sow-image panel-first-child panel-last-child\" data-index=\"7\" ><div\n\t\t\t\n\t\t\tclass=\"so-widget-sow-image so-widget-sow-image-default-d6014b76747a-3727\"\n\t\t\t\n\t\t>\n\n<div class=\"sow-image-container\">\n\t\t<img decoding=\"async\" src=\"https:\/\/paz.church\/guaratuba\/wp-content\/uploads\/2020\/10\/Logotipo-Amor-em-Acao-426x426.png\" width=\"426\" height=\"426\" srcset=\"https:\/\/paz.church\/guaratuba\/wp-content\/uploads\/2020\/10\/Logotipo-Amor-em-Acao-426x426.png 426w, https:\/\/paz.church\/guaratuba\/wp-content\/uploads\/2020\/10\/Logotipo-Amor-em-Acao-300x300.png 300w, https:\/\/paz.church\/guaratuba\/wp-content\/uploads\/2020\/10\/Logotipo-Amor-em-Acao-1024x1024.png 1024w, https:\/\/paz.church\/guaratuba\/wp-content\/uploads\/2020\/10\/Logotipo-Amor-em-Acao-180x180.png 180w, https:\/\/paz.church\/guaratuba\/wp-content\/uploads\/2020\/10\/Logotipo-Amor-em-Acao-768x768.png 768w, https:\/\/paz.church\/guaratuba\/wp-content\/uploads\/2020\/10\/Logotipo-Amor-em-Acao-330x330.png 330w, https:\/\/paz.church\/guaratuba\/wp-content\/uploads\/2020\/10\/Logotipo-Amor-em-Acao-75x75.png 75w, https:\/\/paz.church\/guaratuba\/wp-content\/uploads\/2020\/10\/Logotipo-Amor-em-Acao.png 1080w\" sizes=\"(max-width: 426px) 100vw, 426px\" title=\"Logotipo Amor em A\u00e7\u00e3o\" alt=\"\" loading=\"lazy\" \t\tclass=\"so-widget-image\"\/>\n\t<\/div>\n\n<\/div><\/div><\/div><div id=\"pgc-3727-5-1\"  class=\"panel-grid-cell\" ><div id=\"panel-3727-5-1-0\" class=\"so-panel widget widget_sow-editor panel-first-child panel-last-child\" data-index=\"8\" ><div\n\t\t\t\n\t\t\tclass=\"so-widget-sow-editor so-widget-sow-editor-base\"\n\t\t\t\n\t\t><h3 class=\"widget-title\">Amor em A\u00e7\u00e3o<\/h3>\n<div class=\"siteorigin-widget-tinymce textwidget\">\n\t<p>Jesus nos ensinou a olhar para al\u00e9m de n\u00f3s mesmos. E \u00e9 por isso que a Paz Church tamb\u00e9m se preocupa em servir os que ainda n\u00e3o est\u00e3o na igreja. Esta vis\u00e3o deu in\u00edcio ao minist\u00e9rio Amor em A\u00e7\u00e3o, que atua principalmente com pessoas em necessidades financeiras. As \u00e1reas de atua\u00e7\u00e3o s\u00e3o diversas e todas elas est\u00e3o voltadas ao \u00e2mbito social. Entre elas, se destacam a arrecada\u00e7\u00e3o e montagem de cestas b\u00e1sicas e visita\u00e7\u00f5es a asilos e hospitais. E tudo isso, s\u00f3 acontece porque existem v\u00e1rios membros da igreja totalmente dedicados a esse prop\u00f3sito.<\/p>\n<\/div>\n<\/div><\/div><\/div><\/div><\/div><div id=\"pg-3727-6\"  class=\"panel-grid panel-has-style\" ><div class=\"siteorigin-panels-stretch panel-row-style panel-row-style-for-3727-6\" id=\"ministerios\" data-stretch-type=\"full\" ><div id=\"pgc-3727-6-0\"  class=\"panel-grid-cell\" ><div id=\"panel-3727-6-0-0\" class=\"so-panel widget widget_sow-image panel-first-child panel-last-child\" data-index=\"9\" ><div\n\t\t\t\n\t\t\tclass=\"so-widget-sow-image so-widget-sow-image-default-d6014b76747a-3727\"\n\t\t\t\n\t\t>\n\n<div class=\"sow-image-container\">\n\t\t<img decoding=\"async\" src=\"https:\/\/paz.church\/guaratuba\/wp-content\/uploads\/2020\/10\/119637444_1400493903483771_4456586777495403340_n-426x426.jpg\" width=\"426\" height=\"426\" srcset=\"https:\/\/paz.church\/guaratuba\/wp-content\/uploads\/2020\/10\/119637444_1400493903483771_4456586777495403340_n-426x426.jpg 426w, https:\/\/paz.church\/guaratuba\/wp-content\/uploads\/2020\/10\/119637444_1400493903483771_4456586777495403340_n-180x180.jpg 180w, https:\/\/paz.church\/guaratuba\/wp-content\/uploads\/2020\/10\/119637444_1400493903483771_4456586777495403340_n-330x330.jpg 330w, https:\/\/paz.church\/guaratuba\/wp-content\/uploads\/2020\/10\/119637444_1400493903483771_4456586777495403340_n-75x75.jpg 75w\" sizes=\"(max-width: 426px) 100vw, 426px\" title=\"intercess\u00e3o\" alt=\"\" loading=\"lazy\" \t\tclass=\"so-widget-image\"\/>\n\t<\/div>\n\n<\/div><\/div><\/div><div id=\"pgc-3727-6-1\"  class=\"panel-grid-cell\" ><div id=\"panel-3727-6-1-0\" class=\"so-panel widget widget_sow-editor panel-first-child panel-last-child\" data-index=\"10\" ><div\n\t\t\t\n\t\t\tclass=\"so-widget-sow-editor so-widget-sow-editor-base\"\n\t\t\t\n\t\t><h3 class=\"widget-title\">Intercess\u00e3o<\/h3>\n<div class=\"siteorigin-widget-tinymce textwidget\">\n\t<p>O nosso Senhor Jesus deixou bem claro na sua Palavra a extrema import\u00e2ncia da ora\u00e7\u00e3o. Sabemos que \u00e9 dever de todo crente orar. Nosso encargo vai muito al\u00e9m de fazer ora\u00e7\u00f5es, queremos orar no centro do cora\u00e7\u00e3o de Deus para um momento hist\u00f3rico t\u00e3o crucial, onde est\u00e1 se cumprindo tantas profecias. Existe um grande exerc\u00edcio capaz de incendiar a nossa gera\u00e7\u00e3o, nos conduzindo a um poderoso avivamento prometido na Palavra de Deus, e acreditamos que esse \u00e9 o momento oportuno para essa grande colheita. Queremos queimar!<\/p>\n<\/div>\n<\/div><\/div><\/div><\/div><\/div><div id=\"pg-3727-7\"  class=\"panel-grid panel-has-style\" ><div class=\"siteorigin-panels-stretch panel-row-style panel-row-style-for-3727-7\" id=\"Team01\" data-stretch-type=\"full\" ><div id=\"pgc-3727-7-0\"  class=\"panel-grid-cell\" ><div id=\"colunas-widget\" class=\"panel-cell-style panel-cell-style-for-3727-7-0\" ><div id=\"panel-3727-7-0-0\" class=\"so-panel widget widget_sow-headline panel-first-child panel-last-child\" data-index=\"11\" ><div class=\"titulo panel-widget-style panel-widget-style-for-3727-7-0-0\" ><div\n\t\t\t\n\t\t\tclass=\"so-widget-sow-headline so-widget-sow-headline-default-b17c1d98e2ea-3727\"\n\t\t\t\n\t\t><div class=\"sow-headline-container \">\n\t<h3 class='sow-headline'>Quero servir<\/h3><\/div>\n<\/div><\/div><\/div><\/div><\/div><\/div><\/div><div id=\"pg-3727-8\"  class=\"panel-grid panel-has-style\" ><div class=\"siteorigin-panels-stretch panel-row-style panel-row-style-for-3727-8\" id=\"frm\" data-stretch-type=\"full\" ><div id=\"pgc-3727-8-0\"  class=\"panel-grid-cell\" ><div id=\"panel-3727-8-0-0\" class=\"so-panel widget widget_sow-editor panel-first-child panel-last-child\" data-index=\"12\" ><div\n\t\t\t\n\t\t\tclass=\"so-widget-sow-editor so-widget-sow-editor-base\"\n\t\t\t\n\t\t>\n<div class=\"siteorigin-widget-tinymce textwidget\">\n\t\n<div class=\"wpcf7 no-js\" id=\"wpcf7-f3735-o1\" lang=\"pt-BR\" dir=\"ltr\">\n<div class=\"screen-reader-response\"><p role=\"status\" aria-live=\"polite\" aria-atomic=\"true\"><\/p> <ul><\/ul><\/div>\n<form action=\"\/guaratuba\/wp-json\/wp\/v2\/pages\/3727#wpcf7-f3735-o1\" method=\"post\" class=\"wpcf7-form init\" aria-label=\"Formul\u00e1rios de contato\" novalidate=\"novalidate\" data-status=\"init\">\n<div style=\"display: none;\">\n<input type=\"hidden\" name=\"_wpcf7\" value=\"3735\" \/>\n<input type=\"hidden\" name=\"_wpcf7_version\" value=\"5.7.5.1\" \/>\n<input type=\"hidden\" name=\"_wpcf7_locale\" value=\"pt_BR\" \/>\n<input type=\"hidden\" name=\"_wpcf7_unit_tag\" value=\"wpcf7-f3735-o1\" \/>\n<input type=\"hidden\" name=\"_wpcf7_container_post\" value=\"0\" \/>\n<input type=\"hidden\" name=\"_wpcf7_posted_data_hash\" value=\"\" \/>\n<input type=\"hidden\" name=\"_wpcf7_recaptcha_response\" value=\"\" \/>\n<\/div>\n<div class=\"campo-esq\">\n\t<p>Nome e sobrenome*\n\t<\/p>\n\t<p><span class=\"wpcf7-form-control-wrap\" data-name=\"your-name\"><input size=\"40\" class=\"wpcf7-form-control wpcf7-text wpcf7-validates-as-required\" aria-required=\"true\" aria-invalid=\"false\" value=\"\" type=\"text\" name=\"your-name\" \/><\/span>\n\t<\/p>\n<\/div>\n<div class=\"campo-dir\">\n\t<p>Email*\n\t<\/p>\n\t<p><span class=\"wpcf7-form-control-wrap\" data-name=\"your-email\"><input size=\"40\" class=\"wpcf7-form-control wpcf7-text wpcf7-email wpcf7-validates-as-required wpcf7-validates-as-email\" aria-required=\"true\" aria-invalid=\"false\" value=\"\" type=\"email\" name=\"your-email\" \/><\/span>\n\t<\/p>\n<\/div>\n<div class=\"clear\">\n<\/div>\n<div class=\"campo-25\">\n\t<p>Sexo*\n\t<\/p>\n\t<p><span class=\"wpcf7-form-control-wrap\" data-name=\"menu-23\"><select class=\"wpcf7-form-control wpcf7-select\" aria-invalid=\"false\" name=\"menu-23\"><option value=\"\">&#8212;Escolha uma op\u00e7\u00e3o&#8212;<\/option><option value=\"Masculino\">Masculino<\/option><option value=\"Feminino\">Feminino<\/option><\/select><\/span>\n\t<\/p>\n<\/div>\n<div class=\"campo-25\">\n\t<p>Faixa et\u00e1ria*\n\t<\/p>\n\t<p><span class=\"wpcf7-form-control-wrap\" data-name=\"menu-24\"><select class=\"wpcf7-form-control wpcf7-select\" aria-invalid=\"false\" name=\"menu-24\"><option value=\"\">&#8212;Escolha uma op\u00e7\u00e3o&#8212;<\/option><option value=\"Adulto\">Adulto<\/option><option value=\"Jovem\">Jovem<\/option><option value=\"Adolescente\">Adolescente<\/option><\/select><\/span>\n\t<\/p>\n<\/div>\n<div class=\"campo-dir\">\n\t<p>Telefone\/WhatsApp*\n\t<\/p>\n\t<p><span class=\"wpcf7-form-control-wrap\" data-name=\"your-phone\"><input size=\"40\" class=\"wpcf7-form-control wpcf7-text wpcf7-validates-as-required\" aria-required=\"true\" aria-invalid=\"false\" value=\"\" type=\"text\" name=\"your-phone\" \/><\/span>\n\t<\/p>\n<\/div>\n<div class=\"clear\">\n<\/div>\n<div class=\"campo-esq\">\n\t<p>Endere\u00e7o completo*\n\t<\/p>\n\t<p><span class=\"wpcf7-form-control-wrap\" data-name=\"your-endereco\"><input size=\"40\" class=\"wpcf7-form-control wpcf7-text wpcf7-validates-as-required\" aria-required=\"true\" aria-invalid=\"false\" value=\"\" type=\"text\" name=\"your-endereco\" \/><\/span>\n\t<\/p>\n<\/div>\n<div class=\"campo-dir\">\n\t<p>L\u00edder de Life Group*\n\t<\/p>\n\t<p><span class=\"wpcf7-form-control-wrap\" data-name=\"your-lider-lg\"><input size=\"40\" class=\"wpcf7-form-control wpcf7-text wpcf7-validates-as-required\" aria-required=\"true\" aria-invalid=\"false\" value=\"\" type=\"text\" name=\"your-lider-lg\" \/><\/span>\n\t<\/p>\n<\/div>\n<div class=\"clear\">\n<\/div>\n<div class=\"campo-esq\">\n\t<p>Pastor de Rede*\n\t<\/p>\n\t<p><span class=\"wpcf7-form-control-wrap\" data-name=\"your-pastor\"><input size=\"40\" class=\"wpcf7-form-control wpcf7-text wpcf7-validates-as-required\" aria-required=\"true\" aria-invalid=\"false\" value=\"\" type=\"text\" name=\"your-pastor\" \/><\/span>\n\t<\/p>\n<\/div>\n<div class=\"campo-dir\">\n\t<p>Minist\u00e9rio onde voc\u00ea quer servir*\n\t<\/p>\n\t<p><span class=\"wpcf7-form-control-wrap\" data-name=\"menu-26\"><select class=\"wpcf7-form-control wpcf7-select\" aria-invalid=\"false\" name=\"menu-26\"><option value=\"\">&#8212;Escolha uma op\u00e7\u00e3o&#8212;<\/option><option value=\"Atmosfera\">Atmosfera<\/option><option value=\"Paz Kids\">Paz Kids<\/option><option value=\"Amor em A\u00e7\u00e3o\">Amor em A\u00e7\u00e3o<\/option><option value=\"Intercess\u00e3o\">Intercess\u00e3o<\/option><\/select><\/span>\n\t<\/p>\n<\/div>\n<div class=\"clear\">\n<\/div>\n<div class=\"campo-full\">\n\t<p>Observa\u00e7\u00e3o\n\t<\/p>\n\t<p><span class=\"wpcf7-form-control-wrap\" data-name=\"your-observacao\"><textarea cols=\"40\" rows=\"20\" class=\"wpcf7-form-control wpcf7-textarea\" aria-invalid=\"false\" name=\"your-observacao\"><\/textarea><\/span>\n\t<\/p>\n<\/div>\n<div class=\"clear\">\n<\/div>\n<p>---\n<\/p>\n<p><input class=\"wpcf7-form-control has-spinner wpcf7-submit\" type=\"submit\" value=\"Enviar\" \/>\n<\/p><p style=\"display: none !important;\"><label>&#916;<textarea name=\"_wpcf7_ak_hp_textarea\" cols=\"45\" rows=\"8\" maxlength=\"100\"><\/textarea><\/label><input type=\"hidden\" id=\"ak_js_1\" name=\"_wpcf7_ak_js\" value=\"164\"\/><script>document.getElementById( \"ak_js_1\" ).setAttribute( \"value\", ( new Date() ).getTime() );<\/script><\/p><div class=\"wpcf7-response-output\" aria-hidden=\"true\"><\/div>\n<\/form>\n<\/div>\n\n<\/div>\n<\/div><\/div><\/div><\/div><\/div><\/div>","protected":false},"excerpt":{"rendered":"<p>A Cultura do Voluntariado. Cremos, verdadeiramente, que ser um volunt\u00e1rio na Igreja (em qualquer \u00e1rea ou minist\u00e9rio) \u00e9 uma tarefa t\u00e3o santa quanto ministrar o louvor ou pregar a Palavra. O nosso objetivo \u00e9 o mesmo: derramar o Amor de Deus sobre as pessoas! Quando, ao final de um culto, uma pessoa decide se entregarContinue reading &rarr;<\/p>\n","protected":false},"author":1,"featured_media":8576,"parent":0,"menu_order":0,"comment_status":"closed","ping_status":"closed","template":"","meta":{"footnotes":""},"aioseo_notices":[],"_links":{"self":[{"href":"https:\/\/paz.church\/guaratuba\/wp-json\/wp\/v2\/pages\/3727"}],"collection":[{"href":"https:\/\/paz.church\/guaratuba\/wp-json\/wp\/v2\/pages"}],"about":[{"href":"https:\/\/paz.church\/guaratuba\/wp-json\/wp\/v2\/types\/page"}],"author":[{"embeddable":true,"href":"https:\/\/paz.church\/guaratuba\/wp-json\/wp\/v2\/users\/1"}],"replies":[{"embeddable":true,"href":"https:\/\/paz.church\/guaratuba\/wp-json\/wp\/v2\/comments?post=3727"}],"version-history":[{"count":13,"href":"https:\/\/paz.church\/guaratuba\/wp-json\/wp\/v2\/pages\/3727\/revisions"}],"predecessor-version":[{"id":10781,"href":"https:\/\/paz.church\/guaratuba\/wp-json\/wp\/v2\/pages\/3727\/revisions\/10781"}],"wp:featuredmedia":[{"embeddable":true,"href":"https:\/\/paz.church\/guaratuba\/wp-json\/wp\/v2\/media\/8576"}],"wp:attachment":[{"href":"https:\/\/paz.church\/guaratuba\/wp-json\/wp\/v2\/media?parent=3727"}],"curies":[{"name":"wp","href":"https:\/\/api.w.org\/{rel}","templated":true}]}}