{"id":7474,"date":"2018-01-01T11:38:16","date_gmt":"2018-01-01T13:38:16","guid":{"rendered":"https:\/\/paz.church\/saopaulo\/?page_id=9"},"modified":"2024-04-09T14:06:11","modified_gmt":"2024-04-09T17:06:11","slug":"home","status":"publish","type":"page","link":"https:\/\/paz.church\/guaratuba\/","title":{"rendered":"Home"},"content":{"rendered":"<div id=\"pl-7474\"  class=\"panel-layout\" ><div id=\"pg-7474-0\"  class=\"panel-grid panel-has-style\" ><div class=\"siteorigin-panels-stretch panel-row-style panel-row-style-for-7474-0\" id=\"SliderFrente\" data-stretch-type=\"full-stretched\" ><div id=\"pgc-7474-0-0\"  class=\"panel-grid-cell\" ><div id=\"panel-7474-0-0-0\" class=\"so-panel widget widget_sow-slider panel-first-child panel-last-child\" data-index=\"0\" ><div\n\t\t\t\n\t\t\tclass=\"so-widget-sow-slider so-widget-sow-slider-default-53fd0f98de19-7474\"\n\t\t\t\n\t\t>\t\t\t\t<div class=\"sow-slider-base\" style=\"display: none\">\n\t\t\t\t\t<ul\n\t\t\t\t\tclass=\"sow-slider-images\"\n\t\t\t\t\tdata-settings=\"{&quot;pagination&quot;:true,&quot;speed&quot;:600,&quot;timeout&quot;:1200,&quot;paused&quot;:false,&quot;pause_on_hover&quot;:true,&quot;swipe&quot;:true,&quot;nav_always_show_desktop&quot;:&quot;&quot;,&quot;nav_always_show_mobile&quot;:&quot;&quot;,&quot;breakpoint&quot;:&quot;780px&quot;,&quot;unmute&quot;:false,&quot;anchor&quot;:null}\"\n\t\t\t\t\t\t\t\t\t\tdata-anchor-id=\"\"\n\t\t\t\t>\t\t<li class=\"sow-slider-image\" style=\"visibility: visible;;background-color: #1e73be\" >\n\t\t\t\t\t\t<div class=\"sow-slider-image-container\">\n\t\t\t\t<div class=\"sow-slider-image-wrapper\" style=\"max-width: 1920px\">\n\t\t\t\t\t\t\t\t\t\t<div class=\"sow-slider-image-foreground-wrapper\">\n\t\t\t\t\t\t<img fetchpriority=\"high\" decoding=\"async\" width=\"1920\" height=\"850\" src=\"https:\/\/paz.church\/guaratuba\/wp-content\/uploads\/2024\/04\/NOSSOS-CULTOS.jpg\" class=\"sow-slider-foreground-image skip-lazy\" alt=\"\" loading=\"eager\" style=\"\" srcset=\"https:\/\/paz.church\/guaratuba\/wp-content\/uploads\/2024\/04\/NOSSOS-CULTOS.jpg 1920w, https:\/\/paz.church\/guaratuba\/wp-content\/uploads\/2024\/04\/NOSSOS-CULTOS-300x133.jpg 300w, https:\/\/paz.church\/guaratuba\/wp-content\/uploads\/2024\/04\/NOSSOS-CULTOS-1024x453.jpg 1024w, https:\/\/paz.church\/guaratuba\/wp-content\/uploads\/2024\/04\/NOSSOS-CULTOS-768x340.jpg 768w, https:\/\/paz.church\/guaratuba\/wp-content\/uploads\/2024\/04\/NOSSOS-CULTOS-1536x680.jpg 1536w\" sizes=\"(max-width: 1920px) 100vw, 1920px\" \/>\t\t\t\t\t<\/div>\n\t\t\t\t\t\t\t\t\t<\/div>\n\t\t\t<\/div>\n\t\t\t\t\t<\/li>\n\t\t<\/ul>\t\t\t\t<ol class=\"sow-slider-pagination\">\n\t\t\t\t\t\t\t\t\t\t\t<li><a href=\"#\" data-goto=\"0\" aria-label=\"display slide 1\"><\/a><\/li>\n\t\t\t\t\t\t\t\t\t<\/ol>\n\n\t\t\t\t<div class=\"sow-slide-nav sow-slide-nav-next\">\n\t\t\t\t\t<a href=\"#\" data-goto=\"next\" aria-label=\"next slide\" data-action=\"next\">\n\t\t\t\t\t\t<em class=\"sow-sld-icon-thin-right\"><\/em>\n\t\t\t\t\t<\/a>\n\t\t\t\t<\/div>\n\n\t\t\t\t<div class=\"sow-slide-nav sow-slide-nav-prev\">\n\t\t\t\t\t<a href=\"#\" data-goto=\"previous\" aria-label=\"previous slide\" data-action=\"prev\">\n\t\t\t\t\t\t<em class=\"sow-sld-icon-thin-left\"><\/em>\n\t\t\t\t\t<\/a>\n\t\t\t\t<\/div>\n\t\t\t\t<\/div><\/div><\/div><\/div><\/div><\/div><div id=\"pg-7474-1\"  class=\"panel-grid panel-has-style\" ><div class=\"siteorigin-panels-stretch panel-row-style panel-row-style-for-7474-1\" id=\"barra01A\" data-stretch-type=\"full\" ><div id=\"pgc-7474-1-0\"  class=\"panel-grid-cell\" ><div class=\"panel-cell-style panel-cell-style-for-7474-1-0\" ><div id=\"panel-7474-1-0-0\" class=\"so-panel widget widget_sow-editor panel-first-child panel-last-child\" data-index=\"1\" ><div class=\"horarioscultos panel-widget-style panel-widget-style-for-7474-1-0-0\" ><div\n\t\t\t\n\t\t\tclass=\"so-widget-sow-editor so-widget-sow-editor-base\"\n\t\t\t\n\t\t><h3 class=\"widget-title\">Aos Domingos<\/h3>\n<div class=\"siteorigin-widget-tinymce textwidget\">\n\t<p style=\"text-align: center;\">Cultos de Celebra\u00e7\u00e3o<br \/>\n<strong>9h | 18h | 20h<\/strong><\/p>\n<\/div>\n<\/div><\/div><\/div><\/div><\/div><div id=\"pgc-7474-1-1\"  class=\"panel-grid-cell\" ><div class=\"panel-cell-style panel-cell-style-for-7474-1-1\" ><div id=\"panel-7474-1-1-0\" class=\"so-panel widget widget_events_maker_list_widget widget_events_maker_list panel-first-child panel-last-child\" data-index=\"2\" ><div class=\"panel-widget-style panel-widget-style-for-7474-1-1-0\" ><h3 class=\"widget-title\">Pr\u00f3xima Reuni\u00e3o<\/h3><\/div><\/div><\/div><\/div><div id=\"pgc-7474-1-2\"  class=\"panel-grid-cell\" ><div id=\"panel-7474-1-2-0\" class=\"so-panel widget widget_sow-social-media-buttons panel-first-child panel-last-child\" data-index=\"3\" ><div class=\"panel-widget-style panel-widget-style-for-7474-1-2-0\" ><div\n\t\t\t\n\t\t\tclass=\"so-widget-sow-social-media-buttons so-widget-sow-social-media-buttons-wire-4c578b725faf-7474\"\n\t\t\t\n\t\t>\n\n<div class=\"social-media-button-container\">\n\t\n\t\t<a class=\"sow-social-media-button-facebook-0 sow-social-media-button\" title=\"Paz Church | Guaratuba em Facebook\" aria-label=\"Paz Church | Guaratuba em Facebook\" target=\"_blank\" rel=\"noopener noreferrer\" href=\"https:\/\/www.facebook.com\/PazGuaratuba\" >\n\t\t\t<span>\n\t\t\t\t\t\t\t\t<span class=\"sow-icon-fontawesome sow-fab\" data-sow-icon=\"&#xf39e;\"\n\t\t \n\t\taria-hidden=\"true\"><\/span>\t\t\t\t\t\t\t<\/span>\n\t\t<\/a>\n\t\n\t\t<a class=\"sow-social-media-button-instagram-0 sow-social-media-button\" title=\"Paz Church | Guaratuba em Instagram\" aria-label=\"Paz Church | Guaratuba em Instagram\" target=\"_blank\" rel=\"noopener noreferrer\" href=\"https:\/\/instagram.com\/PazGuaratuba\" >\n\t\t\t<span>\n\t\t\t\t\t\t\t\t<span class=\"sow-icon-fontawesome sow-fab\" data-sow-icon=\"&#xf16d;\"\n\t\t \n\t\taria-hidden=\"true\"><\/span>\t\t\t\t\t\t\t<\/span>\n\t\t<\/a>\n\t\n\t\t<a class=\"sow-social-media-button-twitter-0 sow-social-media-button\" title=\"Paz Church | Guaratuba em Twitter\" aria-label=\"Paz Church | Guaratuba em Twitter\" target=\"_blank\" rel=\"noopener noreferrer\" href=\"https:\/\/twitter.com\/PazGuaratuba\" >\n\t\t\t<span>\n\t\t\t\t\t\t\t\t<span class=\"sow-icon-fontawesome sow-fab\" data-sow-icon=\"&#xf099;\"\n\t\t \n\t\taria-hidden=\"true\"><\/span>\t\t\t\t\t\t\t<\/span>\n\t\t<\/a>\n\t\n\t\t<a class=\"sow-social-media-button-youtube-0 sow-social-media-button\" title=\"Paz Church | Guaratuba em Youtube\" aria-label=\"Paz Church | Guaratuba em Youtube\" target=\"_blank\" rel=\"noopener noreferrer\" href=\"https:\/\/www.youtube.com\/PazGuaratuba\" >\n\t\t\t<span>\n\t\t\t\t\t\t\t\t<span class=\"sow-icon-fontawesome sow-fab\" data-sow-icon=\"&#xf167;\"\n\t\t \n\t\taria-hidden=\"true\"><\/span>\t\t\t\t\t\t\t<\/span>\n\t\t<\/a>\n\t<\/div>\n<\/div><\/div><\/div><\/div><\/div><\/div><div id=\"pg-7474-2\"  class=\"panel-grid panel-has-style\" ><div class=\"siteorigin-panels-stretch panel-row-style panel-row-style-for-7474-2\" id=\"palavra_recente\" data-stretch-type=\"full\" ><div id=\"pgc-7474-2-0\"  class=\"panel-grid-cell\" ><div id=\"panel-7474-2-0-0\" class=\"so-panel widget widget_siteorigin-panels-postloop panel-first-child panel-last-child\" data-index=\"4\" ><div class=\"panel-widget-style panel-widget-style-for-7474-2-0-0\" >\n<div ID=\"sermon-divi\">\n\n\n\t<div ID=\"sermon-imagem\"><a href=\"https:\/\/paz.church\/guaratuba\/ministracoes\/vale-o-quanto-custa\/\" title=\"Vale o quanto custa?\">\r\n\t\t<div class=\"post-thumbnail\">\r\n\t\t\t<img loading=\"lazy\" decoding=\"async\" width=\"1080\" height=\"608\" src=\"https:\/\/paz.church\/guaratuba\/wp-content\/uploads\/sermons\/2025\/05\/MG_2173-e1746722343340.jpg\" class=\"attachment-post-thumbnail size-post-thumbnail wp-post-image\" alt=\"\" sizes=\"(max-width: 1080px) 100vw, 1080px\" \/>\r\n\t\t<\/div>\r\n\t\t<\/a><\/div>\n\t\n\t<div class=\"sermon-dados\">\n\t<p><span class=\"p_recente\">PALAVRA RECENTE<\/span><br>\n\t<a href=\"https:\/\/paz.church\/guaratuba\/ministracoes\/vale-o-quanto-custa\/\" rel=\"bookmark\">Vale o quanto custa?<\/a><br>\t\n\t<span class=\"p_meta\"><a href=\"https:\/\/paz.church\/guaratuba\/ministracoes\/categoria\/cultos\/\" rel=\"tag\">Cultos<\/a><\/span>\n\t<\/p>\n\t<\/div>\n\t\t\n<\/div><\/div><\/div><\/div><\/div><\/div><div id=\"pg-7474-3\"  class=\"panel-grid panel-has-style\" ><div class=\"siteorigin-panels-stretch panel-row-style panel-row-style-for-7474-3\" id=\"barra02\" data-stretch-type=\"full\" ><div id=\"pgc-7474-3-0\"  class=\"panel-grid-cell\" ><div id=\"colunas-widget\" class=\"panel-cell-style panel-cell-style-for-7474-3-0\" ><div id=\"panel-7474-3-0-0\" class=\"so-panel widget widget_sow-icon panel-first-child\" data-index=\"5\" ><div\n\t\t\t\n\t\t\tclass=\"so-widget-sow-icon so-widget-sow-icon-default-da81d5172c9d-10770\"\n\t\t\t\n\t\t>\n<div class=\"sow-icon-container sow-icon\">\n\t\t\t<a href=\"https:\/\/paz.church\/guaratuba\/agenda\/\" >\n\t\t\t<span class=\"sow-icon-elegantline\" data-sow-icon=\"&#xe00d;\"\n\t\t \n\t\taria-hidden=\"true\"><\/span>\t\t\t<\/a>\n\t<\/div>\n<\/div><\/div><div id=\"panel-7474-3-0-1\" class=\"so-panel widget widget_sow-headline\" data-index=\"6\" ><div class=\"titulo panel-widget-style panel-widget-style-for-7474-3-0-1\" ><div\n\t\t\t\n\t\t\tclass=\"so-widget-sow-headline so-widget-sow-headline-default-809c6ba63723-10770\"\n\t\t\t\n\t\t><div class=\"sow-headline-container \">\n\t<h3 class='sow-headline'>\t\t\t\t\t\t<a href=\"https:\/\/paz.church\/guaratuba\/agenda\/\" >\n\t\t\t\t\tPr\u00f3ximo evento<\/a><\/h3><\/div>\n<\/div><\/div><\/div><div id=\"panel-7474-3-0-2\" class=\"so-panel widget widget_events_maker_list_widget widget_events_maker_list panel-last-child\" data-index=\"7\" ><div class=\"panel-widget-style panel-widget-style-for-7474-3-0-2\" ><h3 class=\"widget-title\"><\/h3><\/div><\/div><\/div><\/div><div id=\"pgc-7474-3-1\"  class=\"panel-grid-cell\" ><div id=\"colunas-widget\" class=\"panel-cell-style panel-cell-style-for-7474-3-1\" ><div id=\"panel-7474-3-1-0\" class=\"so-panel widget widget_sow-headline panel-first-child\" data-index=\"8\" ><div class=\"titulo panel-widget-style panel-widget-style-for-7474-3-1-0\" ><div\n\t\t\t\n\t\t\tclass=\"so-widget-sow-headline so-widget-sow-headline-default-809c6ba63723-10770\"\n\t\t\t\n\t\t><div class=\"sow-headline-container \">\n\t<h3 class='sow-headline'>\t\t\t\t\t\t<a href=\"https:\/\/paz.church\/saopaulo\/ministracoes\/service-type\/lideranca\/\" >\n\t\t\t\t\tLideran\u00e7a<\/a><\/h3><\/div>\n<\/div><\/div><\/div><div id=\"panel-7474-3-1-1\" class=\"so-panel widget widget_sow-icon\" data-index=\"9\" ><div\n\t\t\t\n\t\t\tclass=\"so-widget-sow-icon so-widget-sow-icon-default-da81d5172c9d-10770\"\n\t\t\t\n\t\t>\n<div class=\"sow-icon-container sow-icon\">\n\t\t\t<a href=\"https:\/\/paz.church\/saopaulo\/ministracoes\/service-type\/lideranca\/\" >\n\t\t\t<span class=\"sow-icon-elegantline\" data-sow-icon=\"&#xe023;\"\n\t\t \n\t\taria-hidden=\"true\"><\/span>\t\t\t<\/a>\n\t<\/div>\n<\/div><\/div><div id=\"panel-7474-3-1-2\" class=\"so-panel widget widget_siteorigin-panels-postloop panel-last-child\" data-index=\"10\" ><div class=\"panel-widget-style panel-widget-style-for-7474-3-1-2\" >\r\n<div>\r\n<span class=\"tempo\">6 de maio de 2025<\/span>\r\n<div class=\"event-link\"><a href=\"https:\/\/paz.church\/guaratuba\/ministracoes\/ah-o-life-group-parte-2-2\/\" rel=\"bookmark\" class=\"event-title\">Ah, o life group! &#8211; Parte 2<\/a><\/div>\r\n<\/div><\/div><\/div><\/div><\/div><\/div><\/div><div id=\"pg-7474-4\"  class=\"panel-grid panel-has-style\" ><div class=\"siteorigin-panels-stretch panel-row-style panel-row-style-for-7474-4\" data-stretch-type=\"full-stretched\" ><div id=\"pgc-7474-4-0\"  class=\"panel-grid-cell\" ><div id=\"panel-7474-4-0-0\" class=\"so-panel widget widget_sow-slider panel-first-child panel-last-child\" data-index=\"11\" ><div\n\t\t\t\n\t\t\tclass=\"so-widget-sow-slider so-widget-sow-slider-default-53fd0f98de19-10773\"\n\t\t\t\n\t\t>\t\t\t\t<div class=\"sow-slider-base\" style=\"display: none\">\n\t\t\t\t\t<ul\n\t\t\t\t\tclass=\"sow-slider-images\"\n\t\t\t\t\tdata-settings=\"{&quot;pagination&quot;:true,&quot;speed&quot;:800,&quot;timeout&quot;:8000,&quot;paused&quot;:false,&quot;pause_on_hover&quot;:false,&quot;swipe&quot;:true,&quot;nav_always_show_desktop&quot;:&quot;&quot;,&quot;nav_always_show_mobile&quot;:&quot;&quot;,&quot;breakpoint&quot;:&quot;780px&quot;,&quot;unmute&quot;:false,&quot;anchor&quot;:null}\"\n\t\t\t\t\t\t\t\t\t\tdata-anchor-id=\"\"\n\t\t\t\t>\t\t<li class=\"sow-slider-image\" style=\"visibility: visible;;cursor: pointer;\" data-url=\"{&quot;url&quot;:&quot;https:\\\/\\\/paz.church\\\/saopaulo\\\/eventos\\\/evento\\\/paz-church-conference-2020\\\/&quot;,&quot;new_window&quot;:false}\" >\n\t\t\t\t\t\t\t\t\t\t<a href=\"https:\/\/paz.church\/saopaulo\/eventos\/evento\/paz-church-conference-2020\/\"\n\t\t\t\t>\n\t\t\t<\/a>\t\t<\/li>\n\t\t<\/ul>\t\t\t\t<ol class=\"sow-slider-pagination\">\n\t\t\t\t\t\t\t\t\t\t\t<li><a href=\"#\" data-goto=\"0\" aria-label=\"display slide 1\"><\/a><\/li>\n\t\t\t\t\t\t\t\t\t<\/ol>\n\n\t\t\t\t<div class=\"sow-slide-nav sow-slide-nav-next\">\n\t\t\t\t\t<a href=\"#\" data-goto=\"next\" aria-label=\"next slide\" data-action=\"next\">\n\t\t\t\t\t\t<em class=\"sow-sld-icon-thin-right\"><\/em>\n\t\t\t\t\t<\/a>\n\t\t\t\t<\/div>\n\n\t\t\t\t<div class=\"sow-slide-nav sow-slide-nav-prev\">\n\t\t\t\t\t<a href=\"#\" data-goto=\"previous\" aria-label=\"previous slide\" data-action=\"prev\">\n\t\t\t\t\t\t<em class=\"sow-sld-icon-thin-left\"><\/em>\n\t\t\t\t\t<\/a>\n\t\t\t\t<\/div>\n\t\t\t\t<\/div><\/div><\/div><\/div><\/div><\/div><div id=\"pg-7474-5\"  class=\"panel-grid panel-has-style\" ><div class=\"siteorigin-panels-stretch panel-row-style panel-row-style-for-7474-5\" id=\"barrahora\" data-stretch-type=\"full\" ><div id=\"pgc-7474-5-0\"  class=\"panel-grid-cell\" ><div id=\"panel-7474-5-0-0\" class=\"so-panel widget widget_sow-icon panel-first-child\" data-index=\"12\" ><div\n\t\t\t\n\t\t\tclass=\"so-widget-sow-icon so-widget-sow-icon-default-da81d5172c9d-10773\"\n\t\t\t\n\t\t>\n<div class=\"sow-icon-container sow-icon\">\n\t\t\t<a href=\"https:\/\/paz.church\/saopaulo\/agenda\/\" >\n\t\t\t<span class=\"sow-icon-elegantline\" data-sow-icon=\"&#xe055;\"\n\t\t \n\t\taria-hidden=\"true\"><\/span>\t\t\t<\/a>\n\t<\/div>\n<\/div><\/div><div id=\"panel-7474-5-0-1\" class=\"so-panel widget widget_sow-headline\" data-index=\"13\" ><div class=\"panel-widget-style panel-widget-style-for-7474-5-0-1\" ><div\n\t\t\t\n\t\t\tclass=\"so-widget-sow-headline so-widget-sow-headline-default-996a8c341783-10773\"\n\t\t\t\n\t\t><div class=\"sow-headline-container \">\n\t<h2 class='sow-headline'>\t\t\t\t\t\t<a href=\"https:\/\/paz.church\/guaratuba\/agenda\/\" >\n\t\t\t\t\tNossos Hor\u00e1rios<\/a><\/h2><p class='sow-sub-headline'>Voc\u00ea e sua fam\u00edlia s\u00e3o nossos convidados especiais!<\/p><\/div>\n<\/div><\/div><\/div><div id=\"panel-7474-5-0-2\" class=\"so-panel widget widget_siteorigin-panels-builder\" data-index=\"14\" ><div id=\"pl-w61b79e6e64201\"  class=\"panel-layout\" ><div id=\"pg-w61b79e6e64201-0\"  class=\"panel-grid panel-no-style\" ><div id=\"pgc-w61b79e6e64201-0-0\"  class=\"panel-grid-cell\" ><div class=\"panel-cell-style panel-cell-style-for-w61b79e6e64201-0-0\" ><div id=\"panel-w61b79e6e64201-0-0-0\" class=\"so-panel widget widget_sow-editor panel-first-child panel-last-child\" data-index=\"0\" ><div\n\t\t\t\n\t\t\tclass=\"so-widget-sow-editor so-widget-sow-editor-base\"\n\t\t\t\n\t\t>\n<div class=\"siteorigin-widget-tinymce textwidget\">\n\t<p style=\"text-align: right;\"><strong>Cultos de Celebra\u00e7\u00e3o:<\/strong><br \/>\nDomingo: 9h | 18h | 20h<\/p>\n<p style=\"text-align: right;\"><strong>TADEL (Lideran\u00e7a)<\/strong><br \/>\nTer\u00e7a-feira: 20h<\/p>\n<\/div>\n<\/div><\/div><\/div><\/div><div id=\"pgc-w61b79e6e64201-0-1\"  class=\"panel-grid-cell\" ><div id=\"panel-w61b79e6e64201-0-1-0\" class=\"so-panel widget widget_sow-editor panel-first-child panel-last-child\" data-index=\"1\" ><div\n\t\t\t\n\t\t\tclass=\"so-widget-sow-editor so-widget-sow-editor-base\"\n\t\t\t\n\t\t>\n<div class=\"siteorigin-widget-tinymce textwidget\">\n\t<p><strong>Endere\u00e7o:<\/strong><br \/>\nRua Jos\u00e9 Nicolau Abagge, 684<br \/>\nBairro: Centro<br \/>\nCEP 83280-000 | Guaratuba - PR<\/p>\n<\/div>\n<\/div><\/div><\/div><\/div><\/div><\/div><div id=\"panel-7474-5-0-3\" class=\"so-panel widget widget_sow-button panel-last-child\" data-index=\"15\" ><div id=\"botao2px\" class=\"panel-widget-style panel-widget-style-for-7474-5-0-3\" ><div\n\t\t\t\n\t\t\tclass=\"so-widget-sow-button so-widget-sow-button-wire-7655e0915ff7-10773\"\n\t\t\t\n\t\t><div class=\"ow-button-base ow-button-align-center\">\n\t<a\n\thref=\"https:\/\/paz.church\/guaratuba\/agenda\"\n\t\tclass=\"ow-icon-placement-left\" \t>\n\t\t<span>\n\t\t\t\n\t\t\tAGENDA COMPLETA\t\t<\/span>\n\t<\/a>\n<\/div>\n<\/div><\/div><\/div><\/div><\/div><\/div><\/div>","protected":false},"excerpt":{"rendered":"<p>Aos Domingos Cultos de Celebra\u00e7\u00e3o 9h | 18h | 20h Cultos de Celebra\u00e7\u00e3o: Domingo: 9h | 18h | 20h TADEL (Lideran\u00e7a) Ter\u00e7a-feira: 20h Endere\u00e7o: Rua Jos\u00e9 Nicolau Abagge, 684 Bairro: Centro CEP 83280-000 | Guaratuba &#8211; PR<\/p>\n","protected":false},"author":1,"featured_media":0,"parent":0,"menu_order":0,"comment_status":"closed","ping_status":"closed","template":"","meta":{"footnotes":""},"aioseo_notices":[],"_links":{"self":[{"href":"https:\/\/paz.church\/guaratuba\/wp-json\/wp\/v2\/pages\/7474"}],"collection":[{"href":"https:\/\/paz.church\/guaratuba\/wp-json\/wp\/v2\/pages"}],"about":[{"href":"https:\/\/paz.church\/guaratuba\/wp-json\/wp\/v2\/types\/page"}],"author":[{"embeddable":true,"href":"https:\/\/paz.church\/guaratuba\/wp-json\/wp\/v2\/users\/1"}],"replies":[{"embeddable":true,"href":"https:\/\/paz.church\/guaratuba\/wp-json\/wp\/v2\/comments?post=7474"}],"version-history":[{"count":172,"href":"https:\/\/paz.church\/guaratuba\/wp-json\/wp\/v2\/pages\/7474\/revisions"}],"predecessor-version":[{"id":10430,"href":"https:\/\/paz.church\/guaratuba\/wp-json\/wp\/v2\/pages\/7474\/revisions\/10430"}],"wp:attachment":[{"href":"https:\/\/paz.church\/guaratuba\/wp-json\/wp\/v2\/media?parent=7474"}],"curies":[{"name":"wp","href":"https:\/\/api.w.org\/{rel}","templated":true}]}}