{"id":8336,"date":"2017-02-01T01:22:58","date_gmt":"2017-02-01T03:22:58","guid":{"rendered":"https:\/\/paz.church\/saopaulo\/?page_id=8336"},"modified":"2020-10-29T11:10:11","modified_gmt":"2020-10-29T14:10:11","slug":"links","status":"publish","type":"page","link":"https:\/\/paz.church\/guaratuba\/links\/","title":{"rendered":"Links"},"content":{"rendered":"<div id=\"pl-8336\"  class=\"panel-layout\" ><div id=\"pg-8336-0\"  class=\"panel-grid panel-has-style\" ><div class=\"siteorigin-panels-stretch panel-row-style panel-row-style-for-8336-0\" data-stretch-type=\"full\" ><div id=\"pgc-8336-0-0\"  class=\"panel-grid-cell\" ><div id=\"panel-8336-0-0-0\" class=\"so-panel widget widget_media_image panel-first-child\" data-index=\"0\" ><div class=\"panel-widget-style panel-widget-style-for-8336-0-0-0\" ><a href=\"http:\/\/paz.church\/guaratuba\"><img loading=\"lazy\" decoding=\"async\" width=\"220\" height=\"64\" src=\"https:\/\/paz.church\/guaratuba\/wp-content\/uploads\/2020\/05\/logotop.png\" class=\"image wp-image-6  attachment-full size-full\" alt=\"\" style=\"max-width: 100%; height: auto;\" \/><\/a><\/div><\/div><div id=\"panel-8336-0-0-1\" class=\"so-panel widget widget_sow-button\" data-index=\"1\" ><div\n\t\t\t\n\t\t\tclass=\"so-widget-sow-button so-widget-sow-button-wire-16d488471ed5-8336\"\n\t\t\t\n\t\t><div class=\"ow-button-base ow-button-align-center\">\n\t<a\n\thref=\"https:\/\/paz.church\/guaratuba\/jesus\/\"\n\t\tclass=\"ow-icon-placement-left\" target=\"_blank\" rel=\"noopener noreferrer\" \t>\n\t\t<span>\n\t\t\t\n\t\t\tFiz a decis\u00e3o por Jesus\t\t<\/span>\n\t<\/a>\n<\/div>\n<\/div><\/div><div id=\"panel-8336-0-0-2\" class=\"so-panel widget widget_sow-button\" data-index=\"2\" ><div\n\t\t\t\n\t\t\tclass=\"so-widget-sow-button so-widget-sow-button-wire-16d488471ed5-8336\"\n\t\t\t\n\t\t><div class=\"ow-button-base ow-button-align-center\">\n\t<a\n\thref=\"https:\/\/paz.church\/guaratuba\/oracao\/\"\n\t\tclass=\"ow-icon-placement-left\" target=\"_blank\" rel=\"noopener noreferrer\" \t>\n\t\t<span>\n\t\t\t\n\t\t\tPreciso de ora\u00e7\u00e3o\t\t<\/span>\n\t<\/a>\n<\/div>\n<\/div><\/div><div id=\"panel-8336-0-0-3\" class=\"so-panel widget widget_sow-button\" data-index=\"3\" ><div\n\t\t\t\n\t\t\tclass=\"so-widget-sow-button so-widget-sow-button-wire-16d488471ed5-8336\"\n\t\t\t\n\t\t><div class=\"ow-button-base ow-button-align-center\">\n\t<a\n\thref=\"https:\/\/paz.church\/guaratuba\/lifegroups\/\"\n\t\tclass=\"ow-icon-placement-left\" target=\"_blank\" rel=\"noopener noreferrer\" \t>\n\t\t<span>\n\t\t\t\n\t\t\tQuero um Life Group\t\t<\/span>\n\t<\/a>\n<\/div>\n<\/div><\/div><div id=\"panel-8336-0-0-4\" class=\"so-panel widget widget_sow-button\" data-index=\"4\" ><div\n\t\t\t\n\t\t\tclass=\"so-widget-sow-button so-widget-sow-button-wire-16d488471ed5-8336\"\n\t\t\t\n\t\t><div class=\"ow-button-base ow-button-align-center\">\n\t<a\n\thref=\"https:\/\/paz.church\/guaratuba\/contribua\/\"\n\t\tclass=\"ow-icon-placement-left\" target=\"_blank\" rel=\"noopener noreferrer\" \t>\n\t\t<span>\n\t\t\t\n\t\t\tQuero contribuir\t\t<\/span>\n\t<\/a>\n<\/div>\n<\/div><\/div><div id=\"panel-8336-0-0-5\" class=\"so-panel widget widget_sow-social-media-buttons\" data-index=\"5\" ><div class=\"panel-widget-style panel-widget-style-for-8336-0-0-5\" ><div\n\t\t\t\n\t\t\tclass=\"so-widget-sow-social-media-buttons so-widget-sow-social-media-buttons-wire-4c578b725faf-8336\"\n\t\t\t\n\t\t>\n\n<div class=\"social-media-button-container\">\n\t\n\t\t<a class=\"sow-social-media-button-facebook-0 sow-social-media-button\" title=\"Paz Church | Guaratuba em Facebook\" aria-label=\"Paz Church | Guaratuba em Facebook\" target=\"_blank\" rel=\"noopener noreferrer\" href=\"https:\/\/www.facebook.com\/PazGuaratuba\" >\n\t\t\t<span>\n\t\t\t\t\t\t\t\t<span class=\"sow-icon-fontawesome sow-fab\" data-sow-icon=\"&#xf39e;\"\n\t\t \n\t\taria-hidden=\"true\"><\/span>\t\t\t\t\t\t\t<\/span>\n\t\t<\/a>\n\t\n\t\t<a class=\"sow-social-media-button-instagram-0 sow-social-media-button\" title=\"Paz Church | Guaratuba em Instagram\" aria-label=\"Paz Church | Guaratuba em Instagram\" target=\"_blank\" rel=\"noopener noreferrer\" href=\"https:\/\/instagram.com\/PazGuaratuba\" >\n\t\t\t<span>\n\t\t\t\t\t\t\t\t<span class=\"sow-icon-fontawesome sow-fab\" data-sow-icon=\"&#xf16d;\"\n\t\t \n\t\taria-hidden=\"true\"><\/span>\t\t\t\t\t\t\t<\/span>\n\t\t<\/a>\n\t\n\t\t<a class=\"sow-social-media-button-twitter-0 sow-social-media-button\" title=\"Paz Church | Guaratuba em Twitter\" aria-label=\"Paz Church | Guaratuba em Twitter\" target=\"_blank\" rel=\"noopener noreferrer\" href=\"https:\/\/twitter.com\/PazGuaratuba\" >\n\t\t\t<span>\n\t\t\t\t\t\t\t\t<span class=\"sow-icon-fontawesome sow-fab\" data-sow-icon=\"&#xf099;\"\n\t\t \n\t\taria-hidden=\"true\"><\/span>\t\t\t\t\t\t\t<\/span>\n\t\t<\/a>\n\t\n\t\t<a class=\"sow-social-media-button-youtube-0 sow-social-media-button\" title=\"Paz Church | Guaratuba em Youtube\" aria-label=\"Paz Church | Guaratuba em Youtube\" target=\"_blank\" rel=\"noopener noreferrer\" href=\"https:\/\/www.youtube.com\/PazGuaratuba\" >\n\t\t\t<span>\n\t\t\t\t\t\t\t\t<span class=\"sow-icon-fontawesome sow-fab\" data-sow-icon=\"&#xf167;\"\n\t\t \n\t\taria-hidden=\"true\"><\/span>\t\t\t\t\t\t\t<\/span>\n\t\t<\/a>\n\t<\/div>\n<\/div><\/div><\/div><div id=\"panel-8336-0-0-6\" class=\"so-panel widget widget_siteorigin-panels-builder panel-last-child\" data-index=\"6\" ><div class=\"panel-widget-style panel-widget-style-for-8336-0-0-6\" ><div id=\"pl-w5f9acd43681ef\"  class=\"panel-layout\" ><div id=\"pg-w5f9acd43681ef-0\"  class=\"panel-grid panel-no-style\" ><div id=\"pgc-w5f9acd43681ef-0-0\"  class=\"panel-grid-cell\" ><div id=\"panel-w5f9acd43681ef-0-0-0\" class=\"so-panel widget widget_sow-icon panel-first-child panel-last-child\" data-index=\"0\" ><div\n\t\t\t\n\t\t\tclass=\"so-widget-sow-icon so-widget-sow-icon-default-d4b017427a3a\"\n\t\t\t\n\t\t>\n<div class=\"sow-icon-container sow-icon\">\n\t\t\t<a href=\"https:\/\/paz.church\/guaratuba\" >\n\t\t\t<span class=\"sow-icon-elegantline\" data-sow-icon=\"&#xe052;\"\n\t\t \n\t\taria-hidden=\"true\"><\/span>\t\t\t<\/a>\n\t<\/div>\n<\/div><\/div><\/div><div id=\"pgc-w5f9acd43681ef-0-1\"  class=\"panel-grid-cell\" ><div id=\"panel-w5f9acd43681ef-0-1-0\" class=\"so-panel widget widget_sow-headline panel-first-child panel-last-child\" data-index=\"1\" ><div class=\"panel-widget-style panel-widget-style-for-w5f9acd43681ef-0-1-0\" ><div\n\t\t\t\n\t\t\tclass=\"so-widget-sow-headline so-widget-sow-headline-default-1fbeaf5e8a1f\"\n\t\t\t\n\t\t><div class=\"sow-headline-container \">\n\t<p class='sow-headline'>\t\t\t\t\t\t<a href=\"https:\/\/paz.church\/guaratuba\" target=\"_blank\" rel=\"noopener noreferrer\">\n\t\t\t\t\tSite completo<\/a><\/p><\/div>\n<\/div><\/div><\/div><\/div><\/div><\/div><\/div><\/div><\/div><\/div><\/div><\/div>","protected":false},"excerpt":{"rendered":"<p>Fiz a decis\u00e3o por Jesus Preciso de ora\u00e7\u00e3o Quero um Life Group Quero contribuir Site completo<\/p>\n","protected":false},"author":1,"featured_media":0,"parent":0,"menu_order":0,"comment_status":"closed","ping_status":"closed","template":"page-links.php","meta":{"footnotes":""},"aioseo_notices":[],"_links":{"self":[{"href":"https:\/\/paz.church\/guaratuba\/wp-json\/wp\/v2\/pages\/8336"}],"collection":[{"href":"https:\/\/paz.church\/guaratuba\/wp-json\/wp\/v2\/pages"}],"about":[{"href":"https:\/\/paz.church\/guaratuba\/wp-json\/wp\/v2\/types\/page"}],"author":[{"embeddable":true,"href":"https:\/\/paz.church\/guaratuba\/wp-json\/wp\/v2\/users\/1"}],"replies":[{"embeddable":true,"href":"https:\/\/paz.church\/guaratuba\/wp-json\/wp\/v2\/comments?post=8336"}],"version-history":[{"count":10,"href":"https:\/\/paz.church\/guaratuba\/wp-json\/wp\/v2\/pages\/8336\/revisions"}],"predecessor-version":[{"id":8828,"href":"https:\/\/paz.church\/guaratuba\/wp-json\/wp\/v2\/pages\/8336\/revisions\/8828"}],"wp:attachment":[{"href":"https:\/\/paz.church\/guaratuba\/wp-json\/wp\/v2\/media?parent=8336"}],"curies":[{"name":"wp","href":"https:\/\/api.w.org\/{rel}","templated":true}]}}