{"id":20532,"date":"2022-10-24T21:53:37","date_gmt":"2022-10-25T00:53:37","guid":{"rendered":"https:\/\/paz.church\/itapipoca\/?page_id=20532"},"modified":"2022-10-24T21:53:38","modified_gmt":"2022-10-25T00:53:38","slug":"series","status":"publish","type":"page","link":"https:\/\/paz.church\/itapipoca\/series\/","title":{"rendered":"S\u00e9ries"},"content":{"rendered":"<div id=\"pl-20532\"  class=\"panel-layout\" ><div id=\"pg-20532-0\"  class=\"panel-grid panel-no-style\" ><div id=\"pgc-20532-0-0\"  class=\"panel-grid-cell\" ><div id=\"panel-20532-0-0-0\" class=\"so-panel widget widget_sow-editor panel-first-child panel-last-child\" data-index=\"0\" ><div\n\t\t\t\n\t\t\tclass=\"so-widget-sow-editor so-widget-sow-editor-base\"\n\t\t\t\n\t\t>\n<div class=\"siteorigin-widget-tinymce textwidget\">\n\t<ul id=\"wpfc_images_grid\"><li class=\"wpfc_grid_image\"><a href=\"https:\/\/paz.church\/itapipoca\/ministracoes\/series\/lagrimas-e-alegrias\/\"><img loading=\"lazy\" decoding=\"async\" width=\"1400\" height=\"700\" src=\"https:\/\/paz.church\/itapipoca\/wp-content\/uploads\/2024\/12\/LAGRIMAS-E-ALEGRIAS-copiar-1.jpg\" class=\"attachment- size-\" alt=\"\" srcset=\"https:\/\/paz.church\/itapipoca\/wp-content\/uploads\/2024\/12\/LAGRIMAS-E-ALEGRIAS-copiar-1.jpg 1400w, https:\/\/paz.church\/itapipoca\/wp-content\/uploads\/2024\/12\/LAGRIMAS-E-ALEGRIAS-copiar-1-300x150.jpg 300w, https:\/\/paz.church\/itapipoca\/wp-content\/uploads\/2024\/12\/LAGRIMAS-E-ALEGRIAS-copiar-1-1024x512.jpg 1024w, https:\/\/paz.church\/itapipoca\/wp-content\/uploads\/2024\/12\/LAGRIMAS-E-ALEGRIAS-copiar-1-768x384.jpg 768w\" sizes=\"(max-width: 1400px) 100vw, 1400px\" \/><\/a><h3 class=\"wpfc_grid_title\"><a href=\"https:\/\/paz.church\/itapipoca\/ministracoes\/series\/lagrimas-e-alegrias\/\">L\u00e1grimas e Alegrias<\/a><\/h3><\/li><li class=\"wpfc_grid_image\"><a href=\"https:\/\/paz.church\/itapipoca\/ministracoes\/series\/conferencia-do-espirito-santo-2024\/\"><img loading=\"lazy\" decoding=\"async\" width=\"1500\" height=\"750\" src=\"https:\/\/paz.church\/itapipoca\/wp-content\/uploads\/sermons\/2024\/10\/Conf-Espirito-Santo1.jpg\" class=\"attachment- size-\" alt=\"\" srcset=\"https:\/\/paz.church\/itapipoca\/wp-content\/uploads\/sermons\/2024\/10\/Conf-Espirito-Santo1.jpg 1500w, https:\/\/paz.church\/itapipoca\/wp-content\/uploads\/sermons\/2024\/10\/Conf-Espirito-Santo1-300x150.jpg 300w, https:\/\/paz.church\/itapipoca\/wp-content\/uploads\/sermons\/2024\/10\/Conf-Espirito-Santo1-1024x512.jpg 1024w, https:\/\/paz.church\/itapipoca\/wp-content\/uploads\/sermons\/2024\/10\/Conf-Espirito-Santo1-768x384.jpg 768w\" sizes=\"(max-width: 1500px) 100vw, 1500px\" \/><\/a><h3 class=\"wpfc_grid_title\"><a href=\"https:\/\/paz.church\/itapipoca\/ministracoes\/series\/conferencia-do-espirito-santo-2024\/\">Conferencia do Espirito Santo 2024<\/a><\/h3><\/li><li class=\"wpfc_grid_image\"><a href=\"https:\/\/paz.church\/itapipoca\/ministracoes\/series\/lideranca-saudavel\/\"><img loading=\"lazy\" decoding=\"async\" width=\"1920\" height=\"1080\" src=\"https:\/\/paz.church\/itapipoca\/wp-content\/uploads\/2023\/09\/SERIE-UMA-IGREJA-ACOLHEDORA-Site.jpg\" class=\"attachment- size-\" alt=\"\" srcset=\"https:\/\/paz.church\/itapipoca\/wp-content\/uploads\/2023\/09\/SERIE-UMA-IGREJA-ACOLHEDORA-Site.jpg 1920w, https:\/\/paz.church\/itapipoca\/wp-content\/uploads\/2023\/09\/SERIE-UMA-IGREJA-ACOLHEDORA-Site-300x169.jpg 300w, https:\/\/paz.church\/itapipoca\/wp-content\/uploads\/2023\/09\/SERIE-UMA-IGREJA-ACOLHEDORA-Site-1024x576.jpg 1024w, https:\/\/paz.church\/itapipoca\/wp-content\/uploads\/2023\/09\/SERIE-UMA-IGREJA-ACOLHEDORA-Site-768x432.jpg 768w, https:\/\/paz.church\/itapipoca\/wp-content\/uploads\/2023\/09\/SERIE-UMA-IGREJA-ACOLHEDORA-Site-1536x864.jpg 1536w, https:\/\/paz.church\/itapipoca\/wp-content\/uploads\/2023\/09\/SERIE-UMA-IGREJA-ACOLHEDORA-Site-1080x608.jpg 1080w, https:\/\/paz.church\/itapipoca\/wp-content\/uploads\/2023\/09\/SERIE-UMA-IGREJA-ACOLHEDORA-Site-426x240.jpg 426w\" sizes=\"(max-width: 1920px) 100vw, 1920px\" \/><\/a><h3 class=\"wpfc_grid_title\"><a href=\"https:\/\/paz.church\/itapipoca\/ministracoes\/series\/lideranca-saudavel\/\">Uma Igreja Acolhedora<\/a><\/h3><\/li><li class=\"wpfc_grid_image\"><a href=\"https:\/\/paz.church\/itapipoca\/ministracoes\/series\/conferencia-do-espirito-santo-2023\/\"><img loading=\"lazy\" decoding=\"async\" width=\"1920\" height=\"1080\" src=\"https:\/\/paz.church\/itapipoca\/wp-content\/uploads\/2023\/08\/CONFERENCIA-DO-ESPIRITO-SANTO-SITE.jpg\" class=\"attachment- size-\" alt=\"\" srcset=\"https:\/\/paz.church\/itapipoca\/wp-content\/uploads\/2023\/08\/CONFERENCIA-DO-ESPIRITO-SANTO-SITE.jpg 1920w, https:\/\/paz.church\/itapipoca\/wp-content\/uploads\/2023\/08\/CONFERENCIA-DO-ESPIRITO-SANTO-SITE-300x169.jpg 300w, https:\/\/paz.church\/itapipoca\/wp-content\/uploads\/2023\/08\/CONFERENCIA-DO-ESPIRITO-SANTO-SITE-1024x576.jpg 1024w, https:\/\/paz.church\/itapipoca\/wp-content\/uploads\/2023\/08\/CONFERENCIA-DO-ESPIRITO-SANTO-SITE-768x432.jpg 768w, https:\/\/paz.church\/itapipoca\/wp-content\/uploads\/2023\/08\/CONFERENCIA-DO-ESPIRITO-SANTO-SITE-1536x864.jpg 1536w, https:\/\/paz.church\/itapipoca\/wp-content\/uploads\/2023\/08\/CONFERENCIA-DO-ESPIRITO-SANTO-SITE-1080x608.jpg 1080w, https:\/\/paz.church\/itapipoca\/wp-content\/uploads\/2023\/08\/CONFERENCIA-DO-ESPIRITO-SANTO-SITE-426x240.jpg 426w\" sizes=\"(max-width: 1920px) 100vw, 1920px\" \/><\/a><h3 class=\"wpfc_grid_title\"><a href=\"https:\/\/paz.church\/itapipoca\/ministracoes\/series\/conferencia-do-espirito-santo-2023\/\">Conferencia do Espirito Santo 2023<\/a><\/h3><\/li><li class=\"wpfc_grid_image\"><a href=\"https:\/\/paz.church\/itapipoca\/ministracoes\/series\/discipulado-profundo\/\"><img loading=\"lazy\" decoding=\"async\" width=\"675\" height=\"378\" src=\"https:\/\/paz.church\/itapipoca\/wp-content\/uploads\/2023\/09\/WhatsApp-Image-2023-08-08-at-14.09.20-e1694261137539.jpeg\" class=\"attachment- size-\" alt=\"\" srcset=\"https:\/\/paz.church\/itapipoca\/wp-content\/uploads\/2023\/09\/WhatsApp-Image-2023-08-08-at-14.09.20-e1694261137539.jpeg 675w, https:\/\/paz.church\/itapipoca\/wp-content\/uploads\/2023\/09\/WhatsApp-Image-2023-08-08-at-14.09.20-e1694261137539-300x168.jpeg 300w, https:\/\/paz.church\/itapipoca\/wp-content\/uploads\/2023\/09\/WhatsApp-Image-2023-08-08-at-14.09.20-e1694261137539-426x240.jpeg 426w\" sizes=\"(max-width: 675px) 100vw, 675px\" \/><\/a><h3 class=\"wpfc_grid_title\"><a href=\"https:\/\/paz.church\/itapipoca\/ministracoes\/series\/discipulado-profundo\/\">Discipulado Profundo<\/a><\/h3><\/li><li class=\"wpfc_grid_image\"><a href=\"https:\/\/paz.church\/itapipoca\/ministracoes\/series\/a-revolucao-do-amor\/\"><img loading=\"lazy\" decoding=\"async\" width=\"675\" height=\"381\" src=\"https:\/\/paz.church\/itapipoca\/wp-content\/uploads\/2023\/09\/WhatsApp-Image-2023-09-09-at-07.02.50-e1694261567111.jpeg\" class=\"attachment- size-\" alt=\"\" srcset=\"https:\/\/paz.church\/itapipoca\/wp-content\/uploads\/2023\/09\/WhatsApp-Image-2023-09-09-at-07.02.50-e1694261567111.jpeg 675w, https:\/\/paz.church\/itapipoca\/wp-content\/uploads\/2023\/09\/WhatsApp-Image-2023-09-09-at-07.02.50-e1694261567111-300x169.jpeg 300w, https:\/\/paz.church\/itapipoca\/wp-content\/uploads\/2023\/09\/WhatsApp-Image-2023-09-09-at-07.02.50-e1694261567111-426x240.jpeg 426w\" sizes=\"(max-width: 675px) 100vw, 675px\" \/><\/a><h3 class=\"wpfc_grid_title\"><a href=\"https:\/\/paz.church\/itapipoca\/ministracoes\/series\/a-revolucao-do-amor\/\">A Revolu\u00e7\u00e3o do Amor<\/a><\/h3><\/li><li class=\"wpfc_grid_image\"><a href=\"https:\/\/paz.church\/itapipoca\/ministracoes\/series\/uma-vida-abencoada\/\"><img loading=\"lazy\" decoding=\"async\" width=\"1920\" height=\"1080\" src=\"https:\/\/paz.church\/itapipoca\/wp-content\/uploads\/2023\/06\/CRISTIANISMO-E-RELACIONAMENTO-CAPA-SERIE-SITE.jpg\" class=\"attachment- size-\" alt=\"\" srcset=\"https:\/\/paz.church\/itapipoca\/wp-content\/uploads\/2023\/06\/CRISTIANISMO-E-RELACIONAMENTO-CAPA-SERIE-SITE.jpg 1920w, https:\/\/paz.church\/itapipoca\/wp-content\/uploads\/2023\/06\/CRISTIANISMO-E-RELACIONAMENTO-CAPA-SERIE-SITE-300x169.jpg 300w, https:\/\/paz.church\/itapipoca\/wp-content\/uploads\/2023\/06\/CRISTIANISMO-E-RELACIONAMENTO-CAPA-SERIE-SITE-1024x576.jpg 1024w, https:\/\/paz.church\/itapipoca\/wp-content\/uploads\/2023\/06\/CRISTIANISMO-E-RELACIONAMENTO-CAPA-SERIE-SITE-768x432.jpg 768w, https:\/\/paz.church\/itapipoca\/wp-content\/uploads\/2023\/06\/CRISTIANISMO-E-RELACIONAMENTO-CAPA-SERIE-SITE-1536x864.jpg 1536w, https:\/\/paz.church\/itapipoca\/wp-content\/uploads\/2023\/06\/CRISTIANISMO-E-RELACIONAMENTO-CAPA-SERIE-SITE-1080x608.jpg 1080w, https:\/\/paz.church\/itapipoca\/wp-content\/uploads\/2023\/06\/CRISTIANISMO-E-RELACIONAMENTO-CAPA-SERIE-SITE-426x240.jpg 426w\" sizes=\"(max-width: 1920px) 100vw, 1920px\" \/><\/a><h3 class=\"wpfc_grid_title\"><a href=\"https:\/\/paz.church\/itapipoca\/ministracoes\/series\/uma-vida-abencoada\/\">Uma Vida Aben\u00e7oada<\/a><\/h3><\/li><li class=\"wpfc_grid_image\"><a href=\"https:\/\/paz.church\/itapipoca\/ministracoes\/series\/restaurando-os-fundamentos\/\"><img loading=\"lazy\" decoding=\"async\" width=\"1920\" height=\"1080\" src=\"https:\/\/paz.church\/itapipoca\/wp-content\/uploads\/2023\/02\/SERIE-RESTAURANDO-OS-FUNDAMENTOS-CAPA-SITE.jpg\" class=\"attachment- size-\" alt=\"\" srcset=\"https:\/\/paz.church\/itapipoca\/wp-content\/uploads\/2023\/02\/SERIE-RESTAURANDO-OS-FUNDAMENTOS-CAPA-SITE.jpg 1920w, https:\/\/paz.church\/itapipoca\/wp-content\/uploads\/2023\/02\/SERIE-RESTAURANDO-OS-FUNDAMENTOS-CAPA-SITE-300x169.jpg 300w, https:\/\/paz.church\/itapipoca\/wp-content\/uploads\/2023\/02\/SERIE-RESTAURANDO-OS-FUNDAMENTOS-CAPA-SITE-1024x576.jpg 1024w, https:\/\/paz.church\/itapipoca\/wp-content\/uploads\/2023\/02\/SERIE-RESTAURANDO-OS-FUNDAMENTOS-CAPA-SITE-768x432.jpg 768w, https:\/\/paz.church\/itapipoca\/wp-content\/uploads\/2023\/02\/SERIE-RESTAURANDO-OS-FUNDAMENTOS-CAPA-SITE-1536x864.jpg 1536w, https:\/\/paz.church\/itapipoca\/wp-content\/uploads\/2023\/02\/SERIE-RESTAURANDO-OS-FUNDAMENTOS-CAPA-SITE-1080x608.jpg 1080w, https:\/\/paz.church\/itapipoca\/wp-content\/uploads\/2023\/02\/SERIE-RESTAURANDO-OS-FUNDAMENTOS-CAPA-SITE-426x240.jpg 426w\" sizes=\"(max-width: 1920px) 100vw, 1920px\" \/><\/a><h3 class=\"wpfc_grid_title\"><a href=\"https:\/\/paz.church\/itapipoca\/ministracoes\/series\/restaurando-os-fundamentos\/\">Restaurando os Fundamentos<\/a><\/h3><\/li><li class=\"wpfc_grid_image\"><a href=\"https:\/\/paz.church\/itapipoca\/ministracoes\/series\/andar-na-luz\/\"><img loading=\"lazy\" decoding=\"async\" width=\"1920\" height=\"1080\" src=\"https:\/\/paz.church\/itapipoca\/wp-content\/uploads\/2022\/10\/CAPA-SERIE-ANDAR-NA-LUZ.jpg\" class=\"attachment- size-\" alt=\"\" srcset=\"https:\/\/paz.church\/itapipoca\/wp-content\/uploads\/2022\/10\/CAPA-SERIE-ANDAR-NA-LUZ.jpg 1920w, https:\/\/paz.church\/itapipoca\/wp-content\/uploads\/2022\/10\/CAPA-SERIE-ANDAR-NA-LUZ-300x169.jpg 300w, https:\/\/paz.church\/itapipoca\/wp-content\/uploads\/2022\/10\/CAPA-SERIE-ANDAR-NA-LUZ-1024x576.jpg 1024w, https:\/\/paz.church\/itapipoca\/wp-content\/uploads\/2022\/10\/CAPA-SERIE-ANDAR-NA-LUZ-768x432.jpg 768w, https:\/\/paz.church\/itapipoca\/wp-content\/uploads\/2022\/10\/CAPA-SERIE-ANDAR-NA-LUZ-1536x864.jpg 1536w, https:\/\/paz.church\/itapipoca\/wp-content\/uploads\/2022\/10\/CAPA-SERIE-ANDAR-NA-LUZ-1080x608.jpg 1080w, https:\/\/paz.church\/itapipoca\/wp-content\/uploads\/2022\/10\/CAPA-SERIE-ANDAR-NA-LUZ-426x240.jpg 426w\" sizes=\"(max-width: 1920px) 100vw, 1920px\" \/><\/a><h3 class=\"wpfc_grid_title\"><a href=\"https:\/\/paz.church\/itapipoca\/ministracoes\/series\/andar-na-luz\/\">Andar na Luz<\/a><\/h3><\/li><\/ul>\n<\/div>\n<\/div><\/div><\/div><\/div><\/div>","protected":false},"excerpt":{"rendered":"<p>L\u00e1grimas e AlegriasConferencia do Espirito Santo 2024Uma Igreja AcolhedoraConferencia do Espirito Santo 2023Discipulado ProfundoA Revolu\u00e7\u00e3o do AmorUma Vida Aben\u00e7oadaRestaurando os FundamentosAndar na Luz<\/p>\n","protected":false},"author":2,"featured_media":0,"parent":0,"menu_order":0,"comment_status":"closed","ping_status":"closed","template":"","meta":{"_seopress_robots_primary_cat":"","footnotes":""},"_links":{"self":[{"href":"https:\/\/paz.church\/itapipoca\/wp-json\/wp\/v2\/pages\/20532"}],"collection":[{"href":"https:\/\/paz.church\/itapipoca\/wp-json\/wp\/v2\/pages"}],"about":[{"href":"https:\/\/paz.church\/itapipoca\/wp-json\/wp\/v2\/types\/page"}],"author":[{"embeddable":true,"href":"https:\/\/paz.church\/itapipoca\/wp-json\/wp\/v2\/users\/2"}],"replies":[{"embeddable":true,"href":"https:\/\/paz.church\/itapipoca\/wp-json\/wp\/v2\/comments?post=20532"}],"version-history":[{"count":1,"href":"https:\/\/paz.church\/itapipoca\/wp-json\/wp\/v2\/pages\/20532\/revisions"}],"predecessor-version":[{"id":20534,"href":"https:\/\/paz.church\/itapipoca\/wp-json\/wp\/v2\/pages\/20532\/revisions\/20534"}],"wp:attachment":[{"href":"https:\/\/paz.church\/itapipoca\/wp-json\/wp\/v2\/media?parent=20532"}],"curies":[{"name":"wp","href":"https:\/\/api.w.org\/{rel}","templated":true}]}}