{"id":4877,"date":"2020-03-07T18:25:40","date_gmt":"2020-03-07T09:25:40","guid":{"rendered":"https:\/\/paz.church\/japan\/?page_id=4877"},"modified":"2022-05-27T18:31:13","modified_gmt":"2022-05-27T09:31:13","slug":"live","status":"publish","type":"page","link":"https:\/\/paz.church\/japan\/live\/","title":{"rendered":"Live Stream"},"content":{"rendered":"<div id=\"pl-4877\"  class=\"panel-layout\" ><div id=\"pg-4877-0\"  class=\"panel-grid panel-has-style\" ><div class=\"siteorigin-panels-stretch panel-row-style panel-row-style-for-4877-0\" data-stretch-type=\"full\" ><div id=\"pgc-4877-0-0\"  class=\"panel-grid-cell\" ><div id=\"panel-4877-0-0-0\" class=\"so-panel widget widget_sow-editor panel-first-child\" data-index=\"0\" ><div class=\"panel-widget-style panel-widget-style-for-4877-0-0-0\" ><div\n\t\t\t\n\t\t\tclass=\"so-widget-sow-editor so-widget-sow-editor-base\"\n\t\t\t\n\t\t>\n<div class=\"siteorigin-widget-tinymce textwidget\">\n\t<h2 style=\"text-align: center;\"><a href=\"https:\/\/paztokyo.online.church\/\">Church Online Sunday<\/a><\/h2>\n<\/div>\n<\/div><\/div><\/div><div id=\"panel-4877-0-0-1\" class=\"widget_text so-panel widget widget_custom_html\" data-index=\"1\" ><div class=\"widget_text panel-widget-style panel-widget-style-for-4877-0-0-1\" ><div class=\"textwidget custom-html-widget\"><center><button class=\"tithely-give-btn\" style=\"background-color: #00DB72;font-family: inherit;font-weight: bold;font-size: 19px; padding: 15px 70px; border-radius: 4px; cursor: pointer; background-image: none; color: white; text-shadow: none; display: inline-block; float: none; border: none;\" data-church-id=\"196796\">Click to Give Online<\/button>\n<script src=\"https:\/\/tithe.ly\/widget\/v3\/give.js?3\"><\/script>\n<script>\nvar tw = create_tithely_widget();\n<\/script><\/center><\/div><\/div><\/div><div id=\"panel-4877-0-0-2\" class=\"so-panel widget widget_sow-editor\" data-index=\"2\" ><div\n\t\t\t\n\t\t\tclass=\"so-widget-sow-editor so-widget-sow-editor-base\"\n\t\t\t\n\t\t>\n<div class=\"siteorigin-widget-tinymce textwidget\">\n\t<p>Welcome! We'd love for you to comment where you're watching from! To watch and comment live from YouTube, please <a href=\"https:\/\/youtu.be\/vTnWFWGd8hA\">click here<\/a>.<br \/>\nIf you want to give your tithe or offering, please <a href=\"https:\/\/tithe.ly\/give?c=196796\">click here<\/a>.<br \/>\nTo follow along with the handout, <a href=\"http:\/\/bible.com\/events\/48571121\">click here.<\/a><br \/>\nIf you would like to ask a question or comment privately, please send your question\/comment to our <a href=\"https:\/\/lin.ee\/ngolxL3\">Paz Church Line<\/a>.<\/p>\n<\/div>\n<\/div><\/div><div id=\"panel-4877-0-0-3\" class=\"so-panel widget widget_sow-editor panel-last-child\" data-index=\"3\" ><div\n\t\t\t\n\t\t\tclass=\"so-widget-sow-editor so-widget-sow-editor-base\"\n\t\t\t\n\t\t>\n<div class=\"siteorigin-widget-tinymce textwidget\">\n\t<p><iframe loading=\"lazy\" src=\"https:\/\/youtube.com\/embed\/vTnWFWGd8hA\" width=\"560\" height=\"315\" frameborder=\"0\" allowfullscreen=\"allowfullscreen\"><\/iframe><\/p>\n<\/div>\n<\/div><\/div><\/div><\/div><\/div><div id=\"pg-4877-1\"  class=\"panel-grid panel-has-style\" ><div class=\"siteorigin-panels-stretch panel-row-style panel-row-style-for-4877-1\" data-stretch-type=\"full\" ><div id=\"pgc-4877-1-0\"  class=\"panel-grid-cell\" ><div id=\"panel-4877-1-0-0\" class=\"so-panel widget widget_sow-editor panel-first-child\" data-index=\"4\" ><div class=\"panel-widget-style panel-widget-style-for-4877-1-0-0\" ><div\n\t\t\t\n\t\t\tclass=\"so-widget-sow-editor so-widget-sow-editor-base\"\n\t\t\t\n\t\t>\n<div class=\"siteorigin-widget-tinymce textwidget\">\n\t<h2 style=\"text-align: center;\">Culto Online com Tradu\u00e7\u00e3o em Portugu\u00eas<\/h2>\n<\/div>\n<\/div><\/div><\/div><div id=\"panel-4877-1-0-1\" class=\"so-panel widget widget_sow-editor\" data-index=\"5\" ><div\n\t\t\t\n\t\t\tclass=\"so-widget-sow-editor so-widget-sow-editor-base\"\n\t\t\t\n\t\t>\n<div class=\"siteorigin-widget-tinymce textwidget\">\n\t<p><iframe loading=\"lazy\" src=\"https:\/\/www.youtube.com\/embed\/jqQPYjbpngw\" width=\"560\" height=\"315\" frameborder=\"0\" allowfullscreen=\"allowfullscreen\"><\/iframe><\/p>\n<\/div>\n<\/div><\/div><div id=\"panel-4877-1-0-2\" class=\"widget_text so-panel widget widget_custom_html\" data-index=\"6\" ><div class=\"widget_text panel-widget-style panel-widget-style-for-4877-1-0-2\" ><div class=\"textwidget custom-html-widget\"><center><button class=\"tithely-give-btn\" style=\"background-color: #00DB72;font-family: inherit;font-weight: bold;font-size: 19px; padding: 15px 70px; border-radius: 4px; cursor: pointer; background-image: none; color: white; text-shadow: none; display: inline-block; float: none; border: none;\" data-church-id=\"196796\">Clique para Ofertar Online<\/button>\n<script src=\"https:\/\/tithe.ly\/widget\/v3\/give.js?3\"><\/script>\n<script>\nvar tw = create_tithely_widget();\n<\/script><\/center><\/div><\/div><\/div><div id=\"panel-4877-1-0-3\" class=\"so-panel widget widget_sow-editor panel-last-child\" data-index=\"7\" ><div\n\t\t\t\n\t\t\tclass=\"so-widget-sow-editor so-widget-sow-editor-base\"\n\t\t\t\n\t\t>\n<div class=\"siteorigin-widget-tinymce textwidget\">\n\t<p class=\"p1\" style=\"text-align: center;\">Acompanhe a prega\u00e7\u00e3o com o <a href=\"http:\/\/bible.com\/events\/48555696\">folheto eletr\u00f4nico aqui<\/a>.<\/p>\n<p style=\"text-align: center;\">Sala de ora\u00e7\u00e3o no Zoom (10:30-11:00): <a href=\"http:\/\/bit.ly\/3o9Kwte\">http:\/\/bit.ly\/3o9Kwte<\/a><\/p>\n<\/div>\n<\/div><\/div><\/div><\/div><\/div><div id=\"pg-4877-2\"  class=\"panel-grid panel-has-style\" ><div class=\"siteorigin-panels-stretch panel-row-style panel-row-style-for-4877-2\" id=\"firstservice\" data-stretch-type=\"full\" ><div id=\"pgc-4877-2-0\"  class=\"panel-grid-cell\" ><div id=\"panel-4877-2-0-0\" class=\"so-panel widget widget_sow-editor panel-first-child\" data-index=\"8\" ><div class=\"panel-widget-style panel-widget-style-for-4877-2-0-0\" ><div\n\t\t\t\n\t\t\tclass=\"so-widget-sow-editor so-widget-sow-editor-base\"\n\t\t\t\n\t\t>\n<div class=\"siteorigin-widget-tinymce textwidget\">\n\t<h2 style=\"text-align: center;\">Church Online Sunday at 9:30am<\/h2>\n<\/div>\n<\/div><\/div><\/div><div id=\"panel-4877-2-0-1\" class=\"so-panel widget widget_sow-editor panel-last-child\" data-index=\"9\" ><div\n\t\t\t\n\t\t\tclass=\"so-widget-sow-editor so-widget-sow-editor-base\"\n\t\t\t\n\t\t>\n<div class=\"siteorigin-widget-tinymce textwidget\">\n\t<p><iframe loading=\"lazy\" src=\"https:\/\/youtube.com\/embed\/vfs4hIKChvc\" width=\"560\" height=\"315\" frameborder=\"0\" allowfullscreen=\"allowfullscreen\"><\/iframe><\/p>\n<\/div>\n<\/div><\/div><\/div><\/div><\/div><\/div>","protected":false},"excerpt":{"rendered":"<p>Church Online Sunday Welcome! We&#8217;d love for you to comment where you&#8217;re watching from! To watch and comment live from YouTube, please click here. If you want to give your tithe or offering, please click here. To follow along with the handout, click here. If you would like to ask a question or comment privately,Continue reading &rarr;<\/p>\n","protected":false},"author":3,"featured_media":5004,"parent":0,"menu_order":0,"comment_status":"closed","ping_status":"closed","template":"","meta":[],"aioseo_notices":[],"_links":{"self":[{"href":"https:\/\/paz.church\/japan\/wp-json\/wp\/v2\/pages\/4877"}],"collection":[{"href":"https:\/\/paz.church\/japan\/wp-json\/wp\/v2\/pages"}],"about":[{"href":"https:\/\/paz.church\/japan\/wp-json\/wp\/v2\/types\/page"}],"author":[{"embeddable":true,"href":"https:\/\/paz.church\/japan\/wp-json\/wp\/v2\/users\/3"}],"replies":[{"embeddable":true,"href":"https:\/\/paz.church\/japan\/wp-json\/wp\/v2\/comments?post=4877"}],"version-history":[{"count":0,"href":"https:\/\/paz.church\/japan\/wp-json\/wp\/v2\/pages\/4877\/revisions"}],"wp:featuredmedia":[{"embeddable":true,"href":"https:\/\/paz.church\/japan\/wp-json\/wp\/v2\/media\/5004"}],"wp:attachment":[{"href":"https:\/\/paz.church\/japan\/wp-json\/wp\/v2\/media?parent=4877"}],"curies":[{"name":"wp","href":"https:\/\/api.w.org\/{rel}","templated":true}]}}