{"id":14450,"date":"2021-06-17T02:33:51","date_gmt":"2021-06-17T05:33:51","guid":{"rendered":"https:\/\/paz.church\/saopaulo\/?page_id=14450"},"modified":"2024-10-28T21:15:28","modified_gmt":"2024-10-29T00:15:28","slug":"contribua","status":"publish","type":"page","link":"https:\/\/paz.church\/lencois\/contribua\/","title":{"rendered":"Contribua"},"content":{"rendered":"<div id=\"pl-14450\"  class=\"panel-layout\" ><a id=\"bordas\"><\/a><div id=\"pg-14450-0\"  class=\"panel-grid panel-has-style\"  data-extraid=\"bordas\" ><div class=\"bordas panel-row-style panel-row-style-for-14450-0\" ><div id=\"pgc-14450-0-0\"  class=\"panel-grid-cell\" ><div id=\"panel-14450-0-0-0\" class=\"so-panel widget widget_sow-editor panel-first-child panel-last-child\" data-index=\"0\" ><div\n\t\t\t\n\t\t\tclass=\"so-widget-sow-editor so-widget-sow-editor-base\"\n\t\t\t\n\t\t>\n<div class=\"siteorigin-widget-tinymce textwidget\">\n\t<p>Sua generosidade est\u00e1 transformando o mundo! O avan\u00e7o do Reino de Deus em v\u00e1rios pa\u00edses, a restaura\u00e7\u00e3o de fam\u00edlias e o socorro aos necessitados atrav\u00e9s da a\u00e7\u00e3o social da igreja, tem sido beneficiados com o seu fiel apoio financeiro.<\/p>\n<p>Contribua a qualquer hora, em qualquer lugar.<\/p>\n<\/div>\n<\/div><\/div><\/div><\/div><\/div><div id=\"pg-14450-1\"  class=\"panel-grid panel-has-style\" ><div id=\"Team01\" class=\"panel-row-style panel-row-style-for-14450-1\" ><div id=\"pgc-14450-1-0\"  class=\"panel-grid-cell\" ><div id=\"colunas-widget\" class=\"panel-cell-style panel-cell-style-for-14450-1-0\" ><div id=\"panel-14450-1-0-0\" class=\"so-panel widget widget_sow-headline panel-first-child panel-last-child\" data-index=\"1\" ><div class=\"titulo panel-widget-style panel-widget-style-for-14450-1-0-0\" ><div\n\t\t\t\n\t\t\tclass=\"so-widget-sow-headline so-widget-sow-headline-default-4630e17ce972-14450\"\n\t\t\t\n\t\t><div class=\"sow-headline-container \">\n\t\t\t\t\t\t\t<h3 class=\"sow-headline\">\n\t\t\t\t\t\tCONTAS E PIX\t\t\t\t\t\t<\/h3>\n\t\t\t\t\t\t<\/div>\n<\/div><\/div><\/div><\/div><\/div><\/div><\/div><div id=\"pg-14450-2\"  class=\"panel-grid panel-has-style\" ><div id=\"contas\" class=\"panel-row-style panel-row-style-for-14450-2\" ><div id=\"pgc-14450-2-0\"  class=\"panel-grid-cell\" ><div class=\"bordas panel-cell-style panel-cell-style-for-14450-2-0\" ><div id=\"panel-14450-2-0-0\" class=\"so-panel widget widget_sow-editor panel-first-child panel-last-child\" data-index=\"2\" ><div\n\t\t\t\n\t\t\tclass=\"so-widget-sow-editor so-widget-sow-editor-base\"\n\t\t\t\n\t\t><h3 class=\"widget-title\">Campus Len\u00e7\u00f3is Paulista<\/h3>\n<div class=\"siteorigin-widget-tinymce textwidget\">\n\t<p style=\"text-align: left;\"><strong>D\u00edzimos e Ofertas<\/strong><\/p>\n<p style=\"text-align: left;\"><strong>Bradesco (237)<\/strong><\/p>\n<p style=\"text-align: left;\">Ag\u00eancia: 0397 | CC: 25537-8<br \/>\nPix\/CNPJ: 44.001.557\/0001-12<\/p>\n<\/div>\n<\/div><\/div><\/div><\/div><\/div><\/div><\/div>","protected":false},"excerpt":{"rendered":"<p>Sua generosidade est\u00e1 transformando o mundo! O avan\u00e7o do Reino de Deus em v\u00e1rios pa\u00edses, a restaura\u00e7\u00e3o de fam\u00edlias e o socorro aos necessitados atrav\u00e9s da a\u00e7\u00e3o social da igreja, tem sido beneficiados com o seu fiel apoio financeiro. Contribua a qualquer hora, em qualquer lugar.<\/p>\n","protected":false},"author":6,"featured_media":19701,"parent":0,"menu_order":0,"comment_status":"closed","ping_status":"closed","template":"","meta":{"_seopress_robots_primary_cat":"","_seopress_titles_title":"","_seopress_titles_desc":"","_seopress_robots_index":"","footnotes":""},"class_list":["post-14450","page","type-page","status-publish","has-post-thumbnail","has-thumb"],"_links":{"self":[{"href":"https:\/\/paz.church\/lencois\/wp-json\/wp\/v2\/pages\/14450","targetHints":{"allow":["GET"]}}],"collection":[{"href":"https:\/\/paz.church\/lencois\/wp-json\/wp\/v2\/pages"}],"about":[{"href":"https:\/\/paz.church\/lencois\/wp-json\/wp\/v2\/types\/page"}],"author":[{"embeddable":true,"href":"https:\/\/paz.church\/lencois\/wp-json\/wp\/v2\/users\/6"}],"replies":[{"embeddable":true,"href":"https:\/\/paz.church\/lencois\/wp-json\/wp\/v2\/comments?post=14450"}],"version-history":[{"count":4,"href":"https:\/\/paz.church\/lencois\/wp-json\/wp\/v2\/pages\/14450\/revisions"}],"predecessor-version":[{"id":19704,"href":"https:\/\/paz.church\/lencois\/wp-json\/wp\/v2\/pages\/14450\/revisions\/19704"}],"wp:featuredmedia":[{"embeddable":true,"href":"https:\/\/paz.church\/lencois\/wp-json\/wp\/v2\/media\/19701"}],"wp:attachment":[{"href":"https:\/\/paz.church\/lencois\/wp-json\/wp\/v2\/media?parent=14450"}],"curies":[{"name":"wp","href":"https:\/\/api.w.org\/{rel}","templated":true}]}}