{"id":17573,"date":"2021-12-06T15:16:06","date_gmt":"2021-12-06T18:16:06","guid":{"rendered":"https:\/\/paz.church\/saopaulo\/?page_id=17573"},"modified":"2025-07-19T07:41:47","modified_gmt":"2025-07-19T10:41:47","slug":"campus","status":"publish","type":"page","link":"https:\/\/paz.church\/lencois\/campus\/","title":{"rendered":"Nossos C\u00e2mpus"},"content":{"rendered":"<div id=\"pl-17573\"  class=\"panel-layout\" ><a id=\"bordas\"><\/a><div id=\"pg-17573-0\"  class=\"panel-grid panel-has-style\"  data-extraid=\"bordas\" ><div class=\"bordas panel-row-style panel-row-style-for-17573-0\" ><div id=\"pgc-17573-0-0\"  class=\"panel-grid-cell\" ><div id=\"panel-17573-0-0-0\" class=\"so-panel widget widget_siteorigin-panels-builder panel-first-child\" data-index=\"0\" ><div id=\"agenda\" class=\"panel-widget-style panel-widget-style-for-17573-0-0-0\" ><div id=\"pl-w687b7576f127a\"  class=\"panel-layout\" ><div id=\"pg-w687b7576f127a-0\"  class=\"panel-grid panel-no-style\" ><div id=\"pgc-w687b7576f127a-0-0\"  class=\"panel-grid-cell\" ><div id=\"panel-w687b7576f127a-0-0-0\" class=\"so-panel widget widget_sow-icon panel-first-child\" data-index=\"0\" ><div\n\t\t\t\n\t\t\tclass=\"so-widget-sow-icon so-widget-sow-icon-default-6c726c1e23e1\"\n\t\t\t\n\t\t>\n<div class=\"sow-icon-container sow-icon\">\n\t\t\t<span class=\"sow-icon-typicons\" data-sow-icon=\"&#xe09f;\"\n\t\t \n\t\taria-hidden=\"true\"><\/span>\t<\/div>\n<\/div><\/div><div id=\"panel-w687b7576f127a-0-0-1\" class=\"so-panel widget widget_sow-headline panel-last-child\" data-index=\"1\" ><div class=\"panel-widget-style panel-widget-style-for-w687b7576f127a-0-0-1\" ><div\n\t\t\t\n\t\t\tclass=\"so-widget-sow-headline so-widget-sow-headline-default-09c85edd25a5\"\n\t\t\t\n\t\t><div class=\"sow-headline-container \">\n\t\t\t\t\t\t\t<h3 class=\"sow-headline\">\n\t\t\t\t\t\tPAZ Church Lenc\u00e7\u00f3is Paulista\t\t\t\t\t\t<\/h3>\n\t\t\t\t\t\t\t\t\t\t\t\t<p class=\"sow-sub-headline\">\n\t\t\t\t\t\tRua Anita Garibaldi, 608\t\t\t\t\t\t<\/p>\n\t\t\t\t\t\t<\/div>\n<\/div><\/div><\/div><\/div><\/div><div id=\"pg-w687b7576f127a-1\"  class=\"panel-grid panel-no-style\" ><div id=\"pgc-w687b7576f127a-1-0\"  class=\"panel-grid-cell\" ><div class=\"panel-cell-style panel-cell-style-for-w687b7576f127a-1-0\" ><div id=\"panel-w687b7576f127a-1-0-0\" class=\"so-panel widget widget_sow-editor panel-first-child panel-last-child\" data-index=\"2\" ><div class=\"panel-widget-style panel-widget-style-for-w687b7576f127a-1-0-0\" ><div\n\t\t\t\n\t\t\tclass=\"so-widget-sow-editor so-widget-sow-editor-base\"\n\t\t\t\n\t\t>\n<div class=\"siteorigin-widget-tinymce textwidget\">\n\t<p><strong>Cultos de Celebra\u00e7\u00e3o<br \/>\n<\/strong>Domingo: 9h30 e 18h30<\/p>\n<\/div>\n<\/div><\/div><\/div><\/div><\/div><div id=\"pgc-w687b7576f127a-1-1\"  class=\"panel-grid-cell\" ><div id=\"panel-w687b7576f127a-1-1-0\" class=\"so-panel widget widget_sow-editor panel-first-child panel-last-child\" data-index=\"3\" ><div\n\t\t\t\n\t\t\tclass=\"so-widget-sow-editor so-widget-sow-editor-base\"\n\t\t\t\n\t\t>\n<div class=\"siteorigin-widget-tinymce textwidget\">\n\t<p><strong>TADEL | Treinamento<br \/>\n<\/strong>Ter\u00e7a: 20h<\/p>\n<\/div>\n<\/div><\/div><\/div><\/div><\/div><\/div><\/div><div id=\"panel-17573-0-0-1\" class=\"so-panel widget widget_sow-button panel-last-child\" data-index=\"1\" ><div\n\t\t\t\n\t\t\tclass=\"so-widget-sow-button so-widget-sow-button-flat-ab2420ddd85f-17573\"\n\t\t\t\n\t\t><div class=\"ow-button-base ow-button-align-center\">\n\t\t\t<a\n\t\t\t\t\thref=\"https:\/\/paz.church\/lencois\/agenda\"\n\t\t\t\t\tclass=\"sowb-button ow-icon-placement-left\" \t>\n\t\t<span>\n\t\t\t\n\t\t\tAgenda Completa\t\t<\/span>\n\t\t\t<\/a>\n\t<\/div>\n<\/div><\/div><\/div><\/div><\/div><\/div>","protected":false},"excerpt":{"rendered":"<p>PAZ Church Lenc\u00e7\u00f3is Paulista Rua Anita Garibaldi, 608 Cultos de Celebra\u00e7\u00e3o Domingo: 9h30 e 18h30 TADEL | Treinamento Ter\u00e7a: 20h Agenda Completa<\/p>\n","protected":false},"author":1,"featured_media":23252,"parent":0,"menu_order":0,"comment_status":"closed","ping_status":"closed","template":"","meta":{"_seopress_robots_primary_cat":"","_seopress_titles_title":"","_seopress_titles_desc":"","_seopress_robots_index":"","footnotes":""},"class_list":["post-17573","page","type-page","status-publish","has-post-thumbnail","has-thumb"],"_links":{"self":[{"href":"https:\/\/paz.church\/lencois\/wp-json\/wp\/v2\/pages\/17573","targetHints":{"allow":["GET"]}}],"collection":[{"href":"https:\/\/paz.church\/lencois\/wp-json\/wp\/v2\/pages"}],"about":[{"href":"https:\/\/paz.church\/lencois\/wp-json\/wp\/v2\/types\/page"}],"author":[{"embeddable":true,"href":"https:\/\/paz.church\/lencois\/wp-json\/wp\/v2\/users\/1"}],"replies":[{"embeddable":true,"href":"https:\/\/paz.church\/lencois\/wp-json\/wp\/v2\/comments?post=17573"}],"version-history":[{"count":4,"href":"https:\/\/paz.church\/lencois\/wp-json\/wp\/v2\/pages\/17573\/revisions"}],"predecessor-version":[{"id":23344,"href":"https:\/\/paz.church\/lencois\/wp-json\/wp\/v2\/pages\/17573\/revisions\/23344"}],"wp:featuredmedia":[{"embeddable":true,"href":"https:\/\/paz.church\/lencois\/wp-json\/wp\/v2\/media\/23252"}],"wp:attachment":[{"href":"https:\/\/paz.church\/lencois\/wp-json\/wp\/v2\/media?parent=17573"}],"curies":[{"name":"wp","href":"https:\/\/api.w.org\/{rel}","templated":true}]}}