{"id":23685,"date":"2026-01-06T12:38:18","date_gmt":"2026-01-06T15:38:18","guid":{"rendered":"https:\/\/paz.church\/lencois\/?page_id=23685"},"modified":"2026-01-06T12:41:36","modified_gmt":"2026-01-06T15:41:36","slug":"novocampus","status":"publish","type":"page","link":"https:\/\/paz.church\/lencois\/novocampus\/","title":{"rendered":"Novo Campus"},"content":{"rendered":"<div id=\"pl-23685\"  class=\"panel-layout\" ><a id=\"bordas\"><\/a><div id=\"pg-23685-0\"  class=\"panel-grid panel-has-style\"  data-extraid=\"bordas\" ><div class=\"bordas panel-row-style panel-row-style-for-23685-0\" ><div id=\"pgc-23685-0-0\"  class=\"panel-grid-cell\" ><div id=\"panel-23685-0-0-0\" class=\"so-panel widget widget_sow-editor panel-first-child panel-last-child\" data-index=\"0\" ><div\n\t\t\t\n\t\t\tclass=\"so-widget-sow-editor so-widget-sow-editor-base\"\n\t\t\t\n\t\t>\n<div class=\"siteorigin-widget-tinymce textwidget\">\n\t<div>Estamos avan\u00e7ando para um espa\u00e7o que acompanhe o crescimento da igreja, com melhor estrutura para cultos e atividades.<br \/>\nPara isso, vamos mobilizar toda a igreja e levantar fundos de forma <strong>estrat\u00e9gica e transparente<\/strong>, envolvendo todos nesse prop\u00f3sito.<br \/>\n<strong>Ao fazer o dep\u00f3sito, escreva \u201cNOVO PR\u00c9DIO\u201d no comprovante e envie para a secretaria<\/strong> \u2014 isso ser\u00e1 utilizado na presta\u00e7\u00e3o de contas para a igreja.<\/div>\n<\/div>\n<\/div><\/div><\/div><\/div><\/div><div id=\"pg-23685-1\"  class=\"panel-grid panel-has-style\" ><div id=\"Team01\" class=\"panel-row-style panel-row-style-for-23685-1\" ><div id=\"pgc-23685-1-0\"  class=\"panel-grid-cell\" ><div id=\"colunas-widget\" class=\"panel-cell-style panel-cell-style-for-23685-1-0\" ><div id=\"panel-23685-1-0-0\" class=\"so-panel widget widget_sow-headline panel-first-child panel-last-child\" data-index=\"1\" ><div class=\"titulo panel-widget-style panel-widget-style-for-23685-1-0-0\" ><div\n\t\t\t\n\t\t\tclass=\"so-widget-sow-headline so-widget-sow-headline-default-4630e17ce972-23685\"\n\t\t\t\n\t\t><div class=\"sow-headline-container \">\n\t\t\t\t\t\t\t<h3 class=\"sow-headline\">\n\t\t\t\t\t\tCONTAS E PIX\t\t\t\t\t\t<\/h3>\n\t\t\t\t\t\t<\/div>\n<\/div><\/div><\/div><\/div><\/div><\/div><\/div><div id=\"pg-23685-2\"  class=\"panel-grid panel-has-style\" ><div id=\"contas\" class=\"panel-row-style panel-row-style-for-23685-2\" ><div id=\"pgc-23685-2-0\"  class=\"panel-grid-cell\" ><div class=\"bordas panel-cell-style panel-cell-style-for-23685-2-0\" ><div id=\"panel-23685-2-0-0\" class=\"so-panel widget widget_sow-editor panel-first-child panel-last-child\" data-index=\"2\" ><div\n\t\t\t\n\t\t\tclass=\"so-widget-sow-editor so-widget-sow-editor-base\"\n\t\t\t\n\t\t><h3 class=\"widget-title\">Campus Len\u00e7\u00f3is Paulista<\/h3>\n<div class=\"siteorigin-widget-tinymce textwidget\">\n\t<p style=\"text-align: left;\"><strong>Bradesco (237)<\/strong><\/p>\n<p style=\"text-align: left;\"><strong>Ag\u00eancia<\/strong>: 0397 | CC: 25537-8<br \/>\n<strong>Pix\/CNPJ:<\/strong> 44.001.557\/0001-12<\/p>\n<\/div>\n<\/div><\/div><\/div><\/div><\/div><\/div><\/div>","protected":false},"excerpt":{"rendered":"<p>Estamos avan\u00e7ando para um espa\u00e7o que acompanhe o crescimento da igreja, com melhor estrutura para cultos e atividades. Para isso, vamos mobilizar toda a igreja e levantar fundos de forma estrat\u00e9gica e transparente, envolvendo todos nesse prop\u00f3sito. Ao fazer o dep\u00f3sito, escreva \u201cNOVO PR\u00c9DIO\u201d no comprovante e envie para a secretaria \u2014 isso ser\u00e1 utilizadoContinue reading &rarr;<\/p>\n","protected":false},"author":1,"featured_media":23674,"parent":0,"menu_order":0,"comment_status":"closed","ping_status":"closed","template":"","meta":{"_seopress_robots_primary_cat":"","_seopress_titles_title":"","_seopress_titles_desc":"","_seopress_robots_index":"","footnotes":""},"class_list":["post-23685","page","type-page","status-publish","has-post-thumbnail","has-thumb"],"_links":{"self":[{"href":"https:\/\/paz.church\/lencois\/wp-json\/wp\/v2\/pages\/23685","targetHints":{"allow":["GET"]}}],"collection":[{"href":"https:\/\/paz.church\/lencois\/wp-json\/wp\/v2\/pages"}],"about":[{"href":"https:\/\/paz.church\/lencois\/wp-json\/wp\/v2\/types\/page"}],"author":[{"embeddable":true,"href":"https:\/\/paz.church\/lencois\/wp-json\/wp\/v2\/users\/1"}],"replies":[{"embeddable":true,"href":"https:\/\/paz.church\/lencois\/wp-json\/wp\/v2\/comments?post=23685"}],"version-history":[{"count":3,"href":"https:\/\/paz.church\/lencois\/wp-json\/wp\/v2\/pages\/23685\/revisions"}],"predecessor-version":[{"id":23690,"href":"https:\/\/paz.church\/lencois\/wp-json\/wp\/v2\/pages\/23685\/revisions\/23690"}],"wp:featuredmedia":[{"embeddable":true,"href":"https:\/\/paz.church\/lencois\/wp-json\/wp\/v2\/media\/23674"}],"wp:attachment":[{"href":"https:\/\/paz.church\/lencois\/wp-json\/wp\/v2\/media?parent=23685"}],"curies":[{"name":"wp","href":"https:\/\/api.w.org\/{rel}","templated":true}]}}