{"id":3727,"date":"2018-01-31T08:55:51","date_gmt":"2018-01-31T10:55:51","guid":{"rendered":"https:\/\/paz.church\/saopaulo\/?page_id=3727"},"modified":"2025-07-19T07:43:47","modified_gmt":"2025-07-19T10:43:47","slug":"voluntarios","status":"publish","type":"page","link":"https:\/\/paz.church\/lencois\/voluntarios\/","title":{"rendered":"Seja um volunt\u00e1rio"},"content":{"rendered":"<div id=\"pl-3727\"  class=\"panel-layout\" ><a id=\"bordas\"><\/a><div id=\"pg-3727-0\"  class=\"panel-grid panel-has-style\"  data-extraid=\"bordas\" ><div class=\"bordas panel-row-style panel-row-style-for-3727-0\" id=\"ministerios\" ><div id=\"pgc-3727-0-0\"  class=\"panel-grid-cell\" ><div id=\"panel-3727-0-0-0\" class=\"so-panel widget widget_sow-editor panel-first-child panel-last-child\" data-index=\"0\" ><div class=\"panel-widget-style panel-widget-style-for-3727-0-0-0\" ><div\n\t\t\t\n\t\t\tclass=\"so-widget-sow-editor so-widget-sow-editor-base\"\n\t\t\t\n\t\t><h3 class=\"widget-title\">Nossa Cultura<\/h3>\n<div class=\"siteorigin-widget-tinymce textwidget\">\n\t<p><strong>A Cultura do Voluntariado<\/strong><\/p>\n<p>Cremos, verdadeiramente, que ser um volunt\u00e1rio na Igreja (em qualquer \u00e1rea ou minist\u00e9rio) \u00e9 uma tarefa t\u00e3o santa quanto ministrar o louvor ou pregar a Palavra. O nosso objetivo \u00e9 o mesmo:\u00a0<strong>derramar o Amor de Deus sobre as pessoas!<\/strong><\/p>\n<p>Quando, ao final de um culto, uma pessoa decide se entregar totalmente a Cristo, todas as pessoas que serviram naquele culto t\u00eam participa\u00e7\u00e3o nisso! Somos um time, e o papel que cada volunt\u00e1rio desempenha \u00e9 essencial para que mais pessoas conhe\u00e7am a Jesus.<\/p>\n<p>Todas as atividades que os volunt\u00e1rios exercem se tornam as mais empolgantes e importantes do mundo quando se entende que por tr\u00e1s disso tudo existe um prop\u00f3sito:\u00a0<strong>salvar vidas!<\/strong><\/p>\n<p>A Paz Church Len\u00e7\u00f3is d\u00e1 a voc\u00ea a oportunidade de fazer parte de nosso time de volunt\u00e1rios para cuidar das pessoas e servir na obra do Senhor. Possu\u00edmos tr\u00eas minist\u00e9rios de entrada que recomendamos para voc\u00ea servir como volunt\u00e1rio. Conhe\u00e7a um pouco mais sobre cada um e se envolva nesse precioso servi\u00e7o do Reino de Deus. Caso queira servir, acesse o minist\u00e9rio espec\u00edfico e fa\u00e7a a sua inscri\u00e7\u00e3o.<\/p>\n<\/div>\n<\/div><\/div><\/div><\/div><\/div><\/div><div id=\"pg-3727-1\"  class=\"panel-grid panel-has-style\" ><div class=\"siteorigin-panels-stretch panel-row-style panel-row-style-for-3727-1\" id=\"Team01\" data-stretch-type=\"full\" ><div id=\"pgc-3727-1-0\"  class=\"panel-grid-cell\" ><div id=\"colunas-widget\" class=\"panel-cell-style panel-cell-style-for-3727-1-0\" ><div id=\"panel-3727-1-0-0\" class=\"so-panel widget widget_sow-headline panel-first-child panel-last-child\" data-index=\"1\" ><div class=\"titulo panel-widget-style panel-widget-style-for-3727-1-0-0\" id=\"ministerios\" ><div\n\t\t\t\n\t\t\tclass=\"so-widget-sow-headline so-widget-sow-headline-default-f7a5dc35bfba-3727\"\n\t\t\t\n\t\t><div class=\"sow-headline-container \">\n\t\t\t\t\t\t\t<h3 class=\"sow-headline\">\n\t\t\t\t\t\tMinist\u00e9rios de Entrada\t\t\t\t\t\t<\/h3>\n\t\t\t\t\t\t<\/div>\n<\/div><\/div><\/div><\/div><\/div><\/div><\/div><a id=\"bordas\"><\/a><div id=\"pg-3727-2\"  class=\"panel-grid panel-has-style\"  data-extraid=\"bordas\" ><div class=\"bordas panel-row-style panel-row-style-for-3727-2\" id=\"ministerios\" ><div id=\"pgc-3727-2-0\"  class=\"panel-grid-cell\" ><div id=\"panel-3727-2-0-0\" class=\"so-panel widget widget_sow-image panel-first-child panel-last-child\" data-index=\"2\" ><div\n\t\t\t\n\t\t\tclass=\"so-widget-sow-image so-widget-sow-image-default-8b5b6f678277-3727\"\n\t\t\t\n\t\t>\n\n<div class=\"sow-image-container\">\n\t\t<img loading=\"lazy\" decoding=\"async\" src=\"https:\/\/paz.church\/lencois\/wp-content\/uploads\/2025\/07\/IMG_4867-e1752919157600.jpeg\" width=\"794\" height=\"794\" srcset=\"https:\/\/paz.church\/lencois\/wp-content\/uploads\/2025\/07\/IMG_4867-e1752919157600.jpeg 794w, https:\/\/paz.church\/lencois\/wp-content\/uploads\/2025\/07\/IMG_4867-e1752919157600-300x300.jpeg 300w, https:\/\/paz.church\/lencois\/wp-content\/uploads\/2025\/07\/IMG_4867-e1752919157600-180x180.jpeg 180w, https:\/\/paz.church\/lencois\/wp-content\/uploads\/2025\/07\/IMG_4867-e1752919157600-768x768.jpeg 768w, https:\/\/paz.church\/lencois\/wp-content\/uploads\/2025\/07\/IMG_4867-e1752919157600-330x330.jpeg 330w, https:\/\/paz.church\/lencois\/wp-content\/uploads\/2025\/07\/IMG_4867-e1752919157600-426x426.jpeg 426w, https:\/\/paz.church\/lencois\/wp-content\/uploads\/2025\/07\/IMG_4867-e1752919157600-75x75.jpeg 75w\" sizes=\"auto, (max-width: 794px) 100vw, 794px\" title=\"Atmosfera\" alt=\"\" \t\tclass=\"so-widget-image\"\/>\n\t<\/div>\n\n<\/div><\/div><\/div><div id=\"pgc-3727-2-1\"  class=\"panel-grid-cell\" ><div id=\"panel-3727-2-1-0\" class=\"so-panel widget widget_sow-editor panel-first-child panel-last-child\" data-index=\"3\" ><div class=\"panel-widget-style panel-widget-style-for-3727-2-1-0\" ><div\n\t\t\t\n\t\t\tclass=\"so-widget-sow-editor so-widget-sow-editor-base\"\n\t\t\t\n\t\t><h3 class=\"widget-title\">Atmosfera<\/h3>\n<div class=\"siteorigin-widget-tinymce textwidget\">\n\t<p>Nosso objetivo \u00e9 garantir que nossos membros e convidados sejam super bem recebidos em nossa Igreja.<\/p>\n<\/div>\n<\/div><\/div><\/div><\/div><\/div><\/div><a id=\"bordas\"><\/a><div id=\"pg-3727-3\"  class=\"panel-grid panel-has-style\"  data-extraid=\"bordas\" ><div class=\"bordas panel-row-style panel-row-style-for-3727-3\" id=\"ministerios\" ><div id=\"pgc-3727-3-0\"  class=\"panel-grid-cell\" ><div id=\"panel-3727-3-0-0\" class=\"so-panel widget widget_sow-image panel-first-child panel-last-child\" data-index=\"4\" ><div\n\t\t\t\n\t\t\tclass=\"so-widget-sow-image so-widget-sow-image-default-8b5b6f678277-3727\"\n\t\t\t\n\t\t>\n\n<div class=\"sow-image-container\">\n\t\t<img loading=\"lazy\" decoding=\"async\" src=\"https:\/\/paz.church\/lencois\/wp-content\/uploads\/2025\/07\/Captura-de-tela-2025-07-19-045206.jpg\" width=\"1388\" height=\"920\" srcset=\"https:\/\/paz.church\/lencois\/wp-content\/uploads\/2025\/07\/Captura-de-tela-2025-07-19-045206.jpg 1388w, https:\/\/paz.church\/lencois\/wp-content\/uploads\/2025\/07\/Captura-de-tela-2025-07-19-045206-300x200.jpg 300w, https:\/\/paz.church\/lencois\/wp-content\/uploads\/2025\/07\/Captura-de-tela-2025-07-19-045206-1024x679.jpg 1024w, https:\/\/paz.church\/lencois\/wp-content\/uploads\/2025\/07\/Captura-de-tela-2025-07-19-045206-768x509.jpg 768w\" sizes=\"auto, (max-width: 1388px) 100vw, 1388px\" title=\"PAZ Kids\" alt=\"\" \t\tclass=\"so-widget-image\"\/>\n\t<\/div>\n\n<\/div><\/div><\/div><div id=\"pgc-3727-3-1\"  class=\"panel-grid-cell\" ><div id=\"panel-3727-3-1-0\" class=\"so-panel widget widget_sow-editor panel-first-child panel-last-child\" data-index=\"5\" ><div class=\"panel-widget-style panel-widget-style-for-3727-3-1-0\" ><div\n\t\t\t\n\t\t\tclass=\"so-widget-sow-editor so-widget-sow-editor-base\"\n\t\t\t\n\t\t><h3 class=\"widget-title\">Paz Kids<\/h3>\n<div class=\"siteorigin-widget-tinymce textwidget\">\n\t<p>Acreditamos que o Reino dos c\u00e9us pertence \u00e0s crian\u00e7as, que n\u00e3o s\u00e3o apenas o futuro da nossa igreja, mas tamb\u00e9m o presente.<\/p>\n<\/div>\n<\/div><\/div><\/div><\/div><\/div><\/div><a id=\"bordas\"><\/a><div id=\"pg-3727-4\"  class=\"panel-grid panel-has-style\"  data-extraid=\"bordas\" ><div class=\"bordas panel-row-style panel-row-style-for-3727-4\" id=\"ministerios\" ><div id=\"pgc-3727-4-0\"  class=\"panel-grid-cell\" ><div id=\"panel-3727-4-0-0\" class=\"so-panel widget widget_sow-image panel-first-child panel-last-child\" data-index=\"6\" ><div\n\t\t\t\n\t\t\tclass=\"so-widget-sow-image so-widget-sow-image-default-8b5b6f678277-3727\"\n\t\t\t\n\t\t>\n\n<div class=\"sow-image-container\">\n\t\t<img loading=\"lazy\" decoding=\"async\" src=\"https:\/\/paz.church\/lencois\/wp-content\/uploads\/2025\/07\/Captura-de-tela-2025-07-19-064159.jpg\" width=\"1395\" height=\"925\" srcset=\"https:\/\/paz.church\/lencois\/wp-content\/uploads\/2025\/07\/Captura-de-tela-2025-07-19-064159.jpg 1395w, https:\/\/paz.church\/lencois\/wp-content\/uploads\/2025\/07\/Captura-de-tela-2025-07-19-064159-300x200.jpg 300w, https:\/\/paz.church\/lencois\/wp-content\/uploads\/2025\/07\/Captura-de-tela-2025-07-19-064159-1024x679.jpg 1024w, https:\/\/paz.church\/lencois\/wp-content\/uploads\/2025\/07\/Captura-de-tela-2025-07-19-064159-768x509.jpg 768w\" sizes=\"auto, (max-width: 1395px) 100vw, 1395px\" title=\"Midia\" alt=\"\" \t\tclass=\"so-widget-image\"\/>\n\t<\/div>\n\n<\/div><\/div><\/div><div id=\"pgc-3727-4-1\"  class=\"panel-grid-cell\" ><div id=\"panel-3727-4-1-0\" class=\"so-panel widget widget_sow-editor panel-first-child panel-last-child\" data-index=\"7\" ><div class=\"panel-widget-style panel-widget-style-for-3727-4-1-0\" ><div\n\t\t\t\n\t\t\tclass=\"so-widget-sow-editor so-widget-sow-editor-base\"\n\t\t\t\n\t\t><h3 class=\"widget-title\">M\u00eddia<\/h3>\n<div class=\"siteorigin-widget-tinymce textwidget\">\n\t<p>Queremos, atrav\u00e9s da m\u00eddia, criar uma experi\u00eancia acolhedora e inspiradora que aproxime cada pessoa da mensagem e do prop\u00f3sito de Deus em nossa Igreja.<\/p>\n<\/div>\n<\/div><\/div><\/div><\/div><\/div><\/div><\/div>","protected":false},"excerpt":{"rendered":"<p>A Cultura do Voluntariado Cremos, verdadeiramente, que ser um volunt\u00e1rio na Igreja (em qualquer \u00e1rea ou minist\u00e9rio) \u00e9 uma tarefa t\u00e3o santa quanto ministrar o louvor ou pregar a Palavra. O nosso objetivo \u00e9 o mesmo:\u00a0derramar o Amor de Deus sobre as pessoas! Quando, ao final de um culto, uma pessoa decide se entregar totalmenteContinue reading &rarr;<\/p>\n","protected":false},"author":1,"featured_media":23284,"parent":0,"menu_order":0,"comment_status":"closed","ping_status":"closed","template":"","meta":{"_seopress_robots_primary_cat":"","_seopress_titles_title":"","_seopress_titles_desc":"","_seopress_robots_index":"","footnotes":""},"class_list":["post-3727","page","type-page","status-publish","has-post-thumbnail","has-thumb"],"_links":{"self":[{"href":"https:\/\/paz.church\/lencois\/wp-json\/wp\/v2\/pages\/3727","targetHints":{"allow":["GET"]}}],"collection":[{"href":"https:\/\/paz.church\/lencois\/wp-json\/wp\/v2\/pages"}],"about":[{"href":"https:\/\/paz.church\/lencois\/wp-json\/wp\/v2\/types\/page"}],"author":[{"embeddable":true,"href":"https:\/\/paz.church\/lencois\/wp-json\/wp\/v2\/users\/1"}],"replies":[{"embeddable":true,"href":"https:\/\/paz.church\/lencois\/wp-json\/wp\/v2\/comments?post=3727"}],"version-history":[{"count":11,"href":"https:\/\/paz.church\/lencois\/wp-json\/wp\/v2\/pages\/3727\/revisions"}],"predecessor-version":[{"id":23324,"href":"https:\/\/paz.church\/lencois\/wp-json\/wp\/v2\/pages\/3727\/revisions\/23324"}],"wp:featuredmedia":[{"embeddable":true,"href":"https:\/\/paz.church\/lencois\/wp-json\/wp\/v2\/media\/23284"}],"wp:attachment":[{"href":"https:\/\/paz.church\/lencois\/wp-json\/wp\/v2\/media?parent=3727"}],"curies":[{"name":"wp","href":"https:\/\/api.w.org\/{rel}","templated":true}]}}