{"id":1249,"date":"2018-12-11T21:10:16","date_gmt":"2018-12-12T01:10:16","guid":{"rendered":"https:\/\/paz.church\/saopaulo\/?page_id=1249"},"modified":"2020-06-09T00:23:54","modified_gmt":"2020-06-09T04:23:54","slug":"pastores","status":"publish","type":"page","link":"https:\/\/paz.church\/manaus\/pastores\/","title":{"rendered":"Nossos Pastores"},"content":{"rendered":"<div id=\"pl-1249\"  class=\"panel-layout\" ><div id=\"pg-1249-0\"  class=\"panel-grid panel-has-style\" ><div class=\"siteorigin-panels-stretch panel-row-style panel-row-style-for-1249-0\" id=\"Team01\" data-stretch-type=\"full\" ><div id=\"pgc-1249-0-0\"  class=\"panel-grid-cell\" ><div id=\"colunas-widget\" class=\"panel-cell-style panel-cell-style-for-1249-0-0\" ><div id=\"panel-1249-0-0-0\" class=\"so-panel widget widget_sow-headline panel-first-child panel-last-child\" data-index=\"0\" ><div class=\"titulo panel-widget-style panel-widget-style-for-1249-0-0-0\" ><div\n\t\t\t\n\t\t\tclass=\"so-widget-sow-headline so-widget-sow-headline-default-781b3de0ede0-1249\"\n\t\t\t\n\t\t><div class=\"sow-headline-container \">\n\t<h3 class='sow-headline'>Pastores Seniores<\/h3><\/div>\n<\/div><\/div><\/div><\/div><\/div><\/div><\/div><div id=\"pg-1249-1\"  class=\"panel-grid panel-has-style\" ><div class=\"siteorigin-panels-stretch panel-row-style panel-row-style-for-1249-1\" id=\"team\" data-stretch-type=\"full\" ><div id=\"pgc-1249-1-0\"  class=\"panel-grid-cell\" ><div id=\"panel-1249-1-0-0\" class=\"so-panel widget widget_sow-image panel-first-child panel-last-child\" data-index=\"1\" ><div\n\t\t\t\n\t\t\tclass=\"so-widget-sow-image so-widget-sow-image-default-d6014b76747a-1249\"\n\t\t\t\n\t\t>\n\n<div class=\"sow-image-container\">\n\t\t<img decoding=\"async\" src=\"https:\/\/paz.church\/manaus\/wp-content\/uploads\/2020\/05\/IMG_9990-330x330.jpg\" width=\"330\" height=\"330\" srcset=\"https:\/\/paz.church\/manaus\/wp-content\/uploads\/2020\/05\/IMG_9990-330x330.jpg 330w, https:\/\/paz.church\/manaus\/wp-content\/uploads\/2020\/05\/IMG_9990-180x180.jpg 180w, https:\/\/paz.church\/manaus\/wp-content\/uploads\/2020\/05\/IMG_9990-426x426.jpg 426w, https:\/\/paz.church\/manaus\/wp-content\/uploads\/2020\/05\/IMG_9990-75x75.jpg 75w\" sizes=\"(max-width: 330px) 100vw, 330px\" alt=\"\" loading=\"lazy\" \t\tclass=\"so-widget-image\"\/>\n\t<\/div>\n\n<\/div><\/div><\/div><div id=\"pgc-1249-1-1\"  class=\"panel-grid-cell\" ><div id=\"panel-1249-1-1-0\" class=\"so-panel widget widget_sow-editor panel-first-child\" data-index=\"2\" ><div\n\t\t\t\n\t\t\tclass=\"so-widget-sow-editor so-widget-sow-editor-base\"\n\t\t\t\n\t\t><h3 class=\"widget-title\">Eloy &amp; Deyse Pacaya<\/h3>\n<div class=\"siteorigin-widget-tinymce textwidget\">\n\t<p>L\u00edderes da Base Regional da Paz Church Manaus. S\u00e3o apaixonados pela vis\u00e3o da igreja em c\u00e9lulas com \u00eanfase no discipulado. Servem a Jesus h\u00e1 mais de 40 anos e s\u00e3o entusiastas no cumprimento do chamado do Senhor Jesus.<\/p>\n<\/div>\n<\/div><\/div><div id=\"panel-1249-1-1-1\" class=\"so-panel widget widget_sow-social-media-buttons panel-last-child\" data-index=\"3\" ><div class=\"redessociais panel-widget-style panel-widget-style-for-1249-1-1-1\" ><div\n\t\t\t\n\t\t\tclass=\"so-widget-sow-social-media-buttons so-widget-sow-social-media-buttons-flat-b0f514e73629-1249\"\n\t\t\t\n\t\t>\n\n<div class=\"social-media-button-container\">\n\t\n\t\t<a class=\"sow-social-media-button-facebook-0 sow-social-media-button\" title=\"Paz Church | Manaus em Facebook\" aria-label=\"Paz Church | Manaus em Facebook\" target=\"_blank\" rel=\"noopener noreferrer\" href=\"https:\/\/www.facebook.com\/eloy.pacaya\" >\n\t\t\t<span>\n\t\t\t\t\t\t\t\t<span class=\"sow-icon-fontawesome sow-fab\" data-sow-icon=\"&#xf39e;\"\n\t\t \n\t\taria-hidden=\"true\"><\/span>\t\t\t\t\t\t\t<\/span>\n\t\t<\/a>\n\t\n\t\t<a class=\"sow-social-media-button-instagram-0 sow-social-media-button\" title=\"Paz Church | Manaus em Instagram\" aria-label=\"Paz Church | Manaus em Instagram\" target=\"_blank\" rel=\"noopener noreferrer\" href=\"https:\/\/www.instagram.com\/eloypacaya\/\" >\n\t\t\t<span>\n\t\t\t\t\t\t\t\t<span class=\"sow-icon-fontawesome sow-fab\" data-sow-icon=\"&#xf16d;\"\n\t\t \n\t\taria-hidden=\"true\"><\/span>\t\t\t\t\t\t\t<\/span>\n\t\t<\/a>\n\t<\/div>\n<\/div><\/div><\/div><\/div><\/div><\/div><div id=\"pg-1249-2\"  class=\"panel-grid panel-has-style\" ><div class=\"siteorigin-panels-stretch panel-row-style panel-row-style-for-1249-2\" id=\"staff\" data-stretch-type=\"full\" ><div id=\"pgc-1249-2-0\"  class=\"panel-grid-cell\" ><div id=\"colunas-widget\" class=\"panel-cell-style panel-cell-style-for-1249-2-0\" ><div id=\"panel-1249-2-0-0\" class=\"so-panel widget widget_sow-headline panel-first-child panel-last-child\" data-index=\"4\" ><div class=\"titulo panel-widget-style panel-widget-style-for-1249-2-0-0\" ><div\n\t\t\t\n\t\t\tclass=\"so-widget-sow-headline so-widget-sow-headline-default-781b3de0ede0-1249\"\n\t\t\t\n\t\t><div class=\"sow-headline-container \">\n\t<h3 class='sow-headline'>Equipe S\u00eanior<\/h3><\/div>\n<\/div><\/div><\/div><\/div><\/div><\/div><\/div><div id=\"pg-1249-3\"  class=\"panel-grid panel-has-style\" ><div class=\"siteorigin-panels-stretch panel-row-style panel-row-style-for-1249-3\" id=\"staff\" data-stretch-type=\"full\" ><div id=\"pgc-1249-3-0\"  class=\"panel-grid-cell\" ><div id=\"panel-1249-3-0-0\" class=\"so-panel widget widget_sow-image panel-first-child\" data-index=\"5\" ><div\n\t\t\t\n\t\t\tclass=\"so-widget-sow-image so-widget-sow-image-default-d6014b76747a-1249\"\n\t\t\t\n\t\t>\n\n<div class=\"sow-image-container\">\n\t\t<img alt=\"\" loading=\"lazy\" \t\tclass=\"so-widget-image\"\/>\n\t<\/div>\n\n<\/div><\/div><div id=\"panel-1249-3-0-1\" class=\"so-panel widget widget_sow-editor\" data-index=\"6\" ><div\n\t\t\t\n\t\t\tclass=\"so-widget-sow-editor so-widget-sow-editor-base\"\n\t\t\t\n\t\t>\n<div class=\"siteorigin-widget-tinymce textwidget\">\n\t<\/div>\n<\/div><\/div><div id=\"panel-1249-3-0-2\" class=\"so-panel widget widget_sow-social-media-buttons panel-last-child\" data-index=\"7\" ><div class=\"redessociais panel-widget-style panel-widget-style-for-1249-3-0-2\" ><div\n\t\t\t\n\t\t\tclass=\"so-widget-sow-social-media-buttons so-widget-sow-social-media-buttons-flat-b218b6cbf136-1249\"\n\t\t\t\n\t\t>\n\n<div class=\"social-media-button-container\">\n\t\n\t\t<a class=\"sow-social-media-button-facebook-0 sow-social-media-button\" title=\"Paz Church | Manaus em Facebook\" aria-label=\"Paz Church | Manaus em Facebook\" target=\"_blank\" rel=\"noopener noreferrer\" >\n\t\t\t<span>\n\t\t\t\t\t\t\t\t<span class=\"sow-icon-fontawesome sow-fab\" data-sow-icon=\"&#xf39e;\"\n\t\t \n\t\taria-hidden=\"true\"><\/span>\t\t\t\t\t\t\t<\/span>\n\t\t<\/a>\n\t\n\t\t<a class=\"sow-social-media-button-instagram-0 sow-social-media-button\" title=\"Paz Church | Manaus em Instagram\" aria-label=\"Paz Church | Manaus em Instagram\" target=\"_blank\" rel=\"noopener noreferrer\" >\n\t\t\t<span>\n\t\t\t\t\t\t\t\t<span class=\"sow-icon-fontawesome sow-fab\" data-sow-icon=\"&#xf16d;\"\n\t\t \n\t\taria-hidden=\"true\"><\/span>\t\t\t\t\t\t\t<\/span>\n\t\t<\/a>\n\t\n\t\t<a class=\"sow-social-media-button-twitter-0 sow-social-media-button\" title=\"Paz Church | Manaus em Twitter\" aria-label=\"Paz Church | Manaus em Twitter\" target=\"_blank\" rel=\"noopener noreferrer\" >\n\t\t\t<span>\n\t\t\t\t\t\t\t\t<span class=\"sow-icon-fontawesome sow-fab\" data-sow-icon=\"&#xf099;\"\n\t\t \n\t\taria-hidden=\"true\"><\/span>\t\t\t\t\t\t\t<\/span>\n\t\t<\/a>\n\t<\/div>\n<\/div><\/div><\/div><\/div><div id=\"pgc-1249-3-1\"  class=\"panel-grid-cell\" ><div id=\"panel-1249-3-1-0\" class=\"so-panel widget widget_sow-image panel-first-child\" data-index=\"8\" ><div\n\t\t\t\n\t\t\tclass=\"so-widget-sow-image so-widget-sow-image-default-d6014b76747a-1249\"\n\t\t\t\n\t\t>\n\n<div class=\"sow-image-container\">\n\t\t<img alt=\"\" loading=\"lazy\" \t\tclass=\"so-widget-image\"\/>\n\t<\/div>\n\n<\/div><\/div><div id=\"panel-1249-3-1-1\" class=\"so-panel widget widget_sow-editor\" data-index=\"9\" ><div\n\t\t\t\n\t\t\tclass=\"so-widget-sow-editor so-widget-sow-editor-base\"\n\t\t\t\n\t\t>\n<div class=\"siteorigin-widget-tinymce textwidget\">\n\t<\/div>\n<\/div><\/div><div id=\"panel-1249-3-1-2\" class=\"so-panel widget widget_sow-social-media-buttons panel-last-child\" data-index=\"10\" ><div class=\"redessociais panel-widget-style panel-widget-style-for-1249-3-1-2\" ><div\n\t\t\t\n\t\t\tclass=\"so-widget-sow-social-media-buttons so-widget-sow-social-media-buttons-flat-b218b6cbf136-1249\"\n\t\t\t\n\t\t>\n\n<div class=\"social-media-button-container\">\n\t\n\t\t<a class=\"sow-social-media-button-facebook-0 sow-social-media-button\" title=\"Paz Church | Manaus em Facebook\" aria-label=\"Paz Church | Manaus em Facebook\" target=\"_blank\" rel=\"noopener noreferrer\" >\n\t\t\t<span>\n\t\t\t\t\t\t\t\t<span class=\"sow-icon-fontawesome sow-fab\" data-sow-icon=\"&#xf39e;\"\n\t\t \n\t\taria-hidden=\"true\"><\/span>\t\t\t\t\t\t\t<\/span>\n\t\t<\/a>\n\t\n\t\t<a class=\"sow-social-media-button-instagram-0 sow-social-media-button\" title=\"Paz Church | Manaus em Instagram\" aria-label=\"Paz Church | Manaus em Instagram\" target=\"_blank\" rel=\"noopener noreferrer\" >\n\t\t\t<span>\n\t\t\t\t\t\t\t\t<span class=\"sow-icon-fontawesome sow-fab\" data-sow-icon=\"&#xf16d;\"\n\t\t \n\t\taria-hidden=\"true\"><\/span>\t\t\t\t\t\t\t<\/span>\n\t\t<\/a>\n\t\n\t\t<a class=\"sow-social-media-button-twitter-0 sow-social-media-button\" title=\"Paz Church | Manaus em Twitter\" aria-label=\"Paz Church | Manaus em Twitter\" target=\"_blank\" rel=\"noopener noreferrer\" >\n\t\t\t<span>\n\t\t\t\t\t\t\t\t<span class=\"sow-icon-fontawesome sow-fab\" data-sow-icon=\"&#xf099;\"\n\t\t \n\t\taria-hidden=\"true\"><\/span>\t\t\t\t\t\t\t<\/span>\n\t\t<\/a>\n\t<\/div>\n<\/div><\/div><\/div><\/div><div id=\"pgc-1249-3-2\"  class=\"panel-grid-cell\" ><div id=\"panel-1249-3-2-0\" class=\"so-panel widget widget_sow-image panel-first-child\" data-index=\"11\" ><div\n\t\t\t\n\t\t\tclass=\"so-widget-sow-image so-widget-sow-image-default-d6014b76747a-1249\"\n\t\t\t\n\t\t>\n\n<div class=\"sow-image-container\">\n\t\t<img alt=\"\" loading=\"lazy\" \t\tclass=\"so-widget-image\"\/>\n\t<\/div>\n\n<\/div><\/div><div id=\"panel-1249-3-2-1\" class=\"so-panel widget widget_sow-editor\" data-index=\"12\" ><div\n\t\t\t\n\t\t\tclass=\"so-widget-sow-editor so-widget-sow-editor-base\"\n\t\t\t\n\t\t>\n<div class=\"siteorigin-widget-tinymce textwidget\">\n\t<\/div>\n<\/div><\/div><div id=\"panel-1249-3-2-2\" class=\"so-panel widget widget_sow-social-media-buttons panel-last-child\" data-index=\"13\" ><div class=\"redessociais panel-widget-style panel-widget-style-for-1249-3-2-2\" ><div\n\t\t\t\n\t\t\tclass=\"so-widget-sow-social-media-buttons so-widget-sow-social-media-buttons-flat-6bafb37ca076-1249\"\n\t\t\t\n\t\t>\n\n<div class=\"social-media-button-container\">\n\t\n\t\t<a class=\"sow-social-media-button-facebook-0 sow-social-media-button\" title=\"Paz Church | Manaus em Facebook\" aria-label=\"Paz Church | Manaus em Facebook\" target=\"_blank\" rel=\"noopener noreferrer\" >\n\t\t\t<span>\n\t\t\t\t\t\t\t\t<span class=\"sow-icon-fontawesome sow-fab\" data-sow-icon=\"&#xf39e;\"\n\t\t \n\t\taria-hidden=\"true\"><\/span>\t\t\t\t\t\t\t<\/span>\n\t\t<\/a>\n\t\n\t\t<a class=\"sow-social-media-button-instagram-0 sow-social-media-button\" title=\"Paz Church | Manaus em Instagram\" aria-label=\"Paz Church | Manaus em Instagram\" target=\"_blank\" rel=\"noopener noreferrer\" >\n\t\t\t<span>\n\t\t\t\t\t\t\t\t<span class=\"sow-icon-fontawesome sow-fab\" data-sow-icon=\"&#xf16d;\"\n\t\t \n\t\taria-hidden=\"true\"><\/span>\t\t\t\t\t\t\t<\/span>\n\t\t<\/a>\n\t<\/div>\n<\/div><\/div><\/div><\/div><div id=\"pgc-1249-3-3\"  class=\"panel-grid-cell\" ><div id=\"panel-1249-3-3-0\" class=\"so-panel widget widget_sow-image panel-first-child\" data-index=\"14\" ><div\n\t\t\t\n\t\t\tclass=\"so-widget-sow-image so-widget-sow-image-default-d6014b76747a-1249\"\n\t\t\t\n\t\t>\n\n<div class=\"sow-image-container\">\n\t\t<img alt=\"\" loading=\"lazy\" \t\tclass=\"so-widget-image\"\/>\n\t<\/div>\n\n<\/div><\/div><div id=\"panel-1249-3-3-1\" class=\"so-panel widget widget_sow-editor\" data-index=\"15\" ><div\n\t\t\t\n\t\t\tclass=\"so-widget-sow-editor so-widget-sow-editor-base\"\n\t\t\t\n\t\t>\n<div class=\"siteorigin-widget-tinymce textwidget\">\n\t<\/div>\n<\/div><\/div><div id=\"panel-1249-3-3-2\" class=\"so-panel widget widget_sow-social-media-buttons panel-last-child\" data-index=\"16\" ><div class=\"redessociais panel-widget-style panel-widget-style-for-1249-3-3-2\" ><div\n\t\t\t\n\t\t\tclass=\"so-widget-sow-social-media-buttons so-widget-sow-social-media-buttons-flat-6bafb37ca076-1249\"\n\t\t\t\n\t\t>\n\n<div class=\"social-media-button-container\">\n\t\n\t\t<a class=\"sow-social-media-button-facebook-0 sow-social-media-button\" title=\"Paz Church | Manaus em Facebook\" aria-label=\"Paz Church | Manaus em Facebook\" target=\"_blank\" rel=\"noopener noreferrer\" >\n\t\t\t<span>\n\t\t\t\t\t\t\t\t<span class=\"sow-icon-fontawesome sow-fab\" data-sow-icon=\"&#xf39e;\"\n\t\t \n\t\taria-hidden=\"true\"><\/span>\t\t\t\t\t\t\t<\/span>\n\t\t<\/a>\n\t\n\t\t<a class=\"sow-social-media-button-instagram-0 sow-social-media-button\" title=\"Paz Church | Manaus em Instagram\" aria-label=\"Paz Church | Manaus em Instagram\" target=\"_blank\" rel=\"noopener noreferrer\" >\n\t\t\t<span>\n\t\t\t\t\t\t\t\t<span class=\"sow-icon-fontawesome sow-fab\" data-sow-icon=\"&#xf16d;\"\n\t\t \n\t\taria-hidden=\"true\"><\/span>\t\t\t\t\t\t\t<\/span>\n\t\t<\/a>\n\t<\/div>\n<\/div><\/div><\/div><\/div><\/div><\/div><\/div>","protected":false},"excerpt":{"rendered":"<p>L\u00edderes da Base Regional da Paz Church Manaus. S\u00e3o apaixonados pela vis\u00e3o da igreja em c\u00e9lulas com \u00eanfase no discipulado. Servem a Jesus h\u00e1 mais de 40 anos e s\u00e3o entusiastas no cumprimento do chamado do Senhor Jesus.<\/p>\n","protected":false},"author":1,"featured_media":8613,"parent":0,"menu_order":0,"comment_status":"closed","ping_status":"closed","template":"","meta":{"footnotes":""},"aioseo_notices":[],"_links":{"self":[{"href":"https:\/\/paz.church\/manaus\/wp-json\/wp\/v2\/pages\/1249"}],"collection":[{"href":"https:\/\/paz.church\/manaus\/wp-json\/wp\/v2\/pages"}],"about":[{"href":"https:\/\/paz.church\/manaus\/wp-json\/wp\/v2\/types\/page"}],"author":[{"embeddable":true,"href":"https:\/\/paz.church\/manaus\/wp-json\/wp\/v2\/users\/1"}],"replies":[{"embeddable":true,"href":"https:\/\/paz.church\/manaus\/wp-json\/wp\/v2\/comments?post=1249"}],"version-history":[{"count":12,"href":"https:\/\/paz.church\/manaus\/wp-json\/wp\/v2\/pages\/1249\/revisions"}],"predecessor-version":[{"id":8559,"href":"https:\/\/paz.church\/manaus\/wp-json\/wp\/v2\/pages\/1249\/revisions\/8559"}],"wp:featuredmedia":[{"embeddable":true,"href":"https:\/\/paz.church\/manaus\/wp-json\/wp\/v2\/media\/8613"}],"wp:attachment":[{"href":"https:\/\/paz.church\/manaus\/wp-json\/wp\/v2\/media?parent=1249"}],"curies":[{"name":"wp","href":"https:\/\/api.w.org\/{rel}","templated":true}]}}