{"id":8249,"date":"2018-01-01T00:14:39","date_gmt":"2018-01-01T04:14:39","guid":{"rendered":"https:\/\/paz.church\/saopaulo\/?page_id=8249"},"modified":"2020-12-19T22:04:29","modified_gmt":"2020-12-20T02:04:29","slug":"contribua","status":"publish","type":"page","link":"https:\/\/paz.church\/manaus\/contribua\/","title":{"rendered":"Contribua"},"content":{"rendered":"<div id=\"pl-8249\"  class=\"panel-layout\" ><div id=\"pg-8249-0\"  class=\"panel-grid panel-no-style\" ><div id=\"pgc-8249-0-0\"  class=\"panel-grid-cell\" ><div id=\"panel-8249-0-0-0\" class=\"so-panel widget widget_sow-editor panel-first-child panel-last-child\" data-index=\"0\" ><div\n\t\t\t\n\t\t\tclass=\"so-widget-sow-editor so-widget-sow-editor-base\"\n\t\t\t\n\t\t>\n<div class=\"siteorigin-widget-tinymce textwidget\">\n\t<p>Sua generosidade est\u00e1 transformando o mundo! O avan\u00e7o do Reino de Deus em v\u00e1rios pa\u00edses, a restaura\u00e7\u00e3o de fam\u00edlias e o socorro aos necessitados atrav\u00e9s da a\u00e7\u00e3o social da igreja, tem sido beneficiados com o seu fiel apoio financeiro.<\/p>\n<p>Contribua a qualquer hora, em qualquer lugar.<\/p>\n<\/div>\n<\/div><\/div><\/div><\/div><div id=\"pg-8249-1\"  class=\"panel-grid panel-has-style\" ><div id=\"doar02\" class=\"panel-row-style panel-row-style-for-8249-1\" ><div id=\"pgc-8249-1-0\"  class=\"panel-grid-cell\" ><div id=\"panel-8249-1-0-0\" class=\"so-panel widget widget_media_image panel-first-child panel-last-child\" data-index=\"1\" ><div class=\"panel-widget-style panel-widget-style-for-8249-1-0-0\" ><img loading=\"lazy\" decoding=\"async\" width=\"64\" height=\"64\" src=\"https:\/\/paz.church\/manaus\/wp-content\/uploads\/2020\/11\/Pix-icone-1.png\" class=\"image wp-image-8816  attachment-full size-full\" alt=\"\" style=\"max-width: 100%; height: auto;\" \/><\/div><\/div><\/div><div id=\"pgc-8249-1-1\"  class=\"panel-grid-cell\" ><div id=\"panel-8249-1-1-0\" class=\"so-panel widget widget_sow-headline panel-first-child\" data-index=\"2\" ><div\n\t\t\t\n\t\t\tclass=\"so-widget-sow-headline so-widget-sow-headline-default-1d186b115fdc-8249\"\n\t\t\t\n\t\t><div class=\"sow-headline-container \">\n\t<h3 class='sow-headline'>Pix<\/h3><\/div>\n<\/div><\/div><div id=\"panel-8249-1-1-1\" class=\"so-panel widget widget_sow-editor panel-last-child\" data-index=\"3\" ><div\n\t\t\t\n\t\t\tclass=\"so-widget-sow-editor so-widget-sow-editor-base\"\n\t\t\t\n\t\t>\n<div class=\"siteorigin-widget-tinymce textwidget\">\n\t<p>Chave \/ Email:<br \/>\nmanaus@paz.church<\/p>\n<\/div>\n<\/div><\/div><\/div><\/div><\/div><div id=\"pg-8249-2\"  class=\"panel-grid panel-has-style\" ><div id=\"doar02\" class=\"panel-row-style panel-row-style-for-8249-2\" ><div id=\"pgc-8249-2-0\"  class=\"panel-grid-cell\" ><div id=\"panel-8249-2-0-0\" class=\"so-panel widget widget_sow-icon panel-first-child panel-last-child\" data-index=\"4\" ><div\n\t\t\t\n\t\t\tclass=\"so-widget-sow-icon so-widget-sow-icon-default-b6d7bacdc231-8249\"\n\t\t\t\n\t\t>\n<div class=\"sow-icon-container sow-icon\">\n\t\t\t<span class=\"sow-icon-icomoon\" data-sow-icon=\"&#xe93f;\"\n\t\t \n\t\taria-hidden=\"true\"><\/span>\t<\/div>\n<\/div><\/div><\/div><div id=\"pgc-8249-2-1\"  class=\"panel-grid-cell\" ><div id=\"panel-8249-2-1-0\" class=\"so-panel widget widget_sow-headline panel-first-child\" data-index=\"5\" ><div\n\t\t\t\n\t\t\tclass=\"so-widget-sow-headline so-widget-sow-headline-default-1d186b115fdc-8249\"\n\t\t\t\n\t\t><div class=\"sow-headline-container \">\n\t<h3 class='sow-headline'>Doa\u00e7\u00e3o online<\/h3><\/div>\n<\/div><\/div><div id=\"panel-8249-2-1-1\" class=\"so-panel widget widget_sow-editor panel-last-child\" data-index=\"6\" ><div\n\t\t\t\n\t\t\tclass=\"so-widget-sow-editor so-widget-sow-editor-base\"\n\t\t\t\n\t\t>\n<div class=\"siteorigin-widget-tinymce textwidget\">\n\t<p>Contribua com cart\u00e3o de cr\u00e9dito, d\u00e9bito, boleto ou transfer\u00eancia online. Tudo em um ambiente 100% seguro.<\/p>\n<\/div>\n<\/div><\/div><\/div><div id=\"pgc-8249-2-2\"  class=\"panel-grid-cell\" ><div id=\"panel-8249-2-2-0\" class=\"so-panel widget widget_sow-button panel-first-child panel-last-child\" data-index=\"7\" ><div id=\"botao2px\" class=\"panel-widget-style panel-widget-style-for-8249-2-2-0\" ><div\n\t\t\t\n\t\t\tclass=\"so-widget-sow-button so-widget-sow-button-wire-c10ccbcd1cc3-8249\"\n\t\t\t\n\t\t><div class=\"ow-button-base ow-button-align-center\">\n\t<a\n\thref=\"https:\/\/pag.ae\/7W7E4gwG4\"\n\t\tclass=\"ow-icon-placement-left\" target=\"_blank\" rel=\"noopener noreferrer\" \t>\n\t\t<span>\n\t\t\t\n\t\t\tCLIQUE AQUI\t\t<\/span>\n\t<\/a>\n<\/div>\n<\/div><\/div><\/div><\/div><\/div><\/div><div id=\"pg-8249-3\"  class=\"panel-grid panel-has-style\" ><div id=\"doar02\" class=\"panel-row-style panel-row-style-for-8249-3\" ><div id=\"pgc-8249-3-0\"  class=\"panel-grid-cell\" ><div id=\"panel-8249-3-0-0\" class=\"so-panel widget widget_sow-icon panel-first-child panel-last-child\" data-index=\"8\" ><div\n\t\t\t\n\t\t\tclass=\"so-widget-sow-icon so-widget-sow-icon-default-c3281dc8548f-8249\"\n\t\t\t\n\t\t>\n<div class=\"sow-icon-container sow-icon\">\n\t\t\t<span class=\"sow-icon-fontawesome sow-fas\" data-sow-icon=\"&#xf4b9;\"\n\t\t \n\t\taria-hidden=\"true\"><\/span>\t<\/div>\n<\/div><\/div><\/div><div id=\"pgc-8249-3-1\"  class=\"panel-grid-cell\" ><div id=\"panel-8249-3-1-0\" class=\"so-panel widget widget_sow-headline panel-first-child\" data-index=\"9\" ><div\n\t\t\t\n\t\t\tclass=\"so-widget-sow-headline so-widget-sow-headline-default-1d186b115fdc-8249\"\n\t\t\t\n\t\t><div class=\"sow-headline-container \">\n\t<h3 class='sow-headline'>Conta Banc\u00e1ria<\/h3><\/div>\n<\/div><\/div><div id=\"panel-8249-3-1-1\" class=\"so-panel widget widget_sow-editor\" data-index=\"10\" ><div class=\"panel-widget-style panel-widget-style-for-8249-3-1-1\" ><div\n\t\t\t\n\t\t\tclass=\"so-widget-sow-editor so-widget-sow-editor-base\"\n\t\t\t\n\t\t>\n<div class=\"siteorigin-widget-tinymce textwidget\">\n\t<p>Igreja da Paz Minist\u00e9rio Luz para os Povos<br \/>\nCNPJ: 01.916.994\/0001-53<\/p>\n<\/div>\n<\/div><\/div><\/div><div id=\"panel-8249-3-1-2\" class=\"so-panel widget widget_siteorigin-panels-builder panel-last-child\" data-index=\"11\" ><div id=\"pl-w5ecd791984382\"  class=\"panel-layout\" ><div id=\"pg-w5ecd791984382-0\"  class=\"panel-grid panel-no-style\" ><div id=\"pgc-w5ecd791984382-0-0\"  class=\"panel-grid-cell\" ><div id=\"panel-w5ecd791984382-0-0-0\" class=\"so-panel widget widget_sow-editor panel-first-child panel-last-child\" data-index=\"0\" ><div\n\t\t\t\n\t\t\tclass=\"so-widget-sow-editor so-widget-sow-editor-base\"\n\t\t\t\n\t\t>\n<div class=\"siteorigin-widget-tinymce textwidget\">\n\t<p><strong>Banco Bradesco <\/strong>(Banco 237)<strong><br \/>\n<\/strong>Ag\u00eancia: 2467<br \/>\nConta Corrente: 3867-9<\/p>\n<\/div>\n<\/div><\/div><\/div><div id=\"pgc-w5ecd791984382-0-1\"  class=\"panel-grid-cell panel-grid-cell-empty panel-grid-cell-mobile-last\" ><\/div><div id=\"pgc-w5ecd791984382-0-2\"  class=\"panel-grid-cell panel-grid-cell-empty\" ><\/div><\/div><\/div><\/div><\/div><\/div><\/div><div id=\"pg-8249-4\"  class=\"panel-grid panel-has-style\" ><div class=\"panel-row-style panel-row-style-for-8249-4\" ><div id=\"pgc-8249-4-0\"  class=\"panel-grid-cell\" ><div id=\"panel-8249-4-0-0\" class=\"so-panel widget widget_sow-editor panel-first-child panel-last-child\" data-index=\"12\" ><div\n\t\t\t\n\t\t\tclass=\"so-widget-sow-editor so-widget-sow-editor-base\"\n\t\t\t\n\t\t>\n<div class=\"siteorigin-widget-tinymce textwidget\">\n\t<p style=\"text-align: center;\"><strong><em>\u201cE Deus pode dar muito mais do que voc\u00eas precisam para que voc\u00eas tenham sempre tudo o que necessitam e ainda mais do que o necess\u00e1rio para fazerem todo tipo de boas obras.\u201d<\/em><br \/>\n<\/strong>(2 Cor\u00edntios 9.8 NTLH)<\/p>\n<\/div>\n<\/div><\/div><\/div><\/div><\/div><\/div>","protected":false},"excerpt":{"rendered":"<p>Sua generosidade est\u00e1 transformando o mundo! O avan\u00e7o do Reino de Deus em v\u00e1rios pa\u00edses, a restaura\u00e7\u00e3o de fam\u00edlias e o socorro aos necessitados atrav\u00e9s da a\u00e7\u00e3o social da igreja, tem sido beneficiados com o seu fiel apoio financeiro. Contribua a qualquer hora, em qualquer lugar. Chave \/ Email: manaus@paz.church<\/p>\n","protected":false},"author":1,"featured_media":8829,"parent":0,"menu_order":0,"comment_status":"closed","ping_status":"closed","template":"","meta":{"footnotes":""},"aioseo_notices":[],"_links":{"self":[{"href":"https:\/\/paz.church\/manaus\/wp-json\/wp\/v2\/pages\/8249"}],"collection":[{"href":"https:\/\/paz.church\/manaus\/wp-json\/wp\/v2\/pages"}],"about":[{"href":"https:\/\/paz.church\/manaus\/wp-json\/wp\/v2\/types\/page"}],"author":[{"embeddable":true,"href":"https:\/\/paz.church\/manaus\/wp-json\/wp\/v2\/users\/1"}],"replies":[{"embeddable":true,"href":"https:\/\/paz.church\/manaus\/wp-json\/wp\/v2\/comments?post=8249"}],"version-history":[{"count":17,"href":"https:\/\/paz.church\/manaus\/wp-json\/wp\/v2\/pages\/8249\/revisions"}],"predecessor-version":[{"id":8880,"href":"https:\/\/paz.church\/manaus\/wp-json\/wp\/v2\/pages\/8249\/revisions\/8880"}],"wp:featuredmedia":[{"embeddable":true,"href":"https:\/\/paz.church\/manaus\/wp-json\/wp\/v2\/media\/8829"}],"wp:attachment":[{"href":"https:\/\/paz.church\/manaus\/wp-json\/wp\/v2\/media?parent=8249"}],"curies":[{"name":"wp","href":"https:\/\/api.w.org\/{rel}","templated":true}]}}