{"id":1243,"date":"2018-12-11T21:08:04","date_gmt":"2018-12-11T23:08:04","guid":{"rendered":"https:\/\/paz.church\/saopaulo\/?page_id=1243"},"modified":"2021-03-04T17:38:46","modified_gmt":"2021-03-04T20:38:46","slug":"quem-somos","status":"publish","type":"page","link":"https:\/\/paz.church\/obidos\/quem-somos\/","title":{"rendered":"Quem Somos"},"content":{"rendered":"<p>A Paz Church \u00d3bidos \u00e9 uma fam\u00edlia que n\u00e3o para de crescer!<\/p>\n<p>Resultado da primeira onda de implanta\u00e7\u00e3o de igrejas na bacia amaz\u00f4nica pela Miss\u00e3o Paz em 1983, a Paz \u00d3bidos tem como objetivo principal fazer que todos venham a conhecer a pessoa, e os ensinamentos de Jesus.<\/p>\n<p>Desde a sua funda\u00e7\u00e3o, pelos pastores Lucas Huber e Nilton Cordeiro, at\u00e9 o momento, desenvolve um grande trabalho no planalto e na \u00e1rea ribeirinha da Calha Norte do Par\u00e1, levando o evangelho e assist\u00eancia social para aqueles que, por algum motivo, n\u00e3o tem acesso.<\/p>\n<p>Fazemos parte de um movimento global de avivamento que tem expandido o Reino de Deus, implantando igrejas em v\u00e1rias cidades do mundo, todas organizadas em pequenos grupos e solidificadas em v\u00ednculos fortes e inquebr\u00e1veis de discipulado.<\/p>\n<p>Nossos cultos aos domingos s\u00e3o vibrantes! A come\u00e7ar pela recep\u00e7\u00e3o calorosa de nossa Atmosfera. M\u00fasicas que embalam a sua devo\u00e7\u00e3o a Deus, tanto em um alegre e jovial louvor, quanto na mais profunda adora\u00e7\u00e3o. A ministra\u00e7\u00e3o da Palavra de Deus \u00e9 din\u00e2mica, com conhecimento, interatividade e bom humor. Com certeza marcar\u00e1 a sua vida.<\/p>\n<p>Nossos cultos acontecem aos domingos, \u00e0s 9h e 19h, na Travessa Lauro Sodr\u00e9, 920, Cidade Nova.<\/p>\n<p>Voc\u00ea e sua fam\u00edlia s\u00e3o os nossos convidados especiais.<\/p>\n<p><strong>Somos fam\u00edlia! Somos a Paz Church \u00d3bidos! <\/strong><\/p>\n","protected":false},"excerpt":{"rendered":"<p>A Paz Church \u00d3bidos \u00e9 uma fam\u00edlia que n\u00e3o para de crescer! Resultado da primeira onda de implanta\u00e7\u00e3o de igrejas na bacia amaz\u00f4nica pela Miss\u00e3o Paz em 1983, a Paz \u00d3bidos tem como objetivo principal fazer que todos venham a conhecer a pessoa, e os ensinamentos de Jesus. Desde a sua funda\u00e7\u00e3o, pelos pastores LucasContinue reading &rarr;<\/p>\n","protected":false},"author":2,"featured_media":8778,"parent":0,"menu_order":0,"comment_status":"closed","ping_status":"closed","template":"","meta":{"footnotes":""},"aioseo_notices":[],"_links":{"self":[{"href":"https:\/\/paz.church\/obidos\/wp-json\/wp\/v2\/pages\/1243"}],"collection":[{"href":"https:\/\/paz.church\/obidos\/wp-json\/wp\/v2\/pages"}],"about":[{"href":"https:\/\/paz.church\/obidos\/wp-json\/wp\/v2\/types\/page"}],"author":[{"embeddable":true,"href":"https:\/\/paz.church\/obidos\/wp-json\/wp\/v2\/users\/2"}],"replies":[{"embeddable":true,"href":"https:\/\/paz.church\/obidos\/wp-json\/wp\/v2\/comments?post=1243"}],"version-history":[{"count":3,"href":"https:\/\/paz.church\/obidos\/wp-json\/wp\/v2\/pages\/1243\/revisions"}],"predecessor-version":[{"id":8776,"href":"https:\/\/paz.church\/obidos\/wp-json\/wp\/v2\/pages\/1243\/revisions\/8776"}],"wp:featuredmedia":[{"embeddable":true,"href":"https:\/\/paz.church\/obidos\/wp-json\/wp\/v2\/media\/8778"}],"wp:attachment":[{"href":"https:\/\/paz.church\/obidos\/wp-json\/wp\/v2\/media?parent=1243"}],"curies":[{"name":"wp","href":"https:\/\/api.w.org\/{rel}","templated":true}]}}