{"id":1249,"date":"2018-12-11T20:10:16","date_gmt":"2018-12-11T23:10:16","guid":{"rendered":"https:\/\/paz.church\/saopaulo\/?page_id=1249"},"modified":"2022-11-28T09:40:20","modified_gmt":"2022-11-28T12:40:20","slug":"time","status":"publish","type":"page","link":"https:\/\/paz.church\/obidos\/time\/","title":{"rendered":"Nosso time"},"content":{"rendered":"<div id=\"pl-1249\"  class=\"panel-layout\" ><div id=\"pg-1249-0\"  class=\"panel-grid panel-has-style\" ><div class=\"siteorigin-panels-stretch panel-row-style panel-row-style-for-1249-0\" id=\"Team01\" data-stretch-type=\"full\" ><div id=\"pgc-1249-0-0\"  class=\"panel-grid-cell\" ><div id=\"colunas-widget\" class=\"panel-cell-style panel-cell-style-for-1249-0-0\" ><div id=\"panel-1249-0-0-0\" class=\"so-panel widget widget_sow-headline panel-first-child panel-last-child\" data-index=\"0\" ><div class=\"titulo panel-widget-style panel-widget-style-for-1249-0-0-0\" ><div\n\t\t\t\n\t\t\tclass=\"so-widget-sow-headline so-widget-sow-headline-default-781b3de0ede0-1249\"\n\t\t\t\n\t\t><div class=\"sow-headline-container \">\n\t<h3 class='sow-headline'>Pastores Seniores<\/h3><\/div>\n<\/div><\/div><\/div><\/div><\/div><\/div><\/div><div id=\"pg-1249-1\"  class=\"panel-grid panel-has-style\" ><div class=\"siteorigin-panels-stretch panel-row-style panel-row-style-for-1249-1\" id=\"team\" data-stretch-type=\"full\" ><div id=\"pgc-1249-1-0\"  class=\"panel-grid-cell\" ><div id=\"panel-1249-1-0-0\" class=\"so-panel widget widget_sow-image panel-first-child panel-last-child\" data-index=\"1\" ><div\n\t\t\t\n\t\t\tclass=\"so-widget-sow-image so-widget-sow-image-default-d6014b76747a-1249\"\n\t\t\t\n\t\t>\n\n<div class=\"sow-image-container\">\n\t\t<img decoding=\"async\" src=\"https:\/\/paz.church\/obidos\/wp-content\/uploads\/2019\/08\/photo5150294644586817710-330x330.jpg\" width=\"330\" height=\"330\" srcset=\"https:\/\/paz.church\/obidos\/wp-content\/uploads\/2019\/08\/photo5150294644586817710-330x330.jpg 330w, https:\/\/paz.church\/obidos\/wp-content\/uploads\/2019\/08\/photo5150294644586817710-180x180.jpg 180w, https:\/\/paz.church\/obidos\/wp-content\/uploads\/2019\/08\/photo5150294644586817710-300x300.jpg 300w, https:\/\/paz.church\/obidos\/wp-content\/uploads\/2019\/08\/photo5150294644586817710-75x75.jpg 75w, https:\/\/paz.church\/obidos\/wp-content\/uploads\/2019\/08\/photo5150294644586817710.jpg 750w\" sizes=\"(max-width: 330px) 100vw, 330px\" alt=\"\" loading=\"lazy\" \t\tclass=\"so-widget-image\"\/>\n\t<\/div>\n\n<\/div><\/div><\/div><div id=\"pgc-1249-1-1\"  class=\"panel-grid-cell\" ><div id=\"panel-1249-1-1-0\" class=\"so-panel widget widget_sow-editor panel-first-child\" data-index=\"2\" ><div\n\t\t\t\n\t\t\tclass=\"so-widget-sow-editor so-widget-sow-editor-base\"\n\t\t\t\n\t\t><h3 class=\"widget-title\">Atilano &amp; Alcione Valente<\/h3>\n<div class=\"siteorigin-widget-tinymce textwidget\">\n\t<p>Pastores Seniores da Paz Church \u00d3bidos sede e supervisores de v\u00e1rias igrejas e projetos mission\u00e1rios nas comunidades do Ribeirinho e Planalto, na regi\u00e3o. S\u00e3o disc\u00edpulos dos Pastores Francisco e Nalzira Sales, Diretores da Base Regional de Monte Alegre-PA.<br \/>\nSeu minist\u00e9rio tem grande destaque no ensino da palavra, assist\u00eancia \u00e0s fam\u00edlias e forma\u00e7\u00e3o de l\u00edderes. S\u00e3o grandemente apaixonados por Jesus, pela expans\u00e3o do Reino de Deus e pelas almas, e se dedicam inteiramente a isso. S\u00e3o os pais de Eduardo, Adriano, Hannah Emanuele e Abner Kalleb.<\/p>\n<\/div>\n<\/div><\/div><div id=\"panel-1249-1-1-1\" class=\"so-panel widget widget_sow-social-media-buttons panel-last-child\" data-index=\"3\" ><div class=\"redessociais panel-widget-style panel-widget-style-for-1249-1-1-1\" ><div\n\t\t\t\n\t\t\tclass=\"so-widget-sow-social-media-buttons so-widget-sow-social-media-buttons-flat-e280cf3834bf-1249\"\n\t\t\t\n\t\t>\n\n<div class=\"social-media-button-container\">\n\t\n\t\t<a class=\"sow-social-media-button-facebook-0 sow-social-media-button\" title=\"Paz Church | \u00d3bidos em Facebook\" aria-label=\"Paz Church | \u00d3bidos em Facebook\" target=\"_blank\" rel=\"noopener noreferrer\" href=\"https:\/\/www.facebook.com\/atilano.valente\/\" >\n\t\t\t<span>\n\t\t\t\t\t\t\t\t<span class=\"sow-icon-fontawesome sow-fab\" data-sow-icon=\"&#xf39e;\"\n\t\t \n\t\taria-hidden=\"true\"><\/span>\t\t\t\t\t\t\t<\/span>\n\t\t<\/a>\n\t\n\t\t<a class=\"sow-social-media-button-instagram-0 sow-social-media-button\" title=\"Paz Church | \u00d3bidos em Instagram\" aria-label=\"Paz Church | \u00d3bidos em Instagram\" target=\"_blank\" rel=\"noopener noreferrer\" href=\"https:\/\/www.instagram.com\/PazObidosPA\/\" >\n\t\t\t<span>\n\t\t\t\t\t\t\t\t<span class=\"sow-icon-fontawesome sow-fab\" data-sow-icon=\"&#xf16d;\"\n\t\t \n\t\taria-hidden=\"true\"><\/span>\t\t\t\t\t\t\t<\/span>\n\t\t<\/a>\n\t\n\t\t<a class=\"sow-social-media-button-twitter-0 sow-social-media-button\" title=\"Paz Church | \u00d3bidos em Twitter\" aria-label=\"Paz Church | \u00d3bidos em Twitter\" target=\"_blank\" rel=\"noopener noreferrer\" href=\"https:\/\/twitter.com\/PazObidosPA\/\" >\n\t\t\t<span>\n\t\t\t\t\t\t\t\t<span class=\"sow-icon-fontawesome sow-fab\" data-sow-icon=\"&#xf099;\"\n\t\t \n\t\taria-hidden=\"true\"><\/span>\t\t\t\t\t\t\t<\/span>\n\t\t<\/a>\n\t\n\t\t<a class=\"sow-social-media-button-youtube-0 sow-social-media-button\" title=\"Paz Church | \u00d3bidos em Youtube\" aria-label=\"Paz Church | \u00d3bidos em Youtube\" target=\"_blank\" rel=\"noopener noreferrer\" href=\"https:\/\/www.youtube.com\/PazObidos\/\" >\n\t\t\t<span>\n\t\t\t\t\t\t\t\t<span class=\"sow-icon-fontawesome sow-fab\" data-sow-icon=\"&#xf167;\"\n\t\t \n\t\taria-hidden=\"true\"><\/span>\t\t\t\t\t\t\t<\/span>\n\t\t<\/a>\n\t<\/div>\n<\/div><\/div><\/div><\/div><\/div><\/div><\/div>","protected":false},"excerpt":{"rendered":"<p>Pastores Seniores da Paz Church \u00d3bidos sede e supervisores de v\u00e1rias igrejas e projetos mission\u00e1rios nas comunidades do Ribeirinho e Planalto, na regi\u00e3o. S\u00e3o disc\u00edpulos dos Pastores Francisco e Nalzira Sales, Diretores da Base Regional de Monte Alegre-PA. Seu minist\u00e9rio tem grande destaque no ensino da palavra, assist\u00eancia \u00e0s fam\u00edlias e forma\u00e7\u00e3o de l\u00edderes. S\u00e3oContinue reading &rarr;<\/p>\n","protected":false},"author":2,"featured_media":8783,"parent":0,"menu_order":0,"comment_status":"closed","ping_status":"closed","template":"","meta":{"footnotes":""},"aioseo_notices":[],"_links":{"self":[{"href":"https:\/\/paz.church\/obidos\/wp-json\/wp\/v2\/pages\/1249"}],"collection":[{"href":"https:\/\/paz.church\/obidos\/wp-json\/wp\/v2\/pages"}],"about":[{"href":"https:\/\/paz.church\/obidos\/wp-json\/wp\/v2\/types\/page"}],"author":[{"embeddable":true,"href":"https:\/\/paz.church\/obidos\/wp-json\/wp\/v2\/users\/2"}],"replies":[{"embeddable":true,"href":"https:\/\/paz.church\/obidos\/wp-json\/wp\/v2\/comments?post=1249"}],"version-history":[{"count":15,"href":"https:\/\/paz.church\/obidos\/wp-json\/wp\/v2\/pages\/1249\/revisions"}],"predecessor-version":[{"id":2629,"href":"https:\/\/paz.church\/obidos\/wp-json\/wp\/v2\/pages\/1249\/revisions\/2629"}],"wp:featuredmedia":[{"embeddable":true,"href":"https:\/\/paz.church\/obidos\/wp-json\/wp\/v2\/media\/8783"}],"wp:attachment":[{"href":"https:\/\/paz.church\/obidos\/wp-json\/wp\/v2\/media?parent=1249"}],"curies":[{"name":"wp","href":"https:\/\/api.w.org\/{rel}","templated":true}]}}