{"id":822,"date":"2018-12-11T09:40:36","date_gmt":"2018-12-11T11:40:36","guid":{"rendered":"https:\/\/paz.church\/saopaulo\/?page_id=822"},"modified":"2022-10-05T18:23:09","modified_gmt":"2022-10-05T21:23:09","slug":"agenda","status":"publish","type":"page","link":"https:\/\/paz.church\/obidos\/agenda\/","title":{"rendered":"Agenda"},"content":{"rendered":"<div id=\"pl-822\"  class=\"panel-layout\" ><div id=\"pg-822-0\"  class=\"panel-grid panel-has-style\" ><div class=\"siteorigin-panels-stretch panel-row-style panel-row-style-for-822-0\" id=\"agenda0\" data-stretch-type=\"full\" ><div id=\"pgc-822-0-0\"  class=\"panel-grid-cell\" ><div id=\"panel-822-0-0-0\" class=\"so-panel widget widget_sow-headline panel-first-child panel-last-child\" data-index=\"0\" ><div class=\"panel-widget-style panel-widget-style-for-822-0-0-0\" ><div\n\t\t\t\n\t\t\tclass=\"so-widget-sow-headline so-widget-sow-headline-default-1182d15df486-822\"\n\t\t\t\n\t\t><div class=\"sow-headline-container \">\n\t<h1 class='sow-headline'>Agenda<\/h1><\/div>\n<\/div><\/div><\/div><\/div><\/div><\/div><div id=\"pg-822-1\"  class=\"panel-grid panel-has-style\" ><div class=\"siteorigin-panels-stretch panel-row-style panel-row-style-for-822-1\" id=\"barra02\" data-stretch-type=\"full\" ><div id=\"pgc-822-1-0\"  class=\"panel-grid-cell\" ><div id=\"colunas-widget\" class=\"panel-cell-style panel-cell-style-for-822-1-0\" ><div id=\"panel-822-1-0-0\" class=\"so-panel widget widget_sow-icon panel-first-child\" data-index=\"1\" ><div\n\t\t\t\n\t\t\tclass=\"so-widget-sow-icon so-widget-sow-icon-default-da81d5172c9d-822\"\n\t\t\t\n\t\t>\n<div class=\"sow-icon-container sow-icon\">\n\t\t\t<span class=\"sow-icon-elegantline\" data-sow-icon=\"&#xe055;\"\n\t\t \n\t\taria-hidden=\"true\"><\/span>\t<\/div>\n<\/div><\/div><div id=\"panel-822-1-0-1\" class=\"so-panel widget widget_sow-headline panel-last-child\" data-index=\"2\" ><div class=\"titulo panel-widget-style panel-widget-style-for-822-1-0-1\" ><div\n\t\t\t\n\t\t\tclass=\"so-widget-sow-headline so-widget-sow-headline-default-809c6ba63723-822\"\n\t\t\t\n\t\t><div class=\"sow-headline-container \">\n\t<h3 class='sow-headline'>Programa\u00e7\u00e3o Semanal<\/h3><\/div>\n<\/div><\/div><\/div><\/div><\/div><\/div><\/div><div id=\"pg-822-2\"  class=\"panel-grid panel-has-style\" ><div class=\"siteorigin-panels-stretch panel-row-style panel-row-style-for-822-2\" id=\"agenda\" data-stretch-type=\"full\" ><div id=\"pgc-822-2-0\"  class=\"panel-grid-cell\" ><div id=\"panel-822-2-0-0\" class=\"so-panel widget widget_sow-editor panel-first-child panel-last-child\" data-index=\"3\" ><div\n\t\t\t\n\t\t\tclass=\"so-widget-sow-editor so-widget-sow-editor-base\"\n\t\t\t\n\t\t><h3 class=\"widget-title\">Cultos de Celebra\u00e7\u00e3o<\/h3>\n<div class=\"siteorigin-widget-tinymce textwidget\">\n\t<div class=\"siteorigin-widget-tinymce textwidget\">\n<p>Aos Domingos: 9h | 19h<\/p>\n<\/div>\n<\/div>\n<\/div><\/div><\/div><div id=\"pgc-822-2-1\"  class=\"panel-grid-cell\" ><div class=\"panel-cell-style panel-cell-style-for-822-2-1\" ><div id=\"panel-822-2-1-0\" class=\"so-panel widget widget_sow-editor panel-first-child panel-last-child\" data-index=\"4\" ><div\n\t\t\t\n\t\t\tclass=\"so-widget-sow-editor so-widget-sow-editor-base\"\n\t\t\t\n\t\t><h3 class=\"widget-title\">Lideran\u00e7a \/ TADEL<\/h3>\n<div class=\"siteorigin-widget-tinymce textwidget\">\n\t<div class=\"siteorigin-widget-tinymce textwidget\">\n<p>\u00c0s Ter\u00e7as: 8h<\/p>\n<\/div>\n<\/div>\n<\/div><\/div><\/div><\/div><div id=\"pgc-822-2-2\"  class=\"panel-grid-cell\" ><div id=\"panel-822-2-2-0\" class=\"so-panel widget widget_sow-editor panel-first-child panel-last-child\" data-index=\"5\" ><div\n\t\t\t\n\t\t\tclass=\"so-widget-sow-editor so-widget-sow-editor-base\"\n\t\t\t\n\t\t><h3 class=\"widget-title\">C\u00e9lulas<\/h3>\n<div class=\"siteorigin-widget-tinymce textwidget\">\n\t<div class=\"siteorigin-widget-tinymce textwidget\">\n<p>De Quarta \u00e0 S\u00e1bado, nos lares<\/p>\n<\/div>\n<\/div>\n<\/div><\/div><\/div><\/div><\/div><div id=\"pg-822-3\"  class=\"panel-grid panel-has-style\" ><div class=\"siteorigin-panels-stretch panel-row-style panel-row-style-for-822-3\" id=\"agenda\" data-stretch-type=\"full\" ><div id=\"pgc-822-3-0\"  class=\"panel-grid-cell\" ><div id=\"panel-822-3-0-0\" class=\"so-panel widget widget_sow-editor panel-first-child panel-last-child\" data-index=\"6\" ><div\n\t\t\t\n\t\t\tclass=\"so-widget-sow-editor so-widget-sow-editor-base\"\n\t\t\t\n\t\t><h3 class=\"widget-title\">Mais de Deus<\/h3>\n<div class=\"siteorigin-widget-tinymce textwidget\">\n\t<div class=\"siteorigin-widget-tinymce textwidget\">\n<p>Sexta-feira: 19h30<\/p>\n<\/div>\n<\/div>\n<\/div><\/div><\/div><div id=\"pgc-822-3-1\"  class=\"panel-grid-cell\" ><div class=\"panel-cell-style panel-cell-style-for-822-3-1\" ><div id=\"panel-822-3-1-0\" class=\"so-panel widget widget_sow-editor panel-first-child panel-last-child\" data-index=\"7\" ><div\n\t\t\t\n\t\t\tclass=\"so-widget-sow-editor so-widget-sow-editor-base\"\n\t\t\t\n\t\t><h3 class=\"widget-title\">DIFLEN<\/h3>\n<div class=\"siteorigin-widget-tinymce textwidget\">\n\t<div class=\"siteorigin-widget-tinymce textwidget\">\n<p>Aos S\u00e1bados: 19h30<\/p>\n<\/div>\n<\/div>\n<\/div><\/div><\/div><\/div><\/div><\/div><div id=\"pg-822-4\"  class=\"panel-grid panel-has-style\" ><div id=\"agenda2\" class=\"panel-row-style panel-row-style-for-822-4\" ><div id=\"pgc-822-4-0\"  class=\"panel-grid-cell\" ><div id=\"panel-822-4-0-0\" class=\"so-panel widget widget_events_maker_list_widget widget_events_maker_list panel-first-child panel-last-child\" data-index=\"8\" ><h3 class=\"widget-title\">PR\u00d3XIMOS EVENTOS<\/h3><\/div><\/div><\/div><\/div><\/div>","protected":false},"excerpt":{"rendered":"<p>Agenda Programa\u00e7\u00e3o Semanal Cultos de Celebra\u00e7\u00e3o Aos Domingos: 9h | 19h Lideran\u00e7a \/ TADEL \u00c0s Ter\u00e7as: 8h C\u00e9lulas De Quarta \u00e0 S\u00e1bado, nos lares Mais de Deus Sexta-feira: 19h30 DIFLEN Aos S\u00e1bados: 19h30 PR\u00d3XIMOS EVENTOS<\/p>\n","protected":false},"author":2,"featured_media":0,"parent":0,"menu_order":0,"comment_status":"closed","ping_status":"closed","template":"","meta":{"footnotes":""},"aioseo_notices":[],"_links":{"self":[{"href":"https:\/\/paz.church\/obidos\/wp-json\/wp\/v2\/pages\/822"}],"collection":[{"href":"https:\/\/paz.church\/obidos\/wp-json\/wp\/v2\/pages"}],"about":[{"href":"https:\/\/paz.church\/obidos\/wp-json\/wp\/v2\/types\/page"}],"author":[{"embeddable":true,"href":"https:\/\/paz.church\/obidos\/wp-json\/wp\/v2\/users\/2"}],"replies":[{"embeddable":true,"href":"https:\/\/paz.church\/obidos\/wp-json\/wp\/v2\/comments?post=822"}],"version-history":[{"count":25,"href":"https:\/\/paz.church\/obidos\/wp-json\/wp\/v2\/pages\/822\/revisions"}],"predecessor-version":[{"id":9279,"href":"https:\/\/paz.church\/obidos\/wp-json\/wp\/v2\/pages\/822\/revisions\/9279"}],"wp:attachment":[{"href":"https:\/\/paz.church\/obidos\/wp-json\/wp\/v2\/media?parent=822"}],"curies":[{"name":"wp","href":"https:\/\/api.w.org\/{rel}","templated":true}]}}