{"id":12561,"date":"2021-05-14T21:01:12","date_gmt":"2021-05-15T00:01:12","guid":{"rendered":"https:\/\/paz.church\/saopaulo\/?page_id=12561"},"modified":"2022-03-15T23:19:04","modified_gmt":"2022-03-15T23:19:04","slug":"kids","status":"publish","type":"page","link":"https:\/\/paz.church\/portugal\/voluntarios\/kids\/","title":{"rendered":"Servir no Paz Kids"},"content":{"rendered":"<div id=\"pl-12561\"  class=\"panel-layout\" ><div id=\"pg-12561-0\"  class=\"panel-grid panel-no-style\" ><div id=\"pgc-12561-0-0\"  class=\"panel-grid-cell\" ><div class=\"bordas panel-cell-style panel-cell-style-for-12561-0-0\" ><div id=\"panel-12561-0-0-0\" class=\"so-panel widget widget_media_image panel-first-child\" data-index=\"0\" ><div class=\"panel-widget-style panel-widget-style-for-12561-0-0-0\" ><img loading=\"lazy\" decoding=\"async\" class=\"image \" src=\"https:\/\/paz.church\/saopaulo\/wp-content\/uploads\/2021\/05\/logo-paz-kids.png\" alt=\"\" width=\"192\" height=\"214\" \/><\/div><\/div><div id=\"panel-12561-0-0-1\" class=\"so-panel widget widget_sow-editor panel-last-child\" data-index=\"1\" ><div\n\t\t\t\n\t\t\tclass=\"so-widget-sow-editor so-widget-sow-editor-base\"\n\t\t\t\n\t\t>\n<div class=\"siteorigin-widget-tinymce textwidget\">\n\t<p>Paz Kids<br \/>\nSabemos que as nossas crian\u00e7as s\u00e3o fundamentais para a nossa igreja. Al\u00e9m da sua grande import\u00e2ncia hoje, elas carregar\u00e3o o legado de edificar uma obra prevalecente para as pr\u00f3ximas gera\u00e7\u00f5es, em Portugal e ao redor do mundo! Por isso, \u00e9 nossa responsabilidade investir profundamente em suas vidas. Trabalhamos com muita criatividade, alegria e amor, transmitindo, todas as semanas, fundamentos b\u00edblicos que ir\u00e3o lapidar o car\u00e1ter de cada crian\u00e7a. Elas tamb\u00e9m aprendem a desenvolver a intimidade com o Esp\u00edrito Santo, a ouvir a voz de Deus e a ministrar o amor Dele \u00e0s pessoas ao seu redor. Fa\u00e7a parte deste projeto com a nossa equipa apaixonada e contagiante!<\/p>\n<\/div>\n<\/div><\/div><\/div><\/div><div id=\"pgc-12561-0-1\"  class=\"panel-grid-cell\" ><div id=\"panel-12561-0-1-0\" class=\"so-panel widget widget_sow-editor panel-first-child panel-last-child\" data-index=\"2\" ><div\n\t\t\t\n\t\t\tclass=\"so-widget-sow-editor so-widget-sow-editor-base\"\n\t\t\t\n\t\t><h3 class=\"widget-title\">Fa\u00e7a a sua inscri\u00e7\u00e3o<\/h3>\n<div class=\"siteorigin-widget-tinymce textwidget\">\n\t\n<div class=\"wpcf7 no-js\" id=\"wpcf7-f12440-o1\" lang=\"pt-BR\" dir=\"ltr\">\n<div class=\"screen-reader-response\"><p role=\"status\" aria-live=\"polite\" aria-atomic=\"true\"><\/p> <ul><\/ul><\/div>\n<form action=\"\/portugal\/wp-json\/wp\/v2\/pages\/12561#wpcf7-f12440-o1\" method=\"post\" class=\"wpcf7-form init\" aria-label=\"Formul\u00e1rios de contato\" novalidate=\"novalidate\" data-status=\"init\">\n<div style=\"display: none;\">\n<input type=\"hidden\" name=\"_wpcf7\" value=\"12440\" \/>\n<input type=\"hidden\" name=\"_wpcf7_version\" value=\"5.7.5.1\" \/>\n<input type=\"hidden\" name=\"_wpcf7_locale\" value=\"pt_BR\" \/>\n<input type=\"hidden\" name=\"_wpcf7_unit_tag\" value=\"wpcf7-f12440-o1\" \/>\n<input type=\"hidden\" name=\"_wpcf7_container_post\" value=\"0\" \/>\n<input type=\"hidden\" name=\"_wpcf7_posted_data_hash\" value=\"\" \/>\n<input type=\"hidden\" name=\"_wpcf7_recaptcha_response\" value=\"\" \/>\n<\/div>\n<div class=\"campo-esq\">\n\t<p>Nome e Apelido*\n\t<\/p>\n\t<p><span class=\"wpcf7-form-control-wrap\" data-name=\"your-name\"><input size=\"40\" class=\"wpcf7-form-control wpcf7-text wpcf7-validates-as-required\" aria-required=\"true\" aria-invalid=\"false\" value=\"\" type=\"text\" name=\"your-name\" \/><\/span>\n\t<\/p>\n<\/div>\n<div class=\"campo-dir\">\n\t<p>Email*\n\t<\/p>\n\t<p><span class=\"wpcf7-form-control-wrap\" data-name=\"your-email\"><input size=\"40\" class=\"wpcf7-form-control wpcf7-text wpcf7-email wpcf7-validates-as-required wpcf7-validates-as-email\" aria-required=\"true\" aria-invalid=\"false\" value=\"\" type=\"email\" name=\"your-email\" \/><\/span>\n\t<\/p>\n<\/div>\n<div class=\"clear\">\n<\/div>\n<div class=\"campo-25\">\n\t<p>Sexo*\n\t<\/p>\n\t<p><span class=\"wpcf7-form-control-wrap\" data-name=\"menu-23\"><select class=\"wpcf7-form-control wpcf7-select\" aria-invalid=\"false\" name=\"menu-23\"><option value=\"\">&#8212;Escolha uma op\u00e7\u00e3o&#8212;<\/option><option value=\"Masculino\">Masculino<\/option><option value=\"Feminino\">Feminino<\/option><\/select><\/span>\n\t<\/p>\n<\/div>\n<div class=\"campo-25\">\n\t<p>Faixa et\u00e1ria*\n\t<\/p>\n\t<p><span class=\"wpcf7-form-control-wrap\" data-name=\"menu-24\"><select class=\"wpcf7-form-control wpcf7-select\" aria-invalid=\"false\" name=\"menu-24\"><option value=\"\">&#8212;Escolha uma op\u00e7\u00e3o&#8212;<\/option><option value=\"Adulto\">Adulto<\/option><option value=\"Jovem\">Jovem<\/option><option value=\"Adolescente\">Adolescente<\/option><\/select><\/span>\n\t<\/p>\n<\/div>\n<div class=\"campo-dir\">\n\t<p>Telem\u00f3vel*\n\t<\/p>\n\t<p><span class=\"wpcf7-form-control-wrap\" data-name=\"your-phone\"><input size=\"40\" class=\"wpcf7-form-control wpcf7-text wpcf7-validates-as-required\" aria-required=\"true\" aria-invalid=\"false\" value=\"\" type=\"text\" name=\"your-phone\" \/><\/span>\n\t<\/p>\n<\/div>\n<div class=\"clear\">\n<\/div>\n<div class=\"campo-esq\">\n\t<p>Endere\u00e7o completo*\n\t<\/p>\n\t<p><span class=\"wpcf7-form-control-wrap\" data-name=\"your-endereco\"><input size=\"40\" class=\"wpcf7-form-control wpcf7-text wpcf7-validates-as-required\" aria-required=\"true\" aria-invalid=\"false\" value=\"\" type=\"text\" name=\"your-endereco\" \/><\/span>\n\t<\/p>\n<\/div>\n<div class=\"campo-dir\">\n\t<p>L\u00edder de Life Group*\n\t<\/p>\n\t<p><span class=\"wpcf7-form-control-wrap\" data-name=\"your-lider-lg\"><input size=\"40\" class=\"wpcf7-form-control wpcf7-text wpcf7-validates-as-required\" aria-required=\"true\" aria-invalid=\"false\" value=\"\" type=\"text\" name=\"your-lider-lg\" \/><\/span>\n\t<\/p>\n<\/div>\n<div class=\"clear\">\n<\/div>\n<div class=\"campo-full\">\n\t<p>Observa\u00e7\u00e3o\n\t<\/p>\n\t<p><span class=\"wpcf7-form-control-wrap\" data-name=\"your-observacao\"><textarea cols=\"40\" rows=\"5\" class=\"wpcf7-form-control wpcf7-textarea\" aria-invalid=\"false\" name=\"your-observacao\"><\/textarea><\/span>\n\t<\/p>\n<\/div>\n<div class=\"clear\">\n<\/div>\n<p><input class=\"wpcf7-form-control has-spinner wpcf7-submit\" type=\"submit\" value=\"Enviar\" \/>\n<\/p><p style=\"display: none !important;\"><label>&#916;<textarea name=\"_wpcf7_ak_hp_textarea\" cols=\"45\" rows=\"8\" maxlength=\"100\"><\/textarea><\/label><input type=\"hidden\" id=\"ak_js_1\" name=\"_wpcf7_ak_js\" value=\"168\"\/><script>document.getElementById( \"ak_js_1\" ).setAttribute( \"value\", ( new Date() ).getTime() );<\/script><\/p><div class=\"wpcf7-response-output\" aria-hidden=\"true\"><\/div>\n<\/form>\n<\/div>\n\n<\/div>\n<\/div><\/div><\/div><\/div><\/div>","protected":false},"excerpt":{"rendered":"<p>Paz Kids Sabemos que as nossas crian\u00e7as s\u00e3o fundamentais para a nossa igreja. Al\u00e9m da sua grande import\u00e2ncia hoje, elas carregar\u00e3o o legado de edificar uma obra prevalecente para as pr\u00f3ximas gera\u00e7\u00f5es, em Portugal e ao redor do mundo! Por isso, \u00e9 nossa responsabilidade investir profundamente em suas vidas. Trabalhamos com muita criatividade, alegria eContinue reading &rarr;<\/p>\n","protected":false},"author":1,"featured_media":12610,"parent":12068,"menu_order":0,"comment_status":"closed","ping_status":"closed","template":"","meta":{"_seopress_robots_primary_cat":"","footnotes":""},"_links":{"self":[{"href":"https:\/\/paz.church\/portugal\/wp-json\/wp\/v2\/pages\/12561"}],"collection":[{"href":"https:\/\/paz.church\/portugal\/wp-json\/wp\/v2\/pages"}],"about":[{"href":"https:\/\/paz.church\/portugal\/wp-json\/wp\/v2\/types\/page"}],"author":[{"embeddable":true,"href":"https:\/\/paz.church\/portugal\/wp-json\/wp\/v2\/users\/1"}],"replies":[{"embeddable":true,"href":"https:\/\/paz.church\/portugal\/wp-json\/wp\/v2\/comments?post=12561"}],"version-history":[{"count":6,"href":"https:\/\/paz.church\/portugal\/wp-json\/wp\/v2\/pages\/12561\/revisions"}],"predecessor-version":[{"id":18489,"href":"https:\/\/paz.church\/portugal\/wp-json\/wp\/v2\/pages\/12561\/revisions\/18489"}],"up":[{"embeddable":true,"href":"https:\/\/paz.church\/portugal\/wp-json\/wp\/v2\/pages\/12068"}],"wp:featuredmedia":[{"embeddable":true,"href":"https:\/\/paz.church\/portugal\/wp-json\/wp\/v2\/media\/12610"}],"wp:attachment":[{"href":"https:\/\/paz.church\/portugal\/wp-json\/wp\/v2\/media?parent=12561"}],"curies":[{"name":"wp","href":"https:\/\/api.w.org\/{rel}","templated":true}]}}