{"id":12709,"date":"2019-02-28T10:34:24","date_gmt":"2019-02-28T13:34:24","guid":{"rendered":"https:\/\/paz.church\/saopaulo\/?page_id=3553"},"modified":"2022-03-15T23:17:07","modified_gmt":"2022-03-15T23:17:07","slug":"amor","status":"publish","type":"page","link":"https:\/\/paz.church\/portugal\/voluntarios\/amor\/","title":{"rendered":"Servir no Atos de Amor"},"content":{"rendered":"<div id=\"pl-12709\"  class=\"panel-layout\" ><div id=\"pg-12709-0\"  class=\"panel-grid panel-no-style\" ><div id=\"pgc-12709-0-0\"  class=\"panel-grid-cell\" ><div class=\"bordas panel-cell-style panel-cell-style-for-12709-0-0\" ><div id=\"panel-12709-0-0-0\" class=\"so-panel widget widget_sow-editor panel-first-child panel-last-child\" data-index=\"0\" ><div\n\t\t\t\n\t\t\tclass=\"so-widget-sow-editor so-widget-sow-editor-base\"\n\t\t\t\n\t\t>\n<div class=\"siteorigin-widget-tinymce textwidget\">\n\t<p>Jesus ensinou-nos a olhar para al\u00e9m de n\u00f3s mesmos. \u00c9 por isso que a Paz Church se preocupa em servir os que ainda n\u00e3o est\u00e3o na igreja. Esta vis\u00e3o deu in\u00edcio ao minist\u00e9rio Atos de Amor, que atua principalmente com pessoas com necessidades financeiras. As \u00e1reas de atua\u00e7\u00e3o est\u00e3o voltadas ao \u00e2mbito social e baseiam-se na arrecada\u00e7\u00e3o e montagem de cestas b\u00e1sicas, assim como na arrecada\u00e7\u00e3o e doa\u00e7\u00e3o de roupas e sapatos. Isto acontece porque existem v\u00e1rios membros da igreja totalmente dedicados a este prop\u00f3sito.<\/p>\n<p>Se deseja servir em nosso Minist\u00e9rio Atos de Amor, queremos saber mais sobre si. Fa\u00e7a a sua inscri\u00e7\u00e3o atrav\u00e9s deste formul\u00e1rio<\/p>\n<\/div>\n<\/div><\/div><\/div><\/div><div id=\"pgc-12709-0-1\"  class=\"panel-grid-cell\" ><div id=\"panel-12709-0-1-0\" class=\"so-panel widget widget_sow-editor panel-first-child panel-last-child\" data-index=\"1\" ><div\n\t\t\t\n\t\t\tclass=\"so-widget-sow-editor so-widget-sow-editor-base\"\n\t\t\t\n\t\t><h3 class=\"widget-title\">Fa\u00e7a a sua inscri\u00e7\u00e3o<\/h3>\n<div class=\"siteorigin-widget-tinymce textwidget\">\n\t\n<div class=\"wpcf7 no-js\" id=\"wpcf7-f3546-o1\" lang=\"pt-BR\" dir=\"ltr\">\n<div class=\"screen-reader-response\"><p role=\"status\" aria-live=\"polite\" aria-atomic=\"true\"><\/p> <ul><\/ul><\/div>\n<form action=\"\/portugal\/wp-json\/wp\/v2\/pages\/12709#wpcf7-f3546-o1\" method=\"post\" class=\"wpcf7-form init\" aria-label=\"Formul\u00e1rios de contato\" novalidate=\"novalidate\" data-status=\"init\">\n<div style=\"display: none;\">\n<input type=\"hidden\" name=\"_wpcf7\" value=\"3546\" \/>\n<input type=\"hidden\" name=\"_wpcf7_version\" value=\"5.7.5.1\" \/>\n<input type=\"hidden\" name=\"_wpcf7_locale\" value=\"pt_BR\" \/>\n<input type=\"hidden\" name=\"_wpcf7_unit_tag\" value=\"wpcf7-f3546-o1\" \/>\n<input type=\"hidden\" name=\"_wpcf7_container_post\" value=\"0\" \/>\n<input type=\"hidden\" name=\"_wpcf7_posted_data_hash\" value=\"\" \/>\n<input type=\"hidden\" name=\"_wpcf7_recaptcha_response\" value=\"\" \/>\n<\/div>\n<p>Nome e Apelido<br \/>\n<span class=\"wpcf7-form-control-wrap\" data-name=\"your-name\"><input size=\"40\" class=\"wpcf7-form-control wpcf7-text wpcf7-validates-as-required\" aria-required=\"true\" aria-invalid=\"false\" value=\"\" type=\"text\" name=\"your-name\" \/><\/span>\n<\/p>\n<p>Faixa et\u00e1ria<br \/>\n<span class=\"wpcf7-form-control-wrap\" data-name=\"menu-23\"><select class=\"wpcf7-form-control wpcf7-select\" aria-invalid=\"false\" name=\"menu-23\"><option value=\"\">&#8212;Escolha uma op\u00e7\u00e3o&#8212;<\/option><option value=\"Adolescente\">Adolescente<\/option><option value=\"Jovem\">Jovem<\/option><option value=\"Adulto\">Adulto<\/option><\/select><\/span>\n<\/p>\n<p>Email<br \/>\n<span class=\"wpcf7-form-control-wrap\" data-name=\"your-email\"><input size=\"40\" class=\"wpcf7-form-control wpcf7-text wpcf7-email wpcf7-validates-as-required wpcf7-validates-as-email\" aria-required=\"true\" aria-invalid=\"false\" value=\"\" type=\"email\" name=\"your-email\" \/><\/span>\n<\/p>\n<p>Endere\u00e7o completo<br \/>\n<span class=\"wpcf7-form-control-wrap\" data-name=\"your-end\"><input size=\"40\" class=\"wpcf7-form-control wpcf7-text wpcf7-validates-as-required\" aria-required=\"true\" aria-invalid=\"false\" value=\"\" type=\"text\" name=\"your-end\" \/><\/span>\n<\/p>\n<p>Telem\u00f3vel<br \/>\n<span class=\"wpcf7-form-control-wrap\" data-name=\"your-phone\"><input size=\"40\" class=\"wpcf7-form-control wpcf7-text wpcf7-validates-as-required\" aria-required=\"true\" aria-invalid=\"false\" value=\"\" type=\"text\" name=\"your-phone\" \/><\/span>\n<\/p>\n<p>L\u00edder de Life Group<br \/>\n<span class=\"wpcf7-form-control-wrap\" data-name=\"your-lider\"><input size=\"40\" class=\"wpcf7-form-control wpcf7-text wpcf7-validates-as-required\" aria-required=\"true\" aria-invalid=\"false\" value=\"\" type=\"text\" name=\"your-lider\" \/><\/span>\n<\/p>\n<p><input class=\"wpcf7-form-control has-spinner wpcf7-submit\" type=\"submit\" value=\"Enviar\" \/>\n<\/p><p style=\"display: none !important;\"><label>&#916;<textarea name=\"_wpcf7_ak_hp_textarea\" cols=\"45\" rows=\"8\" maxlength=\"100\"><\/textarea><\/label><input type=\"hidden\" id=\"ak_js_1\" name=\"_wpcf7_ak_js\" value=\"220\"\/><script>document.getElementById( \"ak_js_1\" ).setAttribute( \"value\", ( new Date() ).getTime() );<\/script><\/p><div class=\"wpcf7-response-output\" aria-hidden=\"true\"><\/div>\n<\/form>\n<\/div>\n\n<\/div>\n<\/div><\/div><\/div><\/div><\/div>","protected":false},"excerpt":{"rendered":"<p>Jesus ensinou-nos a olhar para al\u00e9m de n\u00f3s mesmos. \u00c9 por isso que a Paz Church se preocupa em servir os que ainda n\u00e3o est\u00e3o na igreja. Esta vis\u00e3o deu in\u00edcio ao minist\u00e9rio Atos de Amor, que atua principalmente com pessoas com necessidades financeiras. As \u00e1reas de atua\u00e7\u00e3o est\u00e3o voltadas ao \u00e2mbito social e baseiam-seContinue reading &rarr;<\/p>\n","protected":false},"author":2,"featured_media":12617,"parent":12068,"menu_order":0,"comment_status":"closed","ping_status":"closed","template":"","meta":{"_seopress_robots_primary_cat":"","footnotes":""},"_links":{"self":[{"href":"https:\/\/paz.church\/portugal\/wp-json\/wp\/v2\/pages\/12709"}],"collection":[{"href":"https:\/\/paz.church\/portugal\/wp-json\/wp\/v2\/pages"}],"about":[{"href":"https:\/\/paz.church\/portugal\/wp-json\/wp\/v2\/types\/page"}],"author":[{"embeddable":true,"href":"https:\/\/paz.church\/portugal\/wp-json\/wp\/v2\/users\/2"}],"replies":[{"embeddable":true,"href":"https:\/\/paz.church\/portugal\/wp-json\/wp\/v2\/comments?post=12709"}],"version-history":[{"count":7,"href":"https:\/\/paz.church\/portugal\/wp-json\/wp\/v2\/pages\/12709\/revisions"}],"predecessor-version":[{"id":18488,"href":"https:\/\/paz.church\/portugal\/wp-json\/wp\/v2\/pages\/12709\/revisions\/18488"}],"up":[{"embeddable":true,"href":"https:\/\/paz.church\/portugal\/wp-json\/wp\/v2\/pages\/12068"}],"wp:featuredmedia":[{"embeddable":true,"href":"https:\/\/paz.church\/portugal\/wp-json\/wp\/v2\/media\/12617"}],"wp:attachment":[{"href":"https:\/\/paz.church\/portugal\/wp-json\/wp\/v2\/media?parent=12709"}],"curies":[{"name":"wp","href":"https:\/\/api.w.org\/{rel}","templated":true}]}}