{"id":822,"date":"2018-12-11T09:40:36","date_gmt":"2018-12-11T11:40:36","guid":{"rendered":"https:\/\/paz.church\/saopaulo\/?page_id=822"},"modified":"2024-10-22T23:45:47","modified_gmt":"2024-10-22T22:45:47","slug":"agenda","status":"publish","type":"page","link":"https:\/\/paz.church\/portugal\/agenda\/","title":{"rendered":"Agenda"},"content":{"rendered":"<div id=\"pl-822\"  class=\"panel-layout\" ><div id=\"pg-822-0\"  class=\"panel-grid panel-no-style\" ><div id=\"pgc-822-0-0\"  class=\"panel-grid-cell\" ><div id=\"panel-822-0-0-0\" class=\"so-panel widget widget_sow-headline panel-first-child panel-last-child\" data-index=\"0\" ><div class=\"panel-widget-style panel-widget-style-for-822-0-0-0\" ><div\n\t\t\t\n\t\t\tclass=\"so-widget-sow-headline so-widget-sow-headline-default-1182d15df486-822\"\n\t\t\t\n\t\t><div class=\"sow-headline-container \">\n\t<h1 class='sow-headline'>Agenda<\/h1><\/div>\n<\/div><\/div><\/div><\/div><\/div><div id=\"pg-822-1\"  class=\"panel-grid panel-has-style\" ><div id=\"Team01\" class=\"panel-row-style panel-row-style-for-822-1\" ><div id=\"pgc-822-1-0\"  class=\"panel-grid-cell\" ><div id=\"colunas-widget\" class=\"panel-cell-style panel-cell-style-for-822-1-0\" ><div id=\"panel-822-1-0-0\" class=\"so-panel widget widget_sow-headline panel-first-child panel-last-child\" data-index=\"1\" ><div class=\"titulo panel-widget-style panel-widget-style-for-822-1-0-0\" ><div\n\t\t\t\n\t\t\tclass=\"so-widget-sow-headline so-widget-sow-headline-default-3388173f7e62-822\"\n\t\t\t\n\t\t><div class=\"sow-headline-container \">\n\t<h3 class='sow-headline'>PROGRAMA\u00c7\u00c3O SEMANAL<\/h3><\/div>\n<\/div><\/div><\/div><\/div><\/div><\/div><\/div><a id=\"bordas\"><\/a><div id=\"pg-822-2\"  class=\"panel-grid panel-has-style\"  data-extraid=\"bordas\" ><div class=\"bordas panel-row-style panel-row-style-for-822-2\" id=\"barra02\" ><div id=\"pgc-822-2-0\"  class=\"panel-grid-cell\" ><div id=\"panel-822-2-0-0\" class=\"so-panel widget widget_siteorigin-panels-builder panel-first-child panel-last-child\" data-index=\"2\" ><div id=\"pl-w65119860afaee\"  class=\"panel-layout\" ><div id=\"pg-w65119860afaee-0\"  class=\"panel-grid panel-has-style\" ><div id=\"agenda\" class=\"panel-row-style panel-row-style-for-w65119860afaee-0\" ><div id=\"pgc-w65119860afaee-0-0\"  class=\"panel-grid-cell\" ><div id=\"panel-w65119860afaee-0-0-0\" class=\"so-panel widget widget_sow-editor panel-first-child panel-last-child\" data-index=\"0\" ><div\n\t\t\t\n\t\t\tclass=\"so-widget-sow-editor so-widget-sow-editor-base\"\n\t\t\t\n\t\t><h3 class=\"widget-title\">Cultos de Celebra\u00e7\u00e3o<\/h3>\n<div class=\"siteorigin-widget-tinymce textwidget\">\n\t<p>Aos Domingos:<br \/>\n10h30 e 18h30<\/p>\n<\/div>\n<\/div><\/div><\/div><div id=\"pgc-w65119860afaee-0-1\"  class=\"panel-grid-cell\" ><div class=\"panel-cell-style panel-cell-style-for-w65119860afaee-0-1\" ><div id=\"panel-w65119860afaee-0-1-0\" class=\"so-panel widget widget_sow-editor panel-first-child panel-last-child\" data-index=\"1\" ><div\n\t\t\t\n\t\t\tclass=\"so-widget-sow-editor so-widget-sow-editor-base\"\n\t\t\t\n\t\t><h3 class=\"widget-title\">Life Groups<\/h3>\n<div class=\"siteorigin-widget-tinymce textwidget\">\n\t<p>Ter\u00e7as, Quartas e S\u00e1bados:<br \/>\nNas casas<\/p>\n<\/div>\n<\/div><\/div><\/div><\/div><div id=\"pgc-w65119860afaee-0-2\"  class=\"panel-grid-cell\" ><div id=\"panel-w65119860afaee-0-2-0\" class=\"so-panel widget widget_sow-editor panel-first-child panel-last-child\" data-index=\"2\" ><div\n\t\t\t\n\t\t\tclass=\"so-widget-sow-editor so-widget-sow-editor-base\"\n\t\t\t\n\t\t><h3 class=\"widget-title\">TADEL \/ Lideran\u00e7a<\/h3>\n<div class=\"siteorigin-widget-tinymce textwidget\">\n\t<p>Aos Domingos: 9h00<\/p>\n<\/div>\n<\/div><\/div><\/div><\/div><\/div><\/div><\/div><\/div><\/div><\/div><div id=\"pg-822-3\"  class=\"panel-grid panel-has-style\" ><div id=\"Team01\" class=\"panel-row-style panel-row-style-for-822-3\" ><div id=\"pgc-822-3-0\"  class=\"panel-grid-cell\" ><div id=\"colunas-widget\" class=\"panel-cell-style panel-cell-style-for-822-3-0\" ><div id=\"panel-822-3-0-0\" class=\"so-panel widget widget_sow-headline panel-first-child panel-last-child\" data-index=\"3\" ><div class=\"titulo panel-widget-style panel-widget-style-for-822-3-0-0\" ><div\n\t\t\t\n\t\t\tclass=\"so-widget-sow-headline so-widget-sow-headline-default-3388173f7e62-822\"\n\t\t\t\n\t\t><div class=\"sow-headline-container \">\n\t<h3 class='sow-headline'>PR\u00d3XIMOS EVENTOS<\/h3><\/div>\n<\/div><\/div><\/div><\/div><\/div><\/div><\/div><div id=\"pg-822-4\"  class=\"panel-grid panel-has-style\" ><div id=\"agenda2\" class=\"panel-row-style panel-row-style-for-822-4\" ><div id=\"pgc-822-4-0\"  class=\"panel-grid-cell\" ><div id=\"panel-822-4-0-0\" class=\"so-panel widget widget_events_maker_list_widget widget_events_maker_list panel-first-child panel-last-child\" data-index=\"4\" ><h3 class=\"widget-title\"><\/h3><\/div><\/div><\/div><\/div><\/div>","protected":false},"excerpt":{"rendered":"<p>Agenda PROGRAMA\u00c7\u00c3O SEMANAL Cultos de Celebra\u00e7\u00e3o Aos Domingos: 10h30 e 18h30 Life Groups Ter\u00e7as, Quartas e S\u00e1bados: Nas casas TADEL \/ Lideran\u00e7a Aos Domingos: 9h00 PR\u00d3XIMOS EVENTOS<\/p>\n","protected":false},"author":2,"featured_media":18843,"parent":0,"menu_order":0,"comment_status":"closed","ping_status":"closed","template":"","meta":{"_seopress_robots_primary_cat":"","footnotes":""},"_links":{"self":[{"href":"https:\/\/paz.church\/portugal\/wp-json\/wp\/v2\/pages\/822"}],"collection":[{"href":"https:\/\/paz.church\/portugal\/wp-json\/wp\/v2\/pages"}],"about":[{"href":"https:\/\/paz.church\/portugal\/wp-json\/wp\/v2\/types\/page"}],"author":[{"embeddable":true,"href":"https:\/\/paz.church\/portugal\/wp-json\/wp\/v2\/users\/2"}],"replies":[{"embeddable":true,"href":"https:\/\/paz.church\/portugal\/wp-json\/wp\/v2\/comments?post=822"}],"version-history":[{"count":28,"href":"https:\/\/paz.church\/portugal\/wp-json\/wp\/v2\/pages\/822\/revisions"}],"predecessor-version":[{"id":18862,"href":"https:\/\/paz.church\/portugal\/wp-json\/wp\/v2\/pages\/822\/revisions\/18862"}],"wp:featuredmedia":[{"embeddable":true,"href":"https:\/\/paz.church\/portugal\/wp-json\/wp\/v2\/media\/18843"}],"wp:attachment":[{"href":"https:\/\/paz.church\/portugal\/wp-json\/wp\/v2\/media?parent=822"}],"curies":[{"name":"wp","href":"https:\/\/api.w.org\/{rel}","templated":true}]}}