{"id":1253,"date":"2018-02-11T21:11:46","date_gmt":"2018-02-11T23:11:46","guid":{"rendered":"https:\/\/paz.church\/saopaulo\/?page_id=1253"},"modified":"2023-03-14T15:31:50","modified_gmt":"2023-03-14T18:31:50","slug":"oracao","status":"publish","type":"page","link":"https:\/\/paz.church\/rioclaro\/oracao\/","title":{"rendered":"Paz Prayer"},"content":{"rendered":"<div id=\"pl-1253\"  class=\"panel-layout\" ><div id=\"pg-1253-0\"  class=\"panel-grid panel-has-style\" ><div class=\"siteorigin-panels-stretch panel-row-style panel-row-style-for-1253-0\" data-stretch-type=\"full\" ><div id=\"pgc-1253-0-0\"  class=\"panel-grid-cell\" ><div id=\"panel-1253-0-0-0\" class=\"so-panel widget widget_sow-editor panel-first-child panel-last-child\" data-index=\"0\" ><div class=\"panel-widget-style panel-widget-style-for-1253-0-0-0\" ><div\n\t\t\t\n\t\t\tclass=\"so-widget-sow-editor so-widget-sow-editor-base\"\n\t\t\t\n\t\t>\n<div class=\"siteorigin-widget-tinymce textwidget\">\n\t<p style=\"text-align: center;\">Selecione abaixo:<\/p>\n<\/div>\n<\/div><\/div><\/div><\/div><\/div><\/div><div id=\"pg-1253-1\"  class=\"panel-grid panel-has-style\" ><div id=\"Team01\" class=\"panel-row-style panel-row-style-for-1253-1\" ><div id=\"pgc-1253-1-0\"  class=\"panel-grid-cell\" ><div id=\"panel-1253-1-0-0\" class=\"so-panel widget widget_sow-button panel-first-child panel-last-child\" data-index=\"1\" ><div\n\t\t\t\n\t\t\tclass=\"so-widget-sow-button so-widget-sow-button-flat-b10d824bcea2-1253\"\n\t\t\t\n\t\t><div class=\"ow-button-base ow-button-align-center\">\n\t<a\n\thref=\"#queroorar\"\n\t\tclass=\"ow-icon-placement-left\" \t>\n\t\t<span>\n\t\t\t\n\t\t\tQuero orar\t\t<\/span>\n\t<\/a>\n<\/div>\n<\/div><\/div><\/div><div id=\"pgc-1253-1-1\"  class=\"panel-grid-cell\" ><div id=\"panel-1253-1-1-0\" class=\"so-panel widget widget_sow-button panel-first-child panel-last-child\" data-index=\"2\" ><div\n\t\t\t\n\t\t\tclass=\"so-widget-sow-button so-widget-sow-button-flat-b10d824bcea2-1253\"\n\t\t\t\n\t\t><div class=\"ow-button-base ow-button-align-center\">\n\t<a\n\thref=\"#querooracao\"\n\t\tclass=\"ow-icon-placement-left\" \t>\n\t\t<span>\n\t\t\t\n\t\t\tQuero ora\u00e7\u00e3o\t\t<\/span>\n\t<\/a>\n<\/div>\n<\/div><\/div><\/div><\/div><\/div><div id=\"pg-1253-2\"  class=\"panel-grid panel-has-style\" ><div class=\"siteorigin-panels-stretch panel-row-style panel-row-style-for-1253-2\" data-stretch-type=\"full\" ><div id=\"pgc-1253-2-0\"  class=\"panel-grid-cell\" ><div id=\"panel-1253-2-0-0\" class=\"so-panel widget widget_sow-editor panel-first-child panel-last-child\" data-index=\"3\" ><div class=\"bordas panel-widget-style panel-widget-style-for-1253-2-0-0\" ><div\n\t\t\t\n\t\t\tclass=\"so-widget-sow-editor so-widget-sow-editor-base\"\n\t\t\t\n\t\t>\n<div class=\"siteorigin-widget-tinymce textwidget\">\n\t<p style=\"text-align: center;\"><strong><em>\u201cOrem em todo tempo no Esp\u00edrito, com todo tipo de ora\u00e7\u00e3o e s\u00faplica,<br \/>\ne para isto vigiem com toda perseveran\u00e7a e s\u00faplica por todos os santos.\u201d<\/em><\/strong><br \/>\n(Ef\u00e9sios 6.18 NAA)<\/p>\n<\/div>\n<\/div><\/div><\/div><\/div><\/div><\/div><div id=\"pg-1253-3\"  class=\"panel-grid panel-has-style\" ><div id=\"Team01\" class=\"panel-row-style panel-row-style-for-1253-3\" ><div id=\"pgc-1253-3-0\"  class=\"panel-grid-cell\" ><div id=\"panel-1253-3-0-0\" class=\"so-panel widget widget_sow-headline panel-first-child\" data-index=\"4\" ><div class=\"titulo panel-widget-style panel-widget-style-for-1253-3-0-0\" id=\"queroorar\" ><div\n\t\t\t\n\t\t\tclass=\"so-widget-sow-headline so-widget-sow-headline-default-4e3182ec0628-1253\"\n\t\t\t\n\t\t><div class=\"sow-headline-container \">\n\t<h3 class='sow-headline'>Quero Orar<\/h3><\/div>\n<\/div><\/div><\/div><div id=\"panel-1253-3-0-1\" class=\"so-panel widget widget_siteorigin-panels-builder panel-last-child\" data-index=\"5\" ><div class=\"panel-widget-style panel-widget-style-for-1253-3-0-1\" ><div id=\"pl-w6410bd961f568\"  class=\"panel-layout\" ><div id=\"pg-w6410bd961f568-0\"  class=\"panel-grid panel-no-style\" ><div id=\"pgc-w6410bd961f568-0-0\"  class=\"panel-grid-cell\" ><div id=\"panel-w6410bd961f568-0-0-0\" class=\"so-panel widget widget_sow-editor panel-first-child\" data-index=\"0\" ><div\n\t\t\t\n\t\t\tclass=\"so-widget-sow-editor so-widget-sow-editor-base\"\n\t\t\t\n\t\t>\n<div class=\"siteorigin-widget-tinymce textwidget\">\n\t<p><strong>Participe do Paz Prayer. Temos Sala Virtual de Ora\u00e7\u00e3o via app Zoom toda quinta!<\/strong><\/p>\n<p>Se voc\u00ea quiser se juntar a n\u00f3s em ora\u00e7\u00e3o, basta clicar no bot\u00e3o abaixo no hor\u00e1rio estabelecido.<\/p>\n<p>Toda quinta | Hor\u00e1rio:<br \/>\n19h30<\/p>\n<p>ID da reuni\u00e3o: 256 050 1002<br \/>\nSenha de acesso (necess\u00e1ria): 123456<\/p>\n<\/div>\n<\/div><\/div><div id=\"panel-w6410bd961f568-0-0-1\" class=\"so-panel widget widget_sow-button\" data-index=\"1\" ><div\n\t\t\t\n\t\t\tclass=\"so-widget-sow-button so-widget-sow-button-flat-b10d824bcea2\"\n\t\t\t\n\t\t><div class=\"ow-button-base ow-button-align-center\">\n\t<a\n\thref=\"https:\/\/us04web.zoom.us\/j\/2560501002?pwd=1bUdd1kqZ0gNbXS5b7RBXtoMbh6yO4.1\"\n\t\tclass=\"ow-icon-placement-left\" target=\"_blank\" rel=\"noopener noreferrer\" \t>\n\t\t<span>\n\t\t\t\n\t\t\tAcessar sala\t\t<\/span>\n\t<\/a>\n<\/div>\n<\/div><\/div><div id=\"panel-w6410bd961f568-0-0-2\" class=\"so-panel widget widget_sow-editor panel-last-child\" data-index=\"2\" ><div\n\t\t\t\n\t\t\tclass=\"so-widget-sow-editor so-widget-sow-editor-base\"\n\t\t\t\n\t\t>\n<div class=\"siteorigin-widget-tinymce textwidget\">\n\t<hr \/>\n<p>Caso voc\u00ea tenha alguma dificuldade em acessar ou tenha alguma d\u00favida, favor entrar em contato via WhatsApp com nossa coordena\u00e7\u00e3o: (19) 99708-8573<\/p>\n<\/div>\n<\/div><\/div><\/div><\/div><\/div><\/div><\/div><\/div><div id=\"pgc-1253-3-1\"  class=\"panel-grid-cell\" ><div id=\"panel-1253-3-1-0\" class=\"so-panel widget widget_sow-headline panel-first-child\" data-index=\"6\" ><div class=\"titulo panel-widget-style panel-widget-style-for-1253-3-1-0\" id=\"querooracao\" ><div\n\t\t\t\n\t\t\tclass=\"so-widget-sow-headline so-widget-sow-headline-default-4e3182ec0628-1253\"\n\t\t\t\n\t\t><div class=\"sow-headline-container \">\n\t<h3 class='sow-headline'>Quero Ora\u00e7\u00e3o<\/h3><\/div>\n<\/div><\/div><\/div><div id=\"panel-1253-3-1-1\" class=\"so-panel widget widget_siteorigin-panels-builder panel-last-child\" data-index=\"7\" ><div class=\"panel-widget-style panel-widget-style-for-1253-3-1-1\" ><div id=\"pl-w60c408ee5d899\"  class=\"panel-layout\" ><div id=\"pg-w60c408ee5d899-0\"  class=\"panel-grid panel-no-style\" ><div id=\"pgc-w60c408ee5d899-0-0\"  class=\"panel-grid-cell\" ><div id=\"panel-w60c408ee5d899-0-0-0\" class=\"so-panel widget widget_sow-editor panel-first-child panel-last-child\" data-index=\"0\" ><div\n\t\t\t\n\t\t\tclass=\"so-widget-sow-editor so-widget-sow-editor-base\"\n\t\t\t\n\t\t>\n<div class=\"siteorigin-widget-tinymce textwidget\">\n\t<p><strong>Se voc\u00ea estiver precisando de ora\u00e7\u00e3o, deixe aqui o seu pedido.<\/strong><\/p>\n<p>Estaremos levando para o nosso time de intercessores, em nossa sala de ora\u00e7\u00e3o, e aplicando f\u00e9 para a sua vit\u00f3ria.<\/p>\n\n<div class=\"wpcf7 no-js\" id=\"wpcf7-f2215-o1\" lang=\"pt-BR\" dir=\"ltr\">\n<div class=\"screen-reader-response\"><p role=\"status\" aria-live=\"polite\" aria-atomic=\"true\"><\/p> <ul><\/ul><\/div>\n<form action=\"\/rioclaro\/wp-json\/wp\/v2\/pages\/1253#wpcf7-f2215-o1\" method=\"post\" class=\"wpcf7-form init\" aria-label=\"Formul\u00e1rios de contato\" novalidate=\"novalidate\" data-status=\"init\">\n<div style=\"display: none;\">\n<input type=\"hidden\" name=\"_wpcf7\" value=\"2215\" \/>\n<input type=\"hidden\" name=\"_wpcf7_version\" value=\"5.7.5.1\" \/>\n<input type=\"hidden\" name=\"_wpcf7_locale\" value=\"pt_BR\" \/>\n<input type=\"hidden\" name=\"_wpcf7_unit_tag\" value=\"wpcf7-f2215-o1\" \/>\n<input type=\"hidden\" name=\"_wpcf7_container_post\" value=\"0\" \/>\n<input type=\"hidden\" name=\"_wpcf7_posted_data_hash\" value=\"\" \/>\n<input type=\"hidden\" name=\"_wpcf7_recaptcha_response\" value=\"\" \/>\n<\/div>\n<p>Nome e sobrenome*\n<\/p>\n<p><span class=\"wpcf7-form-control-wrap\" data-name=\"your-name\"><input size=\"40\" class=\"wpcf7-form-control wpcf7-text wpcf7-validates-as-required\" aria-required=\"true\" aria-invalid=\"false\" value=\"\" type=\"text\" name=\"your-name\" \/><\/span>\n<\/p>\n<p>Seu email*\n<\/p>\n<p><span class=\"wpcf7-form-control-wrap\" data-name=\"your-email\"><input size=\"40\" class=\"wpcf7-form-control wpcf7-text wpcf7-email wpcf7-validates-as-required wpcf7-validates-as-email\" aria-required=\"true\" aria-invalid=\"false\" value=\"\" type=\"email\" name=\"your-email\" \/><\/span>\n<\/p>\n<p>Cidade\/Estado*\n<\/p>\n<p><span class=\"wpcf7-form-control-wrap\" data-name=\"cidade-estado\"><input size=\"40\" class=\"wpcf7-form-control wpcf7-text wpcf7-validates-as-required\" aria-required=\"true\" aria-invalid=\"false\" value=\"\" type=\"text\" name=\"cidade-estado\" \/><\/span>\n<\/p>\n<p>Motivo de ora\u00e7\u00e3o\n<\/p>\n<p><span class=\"wpcf7-form-control-wrap\" data-name=\"your-message\"><textarea cols=\"40\" rows=\"10\" class=\"wpcf7-form-control wpcf7-textarea\" aria-invalid=\"false\" name=\"your-message\"><\/textarea><\/span>\n<\/p>\n<div class=\"clear\">\n<\/div>\n<p><input class=\"wpcf7-form-control has-spinner wpcf7-submit\" type=\"submit\" value=\"Enviar\" \/>\n<\/p><p style=\"display: none !important;\"><label>&#916;<textarea name=\"_wpcf7_ak_hp_textarea\" cols=\"45\" rows=\"8\" maxlength=\"100\"><\/textarea><\/label><input type=\"hidden\" id=\"ak_js_1\" name=\"_wpcf7_ak_js\" value=\"82\"\/><script>document.getElementById( \"ak_js_1\" ).setAttribute( \"value\", ( new Date() ).getTime() );<\/script><\/p><div class=\"wpcf7-response-output\" aria-hidden=\"true\"><\/div>\n<\/form>\n<\/div>\n\n<\/div>\n<\/div><\/div><\/div><\/div><\/div><\/div><\/div><\/div><\/div><\/div><\/div>","protected":false},"excerpt":{"rendered":"<p>Selecione abaixo:<\/p>\n","protected":false},"author":1,"featured_media":14520,"parent":0,"menu_order":0,"comment_status":"closed","ping_status":"closed","template":"","meta":{"_seopress_robots_primary_cat":"","footnotes":""},"class_list":["post-1253","page","type-page","status-publish","has-post-thumbnail","has-thumb"],"_links":{"self":[{"href":"https:\/\/paz.church\/rioclaro\/wp-json\/wp\/v2\/pages\/1253","targetHints":{"allow":["GET"]}}],"collection":[{"href":"https:\/\/paz.church\/rioclaro\/wp-json\/wp\/v2\/pages"}],"about":[{"href":"https:\/\/paz.church\/rioclaro\/wp-json\/wp\/v2\/types\/page"}],"author":[{"embeddable":true,"href":"https:\/\/paz.church\/rioclaro\/wp-json\/wp\/v2\/users\/1"}],"replies":[{"embeddable":true,"href":"https:\/\/paz.church\/rioclaro\/wp-json\/wp\/v2\/comments?post=1253"}],"version-history":[{"count":15,"href":"https:\/\/paz.church\/rioclaro\/wp-json\/wp\/v2\/pages\/1253\/revisions"}],"predecessor-version":[{"id":16241,"href":"https:\/\/paz.church\/rioclaro\/wp-json\/wp\/v2\/pages\/1253\/revisions\/16241"}],"wp:featuredmedia":[{"embeddable":true,"href":"https:\/\/paz.church\/rioclaro\/wp-json\/wp\/v2\/media\/14520"}],"wp:attachment":[{"href":"https:\/\/paz.church\/rioclaro\/wp-json\/wp\/v2\/media?parent=1253"}],"curies":[{"name":"wp","href":"https:\/\/api.w.org\/{rel}","templated":true}]}}