{"id":1257,"date":"2018-12-11T21:14:01","date_gmt":"2018-12-11T23:14:01","guid":{"rendered":"https:\/\/paz.church\/saopaulo\/?page_id=1257"},"modified":"2021-07-02T14:05:29","modified_gmt":"2021-07-02T17:05:29","slug":"email","status":"publish","type":"page","link":"https:\/\/paz.church\/rioclaro\/email\/","title":{"rendered":"No seu email"},"content":{"rendered":"<div id=\"pl-1257\"  class=\"panel-layout\" ><a id=\"bordas\"><\/a><div id=\"pg-1257-0\"  class=\"panel-grid panel-has-style\"  data-extraid=\"bordas\" ><div class=\"bordas panel-row-style panel-row-style-for-1257-0\" ><div id=\"pgc-1257-0-0\"  class=\"panel-grid-cell\" ><div id=\"panel-1257-0-0-0\" class=\"so-panel widget widget_sow-editor panel-first-child\" data-index=\"0\" ><div\n\t\t\t\n\t\t\tclass=\"so-widget-sow-editor so-widget-sow-editor-base\"\n\t\t\t\n\t\t>\n<div class=\"siteorigin-widget-tinymce textwidget\">\n\t<p>Cadastre, no campo abaixo, o seu endere\u00e7o email e receba as nossas atualiza\u00e7\u00f5es.<\/p>\n<\/div>\n<\/div><\/div><div id=\"panel-1257-0-0-1\" class=\"widget_text so-panel widget widget_custom_html panel-last-child\" data-index=\"1\" ><div class=\"textwidget custom-html-widget\"><form id=\"formpaz\" style=\"padding:3px;\" action=\"http:\/\/feedburner.google.com\/fb\/a\/mailverify\" method=\"post\" target=\"popupwindow\" onsubmit=\"window.open('http:\/\/feedburner.google.com\/fb\/a\/mailverify?uri=PazRioClaro', 'popupwindow', 'scrollbars=yes,width=550,height=520');return true\"><input type=\"text\" class=\"campo\" name=\"email\"\/>\n\t<input type=\"hidden\" value=\"PazRioClaro\" name=\"uri\"\/>\n\t<input type=\"hidden\" name=\"loc\" value=\"pt_BR\"\/>\n\t<input type=\"submit\" value=\"OK\" \/>\n<\/form><\/div><\/div><\/div><\/div><\/div><\/div>","protected":false},"excerpt":{"rendered":"<p>Cadastre, no campo abaixo, o seu endere\u00e7o email e receba as nossas atualiza\u00e7\u00f5es.<\/p>\n","protected":false},"author":1,"featured_media":14554,"parent":0,"menu_order":0,"comment_status":"closed","ping_status":"closed","template":"","meta":{"_seopress_robots_primary_cat":"","footnotes":""},"class_list":["post-1257","page","type-page","status-publish","has-post-thumbnail","has-thumb"],"_links":{"self":[{"href":"https:\/\/paz.church\/rioclaro\/wp-json\/wp\/v2\/pages\/1257","targetHints":{"allow":["GET"]}}],"collection":[{"href":"https:\/\/paz.church\/rioclaro\/wp-json\/wp\/v2\/pages"}],"about":[{"href":"https:\/\/paz.church\/rioclaro\/wp-json\/wp\/v2\/types\/page"}],"author":[{"embeddable":true,"href":"https:\/\/paz.church\/rioclaro\/wp-json\/wp\/v2\/users\/1"}],"replies":[{"embeddable":true,"href":"https:\/\/paz.church\/rioclaro\/wp-json\/wp\/v2\/comments?post=1257"}],"version-history":[{"count":7,"href":"https:\/\/paz.church\/rioclaro\/wp-json\/wp\/v2\/pages\/1257\/revisions"}],"predecessor-version":[{"id":14661,"href":"https:\/\/paz.church\/rioclaro\/wp-json\/wp\/v2\/pages\/1257\/revisions\/14661"}],"wp:featuredmedia":[{"embeddable":true,"href":"https:\/\/paz.church\/rioclaro\/wp-json\/wp\/v2\/media\/14554"}],"wp:attachment":[{"href":"https:\/\/paz.church\/rioclaro\/wp-json\/wp\/v2\/media?parent=1257"}],"curies":[{"name":"wp","href":"https:\/\/api.w.org\/{rel}","templated":true}]}}