{"id":12580,"date":"2021-05-14T21:24:04","date_gmt":"2021-05-15T00:24:04","guid":{"rendered":"https:\/\/paz.church\/saopaulo\/?page_id=12580"},"modified":"2021-08-20T16:00:42","modified_gmt":"2021-08-20T19:00:42","slug":"pazprayer","status":"publish","type":"page","link":"https:\/\/paz.church\/rioclaro\/voluntarios\/pazprayer\/","title":{"rendered":"Paz Prayer"},"content":{"rendered":"<div id=\"pl-12580\"  class=\"panel-layout\" ><div id=\"pg-12580-0\"  class=\"panel-grid panel-no-style\" ><div id=\"pgc-12580-0-0\"  class=\"panel-grid-cell\" ><div id=\"panel-12580-0-0-0\" class=\"so-panel widget widget_sow-editor panel-first-child panel-last-child\" data-index=\"0\" ><div class=\"bordas panel-widget-style panel-widget-style-for-12580-0-0-0\" ><div\n\t\t\t\n\t\t\tclass=\"so-widget-sow-editor so-widget-sow-editor-base\"\n\t\t\t\n\t\t>\n<div class=\"siteorigin-widget-tinymce textwidget\">\n\t<p>O nosso Senhor Jesus deixou bem claro na sua Palavra a extrema import\u00e2ncia da ora\u00e7\u00e3o. Sabemos que \u00e9 dever de todo crente orar. Nosso encargo vai muito al\u00e9m de fazer ora\u00e7\u00f5es, queremos orar no centro do cora\u00e7\u00e3o de Deus para um momento hist\u00f3rico t\u00e3o crucial, onde est\u00e1 se cumprindo tantas profecias. Existe um grande exerc\u00edcio capaz de incendiar a nossa gera\u00e7\u00e3o, nos conduzindo a um poderoso avivamento prometido na Palavra de Deus, e acreditamos que esse \u00e9 o momento oportuno para essa grande colheita. Queremos queimar!<\/p>\n<p><strong>Participe do Paz Prayer. Temos Sala Virtual de Ora\u00e7\u00e3o via app Zoom todo s\u00e1bado, em diversos hor\u00e1rios.<\/strong><\/p>\n<p>Queremos saber mais sobre voc\u00ea que quer servir no Paz Prayer. Fa\u00e7a a sua inscri\u00e7\u00e3o atrav\u00e9s deste formul\u00e1rio.<\/p>\n<\/div>\n<\/div><\/div><\/div><\/div><div id=\"pgc-12580-0-1\"  class=\"panel-grid-cell\" ><div id=\"panel-12580-0-1-0\" class=\"so-panel widget widget_sow-editor panel-first-child panel-last-child\" data-index=\"1\" ><div\n\t\t\t\n\t\t\tclass=\"so-widget-sow-editor so-widget-sow-editor-base\"\n\t\t\t\n\t\t><h3 class=\"widget-title\">Fa\u00e7a a sua inscri\u00e7\u00e3o<\/h3>\n<div class=\"siteorigin-widget-tinymce textwidget\">\n\t\n<div class=\"wpcf7 no-js\" id=\"wpcf7-f12443-o1\" lang=\"pt-BR\" dir=\"ltr\">\n<div class=\"screen-reader-response\"><p role=\"status\" aria-live=\"polite\" aria-atomic=\"true\"><\/p> <ul><\/ul><\/div>\n<form action=\"\/rioclaro\/wp-json\/wp\/v2\/pages\/12580#wpcf7-f12443-o1\" method=\"post\" class=\"wpcf7-form init\" aria-label=\"Formul\u00e1rios de contato\" novalidate=\"novalidate\" data-status=\"init\">\n<div style=\"display: none;\">\n<input type=\"hidden\" name=\"_wpcf7\" value=\"12443\" \/>\n<input type=\"hidden\" name=\"_wpcf7_version\" value=\"5.7.5.1\" \/>\n<input type=\"hidden\" name=\"_wpcf7_locale\" value=\"pt_BR\" \/>\n<input type=\"hidden\" name=\"_wpcf7_unit_tag\" value=\"wpcf7-f12443-o1\" \/>\n<input type=\"hidden\" name=\"_wpcf7_container_post\" value=\"0\" \/>\n<input type=\"hidden\" name=\"_wpcf7_posted_data_hash\" value=\"\" \/>\n<input type=\"hidden\" name=\"_wpcf7_recaptcha_response\" value=\"\" \/>\n<\/div>\n<div class=\"campo-esq\">\n\t<p>Nome e sobrenome*\n\t<\/p>\n\t<p><span class=\"wpcf7-form-control-wrap\" data-name=\"your-name\"><input size=\"40\" class=\"wpcf7-form-control wpcf7-text wpcf7-validates-as-required\" aria-required=\"true\" aria-invalid=\"false\" value=\"\" type=\"text\" name=\"your-name\" \/><\/span>\n\t<\/p>\n<\/div>\n<div class=\"campo-dir\">\n\t<p>Email*\n\t<\/p>\n\t<p><span class=\"wpcf7-form-control-wrap\" data-name=\"your-email\"><input size=\"40\" class=\"wpcf7-form-control wpcf7-text wpcf7-email wpcf7-validates-as-required wpcf7-validates-as-email\" aria-required=\"true\" aria-invalid=\"false\" value=\"\" type=\"email\" name=\"your-email\" \/><\/span>\n\t<\/p>\n<\/div>\n<div class=\"clear\">\n<\/div>\n<div class=\"campo-25\">\n\t<p>Sexo*\n\t<\/p>\n\t<p><span class=\"wpcf7-form-control-wrap\" data-name=\"menu-23\"><select class=\"wpcf7-form-control wpcf7-select\" aria-invalid=\"false\" name=\"menu-23\"><option value=\"\">&#8212;Escolha uma op\u00e7\u00e3o&#8212;<\/option><option value=\"Masculino\">Masculino<\/option><option value=\"Feminino\">Feminino<\/option><\/select><\/span>\n\t<\/p>\n<\/div>\n<div class=\"campo-25\">\n\t<p>Faixa et\u00e1ria*\n\t<\/p>\n\t<p><span class=\"wpcf7-form-control-wrap\" data-name=\"menu-24\"><select class=\"wpcf7-form-control wpcf7-select\" aria-invalid=\"false\" name=\"menu-24\"><option value=\"\">&#8212;Escolha uma op\u00e7\u00e3o&#8212;<\/option><option value=\"Adulto\">Adulto<\/option><option value=\"Jovem\">Jovem<\/option><option value=\"Adolescente\">Adolescente<\/option><\/select><\/span>\n\t<\/p>\n<\/div>\n<div class=\"campo-dir\">\n\t<p>Telefone\/WhatsApp*\n\t<\/p>\n\t<p><span class=\"wpcf7-form-control-wrap\" data-name=\"your-phone\"><input size=\"40\" class=\"wpcf7-form-control wpcf7-text wpcf7-validates-as-required\" aria-required=\"true\" aria-invalid=\"false\" value=\"\" type=\"text\" name=\"your-phone\" \/><\/span>\n\t<\/p>\n<\/div>\n<div class=\"clear\">\n<\/div>\n<div class=\"campo-esq\">\n\t<p>Endere\u00e7o completo*\n\t<\/p>\n\t<p><span class=\"wpcf7-form-control-wrap\" data-name=\"your-endereco\"><input size=\"40\" class=\"wpcf7-form-control wpcf7-text wpcf7-validates-as-required\" aria-required=\"true\" aria-invalid=\"false\" value=\"\" type=\"text\" name=\"your-endereco\" \/><\/span>\n\t<\/p>\n<\/div>\n<div class=\"campo-dir\">\n\t<p>L\u00edder de Life Group*\n\t<\/p>\n\t<p><span class=\"wpcf7-form-control-wrap\" data-name=\"your-lider-lg\"><input size=\"40\" class=\"wpcf7-form-control wpcf7-text wpcf7-validates-as-required\" aria-required=\"true\" aria-invalid=\"false\" value=\"\" type=\"text\" name=\"your-lider-lg\" \/><\/span>\n\t<\/p>\n<\/div>\n<div class=\"clear\">\n<\/div>\n<div class=\"campo-full\">\n\t<p>Observa\u00e7\u00e3o\n\t<\/p>\n\t<p><span class=\"wpcf7-form-control-wrap\" data-name=\"your-observacao\"><textarea cols=\"40\" rows=\"5\" class=\"wpcf7-form-control wpcf7-textarea\" aria-invalid=\"false\" name=\"your-observacao\"><\/textarea><\/span>\n\t<\/p>\n<\/div>\n<div class=\"clear\">\n<\/div>\n<p><input class=\"wpcf7-form-control has-spinner wpcf7-submit\" type=\"submit\" value=\"Enviar\" \/>\n<\/p><p style=\"display: none !important;\"><label>&#916;<textarea name=\"_wpcf7_ak_hp_textarea\" cols=\"45\" rows=\"8\" maxlength=\"100\"><\/textarea><\/label><input type=\"hidden\" id=\"ak_js_1\" name=\"_wpcf7_ak_js\" value=\"243\"\/><script>document.getElementById( \"ak_js_1\" ).setAttribute( \"value\", ( new Date() ).getTime() );<\/script><\/p><div class=\"wpcf7-response-output\" aria-hidden=\"true\"><\/div>\n<\/form>\n<\/div>\n\n<\/div>\n<\/div><\/div><\/div><\/div><\/div>","protected":false},"excerpt":{"rendered":"<p>O nosso Senhor Jesus deixou bem claro na sua Palavra a extrema import\u00e2ncia da ora\u00e7\u00e3o. Sabemos que \u00e9 dever de todo crente orar. Nosso encargo vai muito al\u00e9m de fazer ora\u00e7\u00f5es, queremos orar no centro do cora\u00e7\u00e3o de Deus para um momento hist\u00f3rico t\u00e3o crucial, onde est\u00e1 se cumprindo tantas profecias. Existe um grande exerc\u00edcioContinue reading &rarr;<\/p>\n","protected":false},"author":1,"featured_media":14579,"parent":3727,"menu_order":0,"comment_status":"closed","ping_status":"closed","template":"","meta":{"_seopress_robots_primary_cat":"","footnotes":""},"class_list":["post-12580","page","type-page","status-publish","has-post-thumbnail","has-thumb"],"_links":{"self":[{"href":"https:\/\/paz.church\/rioclaro\/wp-json\/wp\/v2\/pages\/12580","targetHints":{"allow":["GET"]}}],"collection":[{"href":"https:\/\/paz.church\/rioclaro\/wp-json\/wp\/v2\/pages"}],"about":[{"href":"https:\/\/paz.church\/rioclaro\/wp-json\/wp\/v2\/types\/page"}],"author":[{"embeddable":true,"href":"https:\/\/paz.church\/rioclaro\/wp-json\/wp\/v2\/users\/1"}],"replies":[{"embeddable":true,"href":"https:\/\/paz.church\/rioclaro\/wp-json\/wp\/v2\/comments?post=12580"}],"version-history":[{"count":3,"href":"https:\/\/paz.church\/rioclaro\/wp-json\/wp\/v2\/pages\/12580\/revisions"}],"predecessor-version":[{"id":15248,"href":"https:\/\/paz.church\/rioclaro\/wp-json\/wp\/v2\/pages\/12580\/revisions\/15248"}],"up":[{"embeddable":true,"href":"https:\/\/paz.church\/rioclaro\/wp-json\/wp\/v2\/pages\/3727"}],"wp:featuredmedia":[{"embeddable":true,"href":"https:\/\/paz.church\/rioclaro\/wp-json\/wp\/v2\/media\/14579"}],"wp:attachment":[{"href":"https:\/\/paz.church\/rioclaro\/wp-json\/wp\/v2\/media?parent=12580"}],"curies":[{"name":"wp","href":"https:\/\/api.w.org\/{rel}","templated":true}]}}