{"id":14450,"date":"2021-06-17T02:33:51","date_gmt":"2021-06-17T05:33:51","guid":{"rendered":"https:\/\/paz.church\/saopaulo\/?page_id=14450"},"modified":"2024-01-17T15:38:17","modified_gmt":"2024-01-17T18:38:17","slug":"contribua","status":"publish","type":"page","link":"https:\/\/paz.church\/rioclaro\/contribua\/","title":{"rendered":"Contribua"},"content":{"rendered":"<div id=\"pl-14450\"  class=\"panel-layout\" ><a id=\"bordas\"><\/a><div id=\"pg-14450-0\"  class=\"panel-grid panel-has-style\"  data-extraid=\"bordas\" ><div class=\"bordas panel-row-style panel-row-style-for-14450-0\" ><div id=\"pgc-14450-0-0\"  class=\"panel-grid-cell\" ><div id=\"panel-14450-0-0-0\" class=\"so-panel widget widget_sow-editor panel-first-child panel-last-child\" data-index=\"0\" ><div\n\t\t\t\n\t\t\tclass=\"so-widget-sow-editor so-widget-sow-editor-base\"\n\t\t\t\n\t\t>\n<div class=\"siteorigin-widget-tinymce textwidget\">\n\t<p>Sua generosidade est\u00e1 transformando o mundo! O avan\u00e7o do Reino de Deus em v\u00e1rios pa\u00edses, a restaura\u00e7\u00e3o de fam\u00edlias e o socorro aos necessitados atrav\u00e9s da a\u00e7\u00e3o social da igreja, tem sido beneficiados com o seu fiel apoio financeiro.<\/p>\n<p>Contribua a qualquer hora, em qualquer lugar.<\/p>\n<\/div>\n<\/div><\/div><\/div><\/div><\/div><a id=\"bordas\"><\/a><div id=\"pg-14450-1\"  class=\"panel-grid panel-has-style\"  data-extraid=\"bordas\" ><div class=\"bordas panel-row-style panel-row-style-for-14450-1\" ><div id=\"pgc-14450-1-0\"  class=\"panel-grid-cell\" ><div id=\"panel-14450-1-0-0\" class=\"so-panel widget widget_media_image panel-first-child panel-last-child\" data-index=\"1\" ><div class=\"panel-widget-style panel-widget-style-for-14450-1-0-0\" ><img loading=\"lazy\" decoding=\"async\" class=\"image \" src=\"https:\/\/paz.church\/saoluis\/wp-content\/uploads\/2020\/11\/Pix-icone.png\" alt=\"\" width=\"64\" height=\"64\" \/><\/div><\/div><\/div><div id=\"pgc-14450-1-1\"  class=\"panel-grid-cell\" ><div id=\"panel-14450-1-1-0\" class=\"so-panel widget widget_sow-headline panel-first-child\" data-index=\"2\" ><div\n\t\t\t\n\t\t\tclass=\"so-widget-sow-headline so-widget-sow-headline-default-a311599587c3-14450\"\n\t\t\t\n\t\t><div class=\"sow-headline-container \">\n\t<h3 class='sow-headline'>Pix<\/h3><\/div>\n<\/div><\/div><div id=\"panel-14450-1-1-1\" class=\"so-panel widget widget_sow-editor panel-last-child\" data-index=\"3\" ><div\n\t\t\t\n\t\t\tclass=\"so-widget-sow-editor so-widget-sow-editor-base\"\n\t\t\t\n\t\t>\n<div class=\"siteorigin-widget-tinymce textwidget\">\n\t<p>Voc\u00ea pode fazer a sua contribui\u00e7\u00e3o atrav\u00e9s da Chave\/CNPJ ou pelo QR Code.<br \/>\nCNPJ: <span class=\"JsGRdQ\">31.862.492\/0001-58<\/span><\/p>\n<\/div>\n<\/div><\/div><\/div><div id=\"pgc-14450-1-2\"  class=\"panel-grid-cell\" ><div id=\"panel-14450-1-2-0\" class=\"so-panel widget widget_sow-image panel-first-child panel-last-child\" data-index=\"4\" ><div\n\t\t\t\n\t\t\tclass=\"so-widget-sow-image so-widget-sow-image-default-fb8141de146a-14450\"\n\t\t\t\n\t\t>\n\n<div class=\"sow-image-container\">\n\t\t<img decoding=\"async\" src=\"https:\/\/paz.church\/rioclaro\/wp-content\/uploads\/2024\/01\/QR-Code-Pix-Cora180.png\" width=\"180\" height=\"179\" srcset=\"https:\/\/paz.church\/rioclaro\/wp-content\/uploads\/2024\/01\/QR-Code-Pix-Cora180.png 180w, https:\/\/paz.church\/rioclaro\/wp-content\/uploads\/2024\/01\/QR-Code-Pix-Cora180-75x75.png 75w\" sizes=\"auto, (max-width: 180px) 100vw, 180px\" title=\"QR Code Pix &#8211; Cora180\" alt=\"\" loading=\"lazy\" \t\tclass=\"so-widget-image\"\/>\n\t<\/div>\n\n<\/div><\/div><\/div><\/div><\/div><a id=\"bordas\"><\/a><div id=\"pg-14450-2\"  class=\"panel-grid panel-has-style\"  data-extraid=\"bordas\" ><div class=\"bordas panel-row-style panel-row-style-for-14450-2\" ><div id=\"pgc-14450-2-0\"  class=\"panel-grid-cell\" ><div id=\"panel-14450-2-0-0\" class=\"so-panel widget widget_sow-icon panel-first-child panel-last-child\" data-index=\"5\" ><div\n\t\t\t\n\t\t\tclass=\"so-widget-sow-icon so-widget-sow-icon-default-b6d7bacdc231-14450\"\n\t\t\t\n\t\t>\n<div class=\"sow-icon-container sow-icon\">\n\t\t\t<span class=\"sow-icon-fontawesome sow-fas\" data-sow-icon=\"&#xf4b9;\"\n\t\t \n\t\taria-hidden=\"true\"><\/span>\t<\/div>\n<\/div><\/div><\/div><div id=\"pgc-14450-2-1\"  class=\"panel-grid-cell\" ><div id=\"panel-14450-2-1-0\" class=\"so-panel widget widget_sow-headline panel-first-child\" data-index=\"6\" ><div\n\t\t\t\n\t\t\tclass=\"so-widget-sow-headline so-widget-sow-headline-default-a311599587c3-14450\"\n\t\t\t\n\t\t><div class=\"sow-headline-container \">\n\t<h3 class='sow-headline'>Conta banc\u00e1ria<\/h3><\/div>\n<\/div><\/div><div id=\"panel-14450-2-1-1\" class=\"so-panel widget widget_sow-editor panel-last-child\" data-index=\"7\" ><div\n\t\t\t\n\t\t\tclass=\"so-widget-sow-editor so-widget-sow-editor-base\"\n\t\t\t\n\t\t>\n<div class=\"siteorigin-widget-tinymce textwidget\">\n\t<p><span class=\"JsGRdQ\"><strong>Banco Cora<\/strong> (Banco 403)<br \/>\nAg\u00eancia: 0001<br \/>\nConta Corrente: 4591645-3<br \/>\nCNPJ: 31.862.492\/0001-58<br \/>\nPaz Church Rio Claro<\/span><\/p>\n<\/div>\n<\/div><\/div><\/div><\/div><\/div><a id=\"bordas\"><\/a><div id=\"pg-14450-3\"  class=\"panel-grid panel-has-style\"  data-extraid=\"bordas\" ><div class=\"bordas panel-row-style panel-row-style-for-14450-3\" ><div id=\"pgc-14450-3-0\"  class=\"panel-grid-cell\" ><div id=\"panel-14450-3-0-0\" class=\"so-panel widget widget_sow-icon panel-first-child panel-last-child\" data-index=\"8\" ><div\n\t\t\t\n\t\t\tclass=\"so-widget-sow-icon so-widget-sow-icon-default-b6d7bacdc231-14450\"\n\t\t\t\n\t\t>\n<div class=\"sow-icon-container sow-icon\">\n\t\t\t<span class=\"sow-icon-icomoon\" data-sow-icon=\"&#xe93f;\"\n\t\t \n\t\taria-hidden=\"true\"><\/span>\t<\/div>\n<\/div><\/div><\/div><div id=\"pgc-14450-3-1\"  class=\"panel-grid-cell\" ><div id=\"panel-14450-3-1-0\" class=\"so-panel widget widget_sow-headline panel-first-child\" data-index=\"9\" ><div\n\t\t\t\n\t\t\tclass=\"so-widget-sow-headline so-widget-sow-headline-default-a311599587c3-14450\"\n\t\t\t\n\t\t><div class=\"sow-headline-container \">\n\t<h3 class='sow-headline'>Doa\u00e7\u00e3o online<\/h3><\/div>\n<\/div><\/div><div id=\"panel-14450-3-1-1\" class=\"so-panel widget widget_sow-editor panel-last-child\" data-index=\"10\" ><div\n\t\t\t\n\t\t\tclass=\"so-widget-sow-editor so-widget-sow-editor-base\"\n\t\t\t\n\t\t>\n<div class=\"siteorigin-widget-tinymce textwidget\">\n\t<p>Contribua com cart\u00e3o de cr\u00e9dito, d\u00e9bito, boleto ou transfer\u00eancia online. Em um ambiente 100% seguro.<\/p>\n<\/div>\n<\/div><\/div><\/div><div id=\"pgc-14450-3-2\"  class=\"panel-grid-cell\" ><div id=\"panel-14450-3-2-0\" class=\"so-panel widget widget_sow-button panel-first-child panel-last-child\" data-index=\"11\" ><div\n\t\t\t\n\t\t\tclass=\"so-widget-sow-button so-widget-sow-button-flat-b10d824bcea2-14450\"\n\t\t\t\n\t\t><div class=\"ow-button-base ow-button-align-center\">\n\t<a\n\thref=\"https:\/\/pag.ae\/7VSFyfYCJ\"\n\t\tclass=\"ow-icon-placement-left\" target=\"_blank\" rel=\"noopener noreferrer\" \t>\n\t\t<span>\n\t\t\t\n\t\t\tClique aqui\t\t<\/span>\n\t<\/a>\n<\/div>\n<\/div><\/div><\/div><\/div><\/div><div id=\"pg-14450-4\"  class=\"panel-grid panel-has-style\" ><div class=\"panel-row-style panel-row-style-for-14450-4\" ><div id=\"pgc-14450-4-0\"  class=\"panel-grid-cell\" ><div id=\"panel-14450-4-0-0\" class=\"so-panel widget widget_sow-editor panel-first-child panel-last-child\" data-index=\"12\" ><div\n\t\t\t\n\t\t\tclass=\"so-widget-sow-editor so-widget-sow-editor-base\"\n\t\t\t\n\t\t>\n<div class=\"siteorigin-widget-tinymce textwidget\">\n\t<p style=\"text-align: center;\"><strong><em>\u201cE Deus pode dar muito mais do que voc\u00eas precisam para que voc\u00eas tenham sempre tudo o que necessitam e ainda mais do que o necess\u00e1rio para fazerem todo tipo de boas obras.\u201d<\/em><br \/>\n<\/strong>(2 Cor\u00edntios 9.8 NTLH)<\/p>\n<\/div>\n<\/div><\/div><\/div><\/div><\/div><\/div>","protected":false},"excerpt":{"rendered":"<p>Sua generosidade est\u00e1 transformando o mundo! O avan\u00e7o do Reino de Deus em v\u00e1rios pa\u00edses, a restaura\u00e7\u00e3o de fam\u00edlias e o socorro aos necessitados atrav\u00e9s da a\u00e7\u00e3o social da igreja, tem sido beneficiados com o seu fiel apoio financeiro. Contribua a qualquer hora, em qualquer lugar. Voc\u00ea pode fazer a sua contribui\u00e7\u00e3o atrav\u00e9s da Chave\/CNPJContinue reading &rarr;<\/p>\n","protected":false},"author":1,"featured_media":14509,"parent":0,"menu_order":0,"comment_status":"closed","ping_status":"closed","template":"","meta":{"_seopress_robots_primary_cat":"","footnotes":""},"class_list":["post-14450","page","type-page","status-publish","has-post-thumbnail","has-thumb"],"_links":{"self":[{"href":"https:\/\/paz.church\/rioclaro\/wp-json\/wp\/v2\/pages\/14450","targetHints":{"allow":["GET"]}}],"collection":[{"href":"https:\/\/paz.church\/rioclaro\/wp-json\/wp\/v2\/pages"}],"about":[{"href":"https:\/\/paz.church\/rioclaro\/wp-json\/wp\/v2\/types\/page"}],"author":[{"embeddable":true,"href":"https:\/\/paz.church\/rioclaro\/wp-json\/wp\/v2\/users\/1"}],"replies":[{"embeddable":true,"href":"https:\/\/paz.church\/rioclaro\/wp-json\/wp\/v2\/comments?post=14450"}],"version-history":[{"count":43,"href":"https:\/\/paz.church\/rioclaro\/wp-json\/wp\/v2\/pages\/14450\/revisions"}],"predecessor-version":[{"id":14878,"href":"https:\/\/paz.church\/rioclaro\/wp-json\/wp\/v2\/pages\/14450\/revisions\/14878"}],"wp:featuredmedia":[{"embeddable":true,"href":"https:\/\/paz.church\/rioclaro\/wp-json\/wp\/v2\/media\/14509"}],"wp:attachment":[{"href":"https:\/\/paz.church\/rioclaro\/wp-json\/wp\/v2\/media?parent=14450"}],"curies":[{"name":"wp","href":"https:\/\/api.w.org\/{rel}","templated":true}]}}