{"id":3553,"date":"2019-02-28T10:34:24","date_gmt":"2019-02-28T13:34:24","guid":{"rendered":"https:\/\/paz.church\/saopaulo\/?page_id=3553"},"modified":"2021-07-04T17:25:20","modified_gmt":"2021-07-04T20:25:20","slug":"amor","status":"publish","type":"page","link":"https:\/\/paz.church\/rioclaro\/voluntarios\/amor\/","title":{"rendered":"Amor em A\u00e7\u00e3o"},"content":{"rendered":"<div id=\"pl-3553\"  class=\"panel-layout\" ><div id=\"pg-3553-0\"  class=\"panel-grid panel-no-style\" ><div id=\"pgc-3553-0-0\"  class=\"panel-grid-cell\" ><div class=\"bordas panel-cell-style panel-cell-style-for-3553-0-0\" ><div id=\"panel-3553-0-0-0\" class=\"so-panel widget widget_media_image panel-first-child\" data-index=\"0\" ><div class=\"panel-widget-style panel-widget-style-for-3553-0-0-0\" ><img loading=\"lazy\" decoding=\"async\" width=\"300\" height=\"214\" src=\"https:\/\/paz.church\/rioclaro\/wp-content\/uploads\/2021\/06\/Logo-Vertical-PNG-300x214.png\" class=\"image wp-image-14589  attachment-medium size-medium\" alt=\"\" style=\"max-width: 100%; height: auto;\" srcset=\"https:\/\/paz.church\/rioclaro\/wp-content\/uploads\/2021\/06\/Logo-Vertical-PNG-300x214.png 300w, https:\/\/paz.church\/rioclaro\/wp-content\/uploads\/2021\/06\/Logo-Vertical-PNG-1024x730.png 1024w, https:\/\/paz.church\/rioclaro\/wp-content\/uploads\/2021\/06\/Logo-Vertical-PNG-768x547.png 768w, https:\/\/paz.church\/rioclaro\/wp-content\/uploads\/2021\/06\/Logo-Vertical-PNG-1536x1094.png 1536w, https:\/\/paz.church\/rioclaro\/wp-content\/uploads\/2021\/06\/Logo-Vertical-PNG.png 1600w\" sizes=\"auto, (max-width: 300px) 100vw, 300px\" \/><\/div><\/div><div id=\"panel-3553-0-0-1\" class=\"so-panel widget widget_sow-editor panel-last-child\" data-index=\"1\" ><div\n\t\t\t\n\t\t\tclass=\"so-widget-sow-editor so-widget-sow-editor-base\"\n\t\t\t\n\t\t>\n<div class=\"siteorigin-widget-tinymce textwidget\">\n\t<p>Jesus nos ensinou a olhar para al\u00e9m de n\u00f3s mesmos. E \u00e9 por isso que a Paz Church tamb\u00e9m se preocupa em servir os que ainda n\u00e3o est\u00e3o na igreja. Esta vis\u00e3o deu in\u00edcio ao minist\u00e9rio Amor em A\u00e7\u00e3o, que atua principalmente com pessoas em necessidades financeiras. As \u00e1reas de atua\u00e7\u00e3o s\u00e3o diversas e todas elas est\u00e3o voltadas ao \u00e2mbito social. Entre elas, se destacam a arrecada\u00e7\u00e3o e montagem de cestas b\u00e1sicas, arrecada\u00e7\u00e3o e distribui\u00e7\u00e3o de roupas aos moradores de rua e aos que mais precisam, visita\u00e7\u00f5es a hospitais, e muito mais. E tudo isso, s\u00f3 acontece porque existem v\u00e1rios membros da igreja totalmente dedicados a esse prop\u00f3sito.<\/p>\n<p>Queremos saber mais sobre voc\u00ea que quer servir em nosso Minist\u00e9rio Amor em A\u00e7\u00e3o. Fa\u00e7a a sua inscri\u00e7\u00e3o atrav\u00e9s deste formul\u00e1rio.<\/p>\n<\/div>\n<\/div><\/div><\/div><\/div><div id=\"pgc-3553-0-1\"  class=\"panel-grid-cell\" ><div id=\"panel-3553-0-1-0\" class=\"so-panel widget widget_sow-editor panel-first-child panel-last-child\" data-index=\"2\" ><div\n\t\t\t\n\t\t\tclass=\"so-widget-sow-editor so-widget-sow-editor-base\"\n\t\t\t\n\t\t><h3 class=\"widget-title\">Fa\u00e7a a sua inscri\u00e7\u00e3o<\/h3>\n<div class=\"siteorigin-widget-tinymce textwidget\">\n\t\n<div class=\"wpcf7 no-js\" id=\"wpcf7-f3546-o1\" lang=\"pt-BR\" dir=\"ltr\">\n<div class=\"screen-reader-response\"><p role=\"status\" aria-live=\"polite\" aria-atomic=\"true\"><\/p> <ul><\/ul><\/div>\n<form action=\"\/rioclaro\/wp-json\/wp\/v2\/pages\/3553#wpcf7-f3546-o1\" method=\"post\" class=\"wpcf7-form init\" aria-label=\"Formul\u00e1rios de contato\" novalidate=\"novalidate\" data-status=\"init\">\n<div style=\"display: none;\">\n<input type=\"hidden\" name=\"_wpcf7\" value=\"3546\" \/>\n<input type=\"hidden\" name=\"_wpcf7_version\" value=\"5.7.5.1\" \/>\n<input type=\"hidden\" name=\"_wpcf7_locale\" value=\"pt_BR\" \/>\n<input type=\"hidden\" name=\"_wpcf7_unit_tag\" value=\"wpcf7-f3546-o1\" \/>\n<input type=\"hidden\" name=\"_wpcf7_container_post\" value=\"0\" \/>\n<input type=\"hidden\" name=\"_wpcf7_posted_data_hash\" value=\"\" \/>\n<input type=\"hidden\" name=\"_wpcf7_recaptcha_response\" value=\"\" \/>\n<\/div>\n<p>Nome e sobrenome<br \/>\n<span class=\"wpcf7-form-control-wrap\" data-name=\"your-name\"><input size=\"40\" class=\"wpcf7-form-control wpcf7-text wpcf7-validates-as-required\" aria-required=\"true\" aria-invalid=\"false\" value=\"\" type=\"text\" name=\"your-name\" \/><\/span>\n<\/p>\n<p>Faixa et\u00e1ria<br \/>\n<span class=\"wpcf7-form-control-wrap\" data-name=\"menu-23\"><select class=\"wpcf7-form-control wpcf7-select\" aria-invalid=\"false\" name=\"menu-23\"><option value=\"\">&#8212;Escolha uma op\u00e7\u00e3o&#8212;<\/option><option value=\"Adolescente\">Adolescente<\/option><option value=\"Jovem\">Jovem<\/option><option value=\"Adulto\">Adulto<\/option><\/select><\/span>\n<\/p>\n<p>Email<br \/>\n<span class=\"wpcf7-form-control-wrap\" data-name=\"your-email\"><input size=\"40\" class=\"wpcf7-form-control wpcf7-text wpcf7-email wpcf7-validates-as-required wpcf7-validates-as-email\" aria-required=\"true\" aria-invalid=\"false\" value=\"\" type=\"email\" name=\"your-email\" \/><\/span>\n<\/p>\n<p>Endere\u00e7o completo<br \/>\n<span class=\"wpcf7-form-control-wrap\" data-name=\"your-end\"><input size=\"40\" class=\"wpcf7-form-control wpcf7-text wpcf7-validates-as-required\" aria-required=\"true\" aria-invalid=\"false\" value=\"\" type=\"text\" name=\"your-end\" \/><\/span>\n<\/p>\n<p>Telefone \/ WhatsApp<br \/>\n<span class=\"wpcf7-form-control-wrap\" data-name=\"your-phone\"><input size=\"40\" class=\"wpcf7-form-control wpcf7-text wpcf7-validates-as-required\" aria-required=\"true\" aria-invalid=\"false\" value=\"\" type=\"text\" name=\"your-phone\" \/><\/span>\n<\/p>\n<p>L\u00edder de Life Group<br \/>\n<span class=\"wpcf7-form-control-wrap\" data-name=\"your-lider\"><input size=\"40\" class=\"wpcf7-form-control wpcf7-text wpcf7-validates-as-required\" aria-required=\"true\" aria-invalid=\"false\" value=\"\" type=\"text\" name=\"your-lider\" \/><\/span>\n<\/p>\n<p>Pastor de Rede<br \/>\n<span class=\"wpcf7-form-control-wrap\" data-name=\"your-pastor\"><input size=\"40\" class=\"wpcf7-form-control wpcf7-text wpcf7-validates-as-required\" aria-required=\"true\" aria-invalid=\"false\" value=\"\" type=\"text\" name=\"your-pastor\" \/><\/span>\n<\/p>\n<p><b>\u00c1rea de interesse<\/b><br \/>\n<span class=\"wpcf7-form-control-wrap\" data-name=\"interesse\"><span class=\"wpcf7-form-control wpcf7-checkbox wpcf7-validates-as-required\"><span class=\"wpcf7-list-item first\"><input type=\"checkbox\" name=\"interesse[]\" value=\"Cesta do Amor\" \/><span class=\"wpcf7-list-item-label\">Cesta do Amor<\/span><\/span><span class=\"wpcf7-list-item\"><input type=\"checkbox\" name=\"interesse[]\" value=\"Sop\u00e3o e marmitex\" \/><span class=\"wpcf7-list-item-label\">Sop\u00e3o e marmitex<\/span><\/span><span class=\"wpcf7-list-item\"><input type=\"checkbox\" name=\"interesse[]\" value=\"Assist\u00eancia a moradores em situa\u00e7\u00e3o de rua\" \/><span class=\"wpcf7-list-item-label\">Assist\u00eancia a moradores em situa\u00e7\u00e3o de rua<\/span><\/span><span class=\"wpcf7-list-item\"><input type=\"checkbox\" name=\"interesse[]\" value=\"Visita\u00e7\u00e3o (Hospitais \/ Asilos \/ Orfanatos)\" \/><span class=\"wpcf7-list-item-label\">Visita\u00e7\u00e3o (Hospitais \/ Asilos \/ Orfanatos)<\/span><\/span><span class=\"wpcf7-list-item\"><input type=\"checkbox\" name=\"interesse[]\" value=\"Stand de eventos (como o Caf\u00e9 com o Pastor)\" \/><span class=\"wpcf7-list-item-label\">Stand de eventos (como o Caf\u00e9 com o Pastor)<\/span><\/span><span class=\"wpcf7-list-item\"><input type=\"checkbox\" name=\"interesse[]\" value=\"Capta\u00e7\u00e3o de Recursos\" \/><span class=\"wpcf7-list-item-label\">Capta\u00e7\u00e3o de Recursos<\/span><\/span><span class=\"wpcf7-list-item last\"><input type=\"checkbox\" name=\"interesse[]\" value=\"Outra \u00e1rea\" \/><span class=\"wpcf7-list-item-label\">Outra \u00e1rea<\/span><\/span><\/span><\/span>\n<\/p>\n<p>Outra \u00e1rea n\u00e3o listada. Qual?<br \/>\n<span class=\"wpcf7-form-control-wrap\" data-name=\"outros\"><input size=\"40\" class=\"wpcf7-form-control wpcf7-text\" aria-invalid=\"false\" value=\"\" type=\"text\" name=\"outros\" \/><\/span>\n<\/p>\n<p><input class=\"wpcf7-form-control has-spinner wpcf7-submit\" type=\"submit\" value=\"Enviar\" \/>\n<\/p><p style=\"display: none !important;\"><label>&#916;<textarea name=\"_wpcf7_ak_hp_textarea\" cols=\"45\" rows=\"8\" maxlength=\"100\"><\/textarea><\/label><input type=\"hidden\" id=\"ak_js_1\" name=\"_wpcf7_ak_js\" value=\"1\"\/><script>document.getElementById( \"ak_js_1\" ).setAttribute( \"value\", ( new Date() ).getTime() );<\/script><\/p><div class=\"wpcf7-response-output\" aria-hidden=\"true\"><\/div>\n<\/form>\n<\/div>\n\n<\/div>\n<\/div><\/div><\/div><\/div><\/div>","protected":false},"excerpt":{"rendered":"<p>Jesus nos ensinou a olhar para al\u00e9m de n\u00f3s mesmos. E \u00e9 por isso que a Paz Church tamb\u00e9m se preocupa em servir os que ainda n\u00e3o est\u00e3o na igreja. Esta vis\u00e3o deu in\u00edcio ao minist\u00e9rio Amor em A\u00e7\u00e3o, que atua principalmente com pessoas em necessidades financeiras. As \u00e1reas de atua\u00e7\u00e3o s\u00e3o diversas e todasContinue reading &rarr;<\/p>\n","protected":false},"author":1,"featured_media":14586,"parent":3727,"menu_order":0,"comment_status":"closed","ping_status":"closed","template":"","meta":{"_seopress_robots_primary_cat":"","footnotes":""},"class_list":["post-3553","page","type-page","status-publish","has-post-thumbnail","has-thumb"],"_links":{"self":[{"href":"https:\/\/paz.church\/rioclaro\/wp-json\/wp\/v2\/pages\/3553","targetHints":{"allow":["GET"]}}],"collection":[{"href":"https:\/\/paz.church\/rioclaro\/wp-json\/wp\/v2\/pages"}],"about":[{"href":"https:\/\/paz.church\/rioclaro\/wp-json\/wp\/v2\/types\/page"}],"author":[{"embeddable":true,"href":"https:\/\/paz.church\/rioclaro\/wp-json\/wp\/v2\/users\/1"}],"replies":[{"embeddable":true,"href":"https:\/\/paz.church\/rioclaro\/wp-json\/wp\/v2\/comments?post=3553"}],"version-history":[{"count":7,"href":"https:\/\/paz.church\/rioclaro\/wp-json\/wp\/v2\/pages\/3553\/revisions"}],"predecessor-version":[{"id":14868,"href":"https:\/\/paz.church\/rioclaro\/wp-json\/wp\/v2\/pages\/3553\/revisions\/14868"}],"up":[{"embeddable":true,"href":"https:\/\/paz.church\/rioclaro\/wp-json\/wp\/v2\/pages\/3727"}],"wp:featuredmedia":[{"embeddable":true,"href":"https:\/\/paz.church\/rioclaro\/wp-json\/wp\/v2\/media\/14586"}],"wp:attachment":[{"href":"https:\/\/paz.church\/rioclaro\/wp-json\/wp\/v2\/media?parent=3553"}],"curies":[{"name":"wp","href":"https:\/\/api.w.org\/{rel}","templated":true}]}}