{"id":822,"date":"2018-12-11T09:40:36","date_gmt":"2018-12-11T11:40:36","guid":{"rendered":"https:\/\/paz.church\/saopaulo\/?page_id=822"},"modified":"2021-08-13T09:52:40","modified_gmt":"2021-08-13T12:52:40","slug":"agenda","status":"publish","type":"page","link":"https:\/\/paz.church\/rioclaro\/agenda\/","title":{"rendered":"Agenda"},"content":{"rendered":"<div id=\"pl-822\"  class=\"panel-layout\" ><div id=\"pg-822-0\"  class=\"panel-grid panel-no-style\" ><div id=\"pgc-822-0-0\"  class=\"panel-grid-cell\" ><div id=\"panel-822-0-0-0\" class=\"so-panel widget widget_sow-headline panel-first-child panel-last-child\" data-index=\"0\" ><div class=\"panel-widget-style panel-widget-style-for-822-0-0-0\" ><div\n\t\t\t\n\t\t\tclass=\"so-widget-sow-headline so-widget-sow-headline-default-1182d15df486-822\"\n\t\t\t\n\t\t><div class=\"sow-headline-container \">\n\t<h1 class='sow-headline'>Agenda<\/h1><\/div>\n<\/div><\/div><\/div><\/div><\/div><a id=\"bordas\"><\/a><div id=\"pg-822-1\"  class=\"panel-grid panel-has-style\"  data-extraid=\"bordas\" ><div class=\"bordas panel-row-style panel-row-style-for-822-1\" id=\"barra02\" ><div id=\"pgc-822-1-0\"  class=\"panel-grid-cell\" ><div id=\"colunas-widget\" class=\"panel-cell-style panel-cell-style-for-822-1-0\" ><div id=\"panel-822-1-0-0\" class=\"so-panel widget widget_sow-icon panel-first-child\" data-index=\"1\" ><div\n\t\t\t\n\t\t\tclass=\"so-widget-sow-icon so-widget-sow-icon-default-da81d5172c9d-822\"\n\t\t\t\n\t\t>\n<div class=\"sow-icon-container sow-icon\">\n\t\t\t<span class=\"sow-icon-elegantline\" data-sow-icon=\"&#xe055;\"\n\t\t \n\t\taria-hidden=\"true\"><\/span>\t<\/div>\n<\/div><\/div><div id=\"panel-822-1-0-1\" class=\"so-panel widget widget_sow-headline\" data-index=\"2\" ><div class=\"panel-widget-style panel-widget-style-for-822-1-0-1\" ><div\n\t\t\t\n\t\t\tclass=\"so-widget-sow-headline so-widget-sow-headline-default-809c6ba63723-822\"\n\t\t\t\n\t\t><div class=\"sow-headline-container \">\n\t<h3 class='sow-headline'>Programa\u00e7\u00e3o Semanal<\/h3><\/div>\n<\/div><\/div><\/div><div id=\"panel-822-1-0-2\" class=\"so-panel widget widget_siteorigin-panels-builder panel-last-child\" data-index=\"3\" ><div id=\"pl-w61166b181ccd3\"  class=\"panel-layout\" ><div id=\"pg-w61166b181ccd3-0\"  class=\"panel-grid panel-has-style\" ><div id=\"agenda\" class=\"panel-row-style panel-row-style-for-w61166b181ccd3-0\" ><div id=\"pgc-w61166b181ccd3-0-0\"  class=\"panel-grid-cell\" ><div id=\"panel-w61166b181ccd3-0-0-0\" class=\"so-panel widget widget_sow-editor panel-first-child panel-last-child\" data-index=\"0\" ><div\n\t\t\t\n\t\t\tclass=\"so-widget-sow-editor so-widget-sow-editor-base\"\n\t\t\t\n\t\t><h3 class=\"widget-title\">Culto de Celebra\u00e7\u00e3o<\/h3>\n<div class=\"siteorigin-widget-tinymce textwidget\">\n\t<p>Aos Domingos:<br \/>\nCampus Santana: 19h<\/p>\n<\/div>\n<\/div><\/div><\/div><div id=\"pgc-w61166b181ccd3-0-1\"  class=\"panel-grid-cell\" ><div class=\"panel-cell-style panel-cell-style-for-w61166b181ccd3-0-1\" ><div id=\"panel-w61166b181ccd3-0-1-0\" class=\"so-panel widget widget_sow-editor panel-first-child panel-last-child\" data-index=\"1\" ><div\n\t\t\t\n\t\t\tclass=\"so-widget-sow-editor so-widget-sow-editor-base\"\n\t\t\t\n\t\t><h3 class=\"widget-title\">Life Groups<\/h3>\n<div class=\"siteorigin-widget-tinymce textwidget\">\n\t<p>De Quarta a S\u00e1bado:<br \/>\nNos lares<\/p>\n<\/div>\n<\/div><\/div><\/div><\/div><div id=\"pgc-w61166b181ccd3-0-2\"  class=\"panel-grid-cell\" ><div id=\"panel-w61166b181ccd3-0-2-0\" class=\"so-panel widget widget_sow-editor panel-first-child panel-last-child\" data-index=\"2\" ><div\n\t\t\t\n\t\t\tclass=\"so-widget-sow-editor so-widget-sow-editor-base\"\n\t\t\t\n\t\t><h3 class=\"widget-title\">Lideran\u00e7a \/ TADEL<\/h3>\n<div class=\"siteorigin-widget-tinymce textwidget\">\n\t<p>As Ter\u00e7as:<br \/>\nCampus Santana: 19h30<\/p>\n<\/div>\n<\/div><\/div><\/div><\/div><\/div><\/div><\/div><\/div><\/div><\/div><\/div><div id=\"pg-822-2\"  class=\"panel-grid panel-has-style\" ><div id=\"agenda2\" class=\"panel-row-style panel-row-style-for-822-2\" ><div id=\"pgc-822-2-0\"  class=\"panel-grid-cell\" ><div id=\"panel-822-2-0-0\" class=\"so-panel widget widget_events_maker_list_widget widget_events_maker_list panel-first-child panel-last-child\" data-index=\"4\" ><h3 class=\"widget-title\">Pr\u00f3ximos Eventos<\/h3><\/div><\/div><\/div><\/div><\/div>","protected":false},"excerpt":{"rendered":"<p>Agenda Programa\u00e7\u00e3o Semanal Culto de Celebra\u00e7\u00e3o Aos Domingos: Campus Santana: 19h Life Groups De Quarta a S\u00e1bado: Nos lares Lideran\u00e7a \/ TADEL As Ter\u00e7as: Campus Santana: 19h30 Pr\u00f3ximos Eventos<\/p>\n","protected":false},"author":1,"featured_media":0,"parent":0,"menu_order":0,"comment_status":"closed","ping_status":"closed","template":"","meta":{"_seopress_robots_primary_cat":"","footnotes":""},"class_list":["post-822","page","type-page","status-publish","no-thumb"],"_links":{"self":[{"href":"https:\/\/paz.church\/rioclaro\/wp-json\/wp\/v2\/pages\/822","targetHints":{"allow":["GET"]}}],"collection":[{"href":"https:\/\/paz.church\/rioclaro\/wp-json\/wp\/v2\/pages"}],"about":[{"href":"https:\/\/paz.church\/rioclaro\/wp-json\/wp\/v2\/types\/page"}],"author":[{"embeddable":true,"href":"https:\/\/paz.church\/rioclaro\/wp-json\/wp\/v2\/users\/1"}],"replies":[{"embeddable":true,"href":"https:\/\/paz.church\/rioclaro\/wp-json\/wp\/v2\/comments?post=822"}],"version-history":[{"count":13,"href":"https:\/\/paz.church\/rioclaro\/wp-json\/wp\/v2\/pages\/822\/revisions"}],"predecessor-version":[{"id":15231,"href":"https:\/\/paz.church\/rioclaro\/wp-json\/wp\/v2\/pages\/822\/revisions\/15231"}],"wp:attachment":[{"href":"https:\/\/paz.church\/rioclaro\/wp-json\/wp\/v2\/media?parent=822"}],"curies":[{"name":"wp","href":"https:\/\/api.w.org\/{rel}","templated":true}]}}