{"id":9466,"date":"2020-06-20T23:52:28","date_gmt":"2020-06-21T02:52:28","guid":{"rendered":"https:\/\/paz.church\/santarem\/?page_id=9466"},"modified":"2022-12-20T17:17:34","modified_gmt":"2022-12-20T20:17:34","slug":"tv","status":"publish","type":"page","link":"https:\/\/paz.church\/santarem\/tv\/","title":{"rendered":"Culto Online"},"content":{"rendered":"<div id=\"pl-9466\"  class=\"panel-layout\" ><div id=\"pg-9466-0\"  class=\"panel-grid panel-has-style\" ><div class=\"siteorigin-panels-stretch panel-row-style panel-row-style-for-9466-0\" data-stretch-type=\"full\" ><div id=\"pgc-9466-0-0\"  class=\"panel-grid-cell\" ><div id=\"panel-9466-0-0-0\" class=\"widget_text so-panel widget widget_custom_html panel-first-child panel-last-child\" data-index=\"0\" ><div class=\"textwidget custom-html-widget\"><iframe loading=\"lazy\" width=\"560\" height=\"315\" src=\"https:\/\/www.youtube.com\/embed\/6Fx1JnkKojw\" title=\"YouTube video player\" frameborder=\"0\" allow=\"accelerometer; autoplay; clipboard-write; encrypted-media; gyroscope; picture-in-picture\" allowfullscreen><\/iframe><\/div><\/div><\/div><\/div><\/div><div id=\"pg-9466-1\"  class=\"panel-grid panel-has-style\" ><div class=\"siteorigin-panels-stretch panel-row-style panel-row-style-for-9466-1\" id=\"mini-destaques\" data-stretch-type=\"full\" ><div id=\"pgc-9466-1-0\"  class=\"panel-grid-cell\" ><div class=\"panel-cell-style panel-cell-style-for-9466-1-0\" ><div id=\"panel-9466-1-0-0\" class=\"so-panel widget widget_siteorigin-panels-builder panel-first-child panel-last-child\" data-index=\"1\" ><div id=\"pl-w5eeecc7070fcc\"  class=\"panel-layout\" ><div id=\"pg-w5eeecc7070fcc-0\"  class=\"panel-grid panel-no-style\" ><div id=\"pgc-w5eeecc7070fcc-0-0\"  class=\"panel-grid-cell\" ><div id=\"panel-w5eeecc7070fcc-0-0-0\" class=\"so-panel widget widget_sow-icon panel-first-child panel-last-child\" data-index=\"0\" ><div\n\t\t\t\n\t\t\tclass=\"so-widget-sow-icon so-widget-sow-icon-default-9b183f606d65\"\n\t\t\t\n\t\t>\n<div class=\"sow-icon-container sow-icon\">\n\t\t\t<a href=\"https:\/\/paz.church\/santarem\/jesus\/\" target=\"_blank\" rel=\"noopener noreferrer\">\n\t\t\t<span class=\"sow-icon-fontawesome sow-fas\" data-sow-icon=\"&#xf647;\"\n\t\t \n\t\taria-hidden=\"true\"><\/span>\t\t\t<\/a>\n\t<\/div>\n<\/div><\/div><\/div><div id=\"pgc-w5eeecc7070fcc-0-1\"  class=\"panel-grid-cell\" ><div id=\"panel-w5eeecc7070fcc-0-1-0\" class=\"so-panel widget widget_sow-headline panel-first-child panel-last-child\" data-index=\"1\" ><div\n\t\t\t\n\t\t\tclass=\"so-widget-sow-headline so-widget-sow-headline-default-91b7ff6af3da\"\n\t\t\t\n\t\t><div class=\"sow-headline-container \">\n\t\t\t\t\t\t\t<p class=\"sow-headline\">\n\t\t\t\t\t\t\t\t\t\t\t\t\t<a href=\"https:\/\/paz.church\/santarem\/jesus\/\" target=\"_blank\" rel=\"noopener noreferrer\">\n\t\t\t\t\t\t\t\tDecis\u00e3o por Jesus<\/a>\t\t\t\t\t\t<\/p>\n\t\t\t\t\t\t<\/div>\n<\/div><\/div><\/div><\/div><\/div><\/div><\/div><\/div><div id=\"pgc-9466-1-1\"  class=\"panel-grid-cell\" ><div class=\"panel-cell-style panel-cell-style-for-9466-1-1\" ><div id=\"panel-9466-1-1-0\" class=\"so-panel widget widget_siteorigin-panels-builder panel-first-child panel-last-child\" data-index=\"2\" ><div id=\"pl-w5eeecc7071950\"  class=\"panel-layout\" ><div id=\"pg-w5eeecc7071950-0\"  class=\"panel-grid panel-no-style\" ><div id=\"pgc-w5eeecc7071950-0-0\"  class=\"panel-grid-cell\" ><div id=\"panel-w5eeecc7071950-0-0-0\" class=\"so-panel widget widget_sow-icon panel-first-child panel-last-child\" data-index=\"0\" ><div\n\t\t\t\n\t\t\tclass=\"so-widget-sow-icon so-widget-sow-icon-default-9b183f606d65\"\n\t\t\t\n\t\t>\n<div class=\"sow-icon-container sow-icon\">\n\t\t\t<a href=\"https:\/\/paz.church\/santarem\/oracao\/\" target=\"_blank\" rel=\"noopener noreferrer\">\n\t\t\t<span class=\"sow-icon-fontawesome sow-fas\" data-sow-icon=\"&#xf684;\"\n\t\t \n\t\taria-hidden=\"true\"><\/span>\t\t\t<\/a>\n\t<\/div>\n<\/div><\/div><\/div><div id=\"pgc-w5eeecc7071950-0-1\"  class=\"panel-grid-cell\" ><div id=\"panel-w5eeecc7071950-0-1-0\" class=\"so-panel widget widget_sow-headline panel-first-child panel-last-child\" data-index=\"1\" ><div\n\t\t\t\n\t\t\tclass=\"so-widget-sow-headline so-widget-sow-headline-default-91b7ff6af3da\"\n\t\t\t\n\t\t><div class=\"sow-headline-container \">\n\t\t\t\t\t\t\t<p class=\"sow-headline\">\n\t\t\t\t\t\t\t\t\t\t\t\t\t<a href=\"https:\/\/paz.church\/santarem\/oracao\/\" target=\"_blank\" rel=\"noopener noreferrer\">\n\t\t\t\t\t\t\t\tPreciso de ora\u00e7\u00e3o<\/a>\t\t\t\t\t\t<\/p>\n\t\t\t\t\t\t<\/div>\n<\/div><\/div><\/div><\/div><\/div><\/div><\/div><\/div><div id=\"pgc-9466-1-2\"  class=\"panel-grid-cell\" ><div class=\"panel-cell-style panel-cell-style-for-9466-1-2\" ><div id=\"panel-9466-1-2-0\" class=\"so-panel widget widget_siteorigin-panels-builder panel-first-child panel-last-child\" data-index=\"3\" ><div id=\"pl-w5eeecc7072094\"  class=\"panel-layout\" ><div id=\"pg-w5eeecc7072094-0\"  class=\"panel-grid panel-no-style\" ><div id=\"pgc-w5eeecc7072094-0-0\"  class=\"panel-grid-cell\" ><div id=\"panel-w5eeecc7072094-0-0-0\" class=\"so-panel widget widget_sow-icon panel-first-child panel-last-child\" data-index=\"0\" ><div\n\t\t\t\n\t\t\tclass=\"so-widget-sow-icon so-widget-sow-icon-default-9b183f606d65\"\n\t\t\t\n\t\t>\n<div class=\"sow-icon-container sow-icon\">\n\t\t\t<a href=\"https:\/\/paz.church\/santarem\/contribua\/\" target=\"_blank\" rel=\"noopener noreferrer\">\n\t\t\t<span class=\"sow-icon-fontawesome sow-fas\" data-sow-icon=\"&#xf4b9;\"\n\t\t \n\t\taria-hidden=\"true\"><\/span>\t\t\t<\/a>\n\t<\/div>\n<\/div><\/div><\/div><div id=\"pgc-w5eeecc7072094-0-1\"  class=\"panel-grid-cell\" ><div id=\"panel-w5eeecc7072094-0-1-0\" class=\"so-panel widget widget_sow-headline panel-first-child panel-last-child\" data-index=\"1\" ><div\n\t\t\t\n\t\t\tclass=\"so-widget-sow-headline so-widget-sow-headline-default-91b7ff6af3da\"\n\t\t\t\n\t\t><div class=\"sow-headline-container \">\n\t\t\t\t\t\t\t<p class=\"sow-headline\">\n\t\t\t\t\t\t\t\t\t\t\t\t\t<a href=\"https:\/\/paz.church\/santarem\/contribua\/\" target=\"_blank\" rel=\"noopener noreferrer\">\n\t\t\t\t\t\t\t\tQuero contribuir<\/a>\t\t\t\t\t\t<\/p>\n\t\t\t\t\t\t<\/div>\n<\/div><\/div><\/div><\/div><\/div><\/div><\/div><\/div><div id=\"pgc-9466-1-3\"  class=\"panel-grid-cell\" ><div id=\"panel-9466-1-3-0\" class=\"so-panel widget widget_siteorigin-panels-builder panel-first-child panel-last-child\" data-index=\"4\" ><div id=\"pl-w5eeecc7072729\"  class=\"panel-layout\" ><div id=\"pg-w5eeecc7072729-0\"  class=\"panel-grid panel-no-style\" ><div id=\"pgc-w5eeecc7072729-0-0\"  class=\"panel-grid-cell\" ><div id=\"panel-w5eeecc7072729-0-0-0\" class=\"so-panel widget widget_sow-icon panel-first-child panel-last-child\" data-index=\"0\" ><div\n\t\t\t\n\t\t\tclass=\"so-widget-sow-icon so-widget-sow-icon-default-9b183f606d65\"\n\t\t\t\n\t\t>\n<div class=\"sow-icon-container sow-icon\">\n\t\t\t<a href=\"https:\/\/paz.church\/santarem\/celulas\/\" target=\"_blank\" rel=\"noopener noreferrer\">\n\t\t\t<span class=\"sow-icon-fontawesome sow-fas\" data-sow-icon=\"&#xf015;\"\n\t\t \n\t\taria-hidden=\"true\"><\/span>\t\t\t<\/a>\n\t<\/div>\n<\/div><\/div><\/div><div id=\"pgc-w5eeecc7072729-0-1\"  class=\"panel-grid-cell\" ><div id=\"panel-w5eeecc7072729-0-1-0\" class=\"so-panel widget widget_sow-headline panel-first-child panel-last-child\" data-index=\"1\" ><div\n\t\t\t\n\t\t\tclass=\"so-widget-sow-headline so-widget-sow-headline-default-91b7ff6af3da\"\n\t\t\t\n\t\t><div class=\"sow-headline-container \">\n\t\t\t\t\t\t\t<p class=\"sow-headline\">\n\t\t\t\t\t\t\t\t\t\t\t\t\t<a href=\"https:\/\/paz.church\/santarem\/celulas\/\" target=\"_blank\" rel=\"noopener noreferrer\">\n\t\t\t\t\t\t\t\tQuero Life Group<\/a>\t\t\t\t\t\t<\/p>\n\t\t\t\t\t\t<\/div>\n<\/div><\/div><\/div><\/div><\/div><\/div><\/div><\/div><\/div><\/div>","protected":false},"excerpt":{"rendered":"<p>Decis\u00e3o por Jesus Preciso de ora\u00e7\u00e3o Quero contribuir Quero Life Group<\/p>\n","protected":false},"author":2,"featured_media":0,"parent":0,"menu_order":0,"comment_status":"closed","ping_status":"closed","template":"page-videos.php","meta":{"_seopress_robots_primary_cat":"","_seopress_titles_title":"","_seopress_titles_desc":"","_seopress_robots_index":"","footnotes":""},"class_list":["post-9466","page","type-page","status-publish","no-thumb"],"_links":{"self":[{"href":"https:\/\/paz.church\/santarem\/wp-json\/wp\/v2\/pages\/9466"}],"collection":[{"href":"https:\/\/paz.church\/santarem\/wp-json\/wp\/v2\/pages"}],"about":[{"href":"https:\/\/paz.church\/santarem\/wp-json\/wp\/v2\/types\/page"}],"author":[{"embeddable":true,"href":"https:\/\/paz.church\/santarem\/wp-json\/wp\/v2\/users\/2"}],"replies":[{"embeddable":true,"href":"https:\/\/paz.church\/santarem\/wp-json\/wp\/v2\/comments?post=9466"}],"version-history":[{"count":13,"href":"https:\/\/paz.church\/santarem\/wp-json\/wp\/v2\/pages\/9466\/revisions"}],"predecessor-version":[{"id":11700,"href":"https:\/\/paz.church\/santarem\/wp-json\/wp\/v2\/pages\/9466\/revisions\/11700"}],"wp:attachment":[{"href":"https:\/\/paz.church\/santarem\/wp-json\/wp\/v2\/media?parent=9466"}],"curies":[{"name":"wp","href":"https:\/\/api.w.org\/{rel}","templated":true}]}}