{"id":1249,"date":"2018-12-11T21:10:16","date_gmt":"2018-12-12T00:10:16","guid":{"rendered":"https:\/\/paz.church\/saopaulo\/?page_id=1249"},"modified":"2019-02-08T22:09:52","modified_gmt":"2019-02-09T01:09:52","slug":"pastores","status":"publish","type":"page","link":"https:\/\/paz.church\/saoluis\/pastores\/","title":{"rendered":"Pastores"},"content":{"rendered":"<div id=\"pl-1249\"  class=\"panel-layout\" ><div id=\"pg-1249-0\"  class=\"panel-grid panel-has-style\" ><div class=\"siteorigin-panels-stretch panel-row-style panel-row-style-for-1249-0\" id=\"Team01\" data-stretch-type=\"full\" ><div id=\"pgc-1249-0-0\"  class=\"panel-grid-cell\" ><div id=\"colunas-widget\" class=\"panel-cell-style panel-cell-style-for-1249-0-0\" ><div id=\"panel-1249-0-0-0\" class=\"so-panel widget widget_sow-headline panel-first-child panel-last-child\" data-index=\"0\" ><div class=\"titulo panel-widget-style panel-widget-style-for-1249-0-0-0\" ><div\n\t\t\t\n\t\t\tclass=\"so-widget-sow-headline so-widget-sow-headline-default-781b3de0ede0-1249\"\n\t\t\t\n\t\t><div class=\"sow-headline-container \">\n\t<h3 class='sow-headline'>Nossos Pastores<\/h3><\/div>\n<\/div><\/div><\/div><\/div><\/div><\/div><\/div><div id=\"pg-1249-1\"  class=\"panel-grid panel-has-style\" ><div class=\"siteorigin-panels-stretch panel-row-style panel-row-style-for-1249-1\" id=\"team\" data-stretch-type=\"full\" ><div id=\"pgc-1249-1-0\"  class=\"panel-grid-cell\" ><div id=\"panel-1249-1-0-0\" class=\"so-panel widget widget_sow-image panel-first-child panel-last-child\" data-index=\"1\" ><div\n\t\t\t\n\t\t\tclass=\"so-widget-sow-image so-widget-sow-image-default-d6014b76747a-1249\"\n\t\t\t\n\t\t>\n\n<div class=\"sow-image-container\">\n\t\t<img decoding=\"async\" src=\"https:\/\/paz.church\/saoluis\/wp-content\/uploads\/2019\/02\/Elson-e-Ramy-330x330.jpg\" width=\"330\" height=\"330\" srcset=\"https:\/\/paz.church\/saoluis\/wp-content\/uploads\/2019\/02\/Elson-e-Ramy-330x330.jpg 330w, https:\/\/paz.church\/saoluis\/wp-content\/uploads\/2019\/02\/Elson-e-Ramy-180x180.jpg 180w, https:\/\/paz.church\/saoluis\/wp-content\/uploads\/2019\/02\/Elson-e-Ramy-75x75.jpg 75w\" sizes=\"(max-width: 330px) 100vw, 330px\" title=\"Elson e Ramy\" alt=\"\" loading=\"lazy\" \t\tclass=\"so-widget-image\"\/>\n\t<\/div>\n\n<\/div><\/div><\/div><div id=\"pgc-1249-1-1\"  class=\"panel-grid-cell\" ><div id=\"panel-1249-1-1-0\" class=\"so-panel widget widget_sow-editor panel-first-child\" data-index=\"2\" ><div\n\t\t\t\n\t\t\tclass=\"so-widget-sow-editor so-widget-sow-editor-base\"\n\t\t\t\n\t\t><h3 class=\"widget-title\">Elson &amp; Ramy Mota<\/h3>\n<div class=\"siteorigin-widget-tinymce textwidget\">\n\t<p>Pastores Seniores da Paz S\u00e3o Lu\u00eds, presidem a base regional da Paz Church no Maranh\u00e3o e s\u00e3o supervisores da base regional de Monte Alegre-PA. Disc\u00edpulos dos pastores Paulo e Rebecca Hrubik, s\u00e3o apaixonados pelo trabalho mission\u00e1rio e t\u00eam dedicado suas vidas ao pastoreio do corpo de Cristo. Possuem ampla experi\u00eancia na din\u00e2mica da igreja em c\u00e9lulas com \u00eanfase no discipulado.<\/p>\n<\/div>\n<\/div><\/div><div id=\"panel-1249-1-1-1\" class=\"so-panel widget widget_sow-social-media-buttons panel-last-child\" data-index=\"3\" ><div class=\"redessociais panel-widget-style panel-widget-style-for-1249-1-1-1\" ><div\n\t\t\t\n\t\t\tclass=\"so-widget-sow-social-media-buttons so-widget-sow-social-media-buttons-flat-e280cf3834bf-1249\"\n\t\t\t\n\t\t>\n\n<div class=\"social-media-button-container\">\n\t\n\t\t<a class=\"sow-social-media-button-facebook-0 sow-social-media-button\" title=\"Paz Church | S\u00e3o Lu\u00eds em Facebook\" aria-label=\"Paz Church | S\u00e3o Lu\u00eds em Facebook\" target=\"_blank\" rel=\"noopener noreferrer\" href=\"https:\/\/www.facebook.com\/profile.php?id=100012163202017\" >\n\t\t\t<span>\n\t\t\t\t\t\t\t\t<span class=\"sow-icon-fontawesome sow-fab\" data-sow-icon=\"&#xf39e;\"\n\t\t \n\t\taria-hidden=\"true\"><\/span>\t\t\t\t\t\t\t<\/span>\n\t\t<\/a>\n\t\n\t\t<a class=\"sow-social-media-button-instagram-0 sow-social-media-button\" title=\"Paz Church | S\u00e3o Lu\u00eds em Instagram\" aria-label=\"Paz Church | S\u00e3o Lu\u00eds em Instagram\" target=\"_blank\" rel=\"noopener noreferrer\" href=\"https:\/\/instagram.com\/pr_elson\" >\n\t\t\t<span>\n\t\t\t\t\t\t\t\t<span class=\"sow-icon-fontawesome sow-fab\" data-sow-icon=\"&#xf16d;\"\n\t\t \n\t\taria-hidden=\"true\"><\/span>\t\t\t\t\t\t\t<\/span>\n\t\t<\/a>\n\t\n\t\t<a class=\"sow-social-media-button-twitter-0 sow-social-media-button\" title=\"Paz Church | S\u00e3o Lu\u00eds em Twitter\" aria-label=\"Paz Church | S\u00e3o Lu\u00eds em Twitter\" target=\"_blank\" rel=\"noopener noreferrer\" href=\"https:\/\/twitter.com\/PazSaoLuis\" >\n\t\t\t<span>\n\t\t\t\t\t\t\t\t<span class=\"sow-icon-fontawesome sow-fab\" data-sow-icon=\"&#xf099;\"\n\t\t \n\t\taria-hidden=\"true\"><\/span>\t\t\t\t\t\t\t<\/span>\n\t\t<\/a>\n\t\n\t\t<a class=\"sow-social-media-button-youtube-0 sow-social-media-button\" title=\"Paz Church | S\u00e3o Lu\u00eds em Youtube\" aria-label=\"Paz Church | S\u00e3o Lu\u00eds em Youtube\" target=\"_blank\" rel=\"noopener noreferrer\" href=\"https:\/\/www.youtube.com\/PazSaoLuis\" >\n\t\t\t<span>\n\t\t\t\t\t\t\t\t<span class=\"sow-icon-fontawesome sow-fab\" data-sow-icon=\"&#xf167;\"\n\t\t \n\t\taria-hidden=\"true\"><\/span>\t\t\t\t\t\t\t<\/span>\n\t\t<\/a>\n\t<\/div>\n<\/div><\/div><\/div><\/div><\/div><\/div><\/div>","protected":false},"excerpt":{"rendered":"<p>Pastores Seniores da Paz S\u00e3o Lu\u00eds, presidem a base regional da Paz Church no Maranh\u00e3o e s\u00e3o supervisores da base regional de Monte Alegre-PA. Disc\u00edpulos dos pastores Paulo e Rebecca Hrubik, s\u00e3o apaixonados pelo trabalho mission\u00e1rio e t\u00eam dedicado suas vidas ao pastoreio do corpo de Cristo. Possuem ampla experi\u00eancia na din\u00e2mica da igreja emContinue reading &rarr;<\/p>\n","protected":false},"author":1,"featured_media":3060,"parent":0,"menu_order":0,"comment_status":"closed","ping_status":"closed","template":"","meta":{"footnotes":""},"aioseo_notices":[],"_links":{"self":[{"href":"https:\/\/paz.church\/saoluis\/wp-json\/wp\/v2\/pages\/1249"}],"collection":[{"href":"https:\/\/paz.church\/saoluis\/wp-json\/wp\/v2\/pages"}],"about":[{"href":"https:\/\/paz.church\/saoluis\/wp-json\/wp\/v2\/types\/page"}],"author":[{"embeddable":true,"href":"https:\/\/paz.church\/saoluis\/wp-json\/wp\/v2\/users\/1"}],"replies":[{"embeddable":true,"href":"https:\/\/paz.church\/saoluis\/wp-json\/wp\/v2\/comments?post=1249"}],"version-history":[{"count":8,"href":"https:\/\/paz.church\/saoluis\/wp-json\/wp\/v2\/pages\/1249\/revisions"}],"predecessor-version":[{"id":8497,"href":"https:\/\/paz.church\/saoluis\/wp-json\/wp\/v2\/pages\/1249\/revisions\/8497"}],"wp:featuredmedia":[{"embeddable":true,"href":"https:\/\/paz.church\/saoluis\/wp-json\/wp\/v2\/media\/3060"}],"wp:attachment":[{"href":"https:\/\/paz.church\/saoluis\/wp-json\/wp\/v2\/media?parent=1249"}],"curies":[{"name":"wp","href":"https:\/\/api.w.org\/{rel}","templated":true}]}}