{"id":2231,"date":"2018-12-11T09:40:36","date_gmt":"2018-12-11T11:40:36","guid":{"rendered":"https:\/\/paz.church\/saopaulo\/?page_id=822"},"modified":"2025-07-16T15:18:30","modified_gmt":"2025-07-16T18:18:30","slug":"agenda","status":"publish","type":"page","link":"https:\/\/paz.church\/saoluis\/agenda\/","title":{"rendered":"Agenda"},"content":{"rendered":"<div id=\"pl-2231\"  class=\"panel-layout\" ><div id=\"pg-2231-0\"  class=\"panel-grid panel-has-style\" ><div class=\"siteorigin-panels-stretch panel-row-style panel-row-style-for-2231-0\" id=\"agenda0\" data-stretch-type=\"full\" ><div id=\"pgc-2231-0-0\"  class=\"panel-grid-cell\" ><div id=\"panel-2231-0-0-0\" class=\"so-panel widget widget_sow-headline panel-first-child panel-last-child\" data-index=\"0\" ><div class=\"panel-widget-style panel-widget-style-for-2231-0-0-0\" ><div\n\t\t\t\n\t\t\tclass=\"so-widget-sow-headline so-widget-sow-headline-default-1182d15df486-2231\"\n\t\t\t\n\t\t><div class=\"sow-headline-container \">\n\t<h1 class='sow-headline'>Agenda<\/h1><\/div>\n<\/div><\/div><\/div><\/div><\/div><\/div><div id=\"pg-2231-1\"  class=\"panel-grid panel-has-style\" ><div class=\"siteorigin-panels-stretch panel-row-style panel-row-style-for-2231-1\" id=\"barra02\" data-stretch-type=\"full\" ><div id=\"pgc-2231-1-0\"  class=\"panel-grid-cell\" ><div id=\"colunas-widget\" class=\"panel-cell-style panel-cell-style-for-2231-1-0\" ><div id=\"panel-2231-1-0-0\" class=\"so-panel widget widget_sow-icon panel-first-child\" data-index=\"1\" ><div\n\t\t\t\n\t\t\tclass=\"so-widget-sow-icon so-widget-sow-icon-default-da81d5172c9d-2231\"\n\t\t\t\n\t\t>\n<div class=\"sow-icon-container sow-icon\">\n\t\t\t<span class=\"sow-icon-elegantline\" data-sow-icon=\"&#xe055;\"\n\t\t \n\t\taria-hidden=\"true\"><\/span>\t<\/div>\n<\/div><\/div><div id=\"panel-2231-1-0-1\" class=\"so-panel widget widget_sow-headline panel-last-child\" data-index=\"2\" ><div class=\"titulo panel-widget-style panel-widget-style-for-2231-1-0-1\" ><div\n\t\t\t\n\t\t\tclass=\"so-widget-sow-headline so-widget-sow-headline-default-809c6ba63723-2231\"\n\t\t\t\n\t\t><div class=\"sow-headline-container \">\n\t<h3 class='sow-headline'>Programa\u00e7\u00e3o Semanal<\/h3><\/div>\n<\/div><\/div><\/div><\/div><\/div><\/div><\/div><div id=\"pg-2231-2\"  class=\"panel-grid panel-has-style\" ><div class=\"siteorigin-panels-stretch panel-row-style panel-row-style-for-2231-2\" id=\"agenda\" data-stretch-type=\"full\" ><div id=\"pgc-2231-2-0\"  class=\"panel-grid-cell\" ><div id=\"panel-2231-2-0-0\" class=\"so-panel widget widget_sow-editor panel-first-child panel-last-child\" data-index=\"3\" ><div\n\t\t\t\n\t\t\tclass=\"so-widget-sow-editor so-widget-sow-editor-base\"\n\t\t\t\n\t\t><h3 class=\"widget-title\">Cultos de Celebra\u00e7\u00e3o<\/h3>\n<div class=\"siteorigin-widget-tinymce textwidget\">\n\t<p>Aos Domingos:<br \/>\n09h, 17h e 19h30<\/p>\n<\/div>\n<\/div><\/div><\/div><div id=\"pgc-2231-2-1\"  class=\"panel-grid-cell\" ><div class=\"panel-cell-style panel-cell-style-for-2231-2-1\" ><div id=\"panel-2231-2-1-0\" class=\"so-panel widget widget_sow-editor panel-first-child panel-last-child\" data-index=\"4\" ><div\n\t\t\t\n\t\t\tclass=\"so-widget-sow-editor so-widget-sow-editor-base\"\n\t\t\t\n\t\t><h3 class=\"widget-title\">Life Groups\/C\u00e9lulas<\/h3>\n<div class=\"siteorigin-widget-tinymce textwidget\">\n\t<p>De Quarta \u00e0 S\u00e1bado:<br \/>\nnos lares<\/p>\n<\/div>\n<\/div><\/div><\/div><\/div><div id=\"pgc-2231-2-2\"  class=\"panel-grid-cell\" ><div id=\"panel-2231-2-2-0\" class=\"so-panel widget widget_sow-editor panel-first-child panel-last-child\" data-index=\"5\" ><div\n\t\t\t\n\t\t\tclass=\"so-widget-sow-editor so-widget-sow-editor-base\"\n\t\t\t\n\t\t><h3 class=\"widget-title\">Lideran\u00e7a \/ Treinamento<\/h3>\n<div class=\"siteorigin-widget-tinymce textwidget\">\n\t<p>Ter\u00e7a Life \/ Supervisores \/ Setor<br \/>\nSolicite ao seu l\u00edder o hor\u00e1rio e local<\/p>\n<\/div>\n<\/div><\/div><\/div><\/div><\/div><div id=\"pg-2231-3\"  class=\"panel-grid panel-has-style\" ><div id=\"agenda2\" class=\"panel-row-style panel-row-style-for-2231-3\" ><div id=\"pgc-2231-3-0\"  class=\"panel-grid-cell\" ><div id=\"panel-2231-3-0-0\" class=\"so-panel widget widget_events_maker_list_widget widget_events_maker_list panel-first-child panel-last-child\" data-index=\"6\" ><h3 class=\"widget-title\">PR\u00d3XIMOS EVENTOS<\/h3><\/div><\/div><\/div><\/div><\/div>","protected":false},"excerpt":{"rendered":"<p>Agenda Programa\u00e7\u00e3o Semanal Cultos de Celebra\u00e7\u00e3o Aos Domingos: 09h, 17h e 19h30 Life Groups\/C\u00e9lulas De Quarta \u00e0 S\u00e1bado: nos lares Lideran\u00e7a \/ Treinamento Ter\u00e7a Life \/ Supervisores \/ Setor Solicite ao seu l\u00edder o hor\u00e1rio e local PR\u00d3XIMOS EVENTOS<\/p>\n","protected":false},"author":1,"featured_media":0,"parent":0,"menu_order":0,"comment_status":"closed","ping_status":"closed","template":"","meta":{"footnotes":""},"aioseo_notices":[],"_links":{"self":[{"href":"https:\/\/paz.church\/saoluis\/wp-json\/wp\/v2\/pages\/2231"}],"collection":[{"href":"https:\/\/paz.church\/saoluis\/wp-json\/wp\/v2\/pages"}],"about":[{"href":"https:\/\/paz.church\/saoluis\/wp-json\/wp\/v2\/types\/page"}],"author":[{"embeddable":true,"href":"https:\/\/paz.church\/saoluis\/wp-json\/wp\/v2\/users\/1"}],"replies":[{"embeddable":true,"href":"https:\/\/paz.church\/saoluis\/wp-json\/wp\/v2\/comments?post=2231"}],"version-history":[{"count":48,"href":"https:\/\/paz.church\/saoluis\/wp-json\/wp\/v2\/pages\/2231\/revisions"}],"predecessor-version":[{"id":9432,"href":"https:\/\/paz.church\/saoluis\/wp-json\/wp\/v2\/pages\/2231\/revisions\/9432"}],"wp:attachment":[{"href":"https:\/\/paz.church\/saoluis\/wp-json\/wp\/v2\/media?parent=2231"}],"curies":[{"name":"wp","href":"https:\/\/api.w.org\/{rel}","templated":true}]}}