{"id":9,"date":"2018-11-30T11:38:16","date_gmt":"2018-11-30T13:38:16","guid":{"rendered":"https:\/\/paz.church\/saopaulo\/?page_id=9"},"modified":"2026-03-04T19:46:22","modified_gmt":"2026-03-04T22:46:22","slug":"home","status":"publish","type":"page","link":"https:\/\/paz.church\/saoluis\/","title":{"rendered":"Home"},"content":{"rendered":"<div id=\"pl-9\"  class=\"panel-layout\" ><div id=\"pg-9-0\"  class=\"panel-grid panel-has-style\" ><div class=\"siteorigin-panels-stretch panel-row-style panel-row-style-for-9-0\" data-stretch-type=\"full-stretched\" ><div id=\"pgc-9-0-0\"  class=\"panel-grid-cell\" ><div id=\"panel-9-0-0-0\" class=\"so-panel widget widget_sow-slider panel-first-child panel-last-child\" data-index=\"0\" ><div\n\t\t\t\n\t\t\tclass=\"so-widget-sow-slider so-widget-sow-slider-default-53fd0f98de19-9\"\n\t\t\t\n\t\t>\t\t\t\t<div class=\"sow-slider-base\" style=\"display: none\">\n\t\t\t\t\t<ul\n\t\t\t\t\tclass=\"sow-slider-images\"\n\t\t\t\t\tdata-settings=\"{&quot;pagination&quot;:true,&quot;speed&quot;:800,&quot;timeout&quot;:8000,&quot;paused&quot;:false,&quot;pause_on_hover&quot;:false,&quot;swipe&quot;:false,&quot;nav_always_show_desktop&quot;:&quot;&quot;,&quot;nav_always_show_mobile&quot;:&quot;&quot;,&quot;breakpoint&quot;:&quot;780px&quot;,&quot;unmute&quot;:false,&quot;anchor&quot;:null}\"\n\t\t\t\t\t\t\t\t\t\tdata-anchor-id=\"\"\n\t\t\t\t>\t\t<li class=\"sow-slider-image  sow-slider-image-cover\" style=\"visibility: visible;;background-image: url(https:\/\/paz.church\/saoluis\/wp-content\/uploads\/2025\/08\/horario.jpg)\" >\n\t\t\t\t\t\t<img fetchpriority=\"high\" decoding=\"async\" width=\"1920\" height=\"650\" src=\"https:\/\/paz.church\/saoluis\/wp-content\/uploads\/2025\/08\/horario.jpg\" class=\"sow-slider-background-image skip-lazy\" alt=\"\" loading=\"eager\" srcset=\"https:\/\/paz.church\/saoluis\/wp-content\/uploads\/2025\/08\/horario.jpg 1920w, https:\/\/paz.church\/saoluis\/wp-content\/uploads\/2025\/08\/horario-300x102.jpg 300w, https:\/\/paz.church\/saoluis\/wp-content\/uploads\/2025\/08\/horario-1024x347.jpg 1024w, https:\/\/paz.church\/saoluis\/wp-content\/uploads\/2025\/08\/horario-768x260.jpg 768w, https:\/\/paz.church\/saoluis\/wp-content\/uploads\/2025\/08\/horario-1536x520.jpg 1536w\" sizes=\"(max-width: 1920px) 100vw, 1920px\" \/>\t\t<\/li>\n\t\t\t\t<li class=\"sow-slider-image  sow-slider-image-cover\" style=\"visibility: hidden;;background-image: url(https:\/\/paz.church\/saoluis\/wp-content\/uploads\/2026\/02\/Sem-Titulo-3.jpg);cursor: pointer;\" data-url=\"{&quot;url&quot;:&quot;https:\\\/\\\/www.e-inscricao.com\\\/pazchurchslz\\\/jantarcasais26&quot;,&quot;new_window&quot;:false}\" >\n\t\t\t\t\t\t\t\t\t\t<a href=\"https:\/\/www.e-inscricao.com\/pazchurchslz\/jantarcasais26\"\n\t\t\t\t>\n\t\t\t<img decoding=\"async\" width=\"1920\" height=\"850\" src=\"https:\/\/paz.church\/saoluis\/wp-content\/uploads\/2026\/02\/Sem-Titulo-3.jpg\" class=\"sow-slider-background-image skip-lazy\" alt=\"\" loading=\"eager\" srcset=\"https:\/\/paz.church\/saoluis\/wp-content\/uploads\/2026\/02\/Sem-Titulo-3.jpg 1920w, https:\/\/paz.church\/saoluis\/wp-content\/uploads\/2026\/02\/Sem-Titulo-3-300x133.jpg 300w, https:\/\/paz.church\/saoluis\/wp-content\/uploads\/2026\/02\/Sem-Titulo-3-1024x453.jpg 1024w, https:\/\/paz.church\/saoluis\/wp-content\/uploads\/2026\/02\/Sem-Titulo-3-768x340.jpg 768w, https:\/\/paz.church\/saoluis\/wp-content\/uploads\/2026\/02\/Sem-Titulo-3-1536x680.jpg 1536w\" sizes=\"(max-width: 1920px) 100vw, 1920px\" \/><\/a>\t\t<\/li>\n\t\t\t\t<li class=\"sow-slider-image  sow-slider-image-cover\" style=\"visibility: hidden;;background-image: url(https:\/\/paz.church\/saoluis\/wp-content\/uploads\/2025\/08\/c2b.jpg);cursor: pointer;\" data-url=\"{&quot;url&quot;:&quot;https:\\\/\\\/www.e-inscricao.com\\\/c2b-slz\\\/c2b_marco&quot;,&quot;new_window&quot;:false}\" >\n\t\t\t\t\t\t\t\t\t\t<a href=\"https:\/\/www.e-inscricao.com\/c2b-slz\/c2b_marco\"\n\t\t\t\t>\n\t\t\t<img decoding=\"async\" width=\"1920\" height=\"650\" src=\"https:\/\/paz.church\/saoluis\/wp-content\/uploads\/2025\/08\/c2b.jpg\" class=\"sow-slider-background-image skip-lazy\" alt=\"\" loading=\"eager\" srcset=\"https:\/\/paz.church\/saoluis\/wp-content\/uploads\/2025\/08\/c2b.jpg 1920w, https:\/\/paz.church\/saoluis\/wp-content\/uploads\/2025\/08\/c2b-300x102.jpg 300w, https:\/\/paz.church\/saoluis\/wp-content\/uploads\/2025\/08\/c2b-1024x347.jpg 1024w, https:\/\/paz.church\/saoluis\/wp-content\/uploads\/2025\/08\/c2b-768x260.jpg 768w, https:\/\/paz.church\/saoluis\/wp-content\/uploads\/2025\/08\/c2b-1536x520.jpg 1536w\" sizes=\"(max-width: 1920px) 100vw, 1920px\" \/><\/a>\t\t<\/li>\n\t\t<\/ul>\t\t\t\t<ol class=\"sow-slider-pagination\">\n\t\t\t\t\t\t\t\t\t\t\t<li><a href=\"#\" data-goto=\"0\" aria-label=\"display slide 1\"><\/a><\/li>\n\t\t\t\t\t\t\t\t\t\t\t<li><a href=\"#\" data-goto=\"1\" aria-label=\"display slide 2\"><\/a><\/li>\n\t\t\t\t\t\t\t\t\t\t\t<li><a href=\"#\" data-goto=\"2\" aria-label=\"display slide 3\"><\/a><\/li>\n\t\t\t\t\t\t\t\t\t<\/ol>\n\n\t\t\t\t<div class=\"sow-slide-nav sow-slide-nav-next\">\n\t\t\t\t\t<a href=\"#\" data-goto=\"next\" aria-label=\"next slide\" data-action=\"next\">\n\t\t\t\t\t\t<em class=\"sow-sld-icon-thin-right\"><\/em>\n\t\t\t\t\t<\/a>\n\t\t\t\t<\/div>\n\n\t\t\t\t<div class=\"sow-slide-nav sow-slide-nav-prev\">\n\t\t\t\t\t<a href=\"#\" data-goto=\"previous\" aria-label=\"previous slide\" data-action=\"prev\">\n\t\t\t\t\t\t<em class=\"sow-sld-icon-thin-left\"><\/em>\n\t\t\t\t\t<\/a>\n\t\t\t\t<\/div>\n\t\t\t\t<\/div><\/div><\/div><\/div><\/div><\/div><div id=\"pg-9-1\"  class=\"panel-grid panel-has-style\" ><div class=\"siteorigin-panels-stretch panel-row-style panel-row-style-for-9-1\" data-stretch-type=\"full-stretched\" ><div id=\"pgc-9-1-0\"  class=\"panel-grid-cell panel-grid-cell-empty\" ><\/div><\/div><\/div><div id=\"pg-9-2\"  class=\"panel-grid panel-has-style\" ><div class=\"siteorigin-panels-stretch panel-row-style panel-row-style-for-9-2\" id=\"barra01\" data-stretch-type=\"full\" ><div id=\"pgc-9-2-0\"  class=\"panel-grid-cell\" ><div class=\"panel-cell-style panel-cell-style-for-9-2-0\" ><div id=\"panel-9-2-0-0\" class=\"so-panel widget widget_sow-headline panel-first-child panel-last-child\" data-index=\"1\" ><div class=\"titulo panel-widget-style panel-widget-style-for-9-2-0-0\" ><div\n\t\t\t\n\t\t\tclass=\"so-widget-sow-headline so-widget-sow-headline-default-ba4fc289cd08-9\"\n\t\t\t\n\t\t><div class=\"sow-headline-container \">\n\t<h3 class='sow-headline'>Pr\u00f3xima reuni\u00e3o:<\/h3><\/div>\n<\/div><\/div><\/div><\/div><\/div><div id=\"pgc-9-2-1\"  class=\"panel-grid-cell\" ><div class=\"panel-cell-style panel-cell-style-for-9-2-1\" ><div id=\"panel-9-2-1-0\" class=\"so-panel widget widget_events_maker_list_widget widget_events_maker_list panel-first-child panel-last-child\" data-index=\"2\" ><div class=\"panel-widget-style panel-widget-style-for-9-2-1-0\" ><h3 class=\"widget-title\"><\/h3><\/div><\/div><\/div><\/div><div id=\"pgc-9-2-2\"  class=\"panel-grid-cell\" ><div id=\"panel-9-2-2-0\" class=\"so-panel widget widget_sow-social-media-buttons panel-first-child panel-last-child\" data-index=\"3\" ><div class=\"panel-widget-style panel-widget-style-for-9-2-2-0\" ><div\n\t\t\t\n\t\t\tclass=\"so-widget-sow-social-media-buttons so-widget-sow-social-media-buttons-wire-4c578b725faf-9\"\n\t\t\t\n\t\t>\n\n<div class=\"social-media-button-container\">\n\t\n\t\t<a class=\"sow-social-media-button-facebook-0 sow-social-media-button\" title=\"Paz Church | S\u00e3o Lu\u00eds em Facebook\" aria-label=\"Paz Church | S\u00e3o Lu\u00eds em Facebook\" target=\"_blank\" rel=\"noopener noreferrer\" href=\"https:\/\/www.facebook.com\/PazSaoLuis\" >\n\t\t\t<span>\n\t\t\t\t\t\t\t\t<span class=\"sow-icon-fontawesome sow-fab\" data-sow-icon=\"&#xf39e;\"\n\t\t \n\t\taria-hidden=\"true\"><\/span>\t\t\t\t\t\t\t<\/span>\n\t\t<\/a>\n\t\n\t\t<a class=\"sow-social-media-button-instagram-0 sow-social-media-button\" title=\"Paz Church | S\u00e3o Lu\u00eds em Instagram\" aria-label=\"Paz Church | S\u00e3o Lu\u00eds em Instagram\" target=\"_blank\" rel=\"noopener noreferrer\" href=\"https:\/\/instagram.com\/PazSaoLuis\" >\n\t\t\t<span>\n\t\t\t\t\t\t\t\t<span class=\"sow-icon-fontawesome sow-fab\" data-sow-icon=\"&#xf16d;\"\n\t\t \n\t\taria-hidden=\"true\"><\/span>\t\t\t\t\t\t\t<\/span>\n\t\t<\/a>\n\t\n\t\t<a class=\"sow-social-media-button-twitter-0 sow-social-media-button\" title=\"Paz Church | S\u00e3o Lu\u00eds em Twitter\" aria-label=\"Paz Church | S\u00e3o Lu\u00eds em Twitter\" target=\"_blank\" rel=\"noopener noreferrer\" href=\"https:\/\/twitter.com\/PazSaoLuis\" >\n\t\t\t<span>\n\t\t\t\t\t\t\t\t<span class=\"sow-icon-fontawesome sow-fab\" data-sow-icon=\"&#xf099;\"\n\t\t \n\t\taria-hidden=\"true\"><\/span>\t\t\t\t\t\t\t<\/span>\n\t\t<\/a>\n\t\n\t\t<a class=\"sow-social-media-button-youtube-0 sow-social-media-button\" title=\"Paz Church | S\u00e3o Lu\u00eds em Youtube\" aria-label=\"Paz Church | S\u00e3o Lu\u00eds em Youtube\" target=\"_blank\" rel=\"noopener noreferrer\" href=\"https:\/\/www.youtube.com\/PazSaoLuis\" >\n\t\t\t<span>\n\t\t\t\t\t\t\t\t<span class=\"sow-icon-fontawesome sow-fab\" data-sow-icon=\"&#xf167;\"\n\t\t \n\t\taria-hidden=\"true\"><\/span>\t\t\t\t\t\t\t<\/span>\n\t\t<\/a>\n\t<\/div>\n<\/div><\/div><\/div><\/div><\/div><\/div><div id=\"pg-9-3\"  class=\"panel-grid panel-has-style\" ><div id=\"palavra_recente\" class=\"panel-row-style panel-row-style-for-9-3\" ><div id=\"pgc-9-3-0\"  class=\"panel-grid-cell\" ><div id=\"panel-9-3-0-0\" class=\"so-panel widget widget_siteorigin-panels-postloop panel-first-child panel-last-child\" data-index=\"4\" ><div class=\"panel-widget-style panel-widget-style-for-9-3-0-0\" >\n<div ID=\"sermon-divi\">\n\n\n\t<div ID=\"sermon-imagem\"><a href=\"https:\/\/paz.church\/saoluis\/ministracoes\/betania-o-lugar-preferido-de-jesus\/\" title=\"Bet\u00e2nia &#8220;O lugar preferido de Jesus&#8221;\">\r\n\t\t<div class=\"post-thumbnail\">\r\n\t\t\t<img loading=\"lazy\" decoding=\"async\" width=\"1080\" height=\"608\" src=\"https:\/\/paz.church\/saoluis\/wp-content\/uploads\/sermons\/2026\/01\/rubenilson.jpg\" class=\"attachment-post-thumbnail size-post-thumbnail wp-post-image\" alt=\"\" sizes=\"(max-width: 1080px) 100vw, 1080px\" \/>\r\n\t\t<\/div>\r\n\t\t<\/a><\/div>\n\t\n\t<div class=\"sermon-dados\">\n\t<p><span class=\"p_recente\">PALAVRA RECENTE<\/span><br>\n\t<a href=\"https:\/\/paz.church\/saoluis\/ministracoes\/betania-o-lugar-preferido-de-jesus\/\" rel=\"bookmark\">Bet\u00e2nia &#8220;O lugar preferido de Jesus&#8221;<\/a><br>\t\n\t<span class=\"p_meta\"><a href=\"https:\/\/paz.church\/saoluis\/ministracoes\/categoria\/cultos\/\" rel=\"tag\">Cultos<\/a><\/span>\n\t<\/p>\n\t<\/div>\n\t\t\n<\/div><\/div><\/div><\/div><\/div><\/div><div id=\"pg-9-4\"  class=\"panel-grid panel-has-style\" ><div class=\"siteorigin-panels-stretch panel-row-style panel-row-style-for-9-4\" id=\"barra02\" data-stretch-type=\"full\" ><div id=\"pgc-9-4-0\"  class=\"panel-grid-cell\" ><div id=\"colunas-widget\" class=\"panel-cell-style panel-cell-style-for-9-4-0\" ><div id=\"panel-9-4-0-0\" class=\"so-panel widget widget_sow-icon panel-first-child\" data-index=\"5\" ><div\n\t\t\t\n\t\t\tclass=\"so-widget-sow-icon so-widget-sow-icon-default-da81d5172c9d-9482\"\n\t\t\t\n\t\t>\n<div class=\"sow-icon-container sow-icon\">\n\t\t\t<a href=\"https:\/\/paz.church\/saoluis\/agenda\/\" >\n\t\t\t<span class=\"sow-icon-elegantline\" data-sow-icon=\"&#xe00d;\"\n\t\t \n\t\taria-hidden=\"true\"><\/span>\t\t\t<\/a>\n\t<\/div>\n<\/div><\/div><div id=\"panel-9-4-0-1\" class=\"so-panel widget widget_sow-headline\" data-index=\"6\" ><div class=\"titulo panel-widget-style panel-widget-style-for-9-4-0-1\" ><div\n\t\t\t\n\t\t\tclass=\"so-widget-sow-headline so-widget-sow-headline-default-809c6ba63723-9482\"\n\t\t\t\n\t\t><div class=\"sow-headline-container \">\n\t<h3 class='sow-headline'>\t\t\t\t\t\t<a href=\"https:\/\/paz.church\/saoluis\/agenda\/\" >\n\t\t\t\t\tPr\u00f3ximo evento<\/a><\/h3><\/div>\n<\/div><\/div><\/div><div id=\"panel-9-4-0-2\" class=\"so-panel widget widget_events_maker_list_widget widget_events_maker_list panel-last-child\" data-index=\"7\" ><div class=\"panel-widget-style panel-widget-style-for-9-4-0-2\" ><h3 class=\"widget-title\"><\/h3><\/div><\/div><\/div><\/div><div id=\"pgc-9-4-1\"  class=\"panel-grid-cell\" ><div id=\"colunas-widget\" class=\"panel-cell-style panel-cell-style-for-9-4-1\" ><div id=\"panel-9-4-1-0\" class=\"so-panel widget widget_sow-icon panel-first-child\" data-index=\"8\" ><div\n\t\t\t\n\t\t\tclass=\"so-widget-sow-icon so-widget-sow-icon-default-da81d5172c9d-9482\"\n\t\t\t\n\t\t>\n<div class=\"sow-icon-container sow-icon\">\n\t\t\t<a href=\"https:\/\/paz.church\/saoluis\/ministracoes\/service-type\/lideranca\/\" >\n\t\t\t<span class=\"sow-icon-elegantline\" data-sow-icon=\"&#xe023;\"\n\t\t \n\t\taria-hidden=\"true\"><\/span>\t\t\t<\/a>\n\t<\/div>\n<\/div><\/div><div id=\"panel-9-4-1-1\" class=\"so-panel widget widget_sow-headline\" data-index=\"9\" ><div class=\"titulo panel-widget-style panel-widget-style-for-9-4-1-1\" ><div\n\t\t\t\n\t\t\tclass=\"so-widget-sow-headline so-widget-sow-headline-default-809c6ba63723-9482\"\n\t\t\t\n\t\t><div class=\"sow-headline-container \">\n\t<h3 class='sow-headline'>\t\t\t\t\t\t<a href=\"https:\/\/paz.church\/saoluis\/ministracoes\/service-type\/lideranca\/\" >\n\t\t\t\t\tLideran\u00e7a<\/a><\/h3><\/div>\n<\/div><\/div><\/div><div id=\"panel-9-4-1-2\" class=\"so-panel widget widget_siteorigin-panels-postloop panel-last-child\" data-index=\"10\" ><div class=\"panel-widget-style panel-widget-style-for-9-4-1-2\" >\r\n<div>\r\n<span class=\"tempo\">4 de fevereiro de 2020<\/span>\r\n<div class=\"event-link\"><a href=\"https:\/\/paz.church\/saoluis\/ministracoes\/a-presenca-da-arca\/\" rel=\"bookmark\" class=\"event-title\">A presen\u00e7a da Arca<\/a><\/div>\r\n<\/div><\/div><\/div><\/div><\/div><\/div><\/div><div id=\"pg-9-5\"  class=\"panel-grid panel-has-style\" ><div class=\"siteorigin-panels-stretch panel-row-style panel-row-style-for-9-5\" data-stretch-type=\"full-stretched\" ><div id=\"pgc-9-5-0\"  class=\"panel-grid-cell\" ><div id=\"panel-9-5-0-0\" class=\"so-panel widget widget_sow-slider panel-first-child panel-last-child\" data-index=\"11\" ><div\n\t\t\t\n\t\t\tclass=\"so-widget-sow-slider so-widget-sow-slider-default-53fd0f98de19-3546\"\n\t\t\t\n\t\t>\t\t\t\t<div class=\"sow-slider-base\" style=\"display: none\">\n\t\t\t\t\t<ul\n\t\t\t\t\tclass=\"sow-slider-images\"\n\t\t\t\t\tdata-settings=\"{&quot;pagination&quot;:true,&quot;speed&quot;:800,&quot;timeout&quot;:8000,&quot;paused&quot;:false,&quot;pause_on_hover&quot;:false,&quot;swipe&quot;:false,&quot;nav_always_show_desktop&quot;:&quot;&quot;,&quot;nav_always_show_mobile&quot;:&quot;&quot;,&quot;breakpoint&quot;:&quot;780px&quot;,&quot;unmute&quot;:false,&quot;anchor&quot;:null}\"\n\t\t\t\t\t\t\t\t\t\tdata-anchor-id=\"\"\n\t\t\t\t>\t\t<li class=\"sow-slider-image  sow-slider-image-cover\" style=\"visibility: visible;;background-image: url(https:\/\/paz.church\/saoluis\/wp-content\/uploads\/2022\/11\/Casas-de-Paz-Banner-Site.jpg);cursor: pointer;\" data-url=\"{&quot;url&quot;:&quot;https:\\\/\\\/paz.church\\\/casas\\\/&quot;,&quot;new_window&quot;:false}\" >\n\t\t\t\t\t\t\t\t\t\t<a href=\"https:\/\/paz.church\/casas\/\"\n\t\t\t\t>\n\t\t\t<img decoding=\"async\" width=\"1920\" height=\"850\" src=\"https:\/\/paz.church\/saoluis\/wp-content\/uploads\/2022\/11\/Casas-de-Paz-Banner-Site.jpg\" class=\"sow-slider-background-image skip-lazy\" alt=\"\" loading=\"eager\" srcset=\"https:\/\/paz.church\/saoluis\/wp-content\/uploads\/2022\/11\/Casas-de-Paz-Banner-Site.jpg 1920w, https:\/\/paz.church\/saoluis\/wp-content\/uploads\/2022\/11\/Casas-de-Paz-Banner-Site-300x133.jpg 300w, https:\/\/paz.church\/saoluis\/wp-content\/uploads\/2022\/11\/Casas-de-Paz-Banner-Site-1024x453.jpg 1024w, https:\/\/paz.church\/saoluis\/wp-content\/uploads\/2022\/11\/Casas-de-Paz-Banner-Site-768x340.jpg 768w, https:\/\/paz.church\/saoluis\/wp-content\/uploads\/2022\/11\/Casas-de-Paz-Banner-Site-1536x680.jpg 1536w\" sizes=\"(max-width: 1920px) 100vw, 1920px\" \/><\/a>\t\t<\/li>\n\t\t<\/ul>\t\t\t\t<ol class=\"sow-slider-pagination\">\n\t\t\t\t\t\t\t\t\t\t\t<li><a href=\"#\" data-goto=\"0\" aria-label=\"display slide 1\"><\/a><\/li>\n\t\t\t\t\t\t\t\t\t<\/ol>\n\n\t\t\t\t<div class=\"sow-slide-nav sow-slide-nav-next\">\n\t\t\t\t\t<a href=\"#\" data-goto=\"next\" aria-label=\"next slide\" data-action=\"next\">\n\t\t\t\t\t\t<em class=\"sow-sld-icon-thin-right\"><\/em>\n\t\t\t\t\t<\/a>\n\t\t\t\t<\/div>\n\n\t\t\t\t<div class=\"sow-slide-nav sow-slide-nav-prev\">\n\t\t\t\t\t<a href=\"#\" data-goto=\"previous\" aria-label=\"previous slide\" data-action=\"prev\">\n\t\t\t\t\t\t<em class=\"sow-sld-icon-thin-left\"><\/em>\n\t\t\t\t\t<\/a>\n\t\t\t\t<\/div>\n\t\t\t\t<\/div><\/div><\/div><\/div><\/div><\/div><div id=\"pg-9-6\"  class=\"panel-grid panel-has-style\" ><div class=\"siteorigin-panels-stretch panel-row-style panel-row-style-for-9-6\" id=\"barrahora\" data-stretch-type=\"full\" ><div id=\"pgc-9-6-0\"  class=\"panel-grid-cell\" ><div id=\"panel-9-6-0-0\" class=\"so-panel widget widget_sow-icon panel-first-child\" data-index=\"12\" ><div\n\t\t\t\n\t\t\tclass=\"so-widget-sow-icon so-widget-sow-icon-default-da81d5172c9d-3546\"\n\t\t\t\n\t\t>\n<div class=\"sow-icon-container sow-icon\">\n\t\t\t<a href=\"https:\/\/paz.church\/saoluis\/agenda\/\" >\n\t\t\t<span class=\"sow-icon-elegantline\" data-sow-icon=\"&#xe055;\"\n\t\t \n\t\taria-hidden=\"true\"><\/span>\t\t\t<\/a>\n\t<\/div>\n<\/div><\/div><div id=\"panel-9-6-0-1\" class=\"so-panel widget widget_sow-headline\" data-index=\"13\" ><div class=\"panel-widget-style panel-widget-style-for-9-6-0-1\" ><div\n\t\t\t\n\t\t\tclass=\"so-widget-sow-headline so-widget-sow-headline-default-996a8c341783-3546\"\n\t\t\t\n\t\t><div class=\"sow-headline-container \">\n\t<h2 class='sow-headline'>\t\t\t\t\t\t<a href=\"https:\/\/paz.church\/saoluis\/agenda\/\" >\n\t\t\t\t\tNossos Hor\u00e1rios<\/a><\/h2><p class='sow-sub-headline'>Voc\u00ea e sua fam\u00edlia s\u00e3o nossos convidados especiais!<\/p><\/div>\n<\/div><\/div><\/div><div id=\"panel-9-6-0-2\" class=\"so-panel widget widget_siteorigin-panels-builder\" data-index=\"14\" ><div id=\"pl-w6894abb0e9242\"  class=\"panel-layout\" ><div id=\"pg-w6894abb0e9242-0\"  class=\"panel-grid panel-no-style\" ><div id=\"pgc-w6894abb0e9242-0-0\"  class=\"panel-grid-cell\" ><div class=\"panel-cell-style panel-cell-style-for-w6894abb0e9242-0-0\" ><div id=\"panel-w6894abb0e9242-0-0-0\" class=\"so-panel widget widget_sow-editor panel-first-child panel-last-child\" data-index=\"0\" ><div\n\t\t\t\n\t\t\tclass=\"so-widget-sow-editor so-widget-sow-editor-base\"\n\t\t\t\n\t\t>\n<div class=\"siteorigin-widget-tinymce textwidget\">\n\t<p style=\"text-align: right;\"><strong>Culto de Celebra\u00e7\u00e3o:<\/strong><br \/>\nDomingo: 09h, 17h e 19h30<\/p>\n<p style=\"text-align: right;\"><strong>Lideran\u00e7a \/ Treinamento<\/strong><br \/>\nSolicite ao seu l\u00edder o hor\u00e1rio e local<\/p>\n<\/div>\n<\/div><\/div><\/div><\/div><div id=\"pgc-w6894abb0e9242-0-1\"  class=\"panel-grid-cell\" ><div id=\"panel-w6894abb0e9242-0-1-0\" class=\"so-panel widget widget_sow-editor panel-first-child panel-last-child\" data-index=\"1\" ><div\n\t\t\t\n\t\t\tclass=\"so-widget-sow-editor so-widget-sow-editor-base\"\n\t\t\t\n\t\t>\n<div class=\"siteorigin-widget-tinymce textwidget\">\n\t<p><strong>Endere\u00e7o:<\/strong><br \/>\nR. Aririzal, N\u00ba 57<br \/>\nBairro:\u00a0Jardim Eldorado<br \/>\nCEP: 65067-190 | S\u00e3o Lu\u00eds-MA<\/p>\n<\/div>\n<\/div><\/div><\/div><\/div><\/div><\/div><div id=\"panel-9-6-0-3\" class=\"so-panel widget widget_sow-button panel-last-child\" data-index=\"15\" ><div id=\"botao2px\" class=\"panel-widget-style panel-widget-style-for-9-6-0-3\" ><div\n\t\t\t\n\t\t\tclass=\"so-widget-sow-button so-widget-sow-button-wire-c10ccbcd1cc3-3546\"\n\t\t\t\n\t\t><div class=\"ow-button-base ow-button-align-center\">\n\t<a\n\thref=\"https:\/\/paz.church\/saoluis\/agenda\"\n\t\tclass=\"ow-icon-placement-left\" \t>\n\t\t<span>\n\t\t\t\n\t\t\tAGENDA COMPLETA\t\t<\/span>\n\t<\/a>\n<\/div>\n<\/div><\/div><\/div><\/div><\/div><\/div><\/div>","protected":false},"excerpt":{"rendered":"<p>Culto de Celebra\u00e7\u00e3o: Domingo: 09h, 17h e 19h30 Lideran\u00e7a \/ Treinamento Solicite ao seu l\u00edder o hor\u00e1rio e local Endere\u00e7o: R. Aririzal, N\u00ba 57 Bairro:\u00a0Jardim Eldorado CEP: 65067-190 | S\u00e3o Lu\u00eds-MA<\/p>\n","protected":false},"author":1,"featured_media":0,"parent":0,"menu_order":0,"comment_status":"closed","ping_status":"closed","template":"","meta":{"footnotes":""},"aioseo_notices":[],"_links":{"self":[{"href":"https:\/\/paz.church\/saoluis\/wp-json\/wp\/v2\/pages\/9"}],"collection":[{"href":"https:\/\/paz.church\/saoluis\/wp-json\/wp\/v2\/pages"}],"about":[{"href":"https:\/\/paz.church\/saoluis\/wp-json\/wp\/v2\/types\/page"}],"author":[{"embeddable":true,"href":"https:\/\/paz.church\/saoluis\/wp-json\/wp\/v2\/users\/1"}],"replies":[{"embeddable":true,"href":"https:\/\/paz.church\/saoluis\/wp-json\/wp\/v2\/comments?post=9"}],"version-history":[{"count":379,"href":"https:\/\/paz.church\/saoluis\/wp-json\/wp\/v2\/pages\/9\/revisions"}],"predecessor-version":[{"id":9491,"href":"https:\/\/paz.church\/saoluis\/wp-json\/wp\/v2\/pages\/9\/revisions\/9491"}],"wp:attachment":[{"href":"https:\/\/paz.church\/saoluis\/wp-json\/wp\/v2\/media?parent=9"}],"curies":[{"name":"wp","href":"https:\/\/api.w.org\/{rel}","templated":true}]}}