{"id":1243,"date":"2018-12-11T21:08:04","date_gmt":"2018-12-11T23:08:04","guid":{"rendered":"https:\/\/paz.church\/saopaulo\/?page_id=1243"},"modified":"2026-01-27T13:17:19","modified_gmt":"2026-01-27T16:17:19","slug":"quem-somos","status":"publish","type":"page","link":"https:\/\/paz.church\/saopaulo\/quem-somos\/","title":{"rendered":"Quem Somos"},"content":{"rendered":"<div id=\"pl-1243\"  class=\"panel-layout\" ><div id=\"pg-1243-0\"  class=\"panel-grid panel-has-style\" ><div class=\"siteorigin-panels-stretch panel-row-style panel-row-style-for-1243-0\" data-stretch-type=\"full\" ><div id=\"pgc-1243-0-0\"  class=\"panel-grid-cell\" ><div id=\"panel-1243-0-0-0\" class=\"widget_text so-panel widget widget_custom_html panel-first-child panel-last-child\" data-index=\"0\" ><div class=\"textwidget custom-html-widget\"><iframe loading=\"lazy\" width=\"560\" height=\"315\" src=\"https:\/\/www.youtube.com\/embed\/3ZPW6vgAU1A?si=DOYAegNKMxp2DDwX\" title=\"YouTube video player\" frameborder=\"0\" allow=\"accelerometer; autoplay; clipboard-write; encrypted-media; gyroscope; picture-in-picture; web-share\" referrerpolicy=\"strict-origin-when-cross-origin\" allowfullscreen><\/iframe><\/div><\/div><\/div><\/div><\/div><a id=\"bordas\"><\/a><div id=\"pg-1243-1\"  class=\"panel-grid panel-has-style\"  data-extraid=\"bordas\" ><div class=\"bordas panel-row-style panel-row-style-for-1243-1\" id=\"quem\" ><div id=\"pgc-1243-1-0\"  class=\"panel-grid-cell\" ><div id=\"panel-1243-1-0-0\" class=\"so-panel widget widget_sow-editor panel-first-child panel-last-child\" data-index=\"1\" ><div\n\t\t\t\n\t\t\tclass=\"so-widget-sow-editor so-widget-sow-editor-base\"\n\t\t\t\n\t\t><h3 class=\"widget-title\">O Reino Impar\u00e1vel<\/h3>\n<div class=\"siteorigin-widget-tinymce textwidget\">\n\t<p>O tema para <strong>2026<\/strong> da Paz Church \u00e9 <strong>\u201cO Reino Impar\u00e1vel\u201d<\/strong>, inspirado em <strong>Isa\u00edas 9.7<\/strong>, que declara que o governo de Cristo cresce continuamente e que n\u00e3o h\u00e1 fim para a expans\u00e3o do Seu Reino. Cremos que este ser\u00e1 um ano de avan\u00e7o, crescimento e multiplica\u00e7\u00e3o, com Jesus reinando de forma vis\u00edvel em nossas vidas e igrejas.<\/p>\n<p>Depois de vivermos o <strong>Despertar Sobrenatural<\/strong>, entendemos que milagres, sinais e prod\u00edgios n\u00e3o s\u00e3o um fim em si mesmos, mas instrumentos para a expans\u00e3o do Reino de Deus. Agora, somos chamados a responder a esse mover com escolhas intencionais, compromisso com o discipulado e disposi\u00e7\u00e3o para sermos usados por Deus na salva\u00e7\u00e3o e transforma\u00e7\u00e3o de vidas.<\/p>\n<p>Assim como o Reino de Deus nunca para de crescer, cremos que em 2026 veremos igrejas fortalecidas, igrejas no lar multiplicadas, novas igrejas plantadas e muitas pessoas alcan\u00e7adas por Cristo. Vivemos e participamos de um Reino vivo, eterno e <strong>impar\u00e1vel<\/strong>. Que este ano seja marcado por crescimento em qualidade e quantidade, para a gl\u00f3ria do Senhor Jesus.<\/p>\n<\/div>\n<\/div><\/div><\/div><\/div><\/div><a id=\"bordas\"><\/a><div id=\"pg-1243-2\"  class=\"panel-grid panel-has-style\"  data-extraid=\"bordas\" ><div class=\"bordas panel-row-style panel-row-style-for-1243-2\" id=\"quem\" ><div id=\"pgc-1243-2-0\"  class=\"panel-grid-cell\" ><div id=\"panel-1243-2-0-0\" class=\"so-panel widget widget_sow-editor panel-first-child panel-last-child\" data-index=\"2\" ><div\n\t\t\t\n\t\t\tclass=\"so-widget-sow-editor so-widget-sow-editor-base\"\n\t\t\t\n\t\t><h3 class=\"widget-title\">A Paz Church S\u00e3o Paulo<\/h3>\n<div class=\"siteorigin-widget-tinymce textwidget\">\n\t<p>Somos uma fam\u00edlia que n\u00e3o para de crescer!<\/p>\n<p>Nossos cultos s\u00e3o vibrantes. A come\u00e7ar pela recep\u00e7\u00e3o calorosa de nossa Atmosfera. M\u00fasicas que embalam a sua devo\u00e7\u00e3o a Deus, tanto em um alegre e intenso louvor, quanto na mais profunda adora\u00e7\u00e3o. A ministra\u00e7\u00e3o da Palavra de Deus \u00e9 din\u00e2mica, com conhecimento, interativa e bem humorada. Com certeza marcar\u00e1 a sua vida.<\/p>\n<p>A Paz S\u00e3o Paulo \u00e9 fruto do poderoso projeto Atos em A\u00e7\u00e3o. A ideia consiste em implantar grandes igrejas nas grandes metr\u00f3poles do mundo, todas organizadas em pequenos grupos e solidificadas em v\u00ednculos fortes e inquebr\u00e1veis de discipulado.<\/p>\n<p>Voc\u00ea e sua fam\u00edlia s\u00e3o os nossos convidados especiais.<\/p>\n<p><strong>Somos fam\u00edlia! Somos a Paz Church S\u00e3o Paulo!<\/strong><\/p>\n<\/div>\n<\/div><\/div><\/div><\/div><\/div><div id=\"pg-1243-3\"  class=\"panel-grid panel-has-style\" ><div id=\"Team01\" class=\"panel-row-style panel-row-style-for-1243-3\" ><div id=\"pgc-1243-3-0\"  class=\"panel-grid-cell\" ><div id=\"colunas-widget\" class=\"panel-cell-style panel-cell-style-for-1243-3-0\" ><div id=\"panel-1243-3-0-0\" class=\"so-panel widget widget_sow-headline panel-first-child panel-last-child\" data-index=\"3\" ><div class=\"titulo panel-widget-style panel-widget-style-for-1243-3-0-0\" ><div\n\t\t\t\n\t\t\tclass=\"so-widget-sow-headline so-widget-sow-headline-default-3388173f7e62-1243\"\n\t\t\t\n\t\t><div class=\"sow-headline-container \">\n\t\t\t\t\t\t\t<h3 class=\"sow-headline\">\n\t\t\t\t\t\tMISS\u00c3O\t\t\t\t\t\t<\/h3>\n\t\t\t\t\t\t<\/div>\n<\/div><\/div><\/div><\/div><\/div><\/div><\/div><a id=\"bordas\"><\/a><div id=\"pg-1243-4\"  class=\"panel-grid panel-has-style\"  data-extraid=\"bordas\" ><div class=\"bordas panel-row-style panel-row-style-for-1243-4\" id=\"quem\" ><div id=\"pgc-1243-4-0\"  class=\"panel-grid-cell\" ><div id=\"panel-1243-4-0-0\" class=\"so-panel widget widget_sow-editor panel-first-child panel-last-child\" data-index=\"4\" ><div\n\t\t\t\n\t\t\tclass=\"so-widget-sow-editor so-widget-sow-editor-base\"\n\t\t\t\n\t\t>\n<div class=\"siteorigin-widget-tinymce textwidget\">\n\t<p>Fazer disc\u00edpulos de Jesus que impactam o mundo inteiro com uma paix\u00e3o contagiante por Deus, um desejo insaci\u00e1vel por mais Dele, e uma vida transbordante com o Seu poder.<\/p>\n<\/div>\n<\/div><\/div><\/div><\/div><\/div><div id=\"pg-1243-5\"  class=\"panel-grid panel-has-style\" ><div id=\"Team01\" class=\"panel-row-style panel-row-style-for-1243-5\" ><div id=\"pgc-1243-5-0\"  class=\"panel-grid-cell\" ><div id=\"colunas-widget\" class=\"panel-cell-style panel-cell-style-for-1243-5-0\" ><div id=\"panel-1243-5-0-0\" class=\"so-panel widget widget_sow-headline panel-first-child panel-last-child\" data-index=\"5\" ><div class=\"titulo panel-widget-style panel-widget-style-for-1243-5-0-0\" ><div\n\t\t\t\n\t\t\tclass=\"so-widget-sow-headline so-widget-sow-headline-default-3388173f7e62-1243\"\n\t\t\t\n\t\t><div class=\"sow-headline-container \">\n\t\t\t\t\t\t\t<h3 class=\"sow-headline\">\n\t\t\t\t\t\tVIS\u00c3O\t\t\t\t\t\t<\/h3>\n\t\t\t\t\t\t<\/div>\n<\/div><\/div><\/div><\/div><\/div><\/div><\/div><a id=\"bordas\"><\/a><div id=\"pg-1243-6\"  class=\"panel-grid panel-has-style\"  data-extraid=\"bordas\" ><div class=\"bordas panel-row-style panel-row-style-for-1243-6\" id=\"quem\" ><div id=\"pgc-1243-6-0\"  class=\"panel-grid-cell\" ><div id=\"panel-1243-6-0-0\" class=\"so-panel widget widget_sow-editor panel-first-child panel-last-child\" data-index=\"6\" ><div\n\t\t\t\n\t\t\tclass=\"so-widget-sow-editor so-widget-sow-editor-base\"\n\t\t\t\n\t\t>\n<div class=\"siteorigin-widget-tinymce textwidget\">\n\t<p>Ser um movimento de planta\u00e7\u00e3o de igrejas saud\u00e1veis e multiplicadoras, come\u00e7ando de onde estamos e avan\u00e7ando para todo o mundo.<\/p>\n<\/div>\n<\/div><\/div><\/div><\/div><\/div><div id=\"pg-1243-7\"  class=\"panel-grid panel-has-style\" ><div id=\"Team01\" class=\"panel-row-style panel-row-style-for-1243-7\" ><div id=\"pgc-1243-7-0\"  class=\"panel-grid-cell\" ><div id=\"colunas-widget\" class=\"panel-cell-style panel-cell-style-for-1243-7-0\" ><div id=\"panel-1243-7-0-0\" class=\"so-panel widget widget_sow-headline panel-first-child panel-last-child\" data-index=\"7\" ><div class=\"titulo panel-widget-style panel-widget-style-for-1243-7-0-0\" ><div\n\t\t\t\n\t\t\tclass=\"so-widget-sow-headline so-widget-sow-headline-default-3388173f7e62-1243\"\n\t\t\t\n\t\t><div class=\"sow-headline-container \">\n\t\t\t\t\t\t\t<h3 class=\"sow-headline\">\n\t\t\t\t\t\tPROP\u00d3SITO\t\t\t\t\t\t<\/h3>\n\t\t\t\t\t\t<\/div>\n<\/div><\/div><\/div><\/div><\/div><\/div><\/div><a id=\"bordas\"><\/a><div id=\"pg-1243-8\"  class=\"panel-grid panel-has-style\"  data-extraid=\"bordas\" ><div class=\"bordas panel-row-style panel-row-style-for-1243-8\" id=\"quem\" ><div id=\"pgc-1243-8-0\"  class=\"panel-grid-cell\" ><div id=\"panel-1243-8-0-0\" class=\"so-panel widget widget_sow-editor panel-first-child panel-last-child\" data-index=\"8\" ><div\n\t\t\t\n\t\t\tclass=\"so-widget-sow-editor so-widget-sow-editor-base\"\n\t\t\t\n\t\t>\n<div class=\"siteorigin-widget-tinymce textwidget\">\n\t<ul>\n<li>Agradar e glorificar a Deus<\/li>\n<li>Ter profunda intimidade com Deus<\/li>\n<li>Fazer disc\u00edpulos que fa\u00e7am disc\u00edpulos no contexto dos Life Groups<\/li>\n<li>Implantar o Reino de Deus, principalmente atrav\u00e9s da planta\u00e7\u00e3o de novas igrejas em S\u00e3o Paulo capital, em todo o Estado de S\u00e3o Paulo, no Brasil e no mundo<\/li>\n<\/ul>\n<\/div>\n<\/div><\/div><\/div><\/div><\/div><div id=\"pg-1243-9\"  class=\"panel-grid panel-has-style\" ><div id=\"Team01\" class=\"panel-row-style panel-row-style-for-1243-9\" ><div id=\"pgc-1243-9-0\"  class=\"panel-grid-cell\" ><div id=\"colunas-widget\" class=\"panel-cell-style panel-cell-style-for-1243-9-0\" ><div id=\"panel-1243-9-0-0\" class=\"so-panel widget widget_sow-headline panel-first-child panel-last-child\" data-index=\"9\" ><div class=\"titulo panel-widget-style panel-widget-style-for-1243-9-0-0\" id=\"valores\" ><div\n\t\t\t\n\t\t\tclass=\"so-widget-sow-headline so-widget-sow-headline-default-3388173f7e62-1243\"\n\t\t\t\n\t\t><div class=\"sow-headline-container \">\n\t\t\t\t\t\t\t<h3 class=\"sow-headline\">\n\t\t\t\t\t\tVALORES\t\t\t\t\t\t<\/h3>\n\t\t\t\t\t\t<\/div>\n<\/div><\/div><\/div><\/div><\/div><\/div><\/div><a id=\"bordas\"><\/a><div id=\"pg-1243-10\"  class=\"panel-grid panel-has-style\"  data-extraid=\"bordas\" ><div class=\"bordas panel-row-style panel-row-style-for-1243-10\" ><div id=\"pgc-1243-10-0\"  class=\"panel-grid-cell\" ><div id=\"panel-1243-10-0-0\" class=\"so-panel widget widget_sow-features panel-first-child panel-last-child\" data-index=\"10\" ><div class=\"panel-widget-style panel-widget-style-for-1243-10-0-0\" ><div\n\t\t\t\n\t\t\tclass=\"so-widget-sow-features so-widget-sow-features-default-84c108295039-1243\"\n\t\t\t\n\t\t>\n<div class=\"sow-features-list sow-features-responsive\">\n\n\t\t\t\t\t\t\t\t\t<div\n\t\t\t\tclass=\"sow-features-feature sow-icon-container-position-top\"\n\t\t\t\tstyle=\"display: flex; flex-direction: column; width: calc(50% - 25px);\"\n\t\t\t>\n\t\t\t\n\t\t\t\t\t\t\t\t<div\n\t\t\t\t\tclass=\"sow-icon-container sow-container-round\"\n\t\t\t\t\tstyle=\"color: #f2f8fa; \"\n\t\t\t\t\t\t\t\t\t>\n\t\t\t\t\t<span class=\"sow-icon-fontawesome sow-far\" data-sow-icon=\"&#xf14e;\"\n\t\tstyle=\"font-size: 28px; color: #3f91cc\" \n\t\taria-hidden=\"true\"><\/span>\t\t\t\t<\/div>\n\t\t\t\t\n\t\t\t\t<div class=\"textwidget\">\n\t\t\t\t\t\n\t\t\t\t\t\t\t\t\t\t\t<h5 class=\"sow-features-feature-title\">\n\t\t\t\t\t\t\t\n\t\t\t\t\t\t\tAmar a Deus: Nossa Prioridade\t\t\t\t\t\t\t\t\t\t\t\t\t<\/h5>\n\t\t\t\t\t\n\t\t\t\t\t\t\t\t\t\t\t<div class=\"sow-features-feature-text\">\n\t\t\t\t\t\tExistimos para amar e adorar a Deus e viver em profunda intimidade com Ele. Sem este relacionamento, nada faz sentido.<\/p>\n\t\t\t\t\t\t<\/div>\n\t\t\t\t\t\n\t\t\t\t\t\t\t\t\t<\/div>\n\t\t\t\t\t\t\t\t\n\t\t\t\t\t\t\t<\/div>\n\n\t\t\t\t\t\t\t\t<div\n\t\t\t\tclass=\"sow-features-feature sow-icon-container-position-top\"\n\t\t\t\tstyle=\"display: flex; flex-direction: column; width: calc(50% - 25px);\"\n\t\t\t>\n\t\t\t\n\t\t\t\t\t\t\t\t<div\n\t\t\t\t\tclass=\"sow-icon-container sow-container-round\"\n\t\t\t\t\tstyle=\"color: #f2f8fa; \"\n\t\t\t\t\t\t\t\t\t>\n\t\t\t\t\t<span class=\"sow-icon-fontawesome sow-far\" data-sow-icon=\"&#xf5b8;\"\n\t\tstyle=\"font-size: 28px; color: #3f91cc\" \n\t\taria-hidden=\"true\"><\/span>\t\t\t\t<\/div>\n\t\t\t\t\n\t\t\t\t<div class=\"textwidget\">\n\t\t\t\t\t\n\t\t\t\t\t\t\t\t\t\t\t<h5 class=\"sow-features-feature-title\">\n\t\t\t\t\t\t\t\n\t\t\t\t\t\t\tFam\u00edlia: Nossa Ess\u00eancia\t\t\t\t\t\t\t\t\t\t\t\t\t<\/h5>\n\t\t\t\t\t\n\t\t\t\t\t\t\t\t\t\t\t<div class=\"sow-features-feature-text\">\n\t\t\t\t\t\tA fam\u00edlia, criada por Deus, \u00e9 o alicerce da sociedade e da igreja. Acreditamos que a fam\u00edlia saud\u00e1vel \u00e9 essencial para o bem-estar da humanidade.<\/p>\n\t\t\t\t\t\t<\/div>\n\t\t\t\t\t\n\t\t\t\t\t\t\t\t\t<\/div>\n\t\t\t\t\t\t\t\t\n\t\t\t\t\t\t\t<\/div>\n\n\t\t\t\t\t\t\t\t<div\n\t\t\t\tclass=\"sow-features-feature sow-icon-container-position-top\"\n\t\t\t\tstyle=\"display: flex; flex-direction: column; width: calc(50% - 25px);\"\n\t\t\t>\n\t\t\t\n\t\t\t\t\t\t\t\t<div\n\t\t\t\t\tclass=\"sow-icon-container sow-container-round\"\n\t\t\t\t\tstyle=\"color: #f2f8fa; \"\n\t\t\t\t\t\t\t\t\t>\n\t\t\t\t\t<span class=\"sow-icon-fontawesome sow-far\" data-sow-icon=\"&#xf584;\"\n\t\tstyle=\"font-size: 28px; color: #3f91cc\" \n\t\taria-hidden=\"true\"><\/span>\t\t\t\t<\/div>\n\t\t\t\t\n\t\t\t\t<div class=\"textwidget\">\n\t\t\t\t\t\n\t\t\t\t\t\t\t\t\t\t\t<h5 class=\"sow-features-feature-title\">\n\t\t\t\t\t\t\t\n\t\t\t\t\t\t\tAmar as Pessoas: Nossa Paix\u00e3o\t\t\t\t\t\t\t\t\t\t\t\t\t<\/h5>\n\t\t\t\t\t\n\t\t\t\t\t\t\t\t\t\t\t<div class=\"sow-features-feature-text\">\n\t\t\t\t\t\tSomos completamente apaixonados por pessoas, pois acreditamos ser essa a principal forma de expressarmos o amor de Deus.<\/p>\n\t\t\t\t\t\t<\/div>\n\t\t\t\t\t\n\t\t\t\t\t\t\t\t\t<\/div>\n\t\t\t\t\t\t\t\t\n\t\t\t\t\t\t\t<\/div>\n\n\t\t\t\t\t\t\t\t<div\n\t\t\t\tclass=\"sow-features-feature sow-icon-container-position-top\"\n\t\t\t\tstyle=\"display: flex; flex-direction: column; width: calc(50% - 25px);\"\n\t\t\t>\n\t\t\t\n\t\t\t\t\t\t\t\t<div\n\t\t\t\t\tclass=\"sow-icon-container sow-container-round\"\n\t\t\t\t\tstyle=\"color: #f2f8fa; \"\n\t\t\t\t\t\t\t\t\t>\n\t\t\t\t\t<span class=\"sow-icon-fontawesome sow-far\" data-sow-icon=\"&#xf2b5;\"\n\t\tstyle=\"font-size: 28px; color: #3f91cc\" \n\t\taria-hidden=\"true\"><\/span>\t\t\t\t<\/div>\n\t\t\t\t\n\t\t\t\t<div class=\"textwidget\">\n\t\t\t\t\t\n\t\t\t\t\t\t\t\t\t\t\t<h5 class=\"sow-features-feature-title\">\n\t\t\t\t\t\t\t\n\t\t\t\t\t\t\tFazer Disc\u00edpulos: Nossa Miss\u00e3o\t\t\t\t\t\t\t\t\t\t\t\t\t<\/h5>\n\t\t\t\t\t\n\t\t\t\t\t\t\t\t\t\t\t<div class=\"sow-features-feature-text\">\n\t\t\t\t\t\tNossa miss\u00e3o \u00e9 obedecer \u00e0 Grande Comiss\u00e3o, fazendo disc\u00edpulos que verdadeiramente amam a Deus e as pessoas.<\/p>\n\t\t\t\t\t\t<\/div>\n\t\t\t\t\t\n\t\t\t\t\t\t\t\t\t<\/div>\n\t\t\t\t\t\t\t\t\n\t\t\t\t\t\t\t<\/div>\n\n\t\t\t\t\t\t\t\t<div\n\t\t\t\tclass=\"sow-features-feature sow-icon-container-position-top\"\n\t\t\t\tstyle=\"display: flex; flex-direction: column; width: calc(50% - 25px);\"\n\t\t\t>\n\t\t\t\n\t\t\t\t\t\t\t\t<div\n\t\t\t\t\tclass=\"sow-icon-container sow-container-round\"\n\t\t\t\t\tstyle=\"color: #f2f8fa; \"\n\t\t\t\t\t\t\t\t\t>\n\t\t\t\t\t<span class=\"sow-icon-fontawesome sow-far\" data-sow-icon=\"&#xf004;\"\n\t\tstyle=\"font-size: 28px; color: #3f91cc\" \n\t\taria-hidden=\"true\"><\/span>\t\t\t\t<\/div>\n\t\t\t\t\n\t\t\t\t<div class=\"textwidget\">\n\t\t\t\t\t\n\t\t\t\t\t\t\t\t\t\t\t<h5 class=\"sow-features-feature-title\">\n\t\t\t\t\t\t\t\n\t\t\t\t\t\t\tLife Group: Nosso Cora\u00e7\u00e3o\t\t\t\t\t\t\t\t\t\t\t\t\t<\/h5>\n\t\t\t\t\t\n\t\t\t\t\t\t\t\t\t\t\t<div class=\"sow-features-feature-text\">\n\t\t\t\t\t\tO life group \u00e9 a igreja no lar e proporciona um ambiente ideal para amar e servir uns aos outros.<\/p>\n\t\t\t\t\t\t<\/div>\n\t\t\t\t\t\n\t\t\t\t\t\t\t\t\t<\/div>\n\t\t\t\t\t\t\t\t\n\t\t\t\t\t\t\t<\/div>\n\n\t\t\t\t\t\t\t\t<div\n\t\t\t\tclass=\"sow-features-feature sow-icon-container-position-top\"\n\t\t\t\tstyle=\"display: flex; flex-direction: column; width: calc(50% - 25px);\"\n\t\t\t>\n\t\t\t\n\t\t\t\t\t\t\t\t<div\n\t\t\t\t\tclass=\"sow-icon-container sow-container-round\"\n\t\t\t\t\tstyle=\"color: #f2f8fa; \"\n\t\t\t\t\t\t\t\t\t>\n\t\t\t\t\t<span class=\"sow-icon-fontawesome sow-fas\" data-sow-icon=\"&#xf51d;\"\n\t\tstyle=\"font-size: 28px; color: #3f91cc\" \n\t\taria-hidden=\"true\"><\/span>\t\t\t\t<\/div>\n\t\t\t\t\n\t\t\t\t<div class=\"textwidget\">\n\t\t\t\t\t\n\t\t\t\t\t\t\t\t\t\t\t<h5 class=\"sow-features-feature-title\">\n\t\t\t\t\t\t\t\n\t\t\t\t\t\t\tPlantar Igrejas: Nossa Estrat\u00e9gia\t\t\t\t\t\t\t\t\t\t\t\t\t<\/h5>\n\t\t\t\t\t\n\t\t\t\t\t\t\t\t\t\t\t<div class=\"sow-features-feature-text\">\n\t\t\t\t\t\tAcreditamos que plantar igrejas locais \u00e9 a maneira mais eficaz e b\u00edblica de se fazer miss\u00f5es e contar ao mundo sobre o amor de Deus para com todos.<\/p>\n\t\t\t\t\t\t<\/div>\n\t\t\t\t\t\n\t\t\t\t\t\t\t\t\t<\/div>\n\t\t\t\t\t\t\t\t\n\t\t\t\t\t\t\t<\/div>\n\n\t\t\t\t\t\t\t\t<div\n\t\t\t\tclass=\"sow-features-feature sow-icon-container-position-top\"\n\t\t\t\tstyle=\"display: flex; flex-direction: column; width: calc(50% - 25px);\"\n\t\t\t>\n\t\t\t\n\t\t\t\t\t\t\t\t<div\n\t\t\t\t\tclass=\"sow-icon-container sow-container-round\"\n\t\t\t\t\tstyle=\"color: #f2f8fa; \"\n\t\t\t\t\t\t\t\t\t>\n\t\t\t\t\t<span class=\"sow-icon-fontawesome sow-far\" data-sow-icon=\"&#xf164;\"\n\t\tstyle=\"font-size: 28px; color: #3f91cc\" \n\t\taria-hidden=\"true\"><\/span>\t\t\t\t<\/div>\n\t\t\t\t\n\t\t\t\t<div class=\"textwidget\">\n\t\t\t\t\t\n\t\t\t\t\t\t\t\t\t\t\t<h5 class=\"sow-features-feature-title\">\n\t\t\t\t\t\t\t\n\t\t\t\t\t\t\tAmor, F\u00e9 e Alegria: Nossas Caracter\u00edsticas\t\t\t\t\t\t\t\t\t\t\t\t\t<\/h5>\n\t\t\t\t\t\n\t\t\t\t\t\t\t\t\t\t\t<div class=\"sow-features-feature-text\">\n\t\t\t\t\t\tFomos alcan\u00e7ados pelo amor, sabemos disso pela f\u00e9 e, por isso, somos cheios de alegria. Queremos estas atitudes em tudo o que fazemos.<\/p>\n\t\t\t\t\t\t<\/div>\n\t\t\t\t\t\n\t\t\t\t\t\t\t\t\t<\/div>\n\t\t\t\t\t\t\t\t\n\t\t\t\t\t\t\t<\/div>\n\n\t\t\t\t\t\t\t\t<div\n\t\t\t\tclass=\"sow-features-feature sow-icon-container-position-top\"\n\t\t\t\tstyle=\"display: flex; flex-direction: column; width: calc(50% - 25px);\"\n\t\t\t>\n\t\t\t\n\t\t\t\t\t\t\t\t<div\n\t\t\t\t\tclass=\"sow-icon-container sow-container-round\"\n\t\t\t\t\tstyle=\"color: #f2f8fa; \"\n\t\t\t\t\t\t\t\t\t>\n\t\t\t\t\t<span class=\"sow-icon-fontawesome sow-far\" data-sow-icon=\"&#xf3a5;\"\n\t\tstyle=\"font-size: 28px; color: #3f91cc\" \n\t\taria-hidden=\"true\"><\/span>\t\t\t\t<\/div>\n\t\t\t\t\n\t\t\t\t<div class=\"textwidget\">\n\t\t\t\t\t\n\t\t\t\t\t\t\t\t\t\t\t<h5 class=\"sow-features-feature-title\">\n\t\t\t\t\t\t\t\n\t\t\t\t\t\t\tGenerosidade: Nosso Privil\u00e9gio\t\t\t\t\t\t\t\t\t\t\t\t\t<\/h5>\n\t\t\t\t\t\n\t\t\t\t\t\t\t\t\t\t\t<div class=\"sow-features-feature-text\">\n\t\t\t\t\t\tBuscamos ser generosos com tudo que somos e temos, como express\u00e3o do nosso amor por Deus e pelas pessoas.<\/p>\n\t\t\t\t\t\t<\/div>\n\t\t\t\t\t\n\t\t\t\t\t\t\t\t\t<\/div>\n\t\t\t\t\t\t\t\t\n\t\t\t\t\t\t\t<\/div>\n\n\t\t\t\t\t\t\t\t<div\n\t\t\t\tclass=\"sow-features-feature sow-icon-container-position-top\"\n\t\t\t\tstyle=\"display: flex; flex-direction: column; width: calc(50% - 25px);\"\n\t\t\t>\n\t\t\t\n\t\t\t\t\t\t\t\t<div\n\t\t\t\t\tclass=\"sow-icon-container sow-container-round\"\n\t\t\t\t\tstyle=\"color: #f2f8fa; \"\n\t\t\t\t\t\t\t\t\t>\n\t\t\t\t\t<span class=\"sow-icon-fontawesome sow-far\" data-sow-icon=\"&#xf256;\"\n\t\tstyle=\"font-size: 28px; color: #3f91cc\" \n\t\taria-hidden=\"true\"><\/span>\t\t\t\t<\/div>\n\t\t\t\t\n\t\t\t\t<div class=\"textwidget\">\n\t\t\t\t\t\n\t\t\t\t\t\t\t\t\t\t\t<h5 class=\"sow-features-feature-title\">\n\t\t\t\t\t\t\t\n\t\t\t\t\t\t\tServir: Nosso Chamado\t\t\t\t\t\t\t\t\t\t\t\t\t<\/h5>\n\t\t\t\t\t\n\t\t\t\t\t\t\t\t\t\t\t<div class=\"sow-features-feature-text\">\n\t\t\t\t\t\tAmamos servir porque entendemos que fomos chamados para fazer parte do que Jesus est\u00e1 fazendo na vida das pessoas.<\/p>\n\t\t\t\t\t\t<\/div>\n\t\t\t\t\t\n\t\t\t\t\t\t\t\t\t<\/div>\n\t\t\t\t\t\t\t\t\n\t\t\t\t\t\t\t<\/div>\n\n\t\t\t\t\t\t\t\t<div\n\t\t\t\tclass=\"sow-features-feature sow-icon-container-position-top\"\n\t\t\t\tstyle=\"display: flex; flex-direction: column; width: calc(50% - 25px);\"\n\t\t\t>\n\t\t\t\n\t\t\t\t\t\t\t\t<div\n\t\t\t\t\tclass=\"sow-icon-container sow-container-round\"\n\t\t\t\t\tstyle=\"color: #f2f8fa; \"\n\t\t\t\t\t\t\t\t\t>\n\t\t\t\t\t<span class=\"sow-icon-fontawesome sow-fas\" data-sow-icon=\"&#xf559;\"\n\t\tstyle=\"font-size: 28px; color: #3f91cc\" \n\t\taria-hidden=\"true\"><\/span>\t\t\t\t<\/div>\n\t\t\t\t\n\t\t\t\t<div class=\"textwidget\">\n\t\t\t\t\t\n\t\t\t\t\t\t\t\t\t\t\t<h5 class=\"sow-features-feature-title\">\n\t\t\t\t\t\t\t\n\t\t\t\t\t\t\tExcel\u00eancia: Nosso Esp\u00edrito\t\t\t\t\t\t\t\t\t\t\t\t\t<\/h5>\n\t\t\t\t\t\n\t\t\t\t\t\t\t\t\t\t\t<div class=\"sow-features-feature-text\">\n\t\t\t\t\t\tFazemos tudo com excel\u00eancia porque acreditamos que isso glorifica a Deus, inspira pessoas e traz os melhores resultados.<\/p>\n\t\t\t\t\t\t<\/div>\n\t\t\t\t\t\n\t\t\t\t\t\t\t\t\t<\/div>\n\t\t\t\t\t\t\t\t\n\t\t\t\t\t\t\t<\/div>\n\n\t\t\t\n<\/div>\n<\/div><\/div><\/div><\/div><\/div><\/div><\/div>","protected":false},"excerpt":{"rendered":"<p>O tema para 2026 da Paz Church \u00e9 \u201cO Reino Impar\u00e1vel\u201d, inspirado em Isa\u00edas 9.7, que declara que o governo de Cristo cresce continuamente e que n\u00e3o h\u00e1 fim para a expans\u00e3o do Seu Reino. Cremos que este ser\u00e1 um ano de avan\u00e7o, crescimento e multiplica\u00e7\u00e3o, com Jesus reinando de forma vis\u00edvel em nossas vidasContinue reading &rarr;<\/p>\n","protected":false},"author":6,"featured_media":0,"parent":0,"menu_order":0,"comment_status":"closed","ping_status":"closed","template":"page-videos.php","meta":{"_acf_changed":false,"_seopress_robots_primary_cat":"","_seopress_titles_title":"","_seopress_titles_desc":"","_seopress_robots_index":"","_joinchat":[],"footnotes":""},"class_list":["post-1243","page","type-page","status-publish","no-thumb"],"acf":[],"_links":{"self":[{"href":"https:\/\/paz.church\/saopaulo\/wp-json\/wp\/v2\/pages\/1243","targetHints":{"allow":["GET"]}}],"collection":[{"href":"https:\/\/paz.church\/saopaulo\/wp-json\/wp\/v2\/pages"}],"about":[{"href":"https:\/\/paz.church\/saopaulo\/wp-json\/wp\/v2\/types\/page"}],"author":[{"embeddable":true,"href":"https:\/\/paz.church\/saopaulo\/wp-json\/wp\/v2\/users\/6"}],"replies":[{"embeddable":true,"href":"https:\/\/paz.church\/saopaulo\/wp-json\/wp\/v2\/comments?post=1243"}],"version-history":[{"count":158,"href":"https:\/\/paz.church\/saopaulo\/wp-json\/wp\/v2\/pages\/1243\/revisions"}],"predecessor-version":[{"id":26170,"href":"https:\/\/paz.church\/saopaulo\/wp-json\/wp\/v2\/pages\/1243\/revisions\/26170"}],"wp:attachment":[{"href":"https:\/\/paz.church\/saopaulo\/wp-json\/wp\/v2\/media?parent=1243"}],"curies":[{"name":"wp","href":"https:\/\/api.w.org\/{rel}","templated":true}]}}