{"id":1245,"date":"2018-12-11T21:08:25","date_gmt":"2018-12-11T23:08:25","guid":{"rendered":"https:\/\/paz.church\/saopaulo\/?page_id=1245"},"modified":"2022-12-19T23:05:40","modified_gmt":"2022-12-20T02:05:40","slug":"mda","status":"publish","type":"page","link":"https:\/\/paz.church\/saopaulo\/mda\/","title":{"rendered":"Vis\u00e3o MDA"},"content":{"rendered":"<div id=\"pl-1245\"  class=\"panel-layout\" ><a id=\"bordas\"><\/a><div id=\"pg-1245-0\"  class=\"panel-grid panel-has-style\"  data-extraid=\"bordas\" ><div class=\"bordas panel-row-style panel-row-style-for-1245-0\" ><div id=\"pgc-1245-0-0\"  class=\"panel-grid-cell\" ><div id=\"panel-1245-0-0-0\" class=\"so-panel widget widget_sow-editor panel-first-child panel-last-child\" data-index=\"0\" ><div\n\t\t\t\n\t\t\tclass=\"so-widget-sow-editor so-widget-sow-editor-base\"\n\t\t\t\n\t\t>\n<div class=\"siteorigin-widget-tinymce textwidget\">\n\t<p>A Paz Church \u00e9 100% Vis\u00e3o do MDA.<\/p>\n<p>Na Vis\u00e3o do MDA, \u00e9 poss\u00edvel \u00e0 Igreja Local ganhar multid\u00f5es para Jesus sem deixar de cuidar bem de cada crist\u00e3o.<\/p>\n<p>O MDA abrange diversos fatores desenvolvidos na Igreja Local. Sem d\u00favida, o fator central desse poderoso modelo \u00e9 o <strong>discipulado,\u00a0<\/strong>que todos na igreja recebem, seja individualmente, seja atrav\u00e9s do pastoreio eficaz da c\u00e9lula.<\/p>\n<p>A C\u00e9lula \u2014 tamb\u00e9m chamada de <em>Life Group<\/em> \u2014 \u00e9 a Igreja no Lar. Um lugar de pastoreio, de grandes amizades, de estudo da Palavra de Deus e de ora\u00e7\u00e3o intensa. Um ambiente cheio de f\u00e9, alegria e muito amor.<\/p>\n<p>Na <strong><a href=\"http:\/\/www.visaomda.com\" target=\"_blank\" rel=\"noopener\">Vis\u00e3o do MDA<\/a><\/strong> cada crist\u00e3o compromissado deve estar sendo e fazendo disc\u00edpulos, participar de uma C\u00e9lula, abra\u00e7ar a vis\u00e3o da Igreja Local, buscar a Unidade da Igreja Mundial e colocar em primeiro lugar o Reino de Deus.<\/p>\n<hr \/>\n<p><strong><a href=\"http:\/\/www.visaomda.com\/\" target=\"_blank\" rel=\"noopener\">- Saiba mais sobre a Vis\u00e3o do MDA<\/a><\/strong><\/p>\n<\/div>\n<\/div><\/div><\/div><div id=\"pgc-1245-0-1\"  class=\"panel-grid-cell\" ><div id=\"panel-1245-0-1-0\" class=\"so-panel widget widget_sow-image panel-first-child panel-last-child\" data-index=\"1\" ><div\n\t\t\t\n\t\t\tclass=\"so-widget-sow-image so-widget-sow-image-default-8b5b6f678277-1245\"\n\t\t\t\n\t\t>\n<div class=\"sow-image-container\">\n\t\t<img loading=\"lazy\" decoding=\"async\" src=\"https:\/\/paz.church\/saopaulo\/wp-content\/uploads\/2022\/06\/Visa\u0303o-MDA-Logotipo-2022-CE\u0301LULA-300x300.png\" width=\"300\" height=\"300\" srcset=\"https:\/\/paz.church\/saopaulo\/wp-content\/uploads\/2022\/06\/Visa\u0303o-MDA-Logotipo-2022-CE\u0301LULA-300x300.png 300w, https:\/\/paz.church\/saopaulo\/wp-content\/uploads\/2022\/06\/Visa\u0303o-MDA-Logotipo-2022-CE\u0301LULA-1024x1024.png 1024w, https:\/\/paz.church\/saopaulo\/wp-content\/uploads\/2022\/06\/Visa\u0303o-MDA-Logotipo-2022-CE\u0301LULA-180x180.png 180w, https:\/\/paz.church\/saopaulo\/wp-content\/uploads\/2022\/06\/Visa\u0303o-MDA-Logotipo-2022-CE\u0301LULA-768x768.png 768w, https:\/\/paz.church\/saopaulo\/wp-content\/uploads\/2022\/06\/Visa\u0303o-MDA-Logotipo-2022-CE\u0301LULA-330x330.png 330w, https:\/\/paz.church\/saopaulo\/wp-content\/uploads\/2022\/06\/Visa\u0303o-MDA-Logotipo-2022-CE\u0301LULA-426x426.png 426w, https:\/\/paz.church\/saopaulo\/wp-content\/uploads\/2022\/06\/Visa\u0303o-MDA-Logotipo-2022-CE\u0301LULA-75x75.png 75w, https:\/\/paz.church\/saopaulo\/wp-content\/uploads\/2022\/06\/Visa\u0303o-MDA-Logotipo-2022-CE\u0301LULA.png 1200w\" sizes=\"auto, (max-width: 300px) 100vw, 300px\" title=\"Visa\u0303o MDA\" alt=\"\" \t\tclass=\"so-widget-image\"\/>\n\t<\/div>\n\n<\/div><\/div><\/div><\/div><\/div><\/div>","protected":false},"excerpt":{"rendered":"<p>A Paz Church \u00e9 100% Vis\u00e3o do MDA. Na Vis\u00e3o do MDA, \u00e9 poss\u00edvel \u00e0 Igreja Local ganhar multid\u00f5es para Jesus sem deixar de cuidar bem de cada crist\u00e3o. O MDA abrange diversos fatores desenvolvidos na Igreja Local. Sem d\u00favida, o fator central desse poderoso modelo \u00e9 o discipulado,\u00a0que todos na igreja recebem, seja individualmente,Continue reading &rarr;<\/p>\n","protected":false},"author":6,"featured_media":19541,"parent":0,"menu_order":0,"comment_status":"closed","ping_status":"closed","template":"","meta":{"_acf_changed":false,"_seopress_robots_primary_cat":"","_seopress_titles_title":"","_seopress_titles_desc":"","_seopress_robots_index":"","_joinchat":[],"footnotes":""},"class_list":["post-1245","page","type-page","status-publish","has-post-thumbnail","has-thumb"],"acf":[],"_links":{"self":[{"href":"https:\/\/paz.church\/saopaulo\/wp-json\/wp\/v2\/pages\/1245","targetHints":{"allow":["GET"]}}],"collection":[{"href":"https:\/\/paz.church\/saopaulo\/wp-json\/wp\/v2\/pages"}],"about":[{"href":"https:\/\/paz.church\/saopaulo\/wp-json\/wp\/v2\/types\/page"}],"author":[{"embeddable":true,"href":"https:\/\/paz.church\/saopaulo\/wp-json\/wp\/v2\/users\/6"}],"replies":[{"embeddable":true,"href":"https:\/\/paz.church\/saopaulo\/wp-json\/wp\/v2\/comments?post=1245"}],"version-history":[{"count":54,"href":"https:\/\/paz.church\/saopaulo\/wp-json\/wp\/v2\/pages\/1245\/revisions"}],"predecessor-version":[{"id":21064,"href":"https:\/\/paz.church\/saopaulo\/wp-json\/wp\/v2\/pages\/1245\/revisions\/21064"}],"wp:featuredmedia":[{"embeddable":true,"href":"https:\/\/paz.church\/saopaulo\/wp-json\/wp\/v2\/media\/19541"}],"wp:attachment":[{"href":"https:\/\/paz.church\/saopaulo\/wp-json\/wp\/v2\/media?parent=1245"}],"curies":[{"name":"wp","href":"https:\/\/api.w.org\/{rel}","templated":true}]}}