{"id":5737,"date":"2019-09-20T00:00:29","date_gmt":"2019-09-20T03:00:29","guid":{"rendered":"https:\/\/paz.church\/saopaulo\/?page_id=5737"},"modified":"2025-05-20T13:20:04","modified_gmt":"2025-05-20T16:20:04","slug":"podcast","status":"publish","type":"page","link":"https:\/\/paz.church\/saopaulo\/podcast\/","title":{"rendered":"Podcast"},"content":{"rendered":"<div id=\"pl-5737\"  class=\"panel-layout\" ><a id=\"bordas\"><\/a><div id=\"pg-5737-0\"  class=\"panel-grid panel-has-style\"  data-extraid=\"bordas\" ><div class=\"bordas panel-row-style panel-row-style-for-5737-0\" ><div id=\"pgc-5737-0-0\"  class=\"panel-grid-cell\" ><div id=\"panel-5737-0-0-0\" class=\"so-panel widget widget_sow-features panel-first-child panel-last-child\" data-index=\"0\" ><div class=\"panel-widget-style panel-widget-style-for-5737-0-0-0\" ><div\n\t\t\t\n\t\t\tclass=\"so-widget-sow-features so-widget-sow-features-default-3636401746fd-5737\"\n\t\t\t\n\t\t>\n<div class=\"sow-features-list sow-features-responsive\">\n\n\t\t\t\t\t\t\t\t\t<div\n\t\t\t\tclass=\"sow-features-feature sow-icon-container-position-top\"\n\t\t\t\tstyle=\"display: flex; flex-direction: column; width: calc(33.333% - 25px);\"\n\t\t\t>\n\t\t\t\n\t\t\t\t\t\t\t\t\t<a\n\t\t\t\t\t\thref=\"https:\/\/open.spotify.com\/show\/1ywyTgIF7YatB0u1YG7l8X\"\n\t\t\t\t\t\ttarget=\"_blank\" rel=\"noopener noreferrer\"\t\t\t\t\t>\n\t\t\t\t\t\t\t\t<div\n\t\t\t\t\tclass=\"sow-icon-container sow-container-none\"\n\t\t\t\t\tstyle=\"color: ; \"\n\t\t\t\t\t\t\t\t\t>\n\t\t\t\t\t<div class=\"sow-icon-image\" style=\"background-image: url(https:\/\/paz.church\/saopaulo\/wp-content\/uploads\/2019\/09\/Spotify-PNG.png); font-size: 48px\"><\/div>\t\t\t\t<\/div>\n\t\t\t\t\t\t\t\t\t<\/a>\n\t\t\t\t\t\n\t\t\t\t<div class=\"textwidget\">\n\t\t\t\t\t\n\t\t\t\t\t\t\t\t\t\t\t<h5 class=\"sow-features-feature-title\">\n\t\t\t\t\t\t\t\t\t\t\t\t\t\t\t<a\n\t\t\t\t\t\t\t\t\thref=\"https:\/\/open.spotify.com\/show\/1ywyTgIF7YatB0u1YG7l8X\"\n\t\t\t\t\t\t\t\t\ttarget=\"_blank\" rel=\"noopener noreferrer\"\t\t\t\t\t\t\t\t>\n\t\t\t\t\t\t\t\n\t\t\t\t\t\t\tSpotify\t\t\t\t\t\t\t\t\t\t\t\t\t\t\t<\/a>\n\t\t\t\t\t\t\t\t\t\t\t\t\t<\/h5>\n\t\t\t\t\t\n\t\t\t\t\t\n\t\t\t\t\t\t\t\t\t<\/div>\n\t\t\t\t\t\t\t\t\n\t\t\t\t\t\t\t<\/div>\n\n\t\t\t\t\t\t\t\t<div\n\t\t\t\tclass=\"sow-features-feature sow-icon-container-position-top\"\n\t\t\t\tstyle=\"display: flex; flex-direction: column; width: calc(33.333% - 25px);\"\n\t\t\t>\n\t\t\t\n\t\t\t\t\t\t\t\t\t<a\n\t\t\t\t\t\thref=\"https:\/\/podcasts.apple.com\/br\/podcast\/paz-s%C3%A3o-paulo-podcast\/id1476831118\"\n\t\t\t\t\t\ttarget=\"_blank\" rel=\"noopener noreferrer\"\t\t\t\t\t>\n\t\t\t\t\t\t\t\t<div\n\t\t\t\t\tclass=\"sow-icon-container sow-container-none\"\n\t\t\t\t\tstyle=\"color: ; \"\n\t\t\t\t\t\t\t\t\t>\n\t\t\t\t\t<div class=\"sow-icon-image\" style=\"background-image: url(https:\/\/paz.church\/saopaulo\/wp-content\/uploads\/2019\/09\/Apple-PNG.png); font-size: 48px\"><\/div>\t\t\t\t<\/div>\n\t\t\t\t\t\t\t\t\t<\/a>\n\t\t\t\t\t\n\t\t\t\t<div class=\"textwidget\">\n\t\t\t\t\t\n\t\t\t\t\t\t\t\t\t\t\t<h5 class=\"sow-features-feature-title\">\n\t\t\t\t\t\t\t\t\t\t\t\t\t\t\t<a\n\t\t\t\t\t\t\t\t\thref=\"https:\/\/podcasts.apple.com\/br\/podcast\/paz-s%C3%A3o-paulo-podcast\/id1476831118\"\n\t\t\t\t\t\t\t\t\ttarget=\"_blank\" rel=\"noopener noreferrer\"\t\t\t\t\t\t\t\t>\n\t\t\t\t\t\t\t\n\t\t\t\t\t\t\tApple Podcasts\t\t\t\t\t\t\t\t\t\t\t\t\t\t\t<\/a>\n\t\t\t\t\t\t\t\t\t\t\t\t\t<\/h5>\n\t\t\t\t\t\n\t\t\t\t\t\n\t\t\t\t\t\t\t\t\t<\/div>\n\t\t\t\t\t\t\t\t\n\t\t\t\t\t\t\t<\/div>\n\n\t\t\t\t\t\t\t\t<div\n\t\t\t\tclass=\"sow-features-feature sow-icon-container-position-top\"\n\t\t\t\tstyle=\"display: flex; flex-direction: column; width: calc(33.333% - 25px);\"\n\t\t\t>\n\t\t\t\n\t\t\t\t\t\t\t\t\t<a\n\t\t\t\t\t\thref=\"https:\/\/www.deezer.com\/br\/show\/452622\"\n\t\t\t\t\t\ttarget=\"_blank\" rel=\"noopener noreferrer\"\t\t\t\t\t>\n\t\t\t\t\t\t\t\t<div\n\t\t\t\t\tclass=\"sow-icon-container sow-container-none\"\n\t\t\t\t\tstyle=\"color: ; \"\n\t\t\t\t\t\t\t\t\t>\n\t\t\t\t\t<div class=\"sow-icon-image\" style=\"background-image: url(https:\/\/paz.church\/saopaulo\/wp-content\/uploads\/2025\/05\/Deezer.png); font-size: 48px\"><\/div>\t\t\t\t<\/div>\n\t\t\t\t\t\t\t\t\t<\/a>\n\t\t\t\t\t\n\t\t\t\t<div class=\"textwidget\">\n\t\t\t\t\t\n\t\t\t\t\t\t\t\t\t\t\t<h5 class=\"sow-features-feature-title\">\n\t\t\t\t\t\t\t\t\t\t\t\t\t\t\t<a\n\t\t\t\t\t\t\t\t\thref=\"https:\/\/www.deezer.com\/br\/show\/452622\"\n\t\t\t\t\t\t\t\t\ttarget=\"_blank\" rel=\"noopener noreferrer\"\t\t\t\t\t\t\t\t>\n\t\t\t\t\t\t\t\n\t\t\t\t\t\t\tDeezer\t\t\t\t\t\t\t\t\t\t\t\t\t\t\t<\/a>\n\t\t\t\t\t\t\t\t\t\t\t\t\t<\/h5>\n\t\t\t\t\t\n\t\t\t\t\t\n\t\t\t\t\t\t\t\t\t<\/div>\n\t\t\t\t\t\t\t\t\n\t\t\t\t\t\t\t<\/div>\n\n\t\t\t\n<\/div>\n<\/div><\/div><\/div><\/div><\/div><\/div><a id=\"bordas\"><\/a><div id=\"pg-5737-1\"  class=\"panel-grid panel-has-style\"  data-extraid=\"bordas\" ><div class=\"bordas panel-row-style panel-row-style-for-5737-1\" ><div id=\"pgc-5737-1-0\"  class=\"panel-grid-cell\" ><div class=\"bordas panel-cell-style panel-cell-style-for-5737-1-0\" ><div id=\"panel-5737-1-0-0\" class=\"so-panel widget widget_sow-editor panel-first-child\" data-index=\"1\" ><div\n\t\t\t\n\t\t\tclass=\"so-widget-sow-editor so-widget-sow-editor-base\"\n\t\t\t\n\t\t><h3 class=\"widget-title\">O que \u00e9 um podcast?<\/h3>\n<div class=\"siteorigin-widget-tinymce textwidget\">\n\t<p>Um podcast \u00e9 um programa em formato de \u00e1udio ou v\u00eddeo que pode ser acessado sob demanda, ou seja, voc\u00ea escolhe quando e o que quer ouvir. Diferente do r\u00e1dio tradicional, voc\u00ea tem liberdade para escutar no momento que preferir, seja pelo celular ou computador, clicando no play ou baixando o epis\u00f3dio.<\/p>\n<p>Na Paz Church S\u00e3o Paulo, os podcasts trazem os \u00e1udios das mensagens compartilhadas durante nossos cultos de celebra\u00e7\u00e3o.<\/p>\n<\/div>\n<\/div><\/div><div id=\"panel-5737-1-0-1\" class=\"so-panel widget widget_sow-editor\" data-index=\"2\" ><div\n\t\t\t\n\t\t\tclass=\"so-widget-sow-editor so-widget-sow-editor-base\"\n\t\t\t\n\t\t><h3 class=\"widget-title\">Como ouvir um podcast?<\/h3>\n<div class=\"siteorigin-widget-tinymce textwidget\">\n\t<p>Voc\u00ea pode ouvir podcasts por sites, plataformas de m\u00fasica ou aplicativos espec\u00edficos para isso, dispon\u00edveis nas lojas de apps dos celulares.<\/p>\n<p>Aqui vamos indicar os apps mais usados. Se ainda n\u00e3o tiver um instalado, basta escolher e baixar o de sua prefer\u00eancia \u2014 alguns s\u00e3o gratuitos, enquanto outros exigem assinatura.<\/p>\n<p>Toda semana novos epis\u00f3dios s\u00e3o adicionados nessas plataformas.<\/p>\n<\/div>\n<\/div><\/div><div id=\"panel-5737-1-0-2\" class=\"so-panel widget widget_sow-button panel-last-child\" data-index=\"3\" ><div\n\t\t\t\n\t\t\tclass=\"so-widget-sow-button so-widget-sow-button-flat-083eb5a40b94-5737\"\n\t\t\t\n\t\t><div class=\"ow-button-base ow-button-align-center\">\n\t\t\t<a\n\t\t\t\t\thref=\"https:\/\/anchor.fm\/pazsaopaulo\"\n\t\t\t\t\tclass=\"sowb-button ow-icon-placement-left\" target=\"_blank\" rel=\"noopener noreferrer\" \t>\n\t\t<span>\n\t\t\t\n\t\t\tVer mais op\u00e7\u00f5es\t\t<\/span>\n\t\t\t<\/a>\n\t<\/div>\n<\/div><\/div><\/div><\/div><\/div><\/div><\/div>","protected":false},"excerpt":{"rendered":"<p>Um podcast \u00e9 um programa em formato de \u00e1udio ou v\u00eddeo que pode ser acessado sob demanda, ou seja, voc\u00ea escolhe quando e o que quer ouvir. Diferente do r\u00e1dio tradicional, voc\u00ea tem liberdade para escutar no momento que preferir, seja pelo celular ou computador, clicando no play ou baixando o epis\u00f3dio. Na Paz ChurchContinue reading &rarr;<\/p>\n","protected":false},"author":6,"featured_media":25376,"parent":0,"menu_order":0,"comment_status":"closed","ping_status":"closed","template":"","meta":{"_acf_changed":false,"_seopress_robots_primary_cat":"","_seopress_titles_title":"","_seopress_titles_desc":"","_seopress_robots_index":"","_joinchat":[],"footnotes":""},"class_list":["post-5737","page","type-page","status-publish","has-post-thumbnail","has-thumb"],"acf":[],"_links":{"self":[{"href":"https:\/\/paz.church\/saopaulo\/wp-json\/wp\/v2\/pages\/5737","targetHints":{"allow":["GET"]}}],"collection":[{"href":"https:\/\/paz.church\/saopaulo\/wp-json\/wp\/v2\/pages"}],"about":[{"href":"https:\/\/paz.church\/saopaulo\/wp-json\/wp\/v2\/types\/page"}],"author":[{"embeddable":true,"href":"https:\/\/paz.church\/saopaulo\/wp-json\/wp\/v2\/users\/6"}],"replies":[{"embeddable":true,"href":"https:\/\/paz.church\/saopaulo\/wp-json\/wp\/v2\/comments?post=5737"}],"version-history":[{"count":73,"href":"https:\/\/paz.church\/saopaulo\/wp-json\/wp\/v2\/pages\/5737\/revisions"}],"predecessor-version":[{"id":25375,"href":"https:\/\/paz.church\/saopaulo\/wp-json\/wp\/v2\/pages\/5737\/revisions\/25375"}],"wp:featuredmedia":[{"embeddable":true,"href":"https:\/\/paz.church\/saopaulo\/wp-json\/wp\/v2\/media\/25376"}],"wp:attachment":[{"href":"https:\/\/paz.church\/saopaulo\/wp-json\/wp\/v2\/media?parent=5737"}],"curies":[{"name":"wp","href":"https:\/\/api.w.org\/{rel}","templated":true}]}}