{"id":1249,"date":"2018-12-11T21:10:16","date_gmt":"2018-12-11T23:10:16","guid":{"rendered":"https:\/\/paz.church\/saopaulo\/?page_id=1249"},"modified":"2024-01-06T13:25:50","modified_gmt":"2024-01-06T16:25:50","slug":"time","status":"publish","type":"page","link":"https:\/\/paz.church\/saovicente\/time\/","title":{"rendered":"Nosso time"},"content":{"rendered":"<div id=\"pl-1249\"  class=\"panel-layout\" ><div id=\"pg-1249-0\"  class=\"panel-grid panel-has-style\" ><div id=\"Team01\" class=\"panel-row-style panel-row-style-for-1249-0\" ><div id=\"pgc-1249-0-0\"  class=\"panel-grid-cell\" ><div id=\"colunas-widget\" class=\"panel-cell-style panel-cell-style-for-1249-0-0\" ><div id=\"panel-1249-0-0-0\" class=\"so-panel widget widget_sow-headline panel-first-child panel-last-child\" data-index=\"0\" ><div class=\"titulo panel-widget-style panel-widget-style-for-1249-0-0-0\" ><div\n\t\t\t\n\t\t\tclass=\"so-widget-sow-headline so-widget-sow-headline-default-b0e2e7a73887-1249\"\n\t\t\t\n\t\t><div class=\"sow-headline-container \">\n\t\t\t\t\t\t\t<h3 class=\"sow-headline\">\n\t\t\t\t\t\tPastores Seniores\t\t\t\t\t\t<\/h3>\n\t\t\t\t\t\t<\/div>\n<\/div><\/div><\/div><\/div><\/div><\/div><\/div><a id=\"bordas\"><\/a><div id=\"pg-1249-1\"  class=\"panel-grid panel-has-style\"  data-extraid=\"bordas\" ><div class=\"bordas panel-row-style panel-row-style-for-1249-1\" id=\"team\" ><div id=\"pgc-1249-1-0\"  class=\"panel-grid-cell\" ><div id=\"panel-1249-1-0-0\" class=\"so-panel widget widget_sow-image panel-first-child panel-last-child\" data-index=\"1\" ><div\n\t\t\t\n\t\t\tclass=\"so-widget-sow-image so-widget-sow-image-default-8b5b6f678277-1249\"\n\t\t\t\n\t\t>\n\n<div class=\"sow-image-container\">\n\t\t<img loading=\"lazy\" decoding=\"async\" src=\"https:\/\/paz.church\/saovicente\/wp-content\/uploads\/2022\/07\/Paz_church_SV_Pr_Stanley_Pra_Dani-e1657896998501-426x426.jpg\" width=\"426\" height=\"426\" srcset=\"https:\/\/paz.church\/saovicente\/wp-content\/uploads\/2022\/07\/Paz_church_SV_Pr_Stanley_Pra_Dani-e1657896998501-426x426.jpg 426w, https:\/\/paz.church\/saovicente\/wp-content\/uploads\/2022\/07\/Paz_church_SV_Pr_Stanley_Pra_Dani-e1657896998501-180x180.jpg 180w, https:\/\/paz.church\/saovicente\/wp-content\/uploads\/2022\/07\/Paz_church_SV_Pr_Stanley_Pra_Dani-e1657896998501-330x330.jpg 330w, https:\/\/paz.church\/saovicente\/wp-content\/uploads\/2022\/07\/Paz_church_SV_Pr_Stanley_Pra_Dani-e1657896998501-75x75.jpg 75w\" sizes=\"auto, (max-width: 426px) 100vw, 426px\" title=\"Paz_church_SV_Pr_Stanley_Pra_Dani\" alt=\"\" \t\tclass=\"so-widget-image\"\/>\n\t<\/div>\n\n<\/div><\/div><\/div><div id=\"pgc-1249-1-1\"  class=\"panel-grid-cell\" ><div id=\"panel-1249-1-1-0\" class=\"so-panel widget widget_sow-editor panel-first-child\" data-index=\"2\" ><div\n\t\t\t\n\t\t\tclass=\"so-widget-sow-editor so-widget-sow-editor-base\"\n\t\t\t\n\t\t><h3 class=\"widget-title\">Stanley &amp; Daniela Costa<\/h3>\n<div class=\"siteorigin-widget-tinymce textwidget\">\n\t<p>L\u00edderes da Base Regional da Paz Church S\u00e3o Vicente.<\/p>\n<p>Ambos s\u00e3o apaixonados pelo avan\u00e7o do Reino de Deus e pela salva\u00e7\u00e3o de vidas.<\/p>\n<\/div>\n<\/div><\/div><div id=\"panel-1249-1-1-1\" class=\"so-panel widget widget_sow-social-media-buttons panel-last-child\" data-index=\"3\" ><div class=\"panel-widget-style panel-widget-style-for-1249-1-1-1\" ><div\n\t\t\t\n\t\t\tclass=\"so-widget-sow-social-media-buttons so-widget-sow-social-media-buttons-flat-4678e1401eb7-1249\"\n\t\t\t\n\t\t>\n\n<div class=\"social-media-button-container\">\n\t\n\t\t<a class=\"sow-social-media-button-facebook-0 sow-social-media-button\" title=\"Paz Church | S\u00e3o Vicente em Facebook\" aria-label=\"Paz Church | S\u00e3o Vicente em Facebook\" target=\"_blank\" rel=\"noopener noreferrer\" href=\"https:\/\/www.facebook.com\/PazSaoVicente\/\" >\n\t\t\t<span>\n\t\t\t\t\t\t\t\t<span class=\"sow-icon-fontawesome sow-fab\" data-sow-icon=\"&#xf39e;\"\n\t\t \n\t\taria-hidden=\"true\"><\/span>\t\t\t\t\t\t\t<\/span>\n\t\t<\/a>\n\t\n\t\t<a class=\"sow-social-media-button-instagram-0 sow-social-media-button\" title=\"Paz Church | S\u00e3o Vicente em Instagram\" aria-label=\"Paz Church | S\u00e3o Vicente em Instagram\" target=\"_blank\" rel=\"noopener noreferrer\" href=\"https:\/\/www.instagram.com\/stanleylcosta\/\" >\n\t\t\t<span>\n\t\t\t\t\t\t\t\t<span class=\"sow-icon-fontawesome sow-fab\" data-sow-icon=\"&#xf16d;\"\n\t\t \n\t\taria-hidden=\"true\"><\/span>\t\t\t\t\t\t\t<\/span>\n\t\t<\/a>\n\t\n\t\t<a class=\"sow-social-media-button-youtube-0 sow-social-media-button\" title=\"Paz Church | S\u00e3o Vicente em Youtube\" aria-label=\"Paz Church | S\u00e3o Vicente em Youtube\" target=\"_blank\" rel=\"noopener noreferrer\" href=\"https:\/\/www.youtube.com\/c\/PazS%C3%A3oVicente\" >\n\t\t\t<span>\n\t\t\t\t\t\t\t\t<span class=\"sow-icon-fontawesome sow-fab\" data-sow-icon=\"&#xf167;\"\n\t\t \n\t\taria-hidden=\"true\"><\/span>\t\t\t\t\t\t\t<\/span>\n\t\t<\/a>\n\t<\/div>\n<\/div><\/div><\/div><\/div><\/div><\/div><div id=\"pg-1249-2\"  class=\"panel-grid panel-has-style\" ><div id=\"staff\" class=\"panel-row-style panel-row-style-for-1249-2\" ><div id=\"pgc-1249-2-0\"  class=\"panel-grid-cell\" ><div id=\"colunas-widget\" class=\"panel-cell-style panel-cell-style-for-1249-2-0\" ><div id=\"panel-1249-2-0-0\" class=\"so-panel widget widget_sow-headline panel-first-child panel-last-child\" data-index=\"4\" ><div class=\"titulo panel-widget-style panel-widget-style-for-1249-2-0-0\" ><div\n\t\t\t\n\t\t\tclass=\"so-widget-sow-headline so-widget-sow-headline-default-1d0bd50eff9b-1249\"\n\t\t\t\n\t\t><div class=\"sow-headline-container \">\n\t\t\t\t\t\t\t<h3 class=\"sow-headline\">\n\t\t\t\t\t\tEquipe S\u00eanior\t\t\t\t\t\t<\/h3>\n\t\t\t\t\t\t<\/div>\n<\/div><\/div><\/div><\/div><\/div><\/div><\/div><a id=\"bordas\"><\/a><div id=\"pg-1249-3\"  class=\"panel-grid panel-has-style\"  data-extraid=\"bordas\" ><div class=\"bordas panel-row-style panel-row-style-for-1249-3\" id=\"staff\" ><div id=\"pgc-1249-3-0\"  class=\"panel-grid-cell panel-grid-cell-empty\" ><\/div><div id=\"pgc-1249-3-1\"  class=\"panel-grid-cell\" ><div id=\"panel-1249-3-1-0\" class=\"so-panel widget widget_sow-image panel-first-child\" data-index=\"5\" ><div\n\t\t\t\n\t\t\tclass=\"so-widget-sow-image so-widget-sow-image-default-8b5b6f678277-1249\"\n\t\t\t\n\t\t>\n\n<div class=\"sow-image-container\">\n\t\t<img loading=\"lazy\" decoding=\"async\" src=\"https:\/\/paz.church\/saovicente\/wp-content\/uploads\/2022\/07\/Paz_church_SV_Felipe_Diana-1-330x330.jpg\" width=\"330\" height=\"330\" srcset=\"https:\/\/paz.church\/saovicente\/wp-content\/uploads\/2022\/07\/Paz_church_SV_Felipe_Diana-1-330x330.jpg 330w, https:\/\/paz.church\/saovicente\/wp-content\/uploads\/2022\/07\/Paz_church_SV_Felipe_Diana-1-180x180.jpg 180w, https:\/\/paz.church\/saovicente\/wp-content\/uploads\/2022\/07\/Paz_church_SV_Felipe_Diana-1-426x426.jpg 426w, https:\/\/paz.church\/saovicente\/wp-content\/uploads\/2022\/07\/Paz_church_SV_Felipe_Diana-1-75x75.jpg 75w\" sizes=\"auto, (max-width: 330px) 100vw, 330px\" title=\"Paz_church_SV_Felipe_Diana\" alt=\"\" \t\tclass=\"so-widget-image\"\/>\n\t<\/div>\n\n<\/div><\/div><div id=\"panel-1249-3-1-1\" class=\"so-panel widget widget_sow-editor\" data-index=\"6\" ><div\n\t\t\t\n\t\t\tclass=\"so-widget-sow-editor so-widget-sow-editor-base\"\n\t\t\t\n\t\t><h3 class=\"widget-title\">Felipe &amp; Diana<\/h3>\n<div class=\"siteorigin-widget-tinymce textwidget\">\n\t<div id=\"panel-7436-4-0-1\" class=\"so-panel widget widget_sow-editor\" data-index=\"6\">\n<div class=\"so-widget-sow-editor so-widget-sow-editor-base\">\n<div class=\"siteorigin-widget-tinymce textwidget\">\n<p>L\u00edderes Diflen \/ Jovens<\/p>\n<\/div>\n<\/div>\n<\/div>\n<\/div>\n<\/div><\/div><div id=\"panel-1249-3-1-2\" class=\"so-panel widget widget_sow-social-media-buttons panel-last-child\" data-index=\"7\" ><div class=\"redessociais panel-widget-style panel-widget-style-for-1249-3-1-2\" ><div\n\t\t\t\n\t\t\tclass=\"so-widget-sow-social-media-buttons so-widget-sow-social-media-buttons-flat-4b24f929fd91-1249\"\n\t\t\t\n\t\t>\n\n<div class=\"social-media-button-container\">\n\t\n\t\t<a class=\"sow-social-media-button-facebook-0 sow-social-media-button\" title=\"Paz Church | S\u00e3o Vicente em Facebook\" aria-label=\"Paz Church | S\u00e3o Vicente em Facebook\" target=\"_blank\" rel=\"noopener noreferrer\" href=\"https:\/\/www.facebook.com\/fsouzadejesus1\" >\n\t\t\t<span>\n\t\t\t\t\t\t\t\t<span class=\"sow-icon-fontawesome sow-fab\" data-sow-icon=\"&#xf39e;\"\n\t\t \n\t\taria-hidden=\"true\"><\/span>\t\t\t\t\t\t\t<\/span>\n\t\t<\/a>\n\t\n\t\t<a class=\"sow-social-media-button-instagram-0 sow-social-media-button\" title=\"Paz Church | S\u00e3o Vicente em Instagram\" aria-label=\"Paz Church | S\u00e3o Vicente em Instagram\" target=\"_blank\" rel=\"noopener noreferrer\" href=\"https:\/\/www.instagram.com\/felipedejesus2x\/\" >\n\t\t\t<span>\n\t\t\t\t\t\t\t\t<span class=\"sow-icon-fontawesome sow-fab\" data-sow-icon=\"&#xf16d;\"\n\t\t \n\t\taria-hidden=\"true\"><\/span>\t\t\t\t\t\t\t<\/span>\n\t\t<\/a>\n\t<\/div>\n<\/div><\/div><\/div><\/div><div id=\"pgc-1249-3-2\"  class=\"panel-grid-cell panel-grid-cell-mobile-last\" ><div id=\"panel-1249-3-2-0\" class=\"so-panel widget widget_sow-image panel-first-child\" data-index=\"8\" ><div\n\t\t\t\n\t\t\tclass=\"so-widget-sow-image so-widget-sow-image-default-8b5b6f678277-1249\"\n\t\t\t\n\t\t>\n\n<div class=\"sow-image-container\">\n\t\t<img loading=\"lazy\" decoding=\"async\" src=\"https:\/\/paz.church\/saovicente\/wp-content\/uploads\/2022\/08\/WhatsApp-Image-2022-08-01-at-17.36.09-e1659386426130-330x330.jpeg\" width=\"330\" height=\"330\" srcset=\"https:\/\/paz.church\/saovicente\/wp-content\/uploads\/2022\/08\/WhatsApp-Image-2022-08-01-at-17.36.09-e1659386426130-330x330.jpeg 330w, https:\/\/paz.church\/saovicente\/wp-content\/uploads\/2022\/08\/WhatsApp-Image-2022-08-01-at-17.36.09-e1659386426130-300x300.jpeg 300w, https:\/\/paz.church\/saovicente\/wp-content\/uploads\/2022\/08\/WhatsApp-Image-2022-08-01-at-17.36.09-e1659386426130-180x180.jpeg 180w, https:\/\/paz.church\/saovicente\/wp-content\/uploads\/2022\/08\/WhatsApp-Image-2022-08-01-at-17.36.09-e1659386426130-768x769.jpeg 768w, https:\/\/paz.church\/saovicente\/wp-content\/uploads\/2022\/08\/WhatsApp-Image-2022-08-01-at-17.36.09-e1659386426130-426x426.jpeg 426w, https:\/\/paz.church\/saovicente\/wp-content\/uploads\/2022\/08\/WhatsApp-Image-2022-08-01-at-17.36.09-e1659386426130-75x75.jpeg 75w, https:\/\/paz.church\/saovicente\/wp-content\/uploads\/2022\/08\/WhatsApp-Image-2022-08-01-at-17.36.09-e1659386426130.jpeg 800w\" sizes=\"auto, (max-width: 330px) 100vw, 330px\" title=\"WhatsApp Image 2022-08-01 at 17.36.09\" alt=\"\" \t\tclass=\"so-widget-image\"\/>\n\t<\/div>\n\n<\/div><\/div><div id=\"panel-1249-3-2-1\" class=\"so-panel widget widget_sow-editor\" data-index=\"9\" ><div\n\t\t\t\n\t\t\tclass=\"so-widget-sow-editor so-widget-sow-editor-base\"\n\t\t\t\n\t\t><h3 class=\"widget-title\">Valmir &amp; Ma\u00edsa Ribeiro<\/h3>\n<div class=\"siteorigin-widget-tinymce textwidget\">\n\t<div id=\"panel-1249-3-1-1\" class=\"so-panel widget widget_sow-editor\" data-index=\"9\">\n<div class=\"so-widget-sow-editor so-widget-sow-editor-base\">\n<div class=\"siteorigin-widget-tinymce textwidget\">\n<p>L\u00edderes Paz Prayer \/ Fam\u00edlia<\/p>\n<\/div>\n<\/div>\n<\/div>\n<\/div>\n<\/div><\/div><div id=\"panel-1249-3-2-2\" class=\"so-panel widget widget_sow-social-media-buttons panel-last-child\" data-index=\"10\" ><div class=\"redessociais panel-widget-style panel-widget-style-for-1249-3-2-2\" ><div\n\t\t\t\n\t\t\tclass=\"so-widget-sow-social-media-buttons so-widget-sow-social-media-buttons-flat-4b24f929fd91-1249\"\n\t\t\t\n\t\t>\n\n<div class=\"social-media-button-container\">\n\t\n\t\t<a class=\"sow-social-media-button-facebook-0 sow-social-media-button\" title=\"Paz Church | S\u00e3o Vicente em Facebook\" aria-label=\"Paz Church | S\u00e3o Vicente em Facebook\" target=\"_blank\" rel=\"noopener noreferrer\" href=\"https:\/\/www.facebook.com\/valmir.ribeiro.585\" >\n\t\t\t<span>\n\t\t\t\t\t\t\t\t<span class=\"sow-icon-fontawesome sow-fab\" data-sow-icon=\"&#xf39e;\"\n\t\t \n\t\taria-hidden=\"true\"><\/span>\t\t\t\t\t\t\t<\/span>\n\t\t<\/a>\n\t\n\t\t<a class=\"sow-social-media-button-instagram-0 sow-social-media-button\" title=\"Paz Church | S\u00e3o Vicente em Instagram\" aria-label=\"Paz Church | S\u00e3o Vicente em Instagram\" target=\"_blank\" rel=\"noopener noreferrer\" href=\"https:\/\/www.instagram.com\/valmir_firme\/\" >\n\t\t\t<span>\n\t\t\t\t\t\t\t\t<span class=\"sow-icon-fontawesome sow-fab\" data-sow-icon=\"&#xf16d;\"\n\t\t \n\t\taria-hidden=\"true\"><\/span>\t\t\t\t\t\t\t<\/span>\n\t\t<\/a>\n\t<\/div>\n<\/div><\/div><\/div><\/div><div id=\"pgc-1249-3-3\"  class=\"panel-grid-cell panel-grid-cell-empty\" ><\/div><\/div><\/div><a id=\"bordas\"><\/a><div id=\"pg-1249-4\"  class=\"panel-grid panel-has-style\"  data-extraid=\"bordas\" ><div class=\"bordas panel-row-style panel-row-style-for-1249-4\" id=\"staff\" ><div id=\"pgc-1249-4-0\"  class=\"panel-grid-cell panel-grid-cell-empty\" ><\/div><div id=\"pgc-1249-4-1\"  class=\"panel-grid-cell\" ><div id=\"panel-1249-4-1-0\" class=\"so-panel widget widget_sow-image panel-first-child\" data-index=\"11\" ><div\n\t\t\t\n\t\t\tclass=\"so-widget-sow-image so-widget-sow-image-default-8b5b6f678277-1249\"\n\t\t\t\n\t\t>\n\n<div class=\"sow-image-container\">\n\t\t<img loading=\"lazy\" decoding=\"async\" src=\"https:\/\/paz.church\/saovicente\/wp-content\/uploads\/2022\/07\/Paz_church_SV_Ricardo_Fernada-e1657904230868-330x330.jpg\" width=\"330\" height=\"330\" srcset=\"https:\/\/paz.church\/saovicente\/wp-content\/uploads\/2022\/07\/Paz_church_SV_Ricardo_Fernada-e1657904230868-330x330.jpg 330w, https:\/\/paz.church\/saovicente\/wp-content\/uploads\/2022\/07\/Paz_church_SV_Ricardo_Fernada-e1657904230868-180x180.jpg 180w, https:\/\/paz.church\/saovicente\/wp-content\/uploads\/2022\/07\/Paz_church_SV_Ricardo_Fernada-e1657904230868-426x426.jpg 426w, https:\/\/paz.church\/saovicente\/wp-content\/uploads\/2022\/07\/Paz_church_SV_Ricardo_Fernada-e1657904230868-75x75.jpg 75w\" sizes=\"auto, (max-width: 330px) 100vw, 330px\" title=\"Paz_church_SV_Ricardo_Fernada\" alt=\"\" \t\tclass=\"so-widget-image\"\/>\n\t<\/div>\n\n<\/div><\/div><div id=\"panel-1249-4-1-1\" class=\"so-panel widget widget_sow-editor\" data-index=\"12\" ><div\n\t\t\t\n\t\t\tclass=\"so-widget-sow-editor so-widget-sow-editor-base\"\n\t\t\t\n\t\t><h3 class=\"widget-title\">Ricardo &amp; Fernanda In\u00e1cio<\/h3>\n<div class=\"siteorigin-widget-tinymce textwidget\">\n\t<p>L\u00edderes Start \/ Adolescente<\/p>\n<\/div>\n<\/div><\/div><div id=\"panel-1249-4-1-2\" class=\"so-panel widget widget_sow-social-media-buttons panel-last-child\" data-index=\"13\" ><div class=\"redessociais panel-widget-style panel-widget-style-for-1249-4-1-2\" ><div\n\t\t\t\n\t\t\tclass=\"so-widget-sow-social-media-buttons so-widget-sow-social-media-buttons-flat-4b24f929fd91-1249\"\n\t\t\t\n\t\t>\n\n<div class=\"social-media-button-container\">\n\t\n\t\t<a class=\"sow-social-media-button-facebook-0 sow-social-media-button\" title=\"Paz Church | S\u00e3o Vicente em Facebook\" aria-label=\"Paz Church | S\u00e3o Vicente em Facebook\" target=\"_blank\" rel=\"noopener noreferrer\" href=\"https:\/\/www.facebook.com\/ricardo.inaciodasilva.7\" >\n\t\t\t<span>\n\t\t\t\t\t\t\t\t<span class=\"sow-icon-fontawesome sow-fab\" data-sow-icon=\"&#xf39e;\"\n\t\t \n\t\taria-hidden=\"true\"><\/span>\t\t\t\t\t\t\t<\/span>\n\t\t<\/a>\n\t\n\t\t<a class=\"sow-social-media-button-instagram-0 sow-social-media-button\" title=\"Paz Church | S\u00e3o Vicente em Instagram\" aria-label=\"Paz Church | S\u00e3o Vicente em Instagram\" target=\"_blank\" rel=\"noopener noreferrer\" href=\"https:\/\/www.instagram.com\/ricardodiscipulo\/\" >\n\t\t\t<span>\n\t\t\t\t\t\t\t\t<span class=\"sow-icon-fontawesome sow-fab\" data-sow-icon=\"&#xf16d;\"\n\t\t \n\t\taria-hidden=\"true\"><\/span>\t\t\t\t\t\t\t<\/span>\n\t\t<\/a>\n\t<\/div>\n<\/div><\/div><\/div><\/div><div id=\"pgc-1249-4-2\"  class=\"panel-grid-cell panel-grid-cell-mobile-last\" ><div id=\"panel-1249-4-2-0\" class=\"so-panel widget widget_sow-image panel-first-child\" data-index=\"14\" ><div\n\t\t\t\n\t\t\tclass=\"so-widget-sow-image so-widget-sow-image-default-8b5b6f678277-1249\"\n\t\t\t\n\t\t>\n\n<div class=\"sow-image-container\">\n\t\t<img loading=\"lazy\" decoding=\"async\" src=\"https:\/\/paz.church\/saovicente\/wp-content\/uploads\/2022\/07\/Paz_church_SV_Celso_Adriana-e1657901283511-330x330.jpg\" width=\"330\" height=\"330\" srcset=\"https:\/\/paz.church\/saovicente\/wp-content\/uploads\/2022\/07\/Paz_church_SV_Celso_Adriana-e1657901283511-330x330.jpg 330w, https:\/\/paz.church\/saovicente\/wp-content\/uploads\/2022\/07\/Paz_church_SV_Celso_Adriana-e1657901283511-180x180.jpg 180w, https:\/\/paz.church\/saovicente\/wp-content\/uploads\/2022\/07\/Paz_church_SV_Celso_Adriana-e1657901283511-426x426.jpg 426w, https:\/\/paz.church\/saovicente\/wp-content\/uploads\/2022\/07\/Paz_church_SV_Celso_Adriana-e1657901283511-75x75.jpg 75w\" sizes=\"auto, (max-width: 330px) 100vw, 330px\" title=\"Paz_church_SV_Celso_Adriana\" alt=\"\" \t\tclass=\"so-widget-image\"\/>\n\t<\/div>\n\n<\/div><\/div><div id=\"panel-1249-4-2-1\" class=\"so-panel widget widget_sow-editor\" data-index=\"15\" ><div\n\t\t\t\n\t\t\tclass=\"so-widget-sow-editor so-widget-sow-editor-base\"\n\t\t\t\n\t\t><h3 class=\"widget-title\">Celso &amp; Adriana<\/h3>\n<div class=\"siteorigin-widget-tinymce textwidget\">\n\t<p>L\u00edderes Casais \/ Fam\u00edlia<\/p>\n<\/div>\n<\/div><\/div><div id=\"panel-1249-4-2-2\" class=\"so-panel widget widget_sow-social-media-buttons panel-last-child\" data-index=\"16\" ><div class=\"redessociais panel-widget-style panel-widget-style-for-1249-4-2-2\" ><div\n\t\t\t\n\t\t\tclass=\"so-widget-sow-social-media-buttons so-widget-sow-social-media-buttons-flat-4b24f929fd91-1249\"\n\t\t\t\n\t\t>\n\n<div class=\"social-media-button-container\">\n\t\n\t\t<a class=\"sow-social-media-button-facebook-0 sow-social-media-button\" title=\"Paz Church | S\u00e3o Vicente em Facebook\" aria-label=\"Paz Church | S\u00e3o Vicente em Facebook\" target=\"_blank\" rel=\"noopener noreferrer\" href=\"https:\/\/www.facebook.com\/celsoinacio.silva.1\" >\n\t\t\t<span>\n\t\t\t\t\t\t\t\t<span class=\"sow-icon-fontawesome sow-fab\" data-sow-icon=\"&#xf39e;\"\n\t\t \n\t\taria-hidden=\"true\"><\/span>\t\t\t\t\t\t\t<\/span>\n\t\t<\/a>\n\t\n\t\t<a class=\"sow-social-media-button-instagram-0 sow-social-media-button\" title=\"Paz Church | S\u00e3o Vicente em Instagram\" aria-label=\"Paz Church | S\u00e3o Vicente em Instagram\" target=\"_blank\" rel=\"noopener noreferrer\" href=\"https:\/\/www.instagram.com\/celsooinacio\/\" >\n\t\t\t<span>\n\t\t\t\t\t\t\t\t<span class=\"sow-icon-fontawesome sow-fab\" data-sow-icon=\"&#xf16d;\"\n\t\t \n\t\taria-hidden=\"true\"><\/span>\t\t\t\t\t\t\t<\/span>\n\t\t<\/a>\n\t<\/div>\n<\/div><\/div><\/div><\/div><div id=\"pgc-1249-4-3\"  class=\"panel-grid-cell panel-grid-cell-empty\" ><\/div><\/div><\/div><\/div>","protected":false},"excerpt":{"rendered":"<p>L\u00edderes da Base Regional da Paz Church S\u00e3o Vicente. Ambos s\u00e3o apaixonados pelo avan\u00e7o do Reino de Deus e pela salva\u00e7\u00e3o de vidas.<\/p>\n","protected":false},"author":2,"featured_media":19765,"parent":0,"menu_order":0,"comment_status":"closed","ping_status":"closed","template":"","meta":{"_seopress_robots_primary_cat":"","_seopress_titles_title":"","_seopress_titles_desc":"","_seopress_robots_index":"","footnotes":""},"class_list":["post-1249","page","type-page","status-publish","has-post-thumbnail","hentry","has-thumb"],"_links":{"self":[{"href":"https:\/\/paz.church\/saovicente\/wp-json\/wp\/v2\/pages\/1249","targetHints":{"allow":["GET"]}}],"collection":[{"href":"https:\/\/paz.church\/saovicente\/wp-json\/wp\/v2\/pages"}],"about":[{"href":"https:\/\/paz.church\/saovicente\/wp-json\/wp\/v2\/types\/page"}],"author":[{"embeddable":true,"href":"https:\/\/paz.church\/saovicente\/wp-json\/wp\/v2\/users\/2"}],"replies":[{"embeddable":true,"href":"https:\/\/paz.church\/saovicente\/wp-json\/wp\/v2\/comments?post=1249"}],"version-history":[{"count":41,"href":"https:\/\/paz.church\/saovicente\/wp-json\/wp\/v2\/pages\/1249\/revisions"}],"predecessor-version":[{"id":21145,"href":"https:\/\/paz.church\/saovicente\/wp-json\/wp\/v2\/pages\/1249\/revisions\/21145"}],"wp:featuredmedia":[{"embeddable":true,"href":"https:\/\/paz.church\/saovicente\/wp-json\/wp\/v2\/media\/19765"}],"wp:attachment":[{"href":"https:\/\/paz.church\/saovicente\/wp-json\/wp\/v2\/media?parent=1249"}],"curies":[{"name":"wp","href":"https:\/\/api.w.org\/{rel}","templated":true}]}}