{"id":23292,"date":"2024-11-13T11:10:51","date_gmt":"2024-11-13T14:10:51","guid":{"rendered":"https:\/\/paz.church\/serra\/?page_id=23292"},"modified":"2024-11-19T12:53:56","modified_gmt":"2024-11-19T15:53:56","slug":"playlists","status":"publish","type":"page","link":"https:\/\/paz.church\/serra\/playlists\/","title":{"rendered":"Playlists"},"content":{"rendered":"<div id=\"pl-23292\"  class=\"panel-layout\" ><a id=\"bordas\"><\/a><div id=\"pg-23292-0\"  class=\"panel-grid panel-has-style\"  data-extraid=\"bordas\" ><div class=\"bordas panel-row-style panel-row-style-for-23292-0\" ><div id=\"pgc-23292-0-0\"  class=\"panel-grid-cell\" ><div id=\"panel-23292-0-0-0\" class=\"so-panel widget widget_sow-editor panel-first-child panel-last-child\" data-index=\"0\" ><div\n\t\t\t\n\t\t\tclass=\"so-widget-sow-editor so-widget-sow-editor-base\"\n\t\t\t\n\t\t>\n<div class=\"siteorigin-widget-tinymce textwidget\">\n\t<p>Em nossos eventos como Cultos de Celebra\u00e7\u00e3o, Confer\u00eancias, DIFLEN, Caf\u00e9 com o Pastor e intervalos dos cultos, reproduzimos algumas m\u00fasicas crist\u00e3s para criar um ambiente favor\u00e1vel para voc\u00ea se conectar com Deus. Disponibilizamos essas playlists com o link para a vers\u00e3o completa de cada uma. O app que usamos para reproduzir as m\u00fasicas \u00e9 o Spotify.<\/p>\n<\/div>\n<\/div><\/div><\/div><\/div><\/div><div id=\"pg-23292-1\"  class=\"panel-grid panel-has-style\" ><div id=\"Team01\" class=\"panel-row-style panel-row-style-for-23292-1\" ><div id=\"pgc-23292-1-0\"  class=\"panel-grid-cell\" ><div id=\"colunas-widget\" class=\"panel-cell-style panel-cell-style-for-23292-1-0\" ><div id=\"panel-23292-1-0-0\" class=\"so-panel widget widget_sow-headline panel-first-child panel-last-child\" data-index=\"1\" ><div class=\"titulo panel-widget-style panel-widget-style-for-23292-1-0-0\" ><div\n\t\t\t\n\t\t\tclass=\"so-widget-sow-headline so-widget-sow-headline-default-3388173f7e62-23292\"\n\t\t\t\n\t\t><div class=\"sow-headline-container \">\n\t\t\t\t\t\t\t<h3 class=\"sow-headline\">\n\t\t\t\t\t\tPLAYLISTS\t\t\t\t\t\t<\/h3>\n\t\t\t\t\t\t<\/div>\n<\/div><\/div><\/div><\/div><\/div><\/div><\/div><div id=\"pg-23292-2\"  class=\"panel-grid panel-has-style\" ><div class=\"panel-row-style panel-row-style-for-23292-2\" ><div id=\"pgc-23292-2-0\"  class=\"panel-grid-cell\" ><div class=\"bordas panel-cell-style panel-cell-style-for-23292-2-0\" ><div id=\"panel-23292-2-0-0\" class=\"widget_text so-panel widget widget_custom_html panel-first-child\" data-index=\"2\" ><h3 class=\"widget-title\">Retiro de Casais<\/h3><div class=\"textwidget custom-html-widget\"><iframe style=\"border-radius:12px\" src=\"https:\/\/open.spotify.com\/embed\/playlist\/5UORWbRDShj5FqMQhpKqKm?utm_source=generator\" width=\"100%\" height=\"380\" frameBorder=\"0\" allowfullscreen=\"\" allow=\"autoplay; clipboard-write; encrypted-media; fullscreen; picture-in-picture\" loading=\"lazy\"><\/iframe><\/div><\/div><div id=\"panel-23292-2-0-1\" class=\"so-panel widget widget_sow-button panel-last-child\" data-index=\"3\" ><div\n\t\t\t\n\t\t\tclass=\"so-widget-sow-button so-widget-sow-button-flat-083eb5a40b94-23292\"\n\t\t\t\n\t\t><div class=\"ow-button-base ow-button-align-center\">\n\t\t\t<a\n\t\t\t\t\thref=\"https:\/\/open.spotify.com\/playlist\/7K0cNqEesfDJdsdxaZ22za?si=804d1786bf6f4e21\"\n\t\t\t\t\tclass=\"sowb-button ow-icon-placement-left\" target=\"_blank\" rel=\"noopener noreferrer\" \t>\n\t\t<span>\n\t\t\t\n\t\t\tPlaylist Completa\t\t<\/span>\n\t\t\t<\/a>\n\t<\/div>\n<\/div><\/div><\/div><\/div><div id=\"pgc-23292-2-1\"  class=\"panel-grid-cell\" ><div class=\"bordas panel-cell-style panel-cell-style-for-23292-2-1\" ><div id=\"panel-23292-2-1-0\" class=\"widget_text so-panel widget widget_custom_html panel-first-child\" data-index=\"4\" ><h3 class=\"widget-title\">Momento da Oferta<\/h3><div class=\"textwidget custom-html-widget\"><iframe style=\"border-radius:12px\" src=\"https:\/\/open.spotify.com\/embed\/playlist\/1gnpJ8bwvYvpaeOIvsbgdN?utm_source=generator\" width=\"100%\" height=\"380\" frameBorder=\"0\" allowfullscreen=\"\" allow=\"autoplay; clipboard-write; encrypted-media; fullscreen; picture-in-picture\" loading=\"lazy\"><\/iframe><\/div><\/div><div id=\"panel-23292-2-1-1\" class=\"so-panel widget widget_sow-button panel-last-child\" data-index=\"5\" ><div\n\t\t\t\n\t\t\tclass=\"so-widget-sow-button so-widget-sow-button-flat-083eb5a40b94-23292\"\n\t\t\t\n\t\t><div class=\"ow-button-base ow-button-align-center\">\n\t\t\t<a\n\t\t\t\t\thref=\"https:\/\/open.spotify.com\/playlist\/5DLHHtsTeTfmRkguQ8nFQ8?si=e982b357c4e44faa\"\n\t\t\t\t\tclass=\"sowb-button ow-icon-placement-left\" target=\"_blank\" rel=\"noopener noreferrer\" \t>\n\t\t<span>\n\t\t\t\n\t\t\tPlaylist Completa\t\t<\/span>\n\t\t\t<\/a>\n\t<\/div>\n<\/div><\/div><\/div><\/div><\/div><\/div><div id=\"pg-23292-3\"  class=\"panel-grid panel-has-style\" ><div class=\"panel-row-style panel-row-style-for-23292-3\" ><div id=\"pgc-23292-3-0\"  class=\"panel-grid-cell\" ><div class=\"bordas panel-cell-style panel-cell-style-for-23292-3-0\" ><div id=\"panel-23292-3-0-0\" class=\"widget_text so-panel widget widget_custom_html panel-first-child\" data-index=\"6\" ><h3 class=\"widget-title\">Intervalo dos Cultos<\/h3><div class=\"textwidget custom-html-widget\"><iframe style=\"border-radius:12px\" src=\"https:\/\/open.spotify.com\/embed\/playlist\/7K0cNqEesfDJdsdxaZ22za?utm_source=generator\" width=\"100%\" height=\"380\" frameBorder=\"0\" allowfullscreen=\"\" allow=\"autoplay; clipboard-write; encrypted-media; fullscreen; picture-in-picture\" loading=\"lazy\"><\/iframe><\/div><\/div><div id=\"panel-23292-3-0-1\" class=\"so-panel widget widget_sow-button panel-last-child\" data-index=\"7\" ><div\n\t\t\t\n\t\t\tclass=\"so-widget-sow-button so-widget-sow-button-flat-083eb5a40b94-23292\"\n\t\t\t\n\t\t><div class=\"ow-button-base ow-button-align-center\">\n\t\t\t<a\n\t\t\t\t\thref=\"https:\/\/open.spotify.com\/playlist\/7K0cNqEesfDJdsdxaZ22za?si=804d1786bf6f4e21\"\n\t\t\t\t\tclass=\"sowb-button ow-icon-placement-left\" target=\"_blank\" rel=\"noopener noreferrer\" \t>\n\t\t<span>\n\t\t\t\n\t\t\tPlaylist Completa\t\t<\/span>\n\t\t\t<\/a>\n\t<\/div>\n<\/div><\/div><\/div><\/div><div id=\"pgc-23292-3-1\"  class=\"panel-grid-cell\" ><div class=\"bordas panel-cell-style panel-cell-style-for-23292-3-1\" ><div id=\"panel-23292-3-1-0\" class=\"widget_text so-panel widget widget_custom_html panel-first-child\" data-index=\"8\" ><h3 class=\"widget-title\">Momento da Oferta 2<\/h3><div class=\"textwidget custom-html-widget\"><iframe loading=\"lazy\" style=\"border-radius:12px\" src=\"https:\/\/open.spotify.com\/embed\/playlist\/5DLHHtsTeTfmRkguQ8nFQ8?utm_source=generator\" width=\"100%\" height=\"380\" frameBorder=\"0\" allowfullscreen=\"\" allow=\"autoplay; clipboard-write; encrypted-media; fullscreen; picture-in-picture\"><\/iframe><\/div><\/div><div id=\"panel-23292-3-1-1\" class=\"so-panel widget widget_sow-button panel-last-child\" data-index=\"9\" ><div\n\t\t\t\n\t\t\tclass=\"so-widget-sow-button so-widget-sow-button-flat-083eb5a40b94-23292\"\n\t\t\t\n\t\t><div class=\"ow-button-base ow-button-align-center\">\n\t\t\t<a\n\t\t\t\t\thref=\"https:\/\/open.spotify.com\/playlist\/5DLHHtsTeTfmRkguQ8nFQ8?si=e982b357c4e44faa\"\n\t\t\t\t\tclass=\"sowb-button ow-icon-placement-left\" target=\"_blank\" rel=\"noopener noreferrer\" \t>\n\t\t<span>\n\t\t\t\n\t\t\tPlaylist Completa\t\t<\/span>\n\t\t\t<\/a>\n\t<\/div>\n<\/div><\/div><\/div><\/div><\/div><\/div><div id=\"pg-23292-4\"  class=\"panel-grid panel-has-style\" ><div class=\"panel-row-style panel-row-style-for-23292-4\" ><div id=\"pgc-23292-4-0\"  class=\"panel-grid-cell\" ><div class=\"bordas panel-cell-style panel-cell-style-for-23292-4-0\" ><div id=\"panel-23292-4-0-0\" class=\"widget_text so-panel widget widget_custom_html panel-first-child\" data-index=\"10\" ><h3 class=\"widget-title\">Louvor<\/h3><div class=\"textwidget custom-html-widget\"><iframe loading=\"lazy\" style=\"border-radius:12px\" src=\"https:\/\/open.spotify.com\/embed\/playlist\/5TxliR9JqIwk3pYIC2WgsS?utm_source=generator\" width=\"100%\" height=\"380\" frameBorder=\"0\" allowfullscreen=\"\" allow=\"autoplay; clipboard-write; encrypted-media; fullscreen; picture-in-picture\"><\/iframe><\/div><\/div><div id=\"panel-23292-4-0-1\" class=\"so-panel widget widget_sow-button panel-last-child\" data-index=\"11\" ><div\n\t\t\t\n\t\t\tclass=\"so-widget-sow-button so-widget-sow-button-flat-083eb5a40b94-23292\"\n\t\t\t\n\t\t><div class=\"ow-button-base ow-button-align-center\">\n\t\t\t<a\n\t\t\t\t\thref=\"https:\/\/open.spotify.com\/playlist\/5TxliR9JqIwk3pYIC2WgsS?si=c83d12df4e894aef\"\n\t\t\t\t\tclass=\"sowb-button ow-icon-placement-left\" target=\"_blank\" rel=\"noopener noreferrer\" \t>\n\t\t<span>\n\t\t\t\n\t\t\tPlaylist Completa\t\t<\/span>\n\t\t\t<\/a>\n\t<\/div>\n<\/div><\/div><\/div><\/div><div id=\"pgc-23292-4-1\"  class=\"panel-grid-cell\" ><div class=\"bordas panel-cell-style panel-cell-style-for-23292-4-1\" ><div id=\"panel-23292-4-1-0\" class=\"widget_text so-panel widget widget_custom_html panel-first-child\" data-index=\"12\" ><h3 class=\"widget-title\">Adora\u00e7\u00e3o<\/h3><div class=\"textwidget custom-html-widget\"><iframe loading=\"lazy\" style=\"border-radius:12px\" src=\"https:\/\/open.spotify.com\/embed\/playlist\/1SW46TzimiFoFq44k98TUP?utm_source=generator\" width=\"100%\" height=\"380\" frameBorder=\"0\" allowfullscreen=\"\" allow=\"autoplay; clipboard-write; encrypted-media; fullscreen; picture-in-picture\"><\/iframe><\/div><\/div><div id=\"panel-23292-4-1-1\" class=\"so-panel widget widget_sow-button panel-last-child\" data-index=\"13\" ><div\n\t\t\t\n\t\t\tclass=\"so-widget-sow-button so-widget-sow-button-flat-083eb5a40b94-23292\"\n\t\t\t\n\t\t><div class=\"ow-button-base ow-button-align-center\">\n\t\t\t<a\n\t\t\t\t\thref=\"https:\/\/open.spotify.com\/playlist\/1SW46TzimiFoFq44k98TUP?si=795386abfd64428a\"\n\t\t\t\t\tclass=\"sowb-button ow-icon-placement-left\" target=\"_blank\" rel=\"noopener noreferrer\" \t>\n\t\t<span>\n\t\t\t\n\t\t\tPlaylist Completa\t\t<\/span>\n\t\t\t<\/a>\n\t<\/div>\n<\/div><\/div><\/div><\/div><\/div><\/div><div id=\"pg-23292-5\"  class=\"panel-grid panel-has-style\" ><div class=\"panel-row-style panel-row-style-for-23292-5\" ><div id=\"pgc-23292-5-0\"  class=\"panel-grid-cell\" ><div class=\"bordas panel-cell-style panel-cell-style-for-23292-5-0\" ><div id=\"panel-23292-5-0-0\" class=\"widget_text so-panel widget widget_custom_html panel-first-child\" data-index=\"14\" ><h3 class=\"widget-title\">Caf\u00e9 com o Pastor<\/h3><div class=\"textwidget custom-html-widget\"><iframe loading=\"lazy\" style=\"border-radius:12px\" src=\"https:\/\/open.spotify.com\/embed\/playlist\/5RnjK90Y23uDrd6DCp1Grn?utm_source=generator\" width=\"100%\" height=\"380\" frameBorder=\"0\" allowfullscreen=\"\" allow=\"autoplay; clipboard-write; encrypted-media; fullscreen; picture-in-picture\"><\/iframe><\/div><\/div><div id=\"panel-23292-5-0-1\" class=\"so-panel widget widget_sow-button panel-last-child\" data-index=\"15\" ><div\n\t\t\t\n\t\t\tclass=\"so-widget-sow-button so-widget-sow-button-flat-083eb5a40b94-23292\"\n\t\t\t\n\t\t><div class=\"ow-button-base ow-button-align-center\">\n\t\t\t<a\n\t\t\t\t\thref=\"https:\/\/open.spotify.com\/playlist\/5RnjK90Y23uDrd6DCp1Grn?si=cdcc6156db3c4636\"\n\t\t\t\t\tclass=\"sowb-button ow-icon-placement-left\" target=\"_blank\" rel=\"noopener noreferrer\" \t>\n\t\t<span>\n\t\t\t\n\t\t\tPlaylist Completa\t\t<\/span>\n\t\t\t<\/a>\n\t<\/div>\n<\/div><\/div><\/div><\/div><div id=\"pgc-23292-5-1\"  class=\"panel-grid-cell\" ><div class=\"bordas panel-cell-style panel-cell-style-for-23292-5-1\" ><div id=\"panel-23292-5-1-0\" class=\"widget_text so-panel widget widget_custom_html panel-first-child\" data-index=\"16\" ><h3 class=\"widget-title\">Worship<\/h3><div class=\"textwidget custom-html-widget\"><iframe loading=\"lazy\" style=\"border-radius:12px\" src=\"https:\/\/open.spotify.com\/embed\/playlist\/1sKLbDxEAt9KRAxLnvmDgd?utm_source=generator\" width=\"100%\" height=\"380\" frameBorder=\"0\" allowfullscreen=\"\" allow=\"autoplay; clipboard-write; encrypted-media; fullscreen; picture-in-picture\"><\/iframe><\/div><\/div><div id=\"panel-23292-5-1-1\" class=\"so-panel widget widget_sow-button panel-last-child\" data-index=\"17\" ><div\n\t\t\t\n\t\t\tclass=\"so-widget-sow-button so-widget-sow-button-flat-083eb5a40b94-23292\"\n\t\t\t\n\t\t><div class=\"ow-button-base ow-button-align-center\">\n\t\t\t<a\n\t\t\t\t\thref=\"https:\/\/open.spotify.com\/playlist\/1sKLbDxEAt9KRAxLnvmDgd?si=f674aaaa1e5b4c27\"\n\t\t\t\t\tclass=\"sowb-button ow-icon-placement-left\" target=\"_blank\" rel=\"noopener noreferrer\" \t>\n\t\t<span>\n\t\t\t\n\t\t\tPlaylist Completa\t\t<\/span>\n\t\t\t<\/a>\n\t<\/div>\n<\/div><\/div><\/div><\/div><\/div><\/div><div id=\"pg-23292-6\"  class=\"panel-grid panel-has-style\" ><div class=\"panel-row-style panel-row-style-for-23292-6\" ><div id=\"pgc-23292-6-0\"  class=\"panel-grid-cell\" ><div class=\"bordas panel-cell-style panel-cell-style-for-23292-6-0\" ><div id=\"panel-23292-6-0-0\" class=\"widget_text so-panel widget widget_custom_html panel-first-child\" data-index=\"18\" ><h3 class=\"widget-title\">Intervalos 2<\/h3><div class=\"textwidget custom-html-widget\"><iframe loading=\"lazy\" style=\"border-radius:12px\" src=\"https:\/\/open.spotify.com\/embed\/playlist\/3SFlGibRfe5xhsEzagemfy?utm_source=generator\" width=\"100%\" height=\"380\" frameBorder=\"0\" allowfullscreen=\"\" allow=\"autoplay; clipboard-write; encrypted-media; fullscreen; picture-in-picture\"><\/iframe><\/div><\/div><div id=\"panel-23292-6-0-1\" class=\"so-panel widget widget_sow-button panel-last-child\" data-index=\"19\" ><div\n\t\t\t\n\t\t\tclass=\"so-widget-sow-button so-widget-sow-button-flat-083eb5a40b94-23292\"\n\t\t\t\n\t\t><div class=\"ow-button-base ow-button-align-center\">\n\t\t\t<a\n\t\t\t\t\thref=\"https:\/\/open.spotify.com\/playlist\/3SFlGibRfe5xhsEzagemfy?si=4167ea7c8be94e46\"\n\t\t\t\t\tclass=\"sowb-button ow-icon-placement-left\" target=\"_blank\" rel=\"noopener noreferrer\" \t>\n\t\t<span>\n\t\t\t\n\t\t\tPlaylist Completa\t\t<\/span>\n\t\t\t<\/a>\n\t<\/div>\n<\/div><\/div><\/div><\/div><div id=\"pgc-23292-6-1\"  class=\"panel-grid-cell\" ><div class=\"bordas panel-cell-style panel-cell-style-for-23292-6-1\" ><div id=\"panel-23292-6-1-0\" class=\"widget_text so-panel widget widget_custom_html panel-first-child\" data-index=\"20\" ><h3 class=\"widget-title\">Intervalos 3<\/h3><div class=\"textwidget custom-html-widget\"><iframe loading=\"lazy\" style=\"border-radius:12px\" src=\"https:\/\/open.spotify.com\/embed\/playlist\/2KXKDqMDOOdeTlBMZLjqyE?utm_source=generator\" width=\"100%\" height=\"380\" frameBorder=\"0\" allowfullscreen=\"\" allow=\"autoplay; clipboard-write; encrypted-media; fullscreen; picture-in-picture\"><\/iframe><\/div><\/div><div id=\"panel-23292-6-1-1\" class=\"so-panel widget widget_sow-button panel-last-child\" data-index=\"21\" ><div\n\t\t\t\n\t\t\tclass=\"so-widget-sow-button so-widget-sow-button-flat-083eb5a40b94-23292\"\n\t\t\t\n\t\t><div class=\"ow-button-base ow-button-align-center\">\n\t\t\t<a\n\t\t\t\t\thref=\"https:\/\/open.spotify.com\/playlist\/2KXKDqMDOOdeTlBMZLjqyE?si=40508df684964ded\"\n\t\t\t\t\tclass=\"sowb-button ow-icon-placement-left\" target=\"_blank\" rel=\"noopener noreferrer\" \t>\n\t\t<span>\n\t\t\t\n\t\t\tPlaylist Completa\t\t<\/span>\n\t\t\t<\/a>\n\t<\/div>\n<\/div><\/div><\/div><\/div><\/div><\/div><\/div>","protected":false},"excerpt":{"rendered":"<p>Em nossos eventos como Cultos de Celebra\u00e7\u00e3o, Confer\u00eancias, DIFLEN, Caf\u00e9 com o Pastor e intervalos dos cultos, reproduzimos algumas m\u00fasicas crist\u00e3s para criar um ambiente favor\u00e1vel para voc\u00ea se conectar com Deus. Disponibilizamos essas playlists com o link para a vers\u00e3o completa de cada uma. O app que usamos para reproduzir as m\u00fasicas \u00e9 oContinue reading &rarr;<\/p>\n","protected":false},"author":2,"featured_media":23295,"parent":0,"menu_order":0,"comment_status":"closed","ping_status":"closed","template":"","meta":{"_seopress_robots_primary_cat":"","_seopress_titles_title":"","_seopress_titles_desc":"","_seopress_robots_index":"","footnotes":""},"class_list":["post-23292","page","type-page","status-publish","has-post-thumbnail","has-thumb"],"_links":{"self":[{"href":"https:\/\/paz.church\/serra\/wp-json\/wp\/v2\/pages\/23292","targetHints":{"allow":["GET"]}}],"collection":[{"href":"https:\/\/paz.church\/serra\/wp-json\/wp\/v2\/pages"}],"about":[{"href":"https:\/\/paz.church\/serra\/wp-json\/wp\/v2\/types\/page"}],"author":[{"embeddable":true,"href":"https:\/\/paz.church\/serra\/wp-json\/wp\/v2\/users\/2"}],"replies":[{"embeddable":true,"href":"https:\/\/paz.church\/serra\/wp-json\/wp\/v2\/comments?post=23292"}],"version-history":[{"count":2,"href":"https:\/\/paz.church\/serra\/wp-json\/wp\/v2\/pages\/23292\/revisions"}],"predecessor-version":[{"id":23339,"href":"https:\/\/paz.church\/serra\/wp-json\/wp\/v2\/pages\/23292\/revisions\/23339"}],"wp:featuredmedia":[{"embeddable":true,"href":"https:\/\/paz.church\/serra\/wp-json\/wp\/v2\/media\/23295"}],"wp:attachment":[{"href":"https:\/\/paz.church\/serra\/wp-json\/wp\/v2\/media?parent=23292"}],"curies":[{"name":"wp","href":"https:\/\/api.w.org\/{rel}","templated":true}]}}